{"id":21787,"date":"2024-06-09T17:20:01","date_gmt":"2024-06-09T15:20:01","guid":{"rendered":"https:\/\/smans.com\/product\/mixing-and-dispensing-system-load-dos\/"},"modified":"2026-04-12T11:38:36","modified_gmt":"2026-04-12T09:38:36","slug":"mixing-and-dispensing-system-load-dos","status":"publish","type":"product","link":"https:\/\/smans.com\/en\/product\/mixing-and-dispensing-system-load-dos\/","title":{"rendered":"Giebler - Mixing and dispensing system LOAD-DOS"},"content":{"rendered":"<p>The LOAD-DOS is a station for automatically loading 2-component casting compounds from 200-liter (or similarly large) barrels into the containers of mixing and dispensing devices such as the 2-K-DOS. The LOAD-DOS automatically fills the containers of the 2-KDOS mixing and dispensing device from 200-liter barrels or other large containers. The two containers with the two components are located on a safety tank with a back wall as the support for the necessary fittings. There are two modules available to promote the ability: F\u00e4ssern oder anderen Gro\u00dfgebinden. Die zwei Gebinde mit den zwei Komponenten stehen auf einer Sicherheits-Auffangwanne mit einer R\u00fcckwand als Tr\u00e4ger der erforderlichen Installation.<\/p>\n","protected":false},"excerpt":{"rendered":"<p>The LOAD-DOS is a station for automatically loading 2-component casting compounds from 200-liter (or similarly large) barrels into the containers of mixing and dispensing devices such as the 2-K-DOS.<\/p>\n","protected":false},"featured_media":0,"template":"","meta":{"_acf_changed":false},"pwb-brand":[18245],"product_brand":[],"product_cat":[17818,17819,17824,17858],"product_tag":[],"class_list":{"0":"post-21787","1":"product","2":"type-product","3":"status-publish","5":"pwb-brand-brand-giebler-en","6":"product_cat-cable-and-wire-en","7":"product_cat-electronics-en","8":"product_cat-material-dispensing-solutions-en","9":"product_cat-potting-en","11":"first","12":"instock","13":"taxable","14":"shipping-taxable","15":"product-type-simple"},"acf":[],"yoast_head":"<!-- This site is optimized with the Yoast SEO plugin v27.1.1 - https:\/\/yoast.com\/product\/yoast-seo-wordpress\/ -->\n<title>Mixing and dispensing system LOAD-DOS - Smans<\/title>\n<meta name=\"robots\" content=\"index, follow, max-snippet:-1, max-image-preview:large, max-video-preview:-1\" \/>\n<link rel=\"canonical\" href=\"https:\/\/smans.com\/en\/product\/mixing-and-dispensing-system-load-dos\/\" \/>\n<meta property=\"og:locale\" content=\"en_US\" \/>\n<meta property=\"og:type\" content=\"article\" \/>\n<meta property=\"og:title\" content=\"Mixing and dispensing system LOAD-DOS - Smans\" \/>\n<meta property=\"og:description\" content=\"The LOAD-DOS is a station for automatically loading 2-component casting compounds from 200-liter (or similarly large) barrels into the containers of mixing and dispensing devices such as the 2-K-DOS.\" \/>\n<meta property=\"og:url\" content=\"https:\/\/smans.com\/en\/product\/mixing-and-dispensing-system-load-dos\/\" \/>\n<meta property=\"og:site_name\" content=\"Smans\" \/>\n<meta property=\"article:modified_time\" content=\"2026-04-12T09:38:36+00:00\" \/>\n<meta name=\"twitter:card\" content=\"summary_large_image\" \/>\n<meta name=\"twitter:label1\" content=\"Est. reading time\" \/>\n\t<meta name=\"twitter:data1\" content=\"1 minute\" \/>\n<script type=\"application\/ld+json\" class=\"yoast-schema-graph\">{\"@context\":\"https:\/\/schema.org\",\"@graph\":[{\"@type\":\"WebPage\",\"@id\":\"https:\/\/smans.com\/en\/product\/mixing-and-dispensing-system-load-dos\/\",\"url\":\"https:\/\/smans.com\/en\/product\/mixing-and-dispensing-system-load-dos\/\",\"name\":\"Mixing and dispensing system LOAD-DOS - Smans\",\"isPartOf\":{\"@id\":\"https:\/\/smans.com\/nl\/#website\"},\"datePublished\":\"2024-06-09T15:20:01+00:00\",\"dateModified\":\"2026-04-12T09:38:36+00:00\",\"breadcrumb\":{\"@id\":\"https:\/\/smans.com\/en\/product\/mixing-and-dispensing-system-load-dos\/#breadcrumb\"},\"inLanguage\":\"en-US\",\"potentialAction\":[{\"@type\":\"ReadAction\",\"target\":[\"https:\/\/smans.com\/en\/product\/mixing-and-dispensing-system-load-dos\/\"]}]},{\"@type\":\"BreadcrumbList\",\"@id\":\"https:\/\/smans.com\/en\/product\/mixing-and-dispensing-system-load-dos\/#breadcrumb\",\"itemListElement\":[{\"@type\":\"ListItem\",\"position\":1,\"name\":\"Home\",\"item\":\"https:\/\/smans.com\/en\/\"},{\"@type\":\"ListItem\",\"position\":2,\"name\":\"Shop\",\"item\":\"https:\/\/smans.com\/en\/shop-2\/\"},{\"@type\":\"ListItem\",\"position\":3,\"name\":\"Mixing and dispensing system LOAD-DOS\"}]},{\"@type\":\"WebSite\",\"@id\":\"https:\/\/smans.com\/nl\/#website\",\"url\":\"https:\/\/smans.com\/nl\/\",\"name\":\"Smans\",\"description\":\"\",\"publisher\":{\"@id\":\"https:\/\/smans.com\/nl\/#organization\"},\"potentialAction\":[{\"@type\":\"SearchAction\",\"target\":{\"@type\":\"EntryPoint\",\"urlTemplate\":\"https:\/\/smans.com\/nl\/?s={search_term_string}\"},\"query-input\":{\"@type\":\"PropertyValueSpecification\",\"valueRequired\":true,\"valueName\":\"search_term_string\"}}],\"inLanguage\":\"en-US\"},{\"@type\":\"Organization\",\"@id\":\"https:\/\/smans.com\/nl\/#organization\",\"name\":\"Smans\",\"url\":\"https:\/\/smans.com\/nl\/\",\"logo\":{\"@type\":\"ImageObject\",\"inLanguage\":\"en-US\",\"@id\":\"https:\/\/smans.com\/nl\/#\/schema\/logo\/image\/\",\"url\":\"https:\/\/smans.com\/wp-content\/uploads\/2023\/09\/logo.svg\",\"contentUrl\":\"https:\/\/smans.com\/wp-content\/uploads\/2023\/09\/logo.svg\",\"caption\":\"Smans\"},\"image\":{\"@id\":\"https:\/\/smans.com\/nl\/#\/schema\/logo\/image\/\"}}]}<\/script>\n<!-- \/ Yoast SEO plugin. -->","yoast_head_json":{"title":"Mixing and dispensing system LOAD-DOS - Smans","robots":{"index":"index","follow":"follow","max-snippet":"max-snippet:-1","max-image-preview":"max-image-preview:large","max-video-preview":"max-video-preview:-1"},"canonical":"https:\/\/smans.com\/en\/product\/mixing-and-dispensing-system-load-dos\/","og_locale":"en_US","og_type":"article","og_title":"Mixing and dispensing system LOAD-DOS - Smans","og_description":"The LOAD-DOS is a station for automatically loading 2-component casting compounds from 200-liter (or similarly large) barrels into the containers of mixing and dispensing devices such as the 2-K-DOS.","og_url":"https:\/\/smans.com\/en\/product\/mixing-and-dispensing-system-load-dos\/","og_site_name":"Smans","article_modified_time":"2026-04-12T09:38:36+00:00","twitter_card":"summary_large_image","twitter_misc":{"Est. reading time":"1 minute"},"schema":{"@context":"https:\/\/schema.org","@graph":[{"@type":"WebPage","@id":"https:\/\/smans.com\/en\/product\/mixing-and-dispensing-system-load-dos\/","url":"https:\/\/smans.com\/en\/product\/mixing-and-dispensing-system-load-dos\/","name":"Mixing and dispensing system LOAD-DOS - Smans","isPartOf":{"@id":"https:\/\/smans.com\/nl\/#website"},"datePublished":"2024-06-09T15:20:01+00:00","dateModified":"2026-04-12T09:38:36+00:00","breadcrumb":{"@id":"https:\/\/smans.com\/en\/product\/mixing-and-dispensing-system-load-dos\/#breadcrumb"},"inLanguage":"en-US","potentialAction":[{"@type":"ReadAction","target":["https:\/\/smans.com\/en\/product\/mixing-and-dispensing-system-load-dos\/"]}]},{"@type":"BreadcrumbList","@id":"https:\/\/smans.com\/en\/product\/mixing-and-dispensing-system-load-dos\/#breadcrumb","itemListElement":[{"@type":"ListItem","position":1,"name":"Home","item":"https:\/\/smans.com\/en\/"},{"@type":"ListItem","position":2,"name":"Shop","item":"https:\/\/smans.com\/en\/shop-2\/"},{"@type":"ListItem","position":3,"name":"Mixing and dispensing system LOAD-DOS"}]},{"@type":"WebSite","@id":"https:\/\/smans.com\/nl\/#website","url":"https:\/\/smans.com\/nl\/","name":"Smans","description":"","publisher":{"@id":"https:\/\/smans.com\/nl\/#organization"},"potentialAction":[{"@type":"SearchAction","target":{"@type":"EntryPoint","urlTemplate":"https:\/\/smans.com\/nl\/?s={search_term_string}"},"query-input":{"@type":"PropertyValueSpecification","valueRequired":true,"valueName":"search_term_string"}}],"inLanguage":"en-US"},{"@type":"Organization","@id":"https:\/\/smans.com\/nl\/#organization","name":"Smans","url":"https:\/\/smans.com\/nl\/","logo":{"@type":"ImageObject","inLanguage":"en-US","@id":"https:\/\/smans.com\/nl\/#\/schema\/logo\/image\/","url":"https:\/\/smans.com\/wp-content\/uploads\/2023\/09\/logo.svg","contentUrl":"https:\/\/smans.com\/wp-content\/uploads\/2023\/09\/logo.svg","caption":"Smans"},"image":{"@id":"https:\/\/smans.com\/nl\/#\/schema\/logo\/image\/"}}]}},"brands":[{"id":18245,"name":"Giebler","slug":"brand-giebler-en"}],"_links":{"self":[{"href":"https:\/\/smans.com\/en\/wp-json\/wp\/v2\/product\/21787","targetHints":{"allow":["GET"]}}],"collection":[{"href":"https:\/\/smans.com\/en\/wp-json\/wp\/v2\/product"}],"about":[{"href":"https:\/\/smans.com\/en\/wp-json\/wp\/v2\/types\/product"}],"wp:attachment":[{"href":"https:\/\/smans.com\/en\/wp-json\/wp\/v2\/media?parent=21787"}],"wp:term":[{"taxonomy":"pwb-brand","embeddable":true,"href":"https:\/\/smans.com\/en\/wp-json\/wp\/v2\/pwb-brand?post=21787"},{"taxonomy":"product_brand","embeddable":true,"href":"https:\/\/smans.com\/en\/wp-json\/wp\/v2\/product_brand?post=21787"},{"taxonomy":"product_cat","embeddable":true,"href":"https:\/\/smans.com\/en\/wp-json\/wp\/v2\/product_cat?post=21787"},{"taxonomy":"product_tag","embeddable":true,"href":"https:\/\/smans.com\/en\/wp-json\/wp\/v2\/product_tag?post=21787"}],"curies":[{"name":"wp","href":"https:\/\/api.w.org\/{rel}","templated":true}]}}