{"id":21813,"date":"2024-06-09T17:08:53","date_gmt":"2024-06-09T15:08:53","guid":{"rendered":"https:\/\/smans.com\/product\/pneumatic-crimping-device-pf50\/"},"modified":"2026-04-13T11:18:43","modified_gmt":"2026-04-13T09:18:43","slug":"pneumatic-crimping-device-pf50","status":"publish","type":"product","link":"https:\/\/smans.com\/en\/product\/pneumatic-crimping-device-pf50\/","title":{"rendered":"Eurocab - Pneumatic Crimping Device PF50"},"content":{"rendered":"<p data-start=\"55\" data-end=\"350\">Cette presse est con\u00e7ue pour un traitement facile et efficace des c\u00e2bles ruban. Les rails de guidage assurent une insertion pr\u00e9cise des c\u00e2bles, tandis qu\u2019un cylindre pneumatique ins\u00e8re le connecteur de mani\u00e8re s\u00e9curis\u00e9e. La presse ne n\u00e9cessite qu\u2019une connexion d\u2019air et est \u00e9quip\u00e9e d\u2019une p\u00e9dale.<\/p>\n<p data-start=\"352\" data-end=\"388\"><strong data-start=\"352\" data-end=\"386\">Caract\u00e9ristiques principales :<\/strong><\/p>\n<ul data-start=\"389\" data-end=\"773\">\n<li data-start=\"389\" data-end=\"497\"><strong data-start=\"391\" data-end=\"410\">Compatibilit\u00e9 :<\/strong> Compatible avec des connecteurs de 10 broches (pas de 2) \u00e0 50 broches (pas de 2,54).<\/li>\n<li data-start=\"498\" data-end=\"604\"><strong data-start=\"500\" data-end=\"534\">Pression de travail r\u00e9glable :<\/strong> R\u00e9glage de la pression de travail via le r\u00e9gulateur de d\u00e9bit (7\/9).<\/li>\n<li data-start=\"605\" data-end=\"773\"><strong data-start=\"607\" data-end=\"629\">Personnalisation :<\/strong> La presse se distingue par ses nombreuses options de personnalisation. Les rails de guidage sont adapt\u00e9s aux connecteurs sp\u00e9cifiques du client.<\/li>\n<\/ul>\n<p data-start=\"775\" data-end=\"909\"><strong data-start=\"775\" data-end=\"793\">Adaptabilit\u00e9 :<\/strong><br data-start=\"793\" data-end=\"796\" \/>En plus des connecteurs standard, la presse peut \u00eatre adapt\u00e9e pour diff\u00e9rents types de connecteurs, notamment :<\/p>\n<ul data-start=\"910\" data-end=\"1039\">\n<li data-start=\"910\" data-end=\"955\"><strong data-start=\"912\" data-end=\"935\">Connecteurs m\u00e2les :<\/strong> Pas de 1, 2, 2,54<\/li>\n<li data-start=\"956\" data-end=\"1004\"><strong data-start=\"958\" data-end=\"984\">Connecteurs femelles :<\/strong> Pas de 1, 2, 2,54<\/li>\n<li data-start=\"1005\" data-end=\"1039\"><strong data-start=\"1007\" data-end=\"1039\">Micro-Match, D-SUB, et plus.<\/strong><\/li>\n<\/ul>\n","protected":false},"excerpt":{"rendered":"<p>Pneumatic press for ribbon cables<\/p>\n","protected":false},"featured_media":0,"template":"","meta":{"_acf_changed":false},"pwb-brand":[18237],"product_brand":[],"product_cat":[17818,17821,17862],"product_tag":[],"class_list":{"0":"post-21813","1":"product","2":"type-product","3":"status-publish","5":"pwb-brand-brand-eurocab-en","6":"product_cat-cable-and-wire-en","7":"product_cat-cut-strip-crimp-en","8":"product_cat-wire-crimping-machines-en","10":"first","11":"instock","12":"taxable","13":"shipping-taxable","14":"purchasable","15":"product-type-simple"},"acf":[],"yoast_head":"<!-- This site is optimized with the Yoast SEO plugin v27.1.1 - https:\/\/yoast.com\/product\/yoast-seo-wordpress\/ -->\n<title>Pneumatic Crimping Device PF50 - Smans<\/title>\n<meta name=\"robots\" content=\"index, follow, max-snippet:-1, max-image-preview:large, max-video-preview:-1\" \/>\n<link rel=\"canonical\" href=\"https:\/\/smans.com\/en\/product\/pneumatic-crimping-device-pf50\/\" \/>\n<meta property=\"og:locale\" content=\"en_US\" \/>\n<meta property=\"og:type\" content=\"article\" \/>\n<meta property=\"og:title\" content=\"Pneumatic Crimping Device PF50 - Smans\" \/>\n<meta property=\"og:description\" content=\"Pneumatic press for ribbon cables\" \/>\n<meta property=\"og:url\" content=\"https:\/\/smans.com\/en\/product\/pneumatic-crimping-device-pf50\/\" \/>\n<meta property=\"og:site_name\" content=\"Smans\" \/>\n<meta property=\"article:modified_time\" content=\"2026-04-13T09:18:43+00:00\" \/>\n<meta name=\"twitter:card\" content=\"summary_large_image\" \/>\n<meta name=\"twitter:label1\" content=\"Est. reading time\" \/>\n\t<meta name=\"twitter:data1\" content=\"1 minute\" \/>\n<script type=\"application\/ld+json\" class=\"yoast-schema-graph\">{\"@context\":\"https:\/\/schema.org\",\"@graph\":[{\"@type\":\"WebPage\",\"@id\":\"https:\/\/smans.com\/en\/product\/pneumatic-crimping-device-pf50\/\",\"url\":\"https:\/\/smans.com\/en\/product\/pneumatic-crimping-device-pf50\/\",\"name\":\"Pneumatic Crimping Device PF50 - Smans\",\"isPartOf\":{\"@id\":\"https:\/\/smans.com\/nl\/#website\"},\"datePublished\":\"2024-06-09T15:08:53+00:00\",\"dateModified\":\"2026-04-13T09:18:43+00:00\",\"breadcrumb\":{\"@id\":\"https:\/\/smans.com\/en\/product\/pneumatic-crimping-device-pf50\/#breadcrumb\"},\"inLanguage\":\"en-US\",\"potentialAction\":[{\"@type\":\"ReadAction\",\"target\":[\"https:\/\/smans.com\/en\/product\/pneumatic-crimping-device-pf50\/\"]}]},{\"@type\":\"BreadcrumbList\",\"@id\":\"https:\/\/smans.com\/en\/product\/pneumatic-crimping-device-pf50\/#breadcrumb\",\"itemListElement\":[{\"@type\":\"ListItem\",\"position\":1,\"name\":\"Home\",\"item\":\"https:\/\/smans.com\/en\/\"},{\"@type\":\"ListItem\",\"position\":2,\"name\":\"Shop\",\"item\":\"https:\/\/smans.com\/en\/shop-2\/\"},{\"@type\":\"ListItem\",\"position\":3,\"name\":\"Eurocab - Pneumatic Crimping Device PF50\"}]},{\"@type\":\"WebSite\",\"@id\":\"https:\/\/smans.com\/nl\/#website\",\"url\":\"https:\/\/smans.com\/nl\/\",\"name\":\"Smans\",\"description\":\"\",\"publisher\":{\"@id\":\"https:\/\/smans.com\/nl\/#organization\"},\"potentialAction\":[{\"@type\":\"SearchAction\",\"target\":{\"@type\":\"EntryPoint\",\"urlTemplate\":\"https:\/\/smans.com\/nl\/?s={search_term_string}\"},\"query-input\":{\"@type\":\"PropertyValueSpecification\",\"valueRequired\":true,\"valueName\":\"search_term_string\"}}],\"inLanguage\":\"en-US\"},{\"@type\":\"Organization\",\"@id\":\"https:\/\/smans.com\/nl\/#organization\",\"name\":\"Smans\",\"url\":\"https:\/\/smans.com\/nl\/\",\"logo\":{\"@type\":\"ImageObject\",\"inLanguage\":\"en-US\",\"@id\":\"https:\/\/smans.com\/nl\/#\/schema\/logo\/image\/\",\"url\":\"https:\/\/smans.com\/wp-content\/uploads\/2023\/09\/logo.svg\",\"contentUrl\":\"https:\/\/smans.com\/wp-content\/uploads\/2023\/09\/logo.svg\",\"caption\":\"Smans\"},\"image\":{\"@id\":\"https:\/\/smans.com\/nl\/#\/schema\/logo\/image\/\"}}]}<\/script>\n<!-- \/ Yoast SEO plugin. -->","yoast_head_json":{"title":"Pneumatic Crimping Device PF50 - Smans","robots":{"index":"index","follow":"follow","max-snippet":"max-snippet:-1","max-image-preview":"max-image-preview:large","max-video-preview":"max-video-preview:-1"},"canonical":"https:\/\/smans.com\/en\/product\/pneumatic-crimping-device-pf50\/","og_locale":"en_US","og_type":"article","og_title":"Pneumatic Crimping Device PF50 - Smans","og_description":"Pneumatic press for ribbon cables","og_url":"https:\/\/smans.com\/en\/product\/pneumatic-crimping-device-pf50\/","og_site_name":"Smans","article_modified_time":"2026-04-13T09:18:43+00:00","twitter_card":"summary_large_image","twitter_misc":{"Est. reading time":"1 minute"},"schema":{"@context":"https:\/\/schema.org","@graph":[{"@type":"WebPage","@id":"https:\/\/smans.com\/en\/product\/pneumatic-crimping-device-pf50\/","url":"https:\/\/smans.com\/en\/product\/pneumatic-crimping-device-pf50\/","name":"Pneumatic Crimping Device PF50 - Smans","isPartOf":{"@id":"https:\/\/smans.com\/nl\/#website"},"datePublished":"2024-06-09T15:08:53+00:00","dateModified":"2026-04-13T09:18:43+00:00","breadcrumb":{"@id":"https:\/\/smans.com\/en\/product\/pneumatic-crimping-device-pf50\/#breadcrumb"},"inLanguage":"en-US","potentialAction":[{"@type":"ReadAction","target":["https:\/\/smans.com\/en\/product\/pneumatic-crimping-device-pf50\/"]}]},{"@type":"BreadcrumbList","@id":"https:\/\/smans.com\/en\/product\/pneumatic-crimping-device-pf50\/#breadcrumb","itemListElement":[{"@type":"ListItem","position":1,"name":"Home","item":"https:\/\/smans.com\/en\/"},{"@type":"ListItem","position":2,"name":"Shop","item":"https:\/\/smans.com\/en\/shop-2\/"},{"@type":"ListItem","position":3,"name":"Eurocab - Pneumatic Crimping Device PF50"}]},{"@type":"WebSite","@id":"https:\/\/smans.com\/nl\/#website","url":"https:\/\/smans.com\/nl\/","name":"Smans","description":"","publisher":{"@id":"https:\/\/smans.com\/nl\/#organization"},"potentialAction":[{"@type":"SearchAction","target":{"@type":"EntryPoint","urlTemplate":"https:\/\/smans.com\/nl\/?s={search_term_string}"},"query-input":{"@type":"PropertyValueSpecification","valueRequired":true,"valueName":"search_term_string"}}],"inLanguage":"en-US"},{"@type":"Organization","@id":"https:\/\/smans.com\/nl\/#organization","name":"Smans","url":"https:\/\/smans.com\/nl\/","logo":{"@type":"ImageObject","inLanguage":"en-US","@id":"https:\/\/smans.com\/nl\/#\/schema\/logo\/image\/","url":"https:\/\/smans.com\/wp-content\/uploads\/2023\/09\/logo.svg","contentUrl":"https:\/\/smans.com\/wp-content\/uploads\/2023\/09\/logo.svg","caption":"Smans"},"image":{"@id":"https:\/\/smans.com\/nl\/#\/schema\/logo\/image\/"}}]}},"brands":[{"id":18237,"name":"Eurocab","slug":"brand-eurocab-en"}],"_links":{"self":[{"href":"https:\/\/smans.com\/en\/wp-json\/wp\/v2\/product\/21813","targetHints":{"allow":["GET"]}}],"collection":[{"href":"https:\/\/smans.com\/en\/wp-json\/wp\/v2\/product"}],"about":[{"href":"https:\/\/smans.com\/en\/wp-json\/wp\/v2\/types\/product"}],"wp:attachment":[{"href":"https:\/\/smans.com\/en\/wp-json\/wp\/v2\/media?parent=21813"}],"wp:term":[{"taxonomy":"pwb-brand","embeddable":true,"href":"https:\/\/smans.com\/en\/wp-json\/wp\/v2\/pwb-brand?post=21813"},{"taxonomy":"product_brand","embeddable":true,"href":"https:\/\/smans.com\/en\/wp-json\/wp\/v2\/product_brand?post=21813"},{"taxonomy":"product_cat","embeddable":true,"href":"https:\/\/smans.com\/en\/wp-json\/wp\/v2\/product_cat?post=21813"},{"taxonomy":"product_tag","embeddable":true,"href":"https:\/\/smans.com\/en\/wp-json\/wp\/v2\/product_tag?post=21813"}],"curies":[{"name":"wp","href":"https:\/\/api.w.org\/{rel}","templated":true}]}}