{"id":22268,"date":"2024-06-09T17:22:36","date_gmt":"2024-06-09T15:22:36","guid":{"rendered":"https:\/\/smans.com\/product\/stencil-printer-versaprint-2-elite-plus\/"},"modified":"2026-04-07T11:22:12","modified_gmt":"2026-04-07T09:22:12","slug":"stencil-printer-versaprint-2-elite-plus","status":"publish","type":"product","link":"https:\/\/smans.com\/en\/product\/stencil-printer-versaprint-2-elite-plus\/","title":{"rendered":"Ersa - Stencil Printer VERSAPRINT 2 ELITE PLUS"},"content":{"rendered":"<p>The <strong>VERSAPRINT 2 ELITE plus<\/strong> provides a solid foundation for reliable SMT production, with a clear focus on <strong>precision<\/strong>, <strong>efficiency<\/strong>, and <strong>user-friendliness<\/strong>. Thanks to an area camera with <strong>two separate modules<\/strong> and lighting techniques that work both directly and diffusely, even complex structures on the printed circuit board are consistently recognized.<\/p>\n<p>With an available substrate format of <strong>50 \u00d7 50 mm to 680 \u00d7 500 mm<\/strong> (inspection area approx. 550 \u00d7 500 mm) and stencils ranging from 450 \u00d7 450 to 737 \u00d7 737 mm, the machine is suitable for a wide range of production types. The print heads consist of two independent squeegee units with continuous pressure control (0-230 N) that ensure <strong>repeatable printing results<\/strong> with a precision of \u00b112.5 \u00b5m (6\u03c3) and printing accuracy of \u00b125 \u00b5m (6\u03c3). Furthermore, product changeovers are possible in less than 2 minutes and changeover time is less than 10 minutes \u2013 ideal for flexible production lines.<\/p>\n<p>What sets the ELITE plus apart is that it is designed for production environments where an external 100% inspection system (such as an SPI) is already in place \u2014 making it a cost-effective choice without standard full inspection integration. At the same time, it offers the option of expanding with 2D inspection and even 3D retrofitting, allowing the system to be easily adapted to future quality requirements. In short: a smart investment for those who want reliability, speed, and process certainty without unnecessary complexity.<\/p>\n","protected":false},"excerpt":{"rendered":"<p>A stencil printer for line production, combining high printing accuracy with flexible inspection options and simple operation.<\/p>\n","protected":false},"featured_media":0,"template":"","meta":{"_acf_changed":false},"pwb-brand":[18231],"product_brand":[],"product_cat":[17819,17839,17916],"product_tag":[],"class_list":{"0":"post-22268","1":"product","2":"type-product","3":"status-publish","5":"pwb-brand-brand-ersa-en","6":"product_cat-electronics-en","7":"product_cat-smt-assembly-equipment-en","8":"product_cat-stencil-printing-en","10":"first","11":"instock","12":"taxable","13":"shipping-taxable","14":"product-type-simple"},"acf":[],"yoast_head":"<!-- This site is optimized with the Yoast SEO plugin v27.1.1 - https:\/\/yoast.com\/product\/yoast-seo-wordpress\/ -->\n<title>Stencil Printer VERSAPRINT 2 ELITE PLUS - Smans<\/title>\n<meta name=\"robots\" content=\"index, follow, max-snippet:-1, max-image-preview:large, max-video-preview:-1\" \/>\n<link rel=\"canonical\" href=\"https:\/\/smans.com\/en\/product\/stencil-printer-versaprint-2-elite-plus\/\" \/>\n<meta property=\"og:locale\" content=\"en_US\" \/>\n<meta property=\"og:type\" content=\"article\" \/>\n<meta property=\"og:title\" content=\"Stencil Printer VERSAPRINT 2 ELITE PLUS - Smans\" \/>\n<meta property=\"og:description\" content=\"A stencil printer for line production, combining high printing accuracy with flexible inspection options and simple operation.\" \/>\n<meta property=\"og:url\" content=\"https:\/\/smans.com\/en\/product\/stencil-printer-versaprint-2-elite-plus\/\" \/>\n<meta property=\"og:site_name\" content=\"Smans\" \/>\n<meta property=\"article:modified_time\" content=\"2026-04-07T09:22:12+00:00\" \/>\n<meta name=\"twitter:card\" content=\"summary_large_image\" \/>\n<meta name=\"twitter:label1\" content=\"Est. reading time\" \/>\n\t<meta name=\"twitter:data1\" content=\"1 minute\" \/>\n<script type=\"application\/ld+json\" class=\"yoast-schema-graph\">{\"@context\":\"https:\/\/schema.org\",\"@graph\":[{\"@type\":\"WebPage\",\"@id\":\"https:\/\/smans.com\/en\/product\/stencil-printer-versaprint-2-elite-plus\/\",\"url\":\"https:\/\/smans.com\/en\/product\/stencil-printer-versaprint-2-elite-plus\/\",\"name\":\"Stencil Printer VERSAPRINT 2 ELITE PLUS - Smans\",\"isPartOf\":{\"@id\":\"https:\/\/smans.com\/nl\/#website\"},\"datePublished\":\"2024-06-09T15:22:36+00:00\",\"dateModified\":\"2026-04-07T09:22:12+00:00\",\"breadcrumb\":{\"@id\":\"https:\/\/smans.com\/en\/product\/stencil-printer-versaprint-2-elite-plus\/#breadcrumb\"},\"inLanguage\":\"en-US\",\"potentialAction\":[{\"@type\":\"ReadAction\",\"target\":[\"https:\/\/smans.com\/en\/product\/stencil-printer-versaprint-2-elite-plus\/\"]}]},{\"@type\":\"BreadcrumbList\",\"@id\":\"https:\/\/smans.com\/en\/product\/stencil-printer-versaprint-2-elite-plus\/#breadcrumb\",\"itemListElement\":[{\"@type\":\"ListItem\",\"position\":1,\"name\":\"Home\",\"item\":\"https:\/\/smans.com\/en\/\"},{\"@type\":\"ListItem\",\"position\":2,\"name\":\"Shop\",\"item\":\"https:\/\/smans.com\/en\/shop-2\/\"},{\"@type\":\"ListItem\",\"position\":3,\"name\":\"Ersa - Stencil Printer VERSAPRINT 2 ELITE PLUS\"}]},{\"@type\":\"WebSite\",\"@id\":\"https:\/\/smans.com\/nl\/#website\",\"url\":\"https:\/\/smans.com\/nl\/\",\"name\":\"Smans\",\"description\":\"\",\"publisher\":{\"@id\":\"https:\/\/smans.com\/nl\/#organization\"},\"potentialAction\":[{\"@type\":\"SearchAction\",\"target\":{\"@type\":\"EntryPoint\",\"urlTemplate\":\"https:\/\/smans.com\/nl\/?s={search_term_string}\"},\"query-input\":{\"@type\":\"PropertyValueSpecification\",\"valueRequired\":true,\"valueName\":\"search_term_string\"}}],\"inLanguage\":\"en-US\"},{\"@type\":\"Organization\",\"@id\":\"https:\/\/smans.com\/nl\/#organization\",\"name\":\"Smans\",\"url\":\"https:\/\/smans.com\/nl\/\",\"logo\":{\"@type\":\"ImageObject\",\"inLanguage\":\"en-US\",\"@id\":\"https:\/\/smans.com\/nl\/#\/schema\/logo\/image\/\",\"url\":\"https:\/\/smans.com\/wp-content\/uploads\/2023\/09\/logo.svg\",\"contentUrl\":\"https:\/\/smans.com\/wp-content\/uploads\/2023\/09\/logo.svg\",\"caption\":\"Smans\"},\"image\":{\"@id\":\"https:\/\/smans.com\/nl\/#\/schema\/logo\/image\/\"}}]}<\/script>\n<!-- \/ Yoast SEO plugin. -->","yoast_head_json":{"title":"Stencil Printer VERSAPRINT 2 ELITE PLUS - Smans","robots":{"index":"index","follow":"follow","max-snippet":"max-snippet:-1","max-image-preview":"max-image-preview:large","max-video-preview":"max-video-preview:-1"},"canonical":"https:\/\/smans.com\/en\/product\/stencil-printer-versaprint-2-elite-plus\/","og_locale":"en_US","og_type":"article","og_title":"Stencil Printer VERSAPRINT 2 ELITE PLUS - Smans","og_description":"A stencil printer for line production, combining high printing accuracy with flexible inspection options and simple operation.","og_url":"https:\/\/smans.com\/en\/product\/stencil-printer-versaprint-2-elite-plus\/","og_site_name":"Smans","article_modified_time":"2026-04-07T09:22:12+00:00","twitter_card":"summary_large_image","twitter_misc":{"Est. reading time":"1 minute"},"schema":{"@context":"https:\/\/schema.org","@graph":[{"@type":"WebPage","@id":"https:\/\/smans.com\/en\/product\/stencil-printer-versaprint-2-elite-plus\/","url":"https:\/\/smans.com\/en\/product\/stencil-printer-versaprint-2-elite-plus\/","name":"Stencil Printer VERSAPRINT 2 ELITE PLUS - Smans","isPartOf":{"@id":"https:\/\/smans.com\/nl\/#website"},"datePublished":"2024-06-09T15:22:36+00:00","dateModified":"2026-04-07T09:22:12+00:00","breadcrumb":{"@id":"https:\/\/smans.com\/en\/product\/stencil-printer-versaprint-2-elite-plus\/#breadcrumb"},"inLanguage":"en-US","potentialAction":[{"@type":"ReadAction","target":["https:\/\/smans.com\/en\/product\/stencil-printer-versaprint-2-elite-plus\/"]}]},{"@type":"BreadcrumbList","@id":"https:\/\/smans.com\/en\/product\/stencil-printer-versaprint-2-elite-plus\/#breadcrumb","itemListElement":[{"@type":"ListItem","position":1,"name":"Home","item":"https:\/\/smans.com\/en\/"},{"@type":"ListItem","position":2,"name":"Shop","item":"https:\/\/smans.com\/en\/shop-2\/"},{"@type":"ListItem","position":3,"name":"Ersa - Stencil Printer VERSAPRINT 2 ELITE PLUS"}]},{"@type":"WebSite","@id":"https:\/\/smans.com\/nl\/#website","url":"https:\/\/smans.com\/nl\/","name":"Smans","description":"","publisher":{"@id":"https:\/\/smans.com\/nl\/#organization"},"potentialAction":[{"@type":"SearchAction","target":{"@type":"EntryPoint","urlTemplate":"https:\/\/smans.com\/nl\/?s={search_term_string}"},"query-input":{"@type":"PropertyValueSpecification","valueRequired":true,"valueName":"search_term_string"}}],"inLanguage":"en-US"},{"@type":"Organization","@id":"https:\/\/smans.com\/nl\/#organization","name":"Smans","url":"https:\/\/smans.com\/nl\/","logo":{"@type":"ImageObject","inLanguage":"en-US","@id":"https:\/\/smans.com\/nl\/#\/schema\/logo\/image\/","url":"https:\/\/smans.com\/wp-content\/uploads\/2023\/09\/logo.svg","contentUrl":"https:\/\/smans.com\/wp-content\/uploads\/2023\/09\/logo.svg","caption":"Smans"},"image":{"@id":"https:\/\/smans.com\/nl\/#\/schema\/logo\/image\/"}}]}},"brands":[{"id":18231,"name":"Ersa","slug":"brand-ersa-en"}],"_links":{"self":[{"href":"https:\/\/smans.com\/en\/wp-json\/wp\/v2\/product\/22268","targetHints":{"allow":["GET"]}}],"collection":[{"href":"https:\/\/smans.com\/en\/wp-json\/wp\/v2\/product"}],"about":[{"href":"https:\/\/smans.com\/en\/wp-json\/wp\/v2\/types\/product"}],"wp:attachment":[{"href":"https:\/\/smans.com\/en\/wp-json\/wp\/v2\/media?parent=22268"}],"wp:term":[{"taxonomy":"pwb-brand","embeddable":true,"href":"https:\/\/smans.com\/en\/wp-json\/wp\/v2\/pwb-brand?post=22268"},{"taxonomy":"product_brand","embeddable":true,"href":"https:\/\/smans.com\/en\/wp-json\/wp\/v2\/product_brand?post=22268"},{"taxonomy":"product_cat","embeddable":true,"href":"https:\/\/smans.com\/en\/wp-json\/wp\/v2\/product_cat?post=22268"},{"taxonomy":"product_tag","embeddable":true,"href":"https:\/\/smans.com\/en\/wp-json\/wp\/v2\/product_tag?post=22268"}],"curies":[{"name":"wp","href":"https:\/\/api.w.org\/{rel}","templated":true}]}}