{"id":7433,"date":"2023-09-18T11:25:32","date_gmt":"2023-09-18T11:25:32","guid":{"rendered":"https:\/\/smans.com\/service\/"},"modified":"2024-02-22T08:47:43","modified_gmt":"2024-02-22T08:47:43","slug":"service","status":"publish","type":"page","link":"https:\/\/smans.com\/fr\/service\/","title":{"rendered":"Service"},"content":{"rendered":"<p><span style=\"font-weight: 400;\">Le parc de machines des entreprises d\u2019\u00e9lectronique et des organisations actives dans l\u2019assemblage de c\u00e2bles se compose souvent de lignes de production intelligentes, enti\u00e8rement automatis\u00e9es et enti\u00e8rement int\u00e9gr\u00e9es. Nous disposons d\u2019une grande expertise technique dans l\u2019installation et la configuration de machines autonomes, mais nous sommes \u00e9galement experts dans l\u2019int\u00e9gration de machines dans les lignes de production existantes et les r\u00e9seaux d\u2019entreprise.<\/span><\/p>\n<p><span style=\"font-weight: 400;\">Nous livrons, installons et configurons vos machines afin qu\u2019elles soient pr\u00eates \u00e0 l\u2019emploi. En outre, nos techniciens testent et calibrent les machines pour garantir leur performance optimale. Nous proposons \u00e9galement des formations pour vos collaborateurs, sur mesure si n\u00e9cessaire. De cette mani\u00e8re, vous continuez \u00e0 obtenir un rendement maximal de vos investissements sur une base continue.<\/span><\/p>\n<p><b>Maintenance pr\u00e9ventive<\/b><span style=\"font-weight: 400;\">\u00a0<\/span><\/p>\n<p><span style=\"font-weight: 400;\">L\u2019\u00e9quipe de Smans aime maintenir vos machines et vos lignes de production en parfait \u00e9tat. Contactez-nous en cas de panne impr\u00e9vue, m\u00eame si nous vous conseillons de souscrire un contrat de maintenance pr\u00e9ventive. Gr\u00e2ce \u00e0 la maintenance pr\u00e9ventive, vous obtenez un rendement maximal de vos machines et installations \u00e0 long terme.<\/span><span style=\"font-weight: 400;\">\u00a0<\/span><\/p>\n<p><span style=\"font-weight: 400;\">Notre \u00e9quipe de service multidisciplinaire prend en charge toutes les t\u00e2ches d\u2019entretien possibles. Pensez aux entretiens m\u00e9caniques, aux missions de nettoyage, au calibrage des machines, \u00e0 l\u2019ex\u00e9cution de tests et aux contr\u00f4les de qualit\u00e9, etc. La rapidit\u00e9 est un \u00e9l\u00e9ment important pour nous, afin de r\u00e9duire au minimum les arr\u00eats de production.<\/span><\/p>\n","protected":false},"excerpt":{"rendered":"<p>Le parc de machines des entreprises d\u2019\u00e9lectronique et des organisations actives dans l\u2019assemblage de c\u00e2bles se compose souvent de lignes de production intelligentes, enti\u00e8rement automatis\u00e9es et enti\u00e8rement int\u00e9gr\u00e9es. Nous disposons d\u2019une grande expertise technique dans l\u2019installation et la configuration de machines autonomes, mais nous sommes \u00e9galement experts dans l\u2019int\u00e9gration de machines dans les lignes de&#8230;<\/p>\n","protected":false},"author":1,"featured_media":0,"parent":0,"menu_order":0,"comment_status":"closed","ping_status":"closed","template":"template-services.php","meta":{"_acf_changed":false,"footnotes":""},"class_list":["post-7433","page","type-page","status-publish","hentry"],"acf":[],"yoast_head":"<!-- This site is optimized with the Yoast SEO plugin v27.1.1 - https:\/\/yoast.com\/product\/yoast-seo-wordpress\/ -->\n<title>Service - Smans<\/title>\n<meta name=\"robots\" content=\"index, follow, max-snippet:-1, max-image-preview:large, max-video-preview:-1\" \/>\n<link rel=\"canonical\" href=\"https:\/\/smans.com\/fr\/service\/\" \/>\n<meta property=\"og:locale\" content=\"fr_FR\" \/>\n<meta property=\"og:type\" content=\"article\" \/>\n<meta property=\"og:title\" content=\"Service - Smans\" \/>\n<meta property=\"og:description\" content=\"Le parc de machines des entreprises d\u2019\u00e9lectronique et des organisations actives dans l\u2019assemblage de c\u00e2bles se compose souvent de lignes de production intelligentes, enti\u00e8rement automatis\u00e9es et enti\u00e8rement int\u00e9gr\u00e9es. Nous disposons d\u2019une grande expertise technique dans l\u2019installation et la configuration de machines autonomes, mais nous sommes \u00e9galement experts dans l\u2019int\u00e9gration de machines dans les lignes de...\" \/>\n<meta property=\"og:url\" content=\"https:\/\/smans.com\/fr\/service\/\" \/>\n<meta property=\"og:site_name\" content=\"Smans\" \/>\n<meta property=\"article:modified_time\" content=\"2024-02-22T08:47:43+00:00\" \/>\n<meta name=\"twitter:card\" content=\"summary_large_image\" \/>\n<meta name=\"twitter:label1\" content=\"Dur\u00e9e de lecture estim\u00e9e\" \/>\n\t<meta name=\"twitter:data1\" content=\"1 minute\" \/>\n<script type=\"application\/ld+json\" class=\"yoast-schema-graph\">{\"@context\":\"https:\/\/schema.org\",\"@graph\":[{\"@type\":\"WebPage\",\"@id\":\"https:\/\/smans.com\/fr\/service\/\",\"url\":\"https:\/\/smans.com\/fr\/service\/\",\"name\":\"Service - Smans\",\"isPartOf\":{\"@id\":\"https:\/\/smans.com\/nl\/#website\"},\"datePublished\":\"2023-09-18T11:25:32+00:00\",\"dateModified\":\"2024-02-22T08:47:43+00:00\",\"breadcrumb\":{\"@id\":\"https:\/\/smans.com\/fr\/service\/#breadcrumb\"},\"inLanguage\":\"fr-FR\",\"potentialAction\":[{\"@type\":\"ReadAction\",\"target\":[\"https:\/\/smans.com\/fr\/service\/\"]}]},{\"@type\":\"BreadcrumbList\",\"@id\":\"https:\/\/smans.com\/fr\/service\/#breadcrumb\",\"itemListElement\":[{\"@type\":\"ListItem\",\"position\":1,\"name\":\"Home\",\"item\":\"https:\/\/smans.com\/fr\/\"},{\"@type\":\"ListItem\",\"position\":2,\"name\":\"Service\"}]},{\"@type\":\"WebSite\",\"@id\":\"https:\/\/smans.com\/nl\/#website\",\"url\":\"https:\/\/smans.com\/nl\/\",\"name\":\"Smans\",\"description\":\"\",\"publisher\":{\"@id\":\"https:\/\/smans.com\/nl\/#organization\"},\"potentialAction\":[{\"@type\":\"SearchAction\",\"target\":{\"@type\":\"EntryPoint\",\"urlTemplate\":\"https:\/\/smans.com\/nl\/?s={search_term_string}\"},\"query-input\":{\"@type\":\"PropertyValueSpecification\",\"valueRequired\":true,\"valueName\":\"search_term_string\"}}],\"inLanguage\":\"fr-FR\"},{\"@type\":\"Organization\",\"@id\":\"https:\/\/smans.com\/nl\/#organization\",\"name\":\"Smans\",\"url\":\"https:\/\/smans.com\/nl\/\",\"logo\":{\"@type\":\"ImageObject\",\"inLanguage\":\"fr-FR\",\"@id\":\"https:\/\/smans.com\/nl\/#\/schema\/logo\/image\/\",\"url\":\"https:\/\/smans.com\/wp-content\/uploads\/2023\/09\/logo.svg\",\"contentUrl\":\"https:\/\/smans.com\/wp-content\/uploads\/2023\/09\/logo.svg\",\"caption\":\"Smans\"},\"image\":{\"@id\":\"https:\/\/smans.com\/nl\/#\/schema\/logo\/image\/\"}}]}<\/script>\n<!-- \/ Yoast SEO plugin. -->","yoast_head_json":{"title":"Service - Smans","robots":{"index":"index","follow":"follow","max-snippet":"max-snippet:-1","max-image-preview":"max-image-preview:large","max-video-preview":"max-video-preview:-1"},"canonical":"https:\/\/smans.com\/fr\/service\/","og_locale":"fr_FR","og_type":"article","og_title":"Service - Smans","og_description":"Le parc de machines des entreprises d\u2019\u00e9lectronique et des organisations actives dans l\u2019assemblage de c\u00e2bles se compose souvent de lignes de production intelligentes, enti\u00e8rement automatis\u00e9es et enti\u00e8rement int\u00e9gr\u00e9es. Nous disposons d\u2019une grande expertise technique dans l\u2019installation et la configuration de machines autonomes, mais nous sommes \u00e9galement experts dans l\u2019int\u00e9gration de machines dans les lignes de...","og_url":"https:\/\/smans.com\/fr\/service\/","og_site_name":"Smans","article_modified_time":"2024-02-22T08:47:43+00:00","twitter_card":"summary_large_image","twitter_misc":{"Dur\u00e9e de lecture estim\u00e9e":"1 minute"},"schema":{"@context":"https:\/\/schema.org","@graph":[{"@type":"WebPage","@id":"https:\/\/smans.com\/fr\/service\/","url":"https:\/\/smans.com\/fr\/service\/","name":"Service - Smans","isPartOf":{"@id":"https:\/\/smans.com\/nl\/#website"},"datePublished":"2023-09-18T11:25:32+00:00","dateModified":"2024-02-22T08:47:43+00:00","breadcrumb":{"@id":"https:\/\/smans.com\/fr\/service\/#breadcrumb"},"inLanguage":"fr-FR","potentialAction":[{"@type":"ReadAction","target":["https:\/\/smans.com\/fr\/service\/"]}]},{"@type":"BreadcrumbList","@id":"https:\/\/smans.com\/fr\/service\/#breadcrumb","itemListElement":[{"@type":"ListItem","position":1,"name":"Home","item":"https:\/\/smans.com\/fr\/"},{"@type":"ListItem","position":2,"name":"Service"}]},{"@type":"WebSite","@id":"https:\/\/smans.com\/nl\/#website","url":"https:\/\/smans.com\/nl\/","name":"Smans","description":"","publisher":{"@id":"https:\/\/smans.com\/nl\/#organization"},"potentialAction":[{"@type":"SearchAction","target":{"@type":"EntryPoint","urlTemplate":"https:\/\/smans.com\/nl\/?s={search_term_string}"},"query-input":{"@type":"PropertyValueSpecification","valueRequired":true,"valueName":"search_term_string"}}],"inLanguage":"fr-FR"},{"@type":"Organization","@id":"https:\/\/smans.com\/nl\/#organization","name":"Smans","url":"https:\/\/smans.com\/nl\/","logo":{"@type":"ImageObject","inLanguage":"fr-FR","@id":"https:\/\/smans.com\/nl\/#\/schema\/logo\/image\/","url":"https:\/\/smans.com\/wp-content\/uploads\/2023\/09\/logo.svg","contentUrl":"https:\/\/smans.com\/wp-content\/uploads\/2023\/09\/logo.svg","caption":"Smans"},"image":{"@id":"https:\/\/smans.com\/nl\/#\/schema\/logo\/image\/"}}]}},"_links":{"self":[{"href":"https:\/\/smans.com\/fr\/wp-json\/wp\/v2\/pages\/7433","targetHints":{"allow":["GET"]}}],"collection":[{"href":"https:\/\/smans.com\/fr\/wp-json\/wp\/v2\/pages"}],"about":[{"href":"https:\/\/smans.com\/fr\/wp-json\/wp\/v2\/types\/page"}],"author":[{"embeddable":true,"href":"https:\/\/smans.com\/fr\/wp-json\/wp\/v2\/users\/1"}],"replies":[{"embeddable":true,"href":"https:\/\/smans.com\/fr\/wp-json\/wp\/v2\/comments?post=7433"}],"version-history":[{"count":0,"href":"https:\/\/smans.com\/fr\/wp-json\/wp\/v2\/pages\/7433\/revisions"}],"wp:attachment":[{"href":"https:\/\/smans.com\/fr\/wp-json\/wp\/v2\/media?parent=7433"}],"curies":[{"name":"wp","href":"https:\/\/api.w.org\/{rel}","templated":true}]}}