{"id":7435,"date":"2023-08-25T12:19:36","date_gmt":"2023-08-25T12:19:36","guid":{"rendered":"https:\/\/smans.com\/leasing\/"},"modified":"2024-01-24T10:50:58","modified_gmt":"2024-01-24T10:50:58","slug":"leasing","status":"publish","type":"page","link":"https:\/\/smans.com\/fr\/services\/leasing\/","title":{"rendered":"Leasing"},"content":{"rendered":"<p><span style=\"font-weight: 400;\">Vous souhaitez agrandir ou remplacer votre parc de machines\u00a0? Cela peut se faire par l\u2019interm\u00e9diaire de Smans. Vous avez besoin d\u2019une machine manuelle, semi-automatique ou d\u2019une ligne de production enti\u00e8rement automatis\u00e9e\u00a0? Pas de probl\u00e8me\u00a0! Nous travaillons avec des partenaires de location fiables. Ils proposent des solutions de financement sur mesure, flexibles et fiables, pour les entreprises.<\/span><span style=\"font-weight: 400;\">\u00a0<\/span><\/p>\n<p><span style=\"font-weight: 400;\">Nous identifions toujours en premier lieu la valeur de votre projet ainsi que vos objectifs.<\/span><\/p>\n<p><span style=\"font-weight: 400;\">Gr\u00e2ce \u00e0 notre expertise, nous offrons \u00e0 nos partenaires de leasing une grande clart\u00e9. Ils peuvent donc proc\u00e9der \u00e0 une meilleure \u00e9valuation des risques que les fournisseurs habituels.<\/span><span style=\"font-weight: 400;\">\u00a0<\/span><\/p>\n<p><span style=\"font-weight: 400;\">Les avantages du leasing par l\u2019interm\u00e9diaire de Smans sont les suivants\u00a0:<\/span><span style=\"font-weight: 400;\">\u00a0<\/span><\/p>\n<ul>\n<li><span style=\"font-weight: 400;\">port\u00e9e financi\u00e8re\/maintien de la tr\u00e9sorerie ;<\/span><\/li>\n<li>pour les petits et les grands investissements ;<\/li>\n<li>favoriser votre croissance et augmenter vos capacit\u00e9s ;<\/li>\n<li>renforcer votre comp\u00e9titivit\u00e9 gr\u00e2ce \u00e0 des machines modernes.<\/li>\n<\/ul>\n<p><span style=\"font-weight: 400;\">\u00a0<\/span><span style=\"font-weight: 400;\">Vous voulez savoir ce que le leasing d\u2019entreprise peut faire pour votre entreprise ? Contactez\u00a0<\/span><span style=\"font-weight: 400;\">l\u2019\u00e9quipe de Smans.<\/span><\/p>\n","protected":false},"excerpt":{"rendered":"<p>Vous souhaitez agrandir ou remplacer votre parc de machines\u00a0? Cela peut se faire par l\u2019interm\u00e9diaire de Smans. Vous avez besoin d\u2019une machine manuelle, semi-automatique ou d\u2019une ligne de production enti\u00e8rement automatis\u00e9e\u00a0? Pas de probl\u00e8me\u00a0! Nous travaillons avec des partenaires de location fiables. Ils proposent des solutions de financement sur mesure, flexibles et fiables, pour les&#8230;<\/p>\n","protected":false},"author":1,"featured_media":0,"parent":1165,"menu_order":0,"comment_status":"closed","ping_status":"closed","template":"template-services.php","meta":{"_acf_changed":false,"footnotes":""},"class_list":["post-7435","page","type-page","status-publish","hentry"],"acf":[],"yoast_head":"<!-- This site is optimized with the Yoast SEO plugin v27.1.1 - https:\/\/yoast.com\/product\/yoast-seo-wordpress\/ -->\n<title>Leasing - Smans<\/title>\n<meta name=\"robots\" content=\"index, follow, max-snippet:-1, max-image-preview:large, max-video-preview:-1\" \/>\n<link rel=\"canonical\" href=\"https:\/\/smans.com\/fr\/services\/leasing\/\" \/>\n<meta property=\"og:locale\" content=\"fr_FR\" \/>\n<meta property=\"og:type\" content=\"article\" \/>\n<meta property=\"og:title\" content=\"Leasing - Smans\" \/>\n<meta property=\"og:description\" content=\"Vous souhaitez agrandir ou remplacer votre parc de machines\u00a0? Cela peut se faire par l\u2019interm\u00e9diaire de Smans. Vous avez besoin d\u2019une machine manuelle, semi-automatique ou d\u2019une ligne de production enti\u00e8rement automatis\u00e9e\u00a0? Pas de probl\u00e8me\u00a0! Nous travaillons avec des partenaires de location fiables. Ils proposent des solutions de financement sur mesure, flexibles et fiables, pour les...\" \/>\n<meta property=\"og:url\" content=\"https:\/\/smans.com\/fr\/services\/leasing\/\" \/>\n<meta property=\"og:site_name\" content=\"Smans\" \/>\n<meta property=\"article:modified_time\" content=\"2024-01-24T10:50:58+00:00\" \/>\n<meta name=\"twitter:card\" content=\"summary_large_image\" \/>\n<meta name=\"twitter:label1\" content=\"Dur\u00e9e de lecture estim\u00e9e\" \/>\n\t<meta name=\"twitter:data1\" content=\"1 minute\" \/>\n<script type=\"application\/ld+json\" class=\"yoast-schema-graph\">{\"@context\":\"https:\/\/schema.org\",\"@graph\":[{\"@type\":\"WebPage\",\"@id\":\"https:\/\/smans.com\/fr\/services\/leasing\/\",\"url\":\"https:\/\/smans.com\/fr\/services\/leasing\/\",\"name\":\"Leasing - Smans\",\"isPartOf\":{\"@id\":\"https:\/\/smans.com\/nl\/#website\"},\"datePublished\":\"2023-08-25T12:19:36+00:00\",\"dateModified\":\"2024-01-24T10:50:58+00:00\",\"breadcrumb\":{\"@id\":\"https:\/\/smans.com\/fr\/services\/leasing\/#breadcrumb\"},\"inLanguage\":\"fr-FR\",\"potentialAction\":[{\"@type\":\"ReadAction\",\"target\":[\"https:\/\/smans.com\/fr\/services\/leasing\/\"]}]},{\"@type\":\"BreadcrumbList\",\"@id\":\"https:\/\/smans.com\/fr\/services\/leasing\/#breadcrumb\",\"itemListElement\":[{\"@type\":\"ListItem\",\"position\":1,\"name\":\"Home\",\"item\":\"https:\/\/smans.com\/fr\/\"},{\"@type\":\"ListItem\",\"position\":2,\"name\":\"Services\",\"item\":\"https:\/\/smans.com\/fr\/services\/\"},{\"@type\":\"ListItem\",\"position\":3,\"name\":\"Leasing\"}]},{\"@type\":\"WebSite\",\"@id\":\"https:\/\/smans.com\/nl\/#website\",\"url\":\"https:\/\/smans.com\/nl\/\",\"name\":\"Smans\",\"description\":\"\",\"publisher\":{\"@id\":\"https:\/\/smans.com\/nl\/#organization\"},\"potentialAction\":[{\"@type\":\"SearchAction\",\"target\":{\"@type\":\"EntryPoint\",\"urlTemplate\":\"https:\/\/smans.com\/nl\/?s={search_term_string}\"},\"query-input\":{\"@type\":\"PropertyValueSpecification\",\"valueRequired\":true,\"valueName\":\"search_term_string\"}}],\"inLanguage\":\"fr-FR\"},{\"@type\":\"Organization\",\"@id\":\"https:\/\/smans.com\/nl\/#organization\",\"name\":\"Smans\",\"url\":\"https:\/\/smans.com\/nl\/\",\"logo\":{\"@type\":\"ImageObject\",\"inLanguage\":\"fr-FR\",\"@id\":\"https:\/\/smans.com\/nl\/#\/schema\/logo\/image\/\",\"url\":\"https:\/\/smans.com\/wp-content\/uploads\/2023\/09\/logo.svg\",\"contentUrl\":\"https:\/\/smans.com\/wp-content\/uploads\/2023\/09\/logo.svg\",\"caption\":\"Smans\"},\"image\":{\"@id\":\"https:\/\/smans.com\/nl\/#\/schema\/logo\/image\/\"}}]}<\/script>\n<!-- \/ Yoast SEO plugin. -->","yoast_head_json":{"title":"Leasing - Smans","robots":{"index":"index","follow":"follow","max-snippet":"max-snippet:-1","max-image-preview":"max-image-preview:large","max-video-preview":"max-video-preview:-1"},"canonical":"https:\/\/smans.com\/fr\/services\/leasing\/","og_locale":"fr_FR","og_type":"article","og_title":"Leasing - Smans","og_description":"Vous souhaitez agrandir ou remplacer votre parc de machines\u00a0? Cela peut se faire par l\u2019interm\u00e9diaire de Smans. Vous avez besoin d\u2019une machine manuelle, semi-automatique ou d\u2019une ligne de production enti\u00e8rement automatis\u00e9e\u00a0? Pas de probl\u00e8me\u00a0! Nous travaillons avec des partenaires de location fiables. Ils proposent des solutions de financement sur mesure, flexibles et fiables, pour les...","og_url":"https:\/\/smans.com\/fr\/services\/leasing\/","og_site_name":"Smans","article_modified_time":"2024-01-24T10:50:58+00:00","twitter_card":"summary_large_image","twitter_misc":{"Dur\u00e9e de lecture estim\u00e9e":"1 minute"},"schema":{"@context":"https:\/\/schema.org","@graph":[{"@type":"WebPage","@id":"https:\/\/smans.com\/fr\/services\/leasing\/","url":"https:\/\/smans.com\/fr\/services\/leasing\/","name":"Leasing - Smans","isPartOf":{"@id":"https:\/\/smans.com\/nl\/#website"},"datePublished":"2023-08-25T12:19:36+00:00","dateModified":"2024-01-24T10:50:58+00:00","breadcrumb":{"@id":"https:\/\/smans.com\/fr\/services\/leasing\/#breadcrumb"},"inLanguage":"fr-FR","potentialAction":[{"@type":"ReadAction","target":["https:\/\/smans.com\/fr\/services\/leasing\/"]}]},{"@type":"BreadcrumbList","@id":"https:\/\/smans.com\/fr\/services\/leasing\/#breadcrumb","itemListElement":[{"@type":"ListItem","position":1,"name":"Home","item":"https:\/\/smans.com\/fr\/"},{"@type":"ListItem","position":2,"name":"Services","item":"https:\/\/smans.com\/fr\/services\/"},{"@type":"ListItem","position":3,"name":"Leasing"}]},{"@type":"WebSite","@id":"https:\/\/smans.com\/nl\/#website","url":"https:\/\/smans.com\/nl\/","name":"Smans","description":"","publisher":{"@id":"https:\/\/smans.com\/nl\/#organization"},"potentialAction":[{"@type":"SearchAction","target":{"@type":"EntryPoint","urlTemplate":"https:\/\/smans.com\/nl\/?s={search_term_string}"},"query-input":{"@type":"PropertyValueSpecification","valueRequired":true,"valueName":"search_term_string"}}],"inLanguage":"fr-FR"},{"@type":"Organization","@id":"https:\/\/smans.com\/nl\/#organization","name":"Smans","url":"https:\/\/smans.com\/nl\/","logo":{"@type":"ImageObject","inLanguage":"fr-FR","@id":"https:\/\/smans.com\/nl\/#\/schema\/logo\/image\/","url":"https:\/\/smans.com\/wp-content\/uploads\/2023\/09\/logo.svg","contentUrl":"https:\/\/smans.com\/wp-content\/uploads\/2023\/09\/logo.svg","caption":"Smans"},"image":{"@id":"https:\/\/smans.com\/nl\/#\/schema\/logo\/image\/"}}]}},"_links":{"self":[{"href":"https:\/\/smans.com\/fr\/wp-json\/wp\/v2\/pages\/7435","targetHints":{"allow":["GET"]}}],"collection":[{"href":"https:\/\/smans.com\/fr\/wp-json\/wp\/v2\/pages"}],"about":[{"href":"https:\/\/smans.com\/fr\/wp-json\/wp\/v2\/types\/page"}],"author":[{"embeddable":true,"href":"https:\/\/smans.com\/fr\/wp-json\/wp\/v2\/users\/1"}],"replies":[{"embeddable":true,"href":"https:\/\/smans.com\/fr\/wp-json\/wp\/v2\/comments?post=7435"}],"version-history":[{"count":0,"href":"https:\/\/smans.com\/fr\/wp-json\/wp\/v2\/pages\/7435\/revisions"}],"up":[{"embeddable":true,"href":"https:\/\/smans.com\/fr\/wp-json\/wp\/v2\/pages\/1165"}],"wp:attachment":[{"href":"https:\/\/smans.com\/fr\/wp-json\/wp\/v2\/media?parent=7435"}],"curies":[{"name":"wp","href":"https:\/\/api.w.org\/{rel}","templated":true}]}}