{"id":7436,"date":"2023-08-25T13:54:57","date_gmt":"2023-08-25T13:54:57","guid":{"rendered":"https:\/\/smans.com\/advies\/"},"modified":"2024-01-24T10:53:02","modified_gmt":"2024-01-24T10:53:02","slug":"conseils","status":"publish","type":"page","link":"https:\/\/smans.com\/fr\/services\/conseils\/","title":{"rendered":"Conseils"},"content":{"rendered":"<p><span style=\"font-weight: 400;\">Chez Smans, nous connaissons les capacit\u00e9s et les limites des machines et des <\/span><span style=\"font-weight: 400;\">installations. En tant que plus grand acteur du Benelux comptant plus de 45\u00a0ans d\u2019exp\u00e9rience, nous pouvons vous offrir une gamme \u00e9tendue. Smans est m\u00eame le distributeur exclusif d\u2019un certain nombre de marques. Cela nous permet de proposer la bonne solution \u00e0 chaque client gr\u00e2ce \u00e0 notre expertise ind\u00e9pendante. Nos marques sont r\u00e9put\u00e9es pour leurs solutions haut de gamme et leur bon rapport qualit\u00e9-prix.<\/span><\/p>\n<p><span style=\"font-weight: 400;\">Nous allons au-del\u00e0 des machines et poss\u00e9dons une connaissance approfondie des secteurs de l\u2019\u00e9lectronique et de l\u2019assemblage de fils. Lors d\u2019une premi\u00e8re rencontre, nous examinons vos machines. Nous fournissons ensuite des conseils (gratuits) sur la mani\u00e8re d\u2019investir le plus efficacement possible.<\/span><\/p>\n<p><span style=\"font-weight: 400;\">Vous pouvez \u00e9galement vous adresser \u00e0 Smans pour l\u2019automatisation intelligente de vos lignes de production, l\u2019augmentation de votre tra\u00e7abilit\u00e9, l\u2019am\u00e9lioration de votre flexibilit\u00e9 de production ou l\u2019optimisation de votre contr\u00f4le de qualit\u00e9.<\/span><\/p>\n","protected":false},"excerpt":{"rendered":"<p>Chez Smans, nous connaissons les capacit\u00e9s et les limites des machines et des installations. En tant que plus grand acteur du Benelux comptant plus de 45\u00a0ans d\u2019exp\u00e9rience, nous pouvons vous offrir une gamme \u00e9tendue. Smans est m\u00eame le distributeur exclusif d\u2019un certain nombre de marques. Cela nous permet de proposer la bonne solution \u00e0 chaque&#8230;<\/p>\n","protected":false},"author":1,"featured_media":0,"parent":1165,"menu_order":0,"comment_status":"closed","ping_status":"closed","template":"template-services.php","meta":{"_acf_changed":false,"footnotes":""},"class_list":["post-7436","page","type-page","status-publish","hentry"],"acf":[],"yoast_head":"<!-- This site is optimized with the Yoast SEO plugin v27.1.1 - https:\/\/yoast.com\/product\/yoast-seo-wordpress\/ -->\n<title>Conseils - Smans<\/title>\n<meta name=\"robots\" content=\"index, follow, max-snippet:-1, max-image-preview:large, max-video-preview:-1\" \/>\n<link rel=\"canonical\" href=\"https:\/\/smans.com\/fr\/services\/conseils\/\" \/>\n<meta property=\"og:locale\" content=\"fr_FR\" \/>\n<meta property=\"og:type\" content=\"article\" \/>\n<meta property=\"og:title\" content=\"Conseils - Smans\" \/>\n<meta property=\"og:description\" content=\"Chez Smans, nous connaissons les capacit\u00e9s et les limites des machines et des installations. En tant que plus grand acteur du Benelux comptant plus de 45\u00a0ans d\u2019exp\u00e9rience, nous pouvons vous offrir une gamme \u00e9tendue. Smans est m\u00eame le distributeur exclusif d\u2019un certain nombre de marques. Cela nous permet de proposer la bonne solution \u00e0 chaque...\" \/>\n<meta property=\"og:url\" content=\"https:\/\/smans.com\/fr\/services\/conseils\/\" \/>\n<meta property=\"og:site_name\" content=\"Smans\" \/>\n<meta property=\"article:modified_time\" content=\"2024-01-24T10:53:02+00:00\" \/>\n<meta name=\"twitter:card\" content=\"summary_large_image\" \/>\n<meta name=\"twitter:label1\" content=\"Dur\u00e9e de lecture estim\u00e9e\" \/>\n\t<meta name=\"twitter:data1\" content=\"1 minute\" \/>\n<script type=\"application\/ld+json\" class=\"yoast-schema-graph\">{\"@context\":\"https:\/\/schema.org\",\"@graph\":[{\"@type\":\"WebPage\",\"@id\":\"https:\/\/smans.com\/fr\/services\/conseils\/\",\"url\":\"https:\/\/smans.com\/fr\/services\/conseils\/\",\"name\":\"Conseils - Smans\",\"isPartOf\":{\"@id\":\"https:\/\/smans.com\/nl\/#website\"},\"datePublished\":\"2023-08-25T13:54:57+00:00\",\"dateModified\":\"2024-01-24T10:53:02+00:00\",\"breadcrumb\":{\"@id\":\"https:\/\/smans.com\/fr\/services\/conseils\/#breadcrumb\"},\"inLanguage\":\"fr-FR\",\"potentialAction\":[{\"@type\":\"ReadAction\",\"target\":[\"https:\/\/smans.com\/fr\/services\/conseils\/\"]}]},{\"@type\":\"BreadcrumbList\",\"@id\":\"https:\/\/smans.com\/fr\/services\/conseils\/#breadcrumb\",\"itemListElement\":[{\"@type\":\"ListItem\",\"position\":1,\"name\":\"Home\",\"item\":\"https:\/\/smans.com\/fr\/\"},{\"@type\":\"ListItem\",\"position\":2,\"name\":\"Services\",\"item\":\"https:\/\/smans.com\/fr\/services\/\"},{\"@type\":\"ListItem\",\"position\":3,\"name\":\"Conseils\"}]},{\"@type\":\"WebSite\",\"@id\":\"https:\/\/smans.com\/nl\/#website\",\"url\":\"https:\/\/smans.com\/nl\/\",\"name\":\"Smans\",\"description\":\"\",\"publisher\":{\"@id\":\"https:\/\/smans.com\/nl\/#organization\"},\"potentialAction\":[{\"@type\":\"SearchAction\",\"target\":{\"@type\":\"EntryPoint\",\"urlTemplate\":\"https:\/\/smans.com\/nl\/?s={search_term_string}\"},\"query-input\":{\"@type\":\"PropertyValueSpecification\",\"valueRequired\":true,\"valueName\":\"search_term_string\"}}],\"inLanguage\":\"fr-FR\"},{\"@type\":\"Organization\",\"@id\":\"https:\/\/smans.com\/nl\/#organization\",\"name\":\"Smans\",\"url\":\"https:\/\/smans.com\/nl\/\",\"logo\":{\"@type\":\"ImageObject\",\"inLanguage\":\"fr-FR\",\"@id\":\"https:\/\/smans.com\/nl\/#\/schema\/logo\/image\/\",\"url\":\"https:\/\/smans.com\/wp-content\/uploads\/2023\/09\/logo.svg\",\"contentUrl\":\"https:\/\/smans.com\/wp-content\/uploads\/2023\/09\/logo.svg\",\"caption\":\"Smans\"},\"image\":{\"@id\":\"https:\/\/smans.com\/nl\/#\/schema\/logo\/image\/\"}}]}<\/script>\n<!-- \/ Yoast SEO plugin. -->","yoast_head_json":{"title":"Conseils - Smans","robots":{"index":"index","follow":"follow","max-snippet":"max-snippet:-1","max-image-preview":"max-image-preview:large","max-video-preview":"max-video-preview:-1"},"canonical":"https:\/\/smans.com\/fr\/services\/conseils\/","og_locale":"fr_FR","og_type":"article","og_title":"Conseils - Smans","og_description":"Chez Smans, nous connaissons les capacit\u00e9s et les limites des machines et des installations. En tant que plus grand acteur du Benelux comptant plus de 45\u00a0ans d\u2019exp\u00e9rience, nous pouvons vous offrir une gamme \u00e9tendue. Smans est m\u00eame le distributeur exclusif d\u2019un certain nombre de marques. Cela nous permet de proposer la bonne solution \u00e0 chaque...","og_url":"https:\/\/smans.com\/fr\/services\/conseils\/","og_site_name":"Smans","article_modified_time":"2024-01-24T10:53:02+00:00","twitter_card":"summary_large_image","twitter_misc":{"Dur\u00e9e de lecture estim\u00e9e":"1 minute"},"schema":{"@context":"https:\/\/schema.org","@graph":[{"@type":"WebPage","@id":"https:\/\/smans.com\/fr\/services\/conseils\/","url":"https:\/\/smans.com\/fr\/services\/conseils\/","name":"Conseils - Smans","isPartOf":{"@id":"https:\/\/smans.com\/nl\/#website"},"datePublished":"2023-08-25T13:54:57+00:00","dateModified":"2024-01-24T10:53:02+00:00","breadcrumb":{"@id":"https:\/\/smans.com\/fr\/services\/conseils\/#breadcrumb"},"inLanguage":"fr-FR","potentialAction":[{"@type":"ReadAction","target":["https:\/\/smans.com\/fr\/services\/conseils\/"]}]},{"@type":"BreadcrumbList","@id":"https:\/\/smans.com\/fr\/services\/conseils\/#breadcrumb","itemListElement":[{"@type":"ListItem","position":1,"name":"Home","item":"https:\/\/smans.com\/fr\/"},{"@type":"ListItem","position":2,"name":"Services","item":"https:\/\/smans.com\/fr\/services\/"},{"@type":"ListItem","position":3,"name":"Conseils"}]},{"@type":"WebSite","@id":"https:\/\/smans.com\/nl\/#website","url":"https:\/\/smans.com\/nl\/","name":"Smans","description":"","publisher":{"@id":"https:\/\/smans.com\/nl\/#organization"},"potentialAction":[{"@type":"SearchAction","target":{"@type":"EntryPoint","urlTemplate":"https:\/\/smans.com\/nl\/?s={search_term_string}"},"query-input":{"@type":"PropertyValueSpecification","valueRequired":true,"valueName":"search_term_string"}}],"inLanguage":"fr-FR"},{"@type":"Organization","@id":"https:\/\/smans.com\/nl\/#organization","name":"Smans","url":"https:\/\/smans.com\/nl\/","logo":{"@type":"ImageObject","inLanguage":"fr-FR","@id":"https:\/\/smans.com\/nl\/#\/schema\/logo\/image\/","url":"https:\/\/smans.com\/wp-content\/uploads\/2023\/09\/logo.svg","contentUrl":"https:\/\/smans.com\/wp-content\/uploads\/2023\/09\/logo.svg","caption":"Smans"},"image":{"@id":"https:\/\/smans.com\/nl\/#\/schema\/logo\/image\/"}}]}},"_links":{"self":[{"href":"https:\/\/smans.com\/fr\/wp-json\/wp\/v2\/pages\/7436","targetHints":{"allow":["GET"]}}],"collection":[{"href":"https:\/\/smans.com\/fr\/wp-json\/wp\/v2\/pages"}],"about":[{"href":"https:\/\/smans.com\/fr\/wp-json\/wp\/v2\/types\/page"}],"author":[{"embeddable":true,"href":"https:\/\/smans.com\/fr\/wp-json\/wp\/v2\/users\/1"}],"replies":[{"embeddable":true,"href":"https:\/\/smans.com\/fr\/wp-json\/wp\/v2\/comments?post=7436"}],"version-history":[{"count":0,"href":"https:\/\/smans.com\/fr\/wp-json\/wp\/v2\/pages\/7436\/revisions"}],"up":[{"embeddable":true,"href":"https:\/\/smans.com\/fr\/wp-json\/wp\/v2\/pages\/1165"}],"wp:attachment":[{"href":"https:\/\/smans.com\/fr\/wp-json\/wp\/v2\/media?parent=7436"}],"curies":[{"name":"wp","href":"https:\/\/api.w.org\/{rel}","templated":true}]}}