{"id":7437,"date":"2023-08-25T14:03:14","date_gmt":"2023-08-25T14:03:14","guid":{"rendered":"https:\/\/smans.com\/technische-support\/"},"modified":"2024-01-24T11:00:37","modified_gmt":"2024-01-24T11:00:37","slug":"support","status":"publish","type":"page","link":"https:\/\/smans.com\/fr\/services\/support\/","title":{"rendered":"Support"},"content":{"rendered":"<p><span style=\"font-weight: 400;\">L\u2019\u00e9quipe de Smans aime maintenir vos machines et vos lignes de production en parfait \u00e9tat. Contactez-nous en cas de panne impr\u00e9vue, m\u00eame si nous vous conseillons de souscrire un contrat de maintenance pr\u00e9ventive. Gr\u00e2ce \u00e0 la maintenance pr\u00e9ventive, vous obtenez un rendement maximal de vos machines et installations \u00e0 long terme.<\/span><\/p>\n<p><span style=\"font-weight: 400;\">Notre \u00e9quipe de service multidisciplinaire prend en charge toutes les t\u00e2ches d\u2019entretien possibles. Pensez aux entretiens m\u00e9caniques, aux missions de nettoyage, au calibrage des machines, \u00e0 l\u2019ex\u00e9cution de tests et aux contr\u00f4les de qualit\u00e9, etc. La rapidit\u00e9 est un \u00e9l\u00e9ment important pour nous, afin de r\u00e9duire au minimum les arr\u00eats de production.<\/span><\/p>\n","protected":false},"excerpt":{"rendered":"<p>L\u2019\u00e9quipe de Smans aime maintenir vos machines et vos lignes de production en parfait \u00e9tat. Contactez-nous en cas de panne impr\u00e9vue, m\u00eame si nous vous conseillons de souscrire un contrat de maintenance pr\u00e9ventive. Gr\u00e2ce \u00e0 la maintenance pr\u00e9ventive, vous obtenez un rendement maximal de vos machines et installations \u00e0 long terme. Notre \u00e9quipe de service&#8230;<\/p>\n","protected":false},"author":1,"featured_media":0,"parent":1165,"menu_order":0,"comment_status":"closed","ping_status":"closed","template":"template-services.php","meta":{"_acf_changed":false,"footnotes":""},"class_list":["post-7437","page","type-page","status-publish","hentry"],"acf":[],"yoast_head":"<!-- This site is optimized with the Yoast SEO plugin v27.1.1 - https:\/\/yoast.com\/product\/yoast-seo-wordpress\/ -->\n<title>Support - Smans<\/title>\n<meta name=\"robots\" content=\"index, follow, max-snippet:-1, max-image-preview:large, max-video-preview:-1\" \/>\n<link rel=\"canonical\" href=\"https:\/\/smans.com\/fr\/services\/support\/\" \/>\n<meta property=\"og:locale\" content=\"fr_FR\" \/>\n<meta property=\"og:type\" content=\"article\" \/>\n<meta property=\"og:title\" content=\"Support - Smans\" \/>\n<meta property=\"og:description\" content=\"L\u2019\u00e9quipe de Smans aime maintenir vos machines et vos lignes de production en parfait \u00e9tat. Contactez-nous en cas de panne impr\u00e9vue, m\u00eame si nous vous conseillons de souscrire un contrat de maintenance pr\u00e9ventive. Gr\u00e2ce \u00e0 la maintenance pr\u00e9ventive, vous obtenez un rendement maximal de vos machines et installations \u00e0 long terme. Notre \u00e9quipe de service...\" \/>\n<meta property=\"og:url\" content=\"https:\/\/smans.com\/fr\/services\/support\/\" \/>\n<meta property=\"og:site_name\" content=\"Smans\" \/>\n<meta property=\"article:modified_time\" content=\"2024-01-24T11:00:37+00:00\" \/>\n<meta name=\"twitter:card\" content=\"summary_large_image\" \/>\n<meta name=\"twitter:label1\" content=\"Dur\u00e9e de lecture estim\u00e9e\" \/>\n\t<meta name=\"twitter:data1\" content=\"1 minute\" \/>\n<script type=\"application\/ld+json\" class=\"yoast-schema-graph\">{\"@context\":\"https:\/\/schema.org\",\"@graph\":[{\"@type\":\"WebPage\",\"@id\":\"https:\/\/smans.com\/fr\/services\/support\/\",\"url\":\"https:\/\/smans.com\/fr\/services\/support\/\",\"name\":\"Support - Smans\",\"isPartOf\":{\"@id\":\"https:\/\/smans.com\/nl\/#website\"},\"datePublished\":\"2023-08-25T14:03:14+00:00\",\"dateModified\":\"2024-01-24T11:00:37+00:00\",\"breadcrumb\":{\"@id\":\"https:\/\/smans.com\/fr\/services\/support\/#breadcrumb\"},\"inLanguage\":\"fr-FR\",\"potentialAction\":[{\"@type\":\"ReadAction\",\"target\":[\"https:\/\/smans.com\/fr\/services\/support\/\"]}]},{\"@type\":\"BreadcrumbList\",\"@id\":\"https:\/\/smans.com\/fr\/services\/support\/#breadcrumb\",\"itemListElement\":[{\"@type\":\"ListItem\",\"position\":1,\"name\":\"Home\",\"item\":\"https:\/\/smans.com\/fr\/\"},{\"@type\":\"ListItem\",\"position\":2,\"name\":\"Services\",\"item\":\"https:\/\/smans.com\/fr\/services\/\"},{\"@type\":\"ListItem\",\"position\":3,\"name\":\"Support\"}]},{\"@type\":\"WebSite\",\"@id\":\"https:\/\/smans.com\/nl\/#website\",\"url\":\"https:\/\/smans.com\/nl\/\",\"name\":\"Smans\",\"description\":\"\",\"publisher\":{\"@id\":\"https:\/\/smans.com\/nl\/#organization\"},\"potentialAction\":[{\"@type\":\"SearchAction\",\"target\":{\"@type\":\"EntryPoint\",\"urlTemplate\":\"https:\/\/smans.com\/nl\/?s={search_term_string}\"},\"query-input\":{\"@type\":\"PropertyValueSpecification\",\"valueRequired\":true,\"valueName\":\"search_term_string\"}}],\"inLanguage\":\"fr-FR\"},{\"@type\":\"Organization\",\"@id\":\"https:\/\/smans.com\/nl\/#organization\",\"name\":\"Smans\",\"url\":\"https:\/\/smans.com\/nl\/\",\"logo\":{\"@type\":\"ImageObject\",\"inLanguage\":\"fr-FR\",\"@id\":\"https:\/\/smans.com\/nl\/#\/schema\/logo\/image\/\",\"url\":\"https:\/\/smans.com\/wp-content\/uploads\/2023\/09\/logo.svg\",\"contentUrl\":\"https:\/\/smans.com\/wp-content\/uploads\/2023\/09\/logo.svg\",\"caption\":\"Smans\"},\"image\":{\"@id\":\"https:\/\/smans.com\/nl\/#\/schema\/logo\/image\/\"}}]}<\/script>\n<!-- \/ Yoast SEO plugin. -->","yoast_head_json":{"title":"Support - Smans","robots":{"index":"index","follow":"follow","max-snippet":"max-snippet:-1","max-image-preview":"max-image-preview:large","max-video-preview":"max-video-preview:-1"},"canonical":"https:\/\/smans.com\/fr\/services\/support\/","og_locale":"fr_FR","og_type":"article","og_title":"Support - Smans","og_description":"L\u2019\u00e9quipe de Smans aime maintenir vos machines et vos lignes de production en parfait \u00e9tat. Contactez-nous en cas de panne impr\u00e9vue, m\u00eame si nous vous conseillons de souscrire un contrat de maintenance pr\u00e9ventive. Gr\u00e2ce \u00e0 la maintenance pr\u00e9ventive, vous obtenez un rendement maximal de vos machines et installations \u00e0 long terme. Notre \u00e9quipe de service...","og_url":"https:\/\/smans.com\/fr\/services\/support\/","og_site_name":"Smans","article_modified_time":"2024-01-24T11:00:37+00:00","twitter_card":"summary_large_image","twitter_misc":{"Dur\u00e9e de lecture estim\u00e9e":"1 minute"},"schema":{"@context":"https:\/\/schema.org","@graph":[{"@type":"WebPage","@id":"https:\/\/smans.com\/fr\/services\/support\/","url":"https:\/\/smans.com\/fr\/services\/support\/","name":"Support - Smans","isPartOf":{"@id":"https:\/\/smans.com\/nl\/#website"},"datePublished":"2023-08-25T14:03:14+00:00","dateModified":"2024-01-24T11:00:37+00:00","breadcrumb":{"@id":"https:\/\/smans.com\/fr\/services\/support\/#breadcrumb"},"inLanguage":"fr-FR","potentialAction":[{"@type":"ReadAction","target":["https:\/\/smans.com\/fr\/services\/support\/"]}]},{"@type":"BreadcrumbList","@id":"https:\/\/smans.com\/fr\/services\/support\/#breadcrumb","itemListElement":[{"@type":"ListItem","position":1,"name":"Home","item":"https:\/\/smans.com\/fr\/"},{"@type":"ListItem","position":2,"name":"Services","item":"https:\/\/smans.com\/fr\/services\/"},{"@type":"ListItem","position":3,"name":"Support"}]},{"@type":"WebSite","@id":"https:\/\/smans.com\/nl\/#website","url":"https:\/\/smans.com\/nl\/","name":"Smans","description":"","publisher":{"@id":"https:\/\/smans.com\/nl\/#organization"},"potentialAction":[{"@type":"SearchAction","target":{"@type":"EntryPoint","urlTemplate":"https:\/\/smans.com\/nl\/?s={search_term_string}"},"query-input":{"@type":"PropertyValueSpecification","valueRequired":true,"valueName":"search_term_string"}}],"inLanguage":"fr-FR"},{"@type":"Organization","@id":"https:\/\/smans.com\/nl\/#organization","name":"Smans","url":"https:\/\/smans.com\/nl\/","logo":{"@type":"ImageObject","inLanguage":"fr-FR","@id":"https:\/\/smans.com\/nl\/#\/schema\/logo\/image\/","url":"https:\/\/smans.com\/wp-content\/uploads\/2023\/09\/logo.svg","contentUrl":"https:\/\/smans.com\/wp-content\/uploads\/2023\/09\/logo.svg","caption":"Smans"},"image":{"@id":"https:\/\/smans.com\/nl\/#\/schema\/logo\/image\/"}}]}},"_links":{"self":[{"href":"https:\/\/smans.com\/fr\/wp-json\/wp\/v2\/pages\/7437","targetHints":{"allow":["GET"]}}],"collection":[{"href":"https:\/\/smans.com\/fr\/wp-json\/wp\/v2\/pages"}],"about":[{"href":"https:\/\/smans.com\/fr\/wp-json\/wp\/v2\/types\/page"}],"author":[{"embeddable":true,"href":"https:\/\/smans.com\/fr\/wp-json\/wp\/v2\/users\/1"}],"replies":[{"embeddable":true,"href":"https:\/\/smans.com\/fr\/wp-json\/wp\/v2\/comments?post=7437"}],"version-history":[{"count":0,"href":"https:\/\/smans.com\/fr\/wp-json\/wp\/v2\/pages\/7437\/revisions"}],"up":[{"embeddable":true,"href":"https:\/\/smans.com\/fr\/wp-json\/wp\/v2\/pages\/1165"}],"wp:attachment":[{"href":"https:\/\/smans.com\/fr\/wp-json\/wp\/v2\/media?parent=7437"}],"curies":[{"name":"wp","href":"https:\/\/api.w.org\/{rel}","templated":true}]}}