{"id":23617,"date":"2024-06-09T17:15:07","date_gmt":"2024-06-09T15:15:07","guid":{"rendered":"https:\/\/smans.com\/product\/manual-taping-machine-tm-50\/"},"modified":"2026-04-16T11:32:56","modified_gmt":"2026-04-16T09:32:56","slug":"manual-taping-machine-tm-50","status":"publish","type":"product","link":"https:\/\/smans.com\/fr\/product\/manual-taping-machine-tm-50\/","title":{"rendered":"V-Tek - Manual Taping Machine TM-50"},"content":{"rendered":"<p>La machine \u00e0 ruban adh\u00e9sif manuelle TM-50. Les pi\u00e8ces de grande taille, de petite taille ou difficiles \u00e0 positionner peuvent \u00eatre facilement coll\u00e9es \u00e0 l&rsquo;aide de la TM-50 de V-TEK. Le dispositif de scellage command\u00e9 par microprocesseur et le moteur pas \u00e0 pas garantissent un traitement pr\u00e9cis de tous les param\u00e8tres du ruban adh\u00e9sif. Diff\u00e9rentes vitesses peuvent \u00eatre s\u00e9lectionn\u00e9es pour traiter les pi\u00e8ces probl\u00e9matiques et minimiser le d\u00e9calage des pi\u00e8ces.<\/p>\n<p>Gr\u00e2ce \u00e0 sa conception innovante pour le r\u00e9glage et le remplacement, tout technicien de rubanage peut changer le ruban de support et le ruban de recouvrement en quelques minutes. Un logiciel flexible et convivial, pilot\u00e9 par menu, et des caract\u00e9ristiques \u00e9lectroniques avanc\u00e9es font du TM-50 le choix id\u00e9al pour vos besoins en mati\u00e8re de rubanage.<\/p>\n<ul>\n<li>Rails r\u00e9glables pour des largeurs de ruban allant jusqu&rsquo;\u00e0 72 mm<\/li>\n<li>Temp\u00e9rature de scellage r\u00e9glable ind\u00e9pendamment pour chaque c\u00f4t\u00e9 du ruban de recouvrement<\/li>\n<li>Assemblage de scellage \u00e0 deux \u00e9tages, enti\u00e8rement r\u00e9glable, \u00e0 chaleur et PSA<\/li>\n<li>Logiciel convivial pour un r\u00e9glage et une utilisation faciles<\/li>\n<li>Mouvement avant du ruban de support command\u00e9 par logiciel (pas de 2 mm \u00e0 144 mm)<\/li>\n<\/ul>\n","protected":false},"excerpt":{"rendered":"<p>Machine \u00e0 ruban adh\u00e9sif manuelle<\/p>\n","protected":false},"featured_media":0,"template":"","meta":{"_acf_changed":false},"pwb-brand":[18312],"product_brand":[],"product_cat":[18054,17991,18004],"product_tag":[],"class_list":{"0":"post-23617","1":"product","2":"type-product","3":"status-publish","5":"pwb-brand-brand-v-tek-fr","6":"product_cat-component-taping-fr","7":"product_cat-electronique-fr","8":"product_cat-processus-secondaires-fr-2","10":"first","11":"instock","12":"taxable","13":"shipping-taxable","14":"purchasable","15":"product-type-simple"},"acf":[],"yoast_head":"<!-- This site is optimized with the Yoast SEO plugin v27.1.1 - https:\/\/yoast.com\/product\/yoast-seo-wordpress\/ -->\n<title>Manual Taping Machine TM-50 - Smans<\/title>\n<meta name=\"robots\" content=\"index, follow, max-snippet:-1, max-image-preview:large, max-video-preview:-1\" \/>\n<link rel=\"canonical\" href=\"https:\/\/smans.com\/fr\/product\/manual-taping-machine-tm-50\/\" \/>\n<meta property=\"og:locale\" content=\"fr_FR\" \/>\n<meta property=\"og:type\" content=\"article\" \/>\n<meta property=\"og:title\" content=\"Manual Taping Machine TM-50 - Smans\" \/>\n<meta property=\"og:description\" content=\"Machine \u00e0 ruban adh\u00e9sif manuelle\" \/>\n<meta property=\"og:url\" content=\"https:\/\/smans.com\/fr\/product\/manual-taping-machine-tm-50\/\" \/>\n<meta property=\"og:site_name\" content=\"Smans\" \/>\n<meta property=\"article:modified_time\" content=\"2026-04-16T09:32:56+00:00\" \/>\n<meta name=\"twitter:card\" content=\"summary_large_image\" \/>\n<meta name=\"twitter:label1\" content=\"Dur\u00e9e de lecture estim\u00e9e\" \/>\n\t<meta name=\"twitter:data1\" content=\"1 minute\" \/>\n<script type=\"application\/ld+json\" class=\"yoast-schema-graph\">{\"@context\":\"https:\/\/schema.org\",\"@graph\":[{\"@type\":\"WebPage\",\"@id\":\"https:\/\/smans.com\/fr\/product\/manual-taping-machine-tm-50\/\",\"url\":\"https:\/\/smans.com\/fr\/product\/manual-taping-machine-tm-50\/\",\"name\":\"Manual Taping Machine TM-50 - Smans\",\"isPartOf\":{\"@id\":\"https:\/\/smans.com\/nl\/#website\"},\"datePublished\":\"2024-06-09T15:15:07+00:00\",\"dateModified\":\"2026-04-16T09:32:56+00:00\",\"breadcrumb\":{\"@id\":\"https:\/\/smans.com\/fr\/product\/manual-taping-machine-tm-50\/#breadcrumb\"},\"inLanguage\":\"fr-FR\",\"potentialAction\":[{\"@type\":\"ReadAction\",\"target\":[\"https:\/\/smans.com\/fr\/product\/manual-taping-machine-tm-50\/\"]}]},{\"@type\":\"BreadcrumbList\",\"@id\":\"https:\/\/smans.com\/fr\/product\/manual-taping-machine-tm-50\/#breadcrumb\",\"itemListElement\":[{\"@type\":\"ListItem\",\"position\":1,\"name\":\"Home\",\"item\":\"https:\/\/smans.com\/fr\/\"},{\"@type\":\"ListItem\",\"position\":2,\"name\":\"Boutique\",\"item\":\"https:\/\/smans.com\/nl\/shop\/\"},{\"@type\":\"ListItem\",\"position\":3,\"name\":\"V-Tek - Manual Taping Machine TM-50\"}]},{\"@type\":\"WebSite\",\"@id\":\"https:\/\/smans.com\/nl\/#website\",\"url\":\"https:\/\/smans.com\/nl\/\",\"name\":\"Smans\",\"description\":\"\",\"publisher\":{\"@id\":\"https:\/\/smans.com\/nl\/#organization\"},\"potentialAction\":[{\"@type\":\"SearchAction\",\"target\":{\"@type\":\"EntryPoint\",\"urlTemplate\":\"https:\/\/smans.com\/nl\/?s={search_term_string}\"},\"query-input\":{\"@type\":\"PropertyValueSpecification\",\"valueRequired\":true,\"valueName\":\"search_term_string\"}}],\"inLanguage\":\"fr-FR\"},{\"@type\":\"Organization\",\"@id\":\"https:\/\/smans.com\/nl\/#organization\",\"name\":\"Smans\",\"url\":\"https:\/\/smans.com\/nl\/\",\"logo\":{\"@type\":\"ImageObject\",\"inLanguage\":\"fr-FR\",\"@id\":\"https:\/\/smans.com\/nl\/#\/schema\/logo\/image\/\",\"url\":\"https:\/\/smans.com\/wp-content\/uploads\/2023\/09\/logo.svg\",\"contentUrl\":\"https:\/\/smans.com\/wp-content\/uploads\/2023\/09\/logo.svg\",\"caption\":\"Smans\"},\"image\":{\"@id\":\"https:\/\/smans.com\/nl\/#\/schema\/logo\/image\/\"}}]}<\/script>\n<!-- \/ Yoast SEO plugin. -->","yoast_head_json":{"title":"Manual Taping Machine TM-50 - Smans","robots":{"index":"index","follow":"follow","max-snippet":"max-snippet:-1","max-image-preview":"max-image-preview:large","max-video-preview":"max-video-preview:-1"},"canonical":"https:\/\/smans.com\/fr\/product\/manual-taping-machine-tm-50\/","og_locale":"fr_FR","og_type":"article","og_title":"Manual Taping Machine TM-50 - Smans","og_description":"Machine \u00e0 ruban adh\u00e9sif manuelle","og_url":"https:\/\/smans.com\/fr\/product\/manual-taping-machine-tm-50\/","og_site_name":"Smans","article_modified_time":"2026-04-16T09:32:56+00:00","twitter_card":"summary_large_image","twitter_misc":{"Dur\u00e9e de lecture estim\u00e9e":"1 minute"},"schema":{"@context":"https:\/\/schema.org","@graph":[{"@type":"WebPage","@id":"https:\/\/smans.com\/fr\/product\/manual-taping-machine-tm-50\/","url":"https:\/\/smans.com\/fr\/product\/manual-taping-machine-tm-50\/","name":"Manual Taping Machine TM-50 - Smans","isPartOf":{"@id":"https:\/\/smans.com\/nl\/#website"},"datePublished":"2024-06-09T15:15:07+00:00","dateModified":"2026-04-16T09:32:56+00:00","breadcrumb":{"@id":"https:\/\/smans.com\/fr\/product\/manual-taping-machine-tm-50\/#breadcrumb"},"inLanguage":"fr-FR","potentialAction":[{"@type":"ReadAction","target":["https:\/\/smans.com\/fr\/product\/manual-taping-machine-tm-50\/"]}]},{"@type":"BreadcrumbList","@id":"https:\/\/smans.com\/fr\/product\/manual-taping-machine-tm-50\/#breadcrumb","itemListElement":[{"@type":"ListItem","position":1,"name":"Home","item":"https:\/\/smans.com\/fr\/"},{"@type":"ListItem","position":2,"name":"Boutique","item":"https:\/\/smans.com\/nl\/shop\/"},{"@type":"ListItem","position":3,"name":"V-Tek - Manual Taping Machine TM-50"}]},{"@type":"WebSite","@id":"https:\/\/smans.com\/nl\/#website","url":"https:\/\/smans.com\/nl\/","name":"Smans","description":"","publisher":{"@id":"https:\/\/smans.com\/nl\/#organization"},"potentialAction":[{"@type":"SearchAction","target":{"@type":"EntryPoint","urlTemplate":"https:\/\/smans.com\/nl\/?s={search_term_string}"},"query-input":{"@type":"PropertyValueSpecification","valueRequired":true,"valueName":"search_term_string"}}],"inLanguage":"fr-FR"},{"@type":"Organization","@id":"https:\/\/smans.com\/nl\/#organization","name":"Smans","url":"https:\/\/smans.com\/nl\/","logo":{"@type":"ImageObject","inLanguage":"fr-FR","@id":"https:\/\/smans.com\/nl\/#\/schema\/logo\/image\/","url":"https:\/\/smans.com\/wp-content\/uploads\/2023\/09\/logo.svg","contentUrl":"https:\/\/smans.com\/wp-content\/uploads\/2023\/09\/logo.svg","caption":"Smans"},"image":{"@id":"https:\/\/smans.com\/nl\/#\/schema\/logo\/image\/"}}]}},"brands":[{"id":18312,"name":"V-Tek","slug":"brand-v-tek-fr"}],"_links":{"self":[{"href":"https:\/\/smans.com\/fr\/wp-json\/wp\/v2\/product\/23617","targetHints":{"allow":["GET"]}}],"collection":[{"href":"https:\/\/smans.com\/fr\/wp-json\/wp\/v2\/product"}],"about":[{"href":"https:\/\/smans.com\/fr\/wp-json\/wp\/v2\/types\/product"}],"wp:attachment":[{"href":"https:\/\/smans.com\/fr\/wp-json\/wp\/v2\/media?parent=23617"}],"wp:term":[{"taxonomy":"pwb-brand","embeddable":true,"href":"https:\/\/smans.com\/fr\/wp-json\/wp\/v2\/pwb-brand?post=23617"},{"taxonomy":"product_brand","embeddable":true,"href":"https:\/\/smans.com\/fr\/wp-json\/wp\/v2\/product_brand?post=23617"},{"taxonomy":"product_cat","embeddable":true,"href":"https:\/\/smans.com\/fr\/wp-json\/wp\/v2\/product_cat?post=23617"},{"taxonomy":"product_tag","embeddable":true,"href":"https:\/\/smans.com\/fr\/wp-json\/wp\/v2\/product_tag?post=23617"}],"curies":[{"name":"wp","href":"https:\/\/api.w.org\/{rel}","templated":true}]}}