{"id":23619,"date":"2024-06-09T17:15:11","date_gmt":"2024-06-09T15:15:11","guid":{"rendered":"https:\/\/smans.com\/product\/manual-taping-machine-tm-50-oem\/"},"modified":"2026-04-29T10:27:38","modified_gmt":"2026-04-29T08:27:38","slug":"manual-taping-machine-tm-50-oem","status":"publish","type":"product","link":"https:\/\/smans.com\/fr\/product\/manual-taping-machine-tm-50-oem\/","title":{"rendered":"V-Tek - Manual Taping Machine TM-50 OEM"},"content":{"rendered":"<p>Le TM-50 OEM est un module de rubanage mince qui s&rsquo;int\u00e8gre facilement aux syst\u00e8mes de placement existants n\u00e9cessitant le placement de petites pi\u00e8ces ou de composants \u00e9lectriques dans des emballages \u00e0 bande et bobine.<\/p>\n<p>Le TM-50 OEM dispose d&rsquo;une fonction de scellage par chaleur et pression avec une temp\u00e9rature de scellage contr\u00f4l\u00e9e ind\u00e9pendamment pour chaque c\u00f4t\u00e9 du ruban de couverture et est r\u00e9glable pour des largeurs de ruban de 5 \u00e0 86 mm.<\/p>\n<ul>\n<li>Capacit\u00e9s de scellage \u00e0 chaud et PSA du ruban de protection et assemblage du dispositif de scellage<\/li>\n<li>Temp\u00e9rature de scellage contr\u00f4l\u00e9e ind\u00e9pendamment pour chaque c\u00f4t\u00e9 du ruban de protection<\/li>\n<li>Semelles chauffantes \u00e0 deux \u00e9tages<\/li>\n<li>Avance du ruban transporteur contr\u00f4l\u00e9e par logiciel<\/li>\n<li>Les param\u00e8tres de fonctionnement et le compteur actuels sont enregistr\u00e9s \u00e0 la mise hors tension et restaur\u00e9s \u00e0 la mise sous tension<\/li>\n<li>Ensemble de capteurs comprenant un capteur de ruban de protection bas, un capteur de mouvement du ruban transporteur, un capteur de poche vide et un capteur de bourrage dans la piste<\/li>\n<\/ul>\n","protected":false},"excerpt":{"rendered":"<p>Machine \u00e0 ruban adh\u00e9sif manuelle<\/p>\n","protected":false},"featured_media":0,"template":"","meta":{"_acf_changed":false},"pwb-brand":[18312],"product_brand":[],"product_cat":[18054,17991,18004],"product_tag":[],"class_list":{"0":"post-23619","1":"product","2":"type-product","3":"status-publish","5":"pwb-brand-brand-v-tek-fr","6":"product_cat-component-taping-fr","7":"product_cat-electronique-fr","8":"product_cat-processus-secondaires-fr-2","10":"first","11":"instock","12":"taxable","13":"shipping-taxable","14":"product-type-simple"},"acf":[],"yoast_head":"<!-- This site is optimized with the Yoast SEO plugin v27.1.1 - https:\/\/yoast.com\/product\/yoast-seo-wordpress\/ -->\n<title>Manual Taping Machine TM-50 OEM - Smans<\/title>\n<meta name=\"robots\" content=\"index, follow, max-snippet:-1, max-image-preview:large, max-video-preview:-1\" \/>\n<link rel=\"canonical\" href=\"https:\/\/smans.com\/fr\/product\/manual-taping-machine-tm-50-oem\/\" \/>\n<meta property=\"og:locale\" content=\"fr_FR\" \/>\n<meta property=\"og:type\" content=\"article\" \/>\n<meta property=\"og:title\" content=\"Manual Taping Machine TM-50 OEM - Smans\" \/>\n<meta property=\"og:description\" content=\"Machine \u00e0 ruban adh\u00e9sif manuelle\" \/>\n<meta property=\"og:url\" content=\"https:\/\/smans.com\/fr\/product\/manual-taping-machine-tm-50-oem\/\" \/>\n<meta property=\"og:site_name\" content=\"Smans\" \/>\n<meta property=\"article:modified_time\" content=\"2026-04-29T08:27:38+00:00\" \/>\n<meta name=\"twitter:card\" content=\"summary_large_image\" \/>\n<meta name=\"twitter:label1\" content=\"Dur\u00e9e de lecture estim\u00e9e\" \/>\n\t<meta name=\"twitter:data1\" content=\"1 minute\" \/>\n<script type=\"application\/ld+json\" class=\"yoast-schema-graph\">{\"@context\":\"https:\/\/schema.org\",\"@graph\":[{\"@type\":\"WebPage\",\"@id\":\"https:\/\/smans.com\/fr\/product\/manual-taping-machine-tm-50-oem\/\",\"url\":\"https:\/\/smans.com\/fr\/product\/manual-taping-machine-tm-50-oem\/\",\"name\":\"Manual Taping Machine TM-50 OEM - Smans\",\"isPartOf\":{\"@id\":\"https:\/\/smans.com\/nl\/#website\"},\"datePublished\":\"2024-06-09T15:15:11+00:00\",\"dateModified\":\"2026-04-29T08:27:38+00:00\",\"breadcrumb\":{\"@id\":\"https:\/\/smans.com\/fr\/product\/manual-taping-machine-tm-50-oem\/#breadcrumb\"},\"inLanguage\":\"fr-FR\",\"potentialAction\":[{\"@type\":\"ReadAction\",\"target\":[\"https:\/\/smans.com\/fr\/product\/manual-taping-machine-tm-50-oem\/\"]}]},{\"@type\":\"BreadcrumbList\",\"@id\":\"https:\/\/smans.com\/fr\/product\/manual-taping-machine-tm-50-oem\/#breadcrumb\",\"itemListElement\":[{\"@type\":\"ListItem\",\"position\":1,\"name\":\"Home\",\"item\":\"https:\/\/smans.com\/fr\/\"},{\"@type\":\"ListItem\",\"position\":2,\"name\":\"Boutique\",\"item\":\"https:\/\/smans.com\/nl\/shop\/\"},{\"@type\":\"ListItem\",\"position\":3,\"name\":\"V-Tek - Manual Taping Machine TM-50 OEM\"}]},{\"@type\":\"WebSite\",\"@id\":\"https:\/\/smans.com\/nl\/#website\",\"url\":\"https:\/\/smans.com\/nl\/\",\"name\":\"Smans\",\"description\":\"\",\"publisher\":{\"@id\":\"https:\/\/smans.com\/nl\/#organization\"},\"potentialAction\":[{\"@type\":\"SearchAction\",\"target\":{\"@type\":\"EntryPoint\",\"urlTemplate\":\"https:\/\/smans.com\/nl\/?s={search_term_string}\"},\"query-input\":{\"@type\":\"PropertyValueSpecification\",\"valueRequired\":true,\"valueName\":\"search_term_string\"}}],\"inLanguage\":\"fr-FR\"},{\"@type\":\"Organization\",\"@id\":\"https:\/\/smans.com\/nl\/#organization\",\"name\":\"Smans\",\"url\":\"https:\/\/smans.com\/nl\/\",\"logo\":{\"@type\":\"ImageObject\",\"inLanguage\":\"fr-FR\",\"@id\":\"https:\/\/smans.com\/nl\/#\/schema\/logo\/image\/\",\"url\":\"https:\/\/smans.com\/wp-content\/uploads\/2023\/09\/logo.svg\",\"contentUrl\":\"https:\/\/smans.com\/wp-content\/uploads\/2023\/09\/logo.svg\",\"caption\":\"Smans\"},\"image\":{\"@id\":\"https:\/\/smans.com\/nl\/#\/schema\/logo\/image\/\"}}]}<\/script>\n<!-- \/ Yoast SEO plugin. -->","yoast_head_json":{"title":"Manual Taping Machine TM-50 OEM - Smans","robots":{"index":"index","follow":"follow","max-snippet":"max-snippet:-1","max-image-preview":"max-image-preview:large","max-video-preview":"max-video-preview:-1"},"canonical":"https:\/\/smans.com\/fr\/product\/manual-taping-machine-tm-50-oem\/","og_locale":"fr_FR","og_type":"article","og_title":"Manual Taping Machine TM-50 OEM - Smans","og_description":"Machine \u00e0 ruban adh\u00e9sif manuelle","og_url":"https:\/\/smans.com\/fr\/product\/manual-taping-machine-tm-50-oem\/","og_site_name":"Smans","article_modified_time":"2026-04-29T08:27:38+00:00","twitter_card":"summary_large_image","twitter_misc":{"Dur\u00e9e de lecture estim\u00e9e":"1 minute"},"schema":{"@context":"https:\/\/schema.org","@graph":[{"@type":"WebPage","@id":"https:\/\/smans.com\/fr\/product\/manual-taping-machine-tm-50-oem\/","url":"https:\/\/smans.com\/fr\/product\/manual-taping-machine-tm-50-oem\/","name":"Manual Taping Machine TM-50 OEM - Smans","isPartOf":{"@id":"https:\/\/smans.com\/nl\/#website"},"datePublished":"2024-06-09T15:15:11+00:00","dateModified":"2026-04-29T08:27:38+00:00","breadcrumb":{"@id":"https:\/\/smans.com\/fr\/product\/manual-taping-machine-tm-50-oem\/#breadcrumb"},"inLanguage":"fr-FR","potentialAction":[{"@type":"ReadAction","target":["https:\/\/smans.com\/fr\/product\/manual-taping-machine-tm-50-oem\/"]}]},{"@type":"BreadcrumbList","@id":"https:\/\/smans.com\/fr\/product\/manual-taping-machine-tm-50-oem\/#breadcrumb","itemListElement":[{"@type":"ListItem","position":1,"name":"Home","item":"https:\/\/smans.com\/fr\/"},{"@type":"ListItem","position":2,"name":"Boutique","item":"https:\/\/smans.com\/nl\/shop\/"},{"@type":"ListItem","position":3,"name":"V-Tek - Manual Taping Machine TM-50 OEM"}]},{"@type":"WebSite","@id":"https:\/\/smans.com\/nl\/#website","url":"https:\/\/smans.com\/nl\/","name":"Smans","description":"","publisher":{"@id":"https:\/\/smans.com\/nl\/#organization"},"potentialAction":[{"@type":"SearchAction","target":{"@type":"EntryPoint","urlTemplate":"https:\/\/smans.com\/nl\/?s={search_term_string}"},"query-input":{"@type":"PropertyValueSpecification","valueRequired":true,"valueName":"search_term_string"}}],"inLanguage":"fr-FR"},{"@type":"Organization","@id":"https:\/\/smans.com\/nl\/#organization","name":"Smans","url":"https:\/\/smans.com\/nl\/","logo":{"@type":"ImageObject","inLanguage":"fr-FR","@id":"https:\/\/smans.com\/nl\/#\/schema\/logo\/image\/","url":"https:\/\/smans.com\/wp-content\/uploads\/2023\/09\/logo.svg","contentUrl":"https:\/\/smans.com\/wp-content\/uploads\/2023\/09\/logo.svg","caption":"Smans"},"image":{"@id":"https:\/\/smans.com\/nl\/#\/schema\/logo\/image\/"}}]}},"brands":[{"id":18312,"name":"V-Tek","slug":"brand-v-tek-fr"}],"_links":{"self":[{"href":"https:\/\/smans.com\/fr\/wp-json\/wp\/v2\/product\/23619","targetHints":{"allow":["GET"]}}],"collection":[{"href":"https:\/\/smans.com\/fr\/wp-json\/wp\/v2\/product"}],"about":[{"href":"https:\/\/smans.com\/fr\/wp-json\/wp\/v2\/types\/product"}],"wp:attachment":[{"href":"https:\/\/smans.com\/fr\/wp-json\/wp\/v2\/media?parent=23619"}],"wp:term":[{"taxonomy":"pwb-brand","embeddable":true,"href":"https:\/\/smans.com\/fr\/wp-json\/wp\/v2\/pwb-brand?post=23619"},{"taxonomy":"product_brand","embeddable":true,"href":"https:\/\/smans.com\/fr\/wp-json\/wp\/v2\/product_brand?post=23619"},{"taxonomy":"product_cat","embeddable":true,"href":"https:\/\/smans.com\/fr\/wp-json\/wp\/v2\/product_cat?post=23619"},{"taxonomy":"product_tag","embeddable":true,"href":"https:\/\/smans.com\/fr\/wp-json\/wp\/v2\/product_tag?post=23619"}],"curies":[{"name":"wp","href":"https:\/\/api.w.org\/{rel}","templated":true}]}}