{"id":23620,"date":"2024-06-09T17:15:09","date_gmt":"2024-06-09T15:15:09","guid":{"rendered":"https:\/\/smans.com\/product\/manual-taping-machine-tm-50xl\/"},"modified":"2026-04-16T11:32:57","modified_gmt":"2026-04-16T09:32:57","slug":"manual-taping-machine-tm-50xl","status":"publish","type":"product","link":"https:\/\/smans.com\/fr\/product\/manual-taping-machine-tm-50xl\/","title":{"rendered":"V-Tek - Manual Taping Machine TM-50XL"},"content":{"rendered":"<p>Dot\u00e9 de toutes les fonctionnalit\u00e9s du TM-50 standard, le TM-50XL accepte des largeurs de ruban allant jusqu&rsquo;\u00e0 120 mm et comprend les logiciels et les capteurs. Le dispositif de scellage contr\u00f4l\u00e9 par microprocesseur et le moteur pas \u00e0 pas garantissent une gestion pr\u00e9cise de tous les param\u00e8tres de rubanage. Plusieurs vitesses d&rsquo;avance sont s\u00e9lectionnables pour s&rsquo;adapter aux pi\u00e8ces probl\u00e9matiques et minimiser les sauts de pi\u00e8ces.<\/p>\n<p>La conception innovante de la configuration et du changement de ruban permet \u00e0 tout op\u00e9rateur de changer les rubans de support et de recouvrement en quelques minutes.<\/p>\n<p>Son logiciel flexible, facile \u00e0 utiliser et pilot\u00e9 par menus, ainsi que ses caract\u00e9ristiques \u00e9lectroniques avanc\u00e9es font du TM-50XL un choix id\u00e9al pour l&rsquo;int\u00e9gration dans des processus de fabrication avec des capacit\u00e9s de pr\u00e9l\u00e8vement et de placement existantes.<\/p>\n<ul>\n<li>Ensemble de rails r\u00e9glables pour des largeurs de ruban allant jusqu&rsquo;\u00e0 120 mm<\/li>\n<li>Temp\u00e9rature de scellage contr\u00f4l\u00e9e ind\u00e9pendamment pour chaque c\u00f4t\u00e9 du ruban de recouvrement<\/li>\n<li>Ensemble de scellage PSA et thermique \u00e0 deux \u00e9tages enti\u00e8rement r\u00e9glable<\/li>\n<li>Le logiciel convivial permet le stockage et le rappel de plusieurs t\u00e2ches, le marquage des pi\u00e8ces, l&rsquo;int\u00e9gration de la vision, les capacit\u00e9s de surveillance des capteurs et le leader\/trailer automatique.<\/li>\n<\/ul>\n","protected":false},"excerpt":{"rendered":"<p>Machine \u00e0 ruban adh\u00e9sif manuelle<\/p>\n","protected":false},"featured_media":0,"template":"","meta":{"_acf_changed":false},"pwb-brand":[18312],"product_brand":[],"product_cat":[18054,17991,18004],"product_tag":[],"class_list":{"0":"post-23620","1":"product","2":"type-product","3":"status-publish","5":"pwb-brand-brand-v-tek-fr","6":"product_cat-component-taping-fr","7":"product_cat-electronique-fr","8":"product_cat-processus-secondaires-fr-2","10":"first","11":"instock","12":"taxable","13":"shipping-taxable","14":"product-type-simple"},"acf":[],"yoast_head":"<!-- This site is optimized with the Yoast SEO plugin v27.1.1 - https:\/\/yoast.com\/product\/yoast-seo-wordpress\/ -->\n<title>Manual Taping Machine TM-50XL - Smans<\/title>\n<meta name=\"robots\" content=\"index, follow, max-snippet:-1, max-image-preview:large, max-video-preview:-1\" \/>\n<link rel=\"canonical\" href=\"https:\/\/smans.com\/fr\/product\/manual-taping-machine-tm-50xl\/\" \/>\n<meta property=\"og:locale\" content=\"fr_FR\" \/>\n<meta property=\"og:type\" content=\"article\" \/>\n<meta property=\"og:title\" content=\"Manual Taping Machine TM-50XL - Smans\" \/>\n<meta property=\"og:description\" content=\"Machine \u00e0 ruban adh\u00e9sif manuelle\" \/>\n<meta property=\"og:url\" content=\"https:\/\/smans.com\/fr\/product\/manual-taping-machine-tm-50xl\/\" \/>\n<meta property=\"og:site_name\" content=\"Smans\" \/>\n<meta property=\"article:modified_time\" content=\"2026-04-16T09:32:57+00:00\" \/>\n<meta name=\"twitter:card\" content=\"summary_large_image\" \/>\n<meta name=\"twitter:label1\" content=\"Dur\u00e9e de lecture estim\u00e9e\" \/>\n\t<meta name=\"twitter:data1\" content=\"1 minute\" \/>\n<script type=\"application\/ld+json\" class=\"yoast-schema-graph\">{\"@context\":\"https:\/\/schema.org\",\"@graph\":[{\"@type\":\"WebPage\",\"@id\":\"https:\/\/smans.com\/fr\/product\/manual-taping-machine-tm-50xl\/\",\"url\":\"https:\/\/smans.com\/fr\/product\/manual-taping-machine-tm-50xl\/\",\"name\":\"Manual Taping Machine TM-50XL - Smans\",\"isPartOf\":{\"@id\":\"https:\/\/smans.com\/nl\/#website\"},\"datePublished\":\"2024-06-09T15:15:09+00:00\",\"dateModified\":\"2026-04-16T09:32:57+00:00\",\"breadcrumb\":{\"@id\":\"https:\/\/smans.com\/fr\/product\/manual-taping-machine-tm-50xl\/#breadcrumb\"},\"inLanguage\":\"fr-FR\",\"potentialAction\":[{\"@type\":\"ReadAction\",\"target\":[\"https:\/\/smans.com\/fr\/product\/manual-taping-machine-tm-50xl\/\"]}]},{\"@type\":\"BreadcrumbList\",\"@id\":\"https:\/\/smans.com\/fr\/product\/manual-taping-machine-tm-50xl\/#breadcrumb\",\"itemListElement\":[{\"@type\":\"ListItem\",\"position\":1,\"name\":\"Home\",\"item\":\"https:\/\/smans.com\/fr\/\"},{\"@type\":\"ListItem\",\"position\":2,\"name\":\"Boutique\",\"item\":\"https:\/\/smans.com\/nl\/shop\/\"},{\"@type\":\"ListItem\",\"position\":3,\"name\":\"V-Tek - Manual Taping Machine TM-50XL\"}]},{\"@type\":\"WebSite\",\"@id\":\"https:\/\/smans.com\/nl\/#website\",\"url\":\"https:\/\/smans.com\/nl\/\",\"name\":\"Smans\",\"description\":\"\",\"publisher\":{\"@id\":\"https:\/\/smans.com\/nl\/#organization\"},\"potentialAction\":[{\"@type\":\"SearchAction\",\"target\":{\"@type\":\"EntryPoint\",\"urlTemplate\":\"https:\/\/smans.com\/nl\/?s={search_term_string}\"},\"query-input\":{\"@type\":\"PropertyValueSpecification\",\"valueRequired\":true,\"valueName\":\"search_term_string\"}}],\"inLanguage\":\"fr-FR\"},{\"@type\":\"Organization\",\"@id\":\"https:\/\/smans.com\/nl\/#organization\",\"name\":\"Smans\",\"url\":\"https:\/\/smans.com\/nl\/\",\"logo\":{\"@type\":\"ImageObject\",\"inLanguage\":\"fr-FR\",\"@id\":\"https:\/\/smans.com\/nl\/#\/schema\/logo\/image\/\",\"url\":\"https:\/\/smans.com\/wp-content\/uploads\/2023\/09\/logo.svg\",\"contentUrl\":\"https:\/\/smans.com\/wp-content\/uploads\/2023\/09\/logo.svg\",\"caption\":\"Smans\"},\"image\":{\"@id\":\"https:\/\/smans.com\/nl\/#\/schema\/logo\/image\/\"}}]}<\/script>\n<!-- \/ Yoast SEO plugin. -->","yoast_head_json":{"title":"Manual Taping Machine TM-50XL - Smans","robots":{"index":"index","follow":"follow","max-snippet":"max-snippet:-1","max-image-preview":"max-image-preview:large","max-video-preview":"max-video-preview:-1"},"canonical":"https:\/\/smans.com\/fr\/product\/manual-taping-machine-tm-50xl\/","og_locale":"fr_FR","og_type":"article","og_title":"Manual Taping Machine TM-50XL - Smans","og_description":"Machine \u00e0 ruban adh\u00e9sif manuelle","og_url":"https:\/\/smans.com\/fr\/product\/manual-taping-machine-tm-50xl\/","og_site_name":"Smans","article_modified_time":"2026-04-16T09:32:57+00:00","twitter_card":"summary_large_image","twitter_misc":{"Dur\u00e9e de lecture estim\u00e9e":"1 minute"},"schema":{"@context":"https:\/\/schema.org","@graph":[{"@type":"WebPage","@id":"https:\/\/smans.com\/fr\/product\/manual-taping-machine-tm-50xl\/","url":"https:\/\/smans.com\/fr\/product\/manual-taping-machine-tm-50xl\/","name":"Manual Taping Machine TM-50XL - Smans","isPartOf":{"@id":"https:\/\/smans.com\/nl\/#website"},"datePublished":"2024-06-09T15:15:09+00:00","dateModified":"2026-04-16T09:32:57+00:00","breadcrumb":{"@id":"https:\/\/smans.com\/fr\/product\/manual-taping-machine-tm-50xl\/#breadcrumb"},"inLanguage":"fr-FR","potentialAction":[{"@type":"ReadAction","target":["https:\/\/smans.com\/fr\/product\/manual-taping-machine-tm-50xl\/"]}]},{"@type":"BreadcrumbList","@id":"https:\/\/smans.com\/fr\/product\/manual-taping-machine-tm-50xl\/#breadcrumb","itemListElement":[{"@type":"ListItem","position":1,"name":"Home","item":"https:\/\/smans.com\/fr\/"},{"@type":"ListItem","position":2,"name":"Boutique","item":"https:\/\/smans.com\/nl\/shop\/"},{"@type":"ListItem","position":3,"name":"V-Tek - Manual Taping Machine TM-50XL"}]},{"@type":"WebSite","@id":"https:\/\/smans.com\/nl\/#website","url":"https:\/\/smans.com\/nl\/","name":"Smans","description":"","publisher":{"@id":"https:\/\/smans.com\/nl\/#organization"},"potentialAction":[{"@type":"SearchAction","target":{"@type":"EntryPoint","urlTemplate":"https:\/\/smans.com\/nl\/?s={search_term_string}"},"query-input":{"@type":"PropertyValueSpecification","valueRequired":true,"valueName":"search_term_string"}}],"inLanguage":"fr-FR"},{"@type":"Organization","@id":"https:\/\/smans.com\/nl\/#organization","name":"Smans","url":"https:\/\/smans.com\/nl\/","logo":{"@type":"ImageObject","inLanguage":"fr-FR","@id":"https:\/\/smans.com\/nl\/#\/schema\/logo\/image\/","url":"https:\/\/smans.com\/wp-content\/uploads\/2023\/09\/logo.svg","contentUrl":"https:\/\/smans.com\/wp-content\/uploads\/2023\/09\/logo.svg","caption":"Smans"},"image":{"@id":"https:\/\/smans.com\/nl\/#\/schema\/logo\/image\/"}}]}},"brands":[{"id":18312,"name":"V-Tek","slug":"brand-v-tek-fr"}],"_links":{"self":[{"href":"https:\/\/smans.com\/fr\/wp-json\/wp\/v2\/product\/23620","targetHints":{"allow":["GET"]}}],"collection":[{"href":"https:\/\/smans.com\/fr\/wp-json\/wp\/v2\/product"}],"about":[{"href":"https:\/\/smans.com\/fr\/wp-json\/wp\/v2\/types\/product"}],"wp:attachment":[{"href":"https:\/\/smans.com\/fr\/wp-json\/wp\/v2\/media?parent=23620"}],"wp:term":[{"taxonomy":"pwb-brand","embeddable":true,"href":"https:\/\/smans.com\/fr\/wp-json\/wp\/v2\/pwb-brand?post=23620"},{"taxonomy":"product_brand","embeddable":true,"href":"https:\/\/smans.com\/fr\/wp-json\/wp\/v2\/product_brand?post=23620"},{"taxonomy":"product_cat","embeddable":true,"href":"https:\/\/smans.com\/fr\/wp-json\/wp\/v2\/product_cat?post=23620"},{"taxonomy":"product_tag","embeddable":true,"href":"https:\/\/smans.com\/fr\/wp-json\/wp\/v2\/product_tag?post=23620"}],"curies":[{"name":"wp","href":"https:\/\/api.w.org\/{rel}","templated":true}]}}