{"id":23627,"date":"2024-06-09T17:13:59","date_gmt":"2024-06-09T15:13:59","guid":{"rendered":"https:\/\/smans.com\/product\/electrical-stripping-machine-ai-03\/"},"modified":"2026-04-05T11:42:19","modified_gmt":"2026-04-05T09:42:19","slug":"electrical-stripping-machine-ai-03","status":"publish","type":"product","link":"https:\/\/smans.com\/fr\/product\/electrical-stripping-machine-ai-03\/","title":{"rendered":"Z+F - Stripping Machine AI 03"},"content":{"rendered":"<p>La Z+F AI 03 est une d\u00e9nudeuse \u00e9lectrique polyvalente qui offre d&rsquo;excellentes performances pour le <strong>d\u00e9nudage de fils et c\u00e2bles de taille moyenne<\/strong>. \u00c9volution du mod\u00e8le de base AI 01, l&rsquo;AI 03 offre une plage de d\u00e9nudage \u00e9largie de <strong>0,5 \u00e0 6 mm\u00b2<\/strong> (AWG 20\u201310) et une longueur de d\u00e9nudage<strong> de 13 \u00e0 30 mm<\/strong>. Gr\u00e2ce \u00e0 son unit\u00e9 de d\u00e9marrage modifi\u00e9e, cette machine traite sans effort des segments de c\u00e2bles plus longs tout en conservant une grande pr\u00e9cision.<\/p>\n<p>Avec un temps de cycle de seulement 0,5 seconde et une fonction de traction et de d\u00e9nudage enti\u00e8rement automatique, la Z+F AI 03 garantit une vitesse de production \u00e9lev\u00e9e et une qualit\u00e9 constante. Sa construction robuste, son fonctionnement n\u00e9cessitant peu d&rsquo;entretien et sa simplicit\u00e9 d&rsquo;utilisation font de ce mod\u00e8le l&rsquo;outil id\u00e9al pour l&rsquo;assemblage professionnel de c\u00e2bles, o\u00f9 la fiabilit\u00e9 et l&rsquo;efficacit\u00e9 sont essentielles.<\/p>\n","protected":false},"excerpt":{"rendered":"<p>Machine \u00e0 d\u00e9nuder \u00e9lectrique pour sections de fils moyennes de 0,5 \u00e0 6 mm\u00b2 et longueurs de d\u00e9nudage plus longues de 13 \u00e0 30 mm.<\/p>\n","protected":false},"featured_media":0,"template":"","meta":{"_acf_changed":false},"pwb-brand":[18322],"product_brand":[],"product_cat":[17990,17993,18042],"product_tag":[],"class_list":{"0":"post-23627","1":"product","2":"type-product","3":"status-publish","5":"pwb-brand-brand-z-f-fr","6":"product_cat-cables-et-cablage-fr","7":"product_cat-couper-denuder-sertissage-fr","8":"product_cat-denudeuses-de-fils-fr","10":"first","11":"instock","12":"taxable","13":"shipping-taxable","14":"purchasable","15":"product-type-simple"},"acf":[],"yoast_head":"<!-- This site is optimized with the Yoast SEO plugin v27.1.1 - https:\/\/yoast.com\/product\/yoast-seo-wordpress\/ -->\n<title>Stripping Machine AI 03 - Smans<\/title>\n<meta name=\"robots\" content=\"index, follow, max-snippet:-1, max-image-preview:large, max-video-preview:-1\" \/>\n<link rel=\"canonical\" href=\"https:\/\/smans.com\/fr\/product\/electrical-stripping-machine-ai-03\/\" \/>\n<meta property=\"og:locale\" content=\"fr_FR\" \/>\n<meta property=\"og:type\" content=\"article\" \/>\n<meta property=\"og:title\" content=\"Stripping Machine AI 03 - Smans\" \/>\n<meta property=\"og:description\" content=\"Machine \u00e0 d\u00e9nuder \u00e9lectrique pour sections de fils moyennes de 0,5 \u00e0 6 mm\u00b2 et longueurs de d\u00e9nudage plus longues de 13 \u00e0 30 mm.\" \/>\n<meta property=\"og:url\" content=\"https:\/\/smans.com\/fr\/product\/electrical-stripping-machine-ai-03\/\" \/>\n<meta property=\"og:site_name\" content=\"Smans\" \/>\n<meta property=\"article:modified_time\" content=\"2026-04-05T09:42:19+00:00\" \/>\n<meta name=\"twitter:card\" content=\"summary_large_image\" \/>\n<meta name=\"twitter:label1\" content=\"Dur\u00e9e de lecture estim\u00e9e\" \/>\n\t<meta name=\"twitter:data1\" content=\"1 minute\" \/>\n<script type=\"application\/ld+json\" class=\"yoast-schema-graph\">{\"@context\":\"https:\/\/schema.org\",\"@graph\":[{\"@type\":\"WebPage\",\"@id\":\"https:\/\/smans.com\/fr\/product\/electrical-stripping-machine-ai-03\/\",\"url\":\"https:\/\/smans.com\/fr\/product\/electrical-stripping-machine-ai-03\/\",\"name\":\"Stripping Machine AI 03 - Smans\",\"isPartOf\":{\"@id\":\"https:\/\/smans.com\/nl\/#website\"},\"datePublished\":\"2024-06-09T15:13:59+00:00\",\"dateModified\":\"2026-04-05T09:42:19+00:00\",\"breadcrumb\":{\"@id\":\"https:\/\/smans.com\/fr\/product\/electrical-stripping-machine-ai-03\/#breadcrumb\"},\"inLanguage\":\"fr-FR\",\"potentialAction\":[{\"@type\":\"ReadAction\",\"target\":[\"https:\/\/smans.com\/fr\/product\/electrical-stripping-machine-ai-03\/\"]}]},{\"@type\":\"BreadcrumbList\",\"@id\":\"https:\/\/smans.com\/fr\/product\/electrical-stripping-machine-ai-03\/#breadcrumb\",\"itemListElement\":[{\"@type\":\"ListItem\",\"position\":1,\"name\":\"Home\",\"item\":\"https:\/\/smans.com\/fr\/\"},{\"@type\":\"ListItem\",\"position\":2,\"name\":\"Boutique\",\"item\":\"https:\/\/smans.com\/nl\/shop\/\"},{\"@type\":\"ListItem\",\"position\":3,\"name\":\"Z+F - Stripping Machine AI 03\"}]},{\"@type\":\"WebSite\",\"@id\":\"https:\/\/smans.com\/nl\/#website\",\"url\":\"https:\/\/smans.com\/nl\/\",\"name\":\"Smans\",\"description\":\"\",\"publisher\":{\"@id\":\"https:\/\/smans.com\/nl\/#organization\"},\"potentialAction\":[{\"@type\":\"SearchAction\",\"target\":{\"@type\":\"EntryPoint\",\"urlTemplate\":\"https:\/\/smans.com\/nl\/?s={search_term_string}\"},\"query-input\":{\"@type\":\"PropertyValueSpecification\",\"valueRequired\":true,\"valueName\":\"search_term_string\"}}],\"inLanguage\":\"fr-FR\"},{\"@type\":\"Organization\",\"@id\":\"https:\/\/smans.com\/nl\/#organization\",\"name\":\"Smans\",\"url\":\"https:\/\/smans.com\/nl\/\",\"logo\":{\"@type\":\"ImageObject\",\"inLanguage\":\"fr-FR\",\"@id\":\"https:\/\/smans.com\/nl\/#\/schema\/logo\/image\/\",\"url\":\"https:\/\/smans.com\/wp-content\/uploads\/2023\/09\/logo.svg\",\"contentUrl\":\"https:\/\/smans.com\/wp-content\/uploads\/2023\/09\/logo.svg\",\"caption\":\"Smans\"},\"image\":{\"@id\":\"https:\/\/smans.com\/nl\/#\/schema\/logo\/image\/\"}}]}<\/script>\n<!-- \/ Yoast SEO plugin. -->","yoast_head_json":{"title":"Stripping Machine AI 03 - Smans","robots":{"index":"index","follow":"follow","max-snippet":"max-snippet:-1","max-image-preview":"max-image-preview:large","max-video-preview":"max-video-preview:-1"},"canonical":"https:\/\/smans.com\/fr\/product\/electrical-stripping-machine-ai-03\/","og_locale":"fr_FR","og_type":"article","og_title":"Stripping Machine AI 03 - Smans","og_description":"Machine \u00e0 d\u00e9nuder \u00e9lectrique pour sections de fils moyennes de 0,5 \u00e0 6 mm\u00b2 et longueurs de d\u00e9nudage plus longues de 13 \u00e0 30 mm.","og_url":"https:\/\/smans.com\/fr\/product\/electrical-stripping-machine-ai-03\/","og_site_name":"Smans","article_modified_time":"2026-04-05T09:42:19+00:00","twitter_card":"summary_large_image","twitter_misc":{"Dur\u00e9e de lecture estim\u00e9e":"1 minute"},"schema":{"@context":"https:\/\/schema.org","@graph":[{"@type":"WebPage","@id":"https:\/\/smans.com\/fr\/product\/electrical-stripping-machine-ai-03\/","url":"https:\/\/smans.com\/fr\/product\/electrical-stripping-machine-ai-03\/","name":"Stripping Machine AI 03 - Smans","isPartOf":{"@id":"https:\/\/smans.com\/nl\/#website"},"datePublished":"2024-06-09T15:13:59+00:00","dateModified":"2026-04-05T09:42:19+00:00","breadcrumb":{"@id":"https:\/\/smans.com\/fr\/product\/electrical-stripping-machine-ai-03\/#breadcrumb"},"inLanguage":"fr-FR","potentialAction":[{"@type":"ReadAction","target":["https:\/\/smans.com\/fr\/product\/electrical-stripping-machine-ai-03\/"]}]},{"@type":"BreadcrumbList","@id":"https:\/\/smans.com\/fr\/product\/electrical-stripping-machine-ai-03\/#breadcrumb","itemListElement":[{"@type":"ListItem","position":1,"name":"Home","item":"https:\/\/smans.com\/fr\/"},{"@type":"ListItem","position":2,"name":"Boutique","item":"https:\/\/smans.com\/nl\/shop\/"},{"@type":"ListItem","position":3,"name":"Z+F - Stripping Machine AI 03"}]},{"@type":"WebSite","@id":"https:\/\/smans.com\/nl\/#website","url":"https:\/\/smans.com\/nl\/","name":"Smans","description":"","publisher":{"@id":"https:\/\/smans.com\/nl\/#organization"},"potentialAction":[{"@type":"SearchAction","target":{"@type":"EntryPoint","urlTemplate":"https:\/\/smans.com\/nl\/?s={search_term_string}"},"query-input":{"@type":"PropertyValueSpecification","valueRequired":true,"valueName":"search_term_string"}}],"inLanguage":"fr-FR"},{"@type":"Organization","@id":"https:\/\/smans.com\/nl\/#organization","name":"Smans","url":"https:\/\/smans.com\/nl\/","logo":{"@type":"ImageObject","inLanguage":"fr-FR","@id":"https:\/\/smans.com\/nl\/#\/schema\/logo\/image\/","url":"https:\/\/smans.com\/wp-content\/uploads\/2023\/09\/logo.svg","contentUrl":"https:\/\/smans.com\/wp-content\/uploads\/2023\/09\/logo.svg","caption":"Smans"},"image":{"@id":"https:\/\/smans.com\/nl\/#\/schema\/logo\/image\/"}}]}},"brands":[{"id":18322,"name":"Z+F","slug":"brand-z-f-fr"}],"_links":{"self":[{"href":"https:\/\/smans.com\/fr\/wp-json\/wp\/v2\/product\/23627","targetHints":{"allow":["GET"]}}],"collection":[{"href":"https:\/\/smans.com\/fr\/wp-json\/wp\/v2\/product"}],"about":[{"href":"https:\/\/smans.com\/fr\/wp-json\/wp\/v2\/types\/product"}],"wp:attachment":[{"href":"https:\/\/smans.com\/fr\/wp-json\/wp\/v2\/media?parent=23627"}],"wp:term":[{"taxonomy":"pwb-brand","embeddable":true,"href":"https:\/\/smans.com\/fr\/wp-json\/wp\/v2\/pwb-brand?post=23627"},{"taxonomy":"product_brand","embeddable":true,"href":"https:\/\/smans.com\/fr\/wp-json\/wp\/v2\/product_brand?post=23627"},{"taxonomy":"product_cat","embeddable":true,"href":"https:\/\/smans.com\/fr\/wp-json\/wp\/v2\/product_cat?post=23627"},{"taxonomy":"product_tag","embeddable":true,"href":"https:\/\/smans.com\/fr\/wp-json\/wp\/v2\/product_tag?post=23627"}],"curies":[{"name":"wp","href":"https:\/\/api.w.org\/{rel}","templated":true}]}}