{"id":23630,"date":"2024-06-09T17:15:15","date_gmt":"2024-06-09T15:15:15","guid":{"rendered":"https:\/\/smans.com\/product\/automatic-taping-machine-tm-500\/"},"modified":"2026-04-30T10:16:28","modified_gmt":"2026-04-30T08:16:28","slug":"automatic-taping-machine-tm-500","status":"publish","type":"product","link":"https:\/\/smans.com\/fr\/product\/automatic-taping-machine-tm-500\/","title":{"rendered":"V-Tek - Automatic Taping Machine TM-500"},"content":{"rendered":"<p>La TM-500 est une machine de placement, de test, d&rsquo;inspection et de rubanage personnalisable \u00e0 entr\u00e9es multiples, con\u00e7ue pour les environnements de production avec une grande vari\u00e9t\u00e9 de produits et de petits volumes. Gr\u00e2ce \u00e0 la flexibilit\u00e9 offerte par les entr\u00e9es multiples, moins de machines suppl\u00e9mentaires sont n\u00e9cessaires, ce qui simplifie et acc\u00e9l\u00e8re l&rsquo;installation et l&rsquo;utilisation, et permet un retour sur investissement rapide.<\/p>\n<p>Les options de test et d&rsquo;inspection, ainsi que les syst\u00e8mes de vision 2D et 3D, offrent une flexibilit\u00e9 maximale, des fonctions de rapport et de tra\u00e7abilit\u00e9. Une interface \u00e0 \u00e9cran tactile minimise l&rsquo;installation et l&rsquo;intervention de l&rsquo;op\u00e9rateur pour un fonctionnement rapide et facile.<\/p>\n","protected":false},"excerpt":{"rendered":"<p>Syst\u00e8me de bandes automatis\u00e9 compact pour OEM<\/p>\n","protected":false},"featured_media":0,"template":"","meta":{"_acf_changed":false},"pwb-brand":[18312],"product_brand":[],"product_cat":[18054,17991,18004],"product_tag":[],"class_list":{"0":"post-23630","1":"product","2":"type-product","3":"status-publish","5":"pwb-brand-brand-v-tek-fr","6":"product_cat-component-taping-fr","7":"product_cat-electronique-fr","8":"product_cat-processus-secondaires-fr-2","10":"first","11":"instock","12":"taxable","13":"shipping-taxable","14":"product-type-simple"},"acf":[],"yoast_head":"<!-- This site is optimized with the Yoast SEO plugin v27.1.1 - https:\/\/yoast.com\/product\/yoast-seo-wordpress\/ -->\n<title>Automatic Taping Machine TM-500 - Smans<\/title>\n<meta name=\"robots\" content=\"index, follow, max-snippet:-1, max-image-preview:large, max-video-preview:-1\" \/>\n<link rel=\"canonical\" href=\"https:\/\/smans.com\/fr\/product\/automatic-taping-machine-tm-500\/\" \/>\n<meta property=\"og:locale\" content=\"fr_FR\" \/>\n<meta property=\"og:type\" content=\"article\" \/>\n<meta property=\"og:title\" content=\"Automatic Taping Machine TM-500 - Smans\" \/>\n<meta property=\"og:description\" content=\"Syst\u00e8me de bandes automatis\u00e9 compact pour OEM\" \/>\n<meta property=\"og:url\" content=\"https:\/\/smans.com\/fr\/product\/automatic-taping-machine-tm-500\/\" \/>\n<meta property=\"og:site_name\" content=\"Smans\" \/>\n<meta property=\"article:modified_time\" content=\"2026-04-30T08:16:28+00:00\" \/>\n<meta name=\"twitter:card\" content=\"summary_large_image\" \/>\n<meta name=\"twitter:label1\" content=\"Dur\u00e9e de lecture estim\u00e9e\" \/>\n\t<meta name=\"twitter:data1\" content=\"1 minute\" \/>\n<script type=\"application\/ld+json\" class=\"yoast-schema-graph\">{\"@context\":\"https:\/\/schema.org\",\"@graph\":[{\"@type\":\"WebPage\",\"@id\":\"https:\/\/smans.com\/fr\/product\/automatic-taping-machine-tm-500\/\",\"url\":\"https:\/\/smans.com\/fr\/product\/automatic-taping-machine-tm-500\/\",\"name\":\"Automatic Taping Machine TM-500 - Smans\",\"isPartOf\":{\"@id\":\"https:\/\/smans.com\/nl\/#website\"},\"datePublished\":\"2024-06-09T15:15:15+00:00\",\"dateModified\":\"2026-04-30T08:16:28+00:00\",\"breadcrumb\":{\"@id\":\"https:\/\/smans.com\/fr\/product\/automatic-taping-machine-tm-500\/#breadcrumb\"},\"inLanguage\":\"fr-FR\",\"potentialAction\":[{\"@type\":\"ReadAction\",\"target\":[\"https:\/\/smans.com\/fr\/product\/automatic-taping-machine-tm-500\/\"]}]},{\"@type\":\"BreadcrumbList\",\"@id\":\"https:\/\/smans.com\/fr\/product\/automatic-taping-machine-tm-500\/#breadcrumb\",\"itemListElement\":[{\"@type\":\"ListItem\",\"position\":1,\"name\":\"Home\",\"item\":\"https:\/\/smans.com\/fr\/\"},{\"@type\":\"ListItem\",\"position\":2,\"name\":\"Boutique\",\"item\":\"https:\/\/smans.com\/nl\/shop\/\"},{\"@type\":\"ListItem\",\"position\":3,\"name\":\"V-Tek - Automatic Taping Machine TM-500\"}]},{\"@type\":\"WebSite\",\"@id\":\"https:\/\/smans.com\/nl\/#website\",\"url\":\"https:\/\/smans.com\/nl\/\",\"name\":\"Smans\",\"description\":\"\",\"publisher\":{\"@id\":\"https:\/\/smans.com\/nl\/#organization\"},\"potentialAction\":[{\"@type\":\"SearchAction\",\"target\":{\"@type\":\"EntryPoint\",\"urlTemplate\":\"https:\/\/smans.com\/nl\/?s={search_term_string}\"},\"query-input\":{\"@type\":\"PropertyValueSpecification\",\"valueRequired\":true,\"valueName\":\"search_term_string\"}}],\"inLanguage\":\"fr-FR\"},{\"@type\":\"Organization\",\"@id\":\"https:\/\/smans.com\/nl\/#organization\",\"name\":\"Smans\",\"url\":\"https:\/\/smans.com\/nl\/\",\"logo\":{\"@type\":\"ImageObject\",\"inLanguage\":\"fr-FR\",\"@id\":\"https:\/\/smans.com\/nl\/#\/schema\/logo\/image\/\",\"url\":\"https:\/\/smans.com\/wp-content\/uploads\/2023\/09\/logo.svg\",\"contentUrl\":\"https:\/\/smans.com\/wp-content\/uploads\/2023\/09\/logo.svg\",\"caption\":\"Smans\"},\"image\":{\"@id\":\"https:\/\/smans.com\/nl\/#\/schema\/logo\/image\/\"}}]}<\/script>\n<!-- \/ Yoast SEO plugin. -->","yoast_head_json":{"title":"Automatic Taping Machine TM-500 - Smans","robots":{"index":"index","follow":"follow","max-snippet":"max-snippet:-1","max-image-preview":"max-image-preview:large","max-video-preview":"max-video-preview:-1"},"canonical":"https:\/\/smans.com\/fr\/product\/automatic-taping-machine-tm-500\/","og_locale":"fr_FR","og_type":"article","og_title":"Automatic Taping Machine TM-500 - Smans","og_description":"Syst\u00e8me de bandes automatis\u00e9 compact pour OEM","og_url":"https:\/\/smans.com\/fr\/product\/automatic-taping-machine-tm-500\/","og_site_name":"Smans","article_modified_time":"2026-04-30T08:16:28+00:00","twitter_card":"summary_large_image","twitter_misc":{"Dur\u00e9e de lecture estim\u00e9e":"1 minute"},"schema":{"@context":"https:\/\/schema.org","@graph":[{"@type":"WebPage","@id":"https:\/\/smans.com\/fr\/product\/automatic-taping-machine-tm-500\/","url":"https:\/\/smans.com\/fr\/product\/automatic-taping-machine-tm-500\/","name":"Automatic Taping Machine TM-500 - Smans","isPartOf":{"@id":"https:\/\/smans.com\/nl\/#website"},"datePublished":"2024-06-09T15:15:15+00:00","dateModified":"2026-04-30T08:16:28+00:00","breadcrumb":{"@id":"https:\/\/smans.com\/fr\/product\/automatic-taping-machine-tm-500\/#breadcrumb"},"inLanguage":"fr-FR","potentialAction":[{"@type":"ReadAction","target":["https:\/\/smans.com\/fr\/product\/automatic-taping-machine-tm-500\/"]}]},{"@type":"BreadcrumbList","@id":"https:\/\/smans.com\/fr\/product\/automatic-taping-machine-tm-500\/#breadcrumb","itemListElement":[{"@type":"ListItem","position":1,"name":"Home","item":"https:\/\/smans.com\/fr\/"},{"@type":"ListItem","position":2,"name":"Boutique","item":"https:\/\/smans.com\/nl\/shop\/"},{"@type":"ListItem","position":3,"name":"V-Tek - Automatic Taping Machine TM-500"}]},{"@type":"WebSite","@id":"https:\/\/smans.com\/nl\/#website","url":"https:\/\/smans.com\/nl\/","name":"Smans","description":"","publisher":{"@id":"https:\/\/smans.com\/nl\/#organization"},"potentialAction":[{"@type":"SearchAction","target":{"@type":"EntryPoint","urlTemplate":"https:\/\/smans.com\/nl\/?s={search_term_string}"},"query-input":{"@type":"PropertyValueSpecification","valueRequired":true,"valueName":"search_term_string"}}],"inLanguage":"fr-FR"},{"@type":"Organization","@id":"https:\/\/smans.com\/nl\/#organization","name":"Smans","url":"https:\/\/smans.com\/nl\/","logo":{"@type":"ImageObject","inLanguage":"fr-FR","@id":"https:\/\/smans.com\/nl\/#\/schema\/logo\/image\/","url":"https:\/\/smans.com\/wp-content\/uploads\/2023\/09\/logo.svg","contentUrl":"https:\/\/smans.com\/wp-content\/uploads\/2023\/09\/logo.svg","caption":"Smans"},"image":{"@id":"https:\/\/smans.com\/nl\/#\/schema\/logo\/image\/"}}]}},"brands":[{"id":18312,"name":"V-Tek","slug":"brand-v-tek-fr"}],"_links":{"self":[{"href":"https:\/\/smans.com\/fr\/wp-json\/wp\/v2\/product\/23630","targetHints":{"allow":["GET"]}}],"collection":[{"href":"https:\/\/smans.com\/fr\/wp-json\/wp\/v2\/product"}],"about":[{"href":"https:\/\/smans.com\/fr\/wp-json\/wp\/v2\/types\/product"}],"wp:attachment":[{"href":"https:\/\/smans.com\/fr\/wp-json\/wp\/v2\/media?parent=23630"}],"wp:term":[{"taxonomy":"pwb-brand","embeddable":true,"href":"https:\/\/smans.com\/fr\/wp-json\/wp\/v2\/pwb-brand?post=23630"},{"taxonomy":"product_brand","embeddable":true,"href":"https:\/\/smans.com\/fr\/wp-json\/wp\/v2\/product_brand?post=23630"},{"taxonomy":"product_cat","embeddable":true,"href":"https:\/\/smans.com\/fr\/wp-json\/wp\/v2\/product_cat?post=23630"},{"taxonomy":"product_tag","embeddable":true,"href":"https:\/\/smans.com\/fr\/wp-json\/wp\/v2\/product_tag?post=23630"}],"curies":[{"name":"wp","href":"https:\/\/api.w.org\/{rel}","templated":true}]}}