{"id":23636,"date":"2024-06-09T17:21:29","date_gmt":"2024-06-09T15:21:29","guid":{"rendered":"https:\/\/smans.com\/product\/automatic-pick-place-printer-ii-a1\/"},"modified":"2026-04-09T12:33:31","modified_gmt":"2026-04-09T10:33:31","slug":"automatic-pick-place-printer-ii-a1","status":"publish","type":"product","link":"https:\/\/smans.com\/fr\/product\/automatic-pick-place-printer-ii-a1\/","title":{"rendered":"Europlacer - Automatic Pick &amp; Place Printer ii-A1"},"content":{"rendered":"<p>L&rsquo;Europlacer ii-A1 est une machine de placement compacte, flexible et extr\u00eamement pr\u00e9cise, con\u00e7ue pour maximiser l&rsquo;efficacit\u00e9 et la productivit\u00e9 des lignes de production SMT modernes. Gr\u00e2ce \u00e0 sa t\u00eate Tornado \u00e0 8 ou 12 buses et \u00e0 sa capacit\u00e9 pouvant atteindre 15 390 composants par heure (CPH), l&rsquo;ii-A1 offre des performances impressionnantes dans un format compact.<\/p>\n<p>L&rsquo;ii-A1 offre une flexibilit\u00e9 in\u00e9gal\u00e9e gr\u00e2ce \u00e0 sa capacit\u00e9 \u00e0 placer une large gamme de composants, des minuscules puces 03015m aux grands composants de 99 x 99 x 34 mm. Avec 162 positions d&rsquo;alimentation, des zones configurables et la prise en charge de divers plateaux matriciels, cette machine s&rsquo;adapte facilement \u00e0 diff\u00e9rents besoins de production. De plus, l&rsquo;ii-A1 dispose d&rsquo;un syst\u00e8me de transport intelligent qui optimise automatiquement le positionnement des cartes de circuits imprim\u00e9s, sans but\u00e9es m\u00e9caniques, ce qui garantit un flux de travail fluide et rapide.<\/p>\n<p>Gr\u00e2ce au logiciel ii-RC et \u00e0 la solution mobile ii-Tab, son utilisation est intuitive, conviviale et enti\u00e8rement compatible avec la connectivit\u00e9 CFX 1.7, ce qui facilite l&rsquo;int\u00e9gration avec d&rsquo;autres machines de votre cha\u00eene de production. Des fonctionnalit\u00e9s suppl\u00e9mentaires telles que les buses intelligentes, une cam\u00e9ra haute r\u00e9solution int\u00e9gr\u00e9e, la tra\u00e7abilit\u00e9 avec un chargeur d&rsquo;\u00e9tiquettes et la reconnaissance automatique des composants font de l&rsquo;ii-A1 une solution d&rsquo;assemblage automatis\u00e9 \u00e0 l&rsquo;\u00e9preuve du temps.<\/p>\n<p>En r\u00e9sum\u00e9, l&rsquo;Europlacer ii-A1 est une solution tout-en-un pour les fabricants qui recherchent une pr\u00e9cision, une flexibilit\u00e9 et une fiabilit\u00e9 \u00e9lev\u00e9es dans leur processus d&rsquo;assemblage \u00e9lectronique.<\/p>\n","protected":false},"excerpt":{"rendered":"<p>Machine pick &amp; place compacte et flexible \u00e9quip\u00e9e d&rsquo;une t\u00eate Tornado \u00e0 8 ou 12 buses et d&rsquo;une capacit\u00e9 pouvant atteindre 15 390 composants par heure.<\/p>\n","protected":false},"featured_media":0,"template":"","meta":{"_acf_changed":false},"pwb-brand":[18240],"product_brand":[],"product_cat":[17991,18011,18084],"product_tag":[],"class_list":{"0":"post-23636","1":"product","2":"type-product","3":"status-publish","5":"pwb-brand-brand-europlacer-fr","6":"product_cat-electronique-fr","7":"product_cat-equipement-d-assemblage-smt-fr","8":"product_cat-pick-place-fr","10":"first","11":"instock","12":"taxable","13":"shipping-taxable","14":"product-type-simple"},"acf":[],"yoast_head":"<!-- This site is optimized with the Yoast SEO plugin v27.1.1 - https:\/\/yoast.com\/product\/yoast-seo-wordpress\/ -->\n<title>Automatic Pick &amp; Place Printer ii-A1 - Smans<\/title>\n<meta name=\"robots\" content=\"index, follow, max-snippet:-1, max-image-preview:large, max-video-preview:-1\" \/>\n<link rel=\"canonical\" href=\"https:\/\/smans.com\/fr\/product\/automatic-pick-place-printer-ii-a1\/\" \/>\n<meta property=\"og:locale\" content=\"fr_FR\" \/>\n<meta property=\"og:type\" content=\"article\" \/>\n<meta property=\"og:title\" content=\"Automatic Pick &amp; Place Printer ii-A1 - Smans\" \/>\n<meta property=\"og:description\" content=\"Machine pick &amp; place compacte et flexible \u00e9quip\u00e9e d&#039;une t\u00eate Tornado \u00e0 8 ou 12 buses et d&#039;une capacit\u00e9 pouvant atteindre 15 390 composants par heure.\" \/>\n<meta property=\"og:url\" content=\"https:\/\/smans.com\/fr\/product\/automatic-pick-place-printer-ii-a1\/\" \/>\n<meta property=\"og:site_name\" content=\"Smans\" \/>\n<meta property=\"article:modified_time\" content=\"2026-04-09T10:33:31+00:00\" \/>\n<meta name=\"twitter:card\" content=\"summary_large_image\" \/>\n<meta name=\"twitter:label1\" content=\"Dur\u00e9e de lecture estim\u00e9e\" \/>\n\t<meta name=\"twitter:data1\" content=\"1 minute\" \/>\n<script type=\"application\/ld+json\" class=\"yoast-schema-graph\">{\"@context\":\"https:\/\/schema.org\",\"@graph\":[{\"@type\":\"WebPage\",\"@id\":\"https:\/\/smans.com\/fr\/product\/automatic-pick-place-printer-ii-a1\/\",\"url\":\"https:\/\/smans.com\/fr\/product\/automatic-pick-place-printer-ii-a1\/\",\"name\":\"Automatic Pick &amp; Place Printer ii-A1 - Smans\",\"isPartOf\":{\"@id\":\"https:\/\/smans.com\/nl\/#website\"},\"datePublished\":\"2024-06-09T15:21:29+00:00\",\"dateModified\":\"2026-04-09T10:33:31+00:00\",\"breadcrumb\":{\"@id\":\"https:\/\/smans.com\/fr\/product\/automatic-pick-place-printer-ii-a1\/#breadcrumb\"},\"inLanguage\":\"fr-FR\",\"potentialAction\":[{\"@type\":\"ReadAction\",\"target\":[\"https:\/\/smans.com\/fr\/product\/automatic-pick-place-printer-ii-a1\/\"]}]},{\"@type\":\"BreadcrumbList\",\"@id\":\"https:\/\/smans.com\/fr\/product\/automatic-pick-place-printer-ii-a1\/#breadcrumb\",\"itemListElement\":[{\"@type\":\"ListItem\",\"position\":1,\"name\":\"Home\",\"item\":\"https:\/\/smans.com\/fr\/\"},{\"@type\":\"ListItem\",\"position\":2,\"name\":\"Boutique\",\"item\":\"https:\/\/smans.com\/nl\/shop\/\"},{\"@type\":\"ListItem\",\"position\":3,\"name\":\"Europlacer - Automatic Pick &amp; Place Printer ii-A1\"}]},{\"@type\":\"WebSite\",\"@id\":\"https:\/\/smans.com\/nl\/#website\",\"url\":\"https:\/\/smans.com\/nl\/\",\"name\":\"Smans\",\"description\":\"\",\"publisher\":{\"@id\":\"https:\/\/smans.com\/nl\/#organization\"},\"potentialAction\":[{\"@type\":\"SearchAction\",\"target\":{\"@type\":\"EntryPoint\",\"urlTemplate\":\"https:\/\/smans.com\/nl\/?s={search_term_string}\"},\"query-input\":{\"@type\":\"PropertyValueSpecification\",\"valueRequired\":true,\"valueName\":\"search_term_string\"}}],\"inLanguage\":\"fr-FR\"},{\"@type\":\"Organization\",\"@id\":\"https:\/\/smans.com\/nl\/#organization\",\"name\":\"Smans\",\"url\":\"https:\/\/smans.com\/nl\/\",\"logo\":{\"@type\":\"ImageObject\",\"inLanguage\":\"fr-FR\",\"@id\":\"https:\/\/smans.com\/nl\/#\/schema\/logo\/image\/\",\"url\":\"https:\/\/smans.com\/wp-content\/uploads\/2023\/09\/logo.svg\",\"contentUrl\":\"https:\/\/smans.com\/wp-content\/uploads\/2023\/09\/logo.svg\",\"caption\":\"Smans\"},\"image\":{\"@id\":\"https:\/\/smans.com\/nl\/#\/schema\/logo\/image\/\"}}]}<\/script>\n<!-- \/ Yoast SEO plugin. -->","yoast_head_json":{"title":"Automatic Pick &amp; Place Printer ii-A1 - Smans","robots":{"index":"index","follow":"follow","max-snippet":"max-snippet:-1","max-image-preview":"max-image-preview:large","max-video-preview":"max-video-preview:-1"},"canonical":"https:\/\/smans.com\/fr\/product\/automatic-pick-place-printer-ii-a1\/","og_locale":"fr_FR","og_type":"article","og_title":"Automatic Pick &amp; Place Printer ii-A1 - Smans","og_description":"Machine pick &amp; place compacte et flexible \u00e9quip\u00e9e d'une t\u00eate Tornado \u00e0 8 ou 12 buses et d'une capacit\u00e9 pouvant atteindre 15 390 composants par heure.","og_url":"https:\/\/smans.com\/fr\/product\/automatic-pick-place-printer-ii-a1\/","og_site_name":"Smans","article_modified_time":"2026-04-09T10:33:31+00:00","twitter_card":"summary_large_image","twitter_misc":{"Dur\u00e9e de lecture estim\u00e9e":"1 minute"},"schema":{"@context":"https:\/\/schema.org","@graph":[{"@type":"WebPage","@id":"https:\/\/smans.com\/fr\/product\/automatic-pick-place-printer-ii-a1\/","url":"https:\/\/smans.com\/fr\/product\/automatic-pick-place-printer-ii-a1\/","name":"Automatic Pick &amp; Place Printer ii-A1 - Smans","isPartOf":{"@id":"https:\/\/smans.com\/nl\/#website"},"datePublished":"2024-06-09T15:21:29+00:00","dateModified":"2026-04-09T10:33:31+00:00","breadcrumb":{"@id":"https:\/\/smans.com\/fr\/product\/automatic-pick-place-printer-ii-a1\/#breadcrumb"},"inLanguage":"fr-FR","potentialAction":[{"@type":"ReadAction","target":["https:\/\/smans.com\/fr\/product\/automatic-pick-place-printer-ii-a1\/"]}]},{"@type":"BreadcrumbList","@id":"https:\/\/smans.com\/fr\/product\/automatic-pick-place-printer-ii-a1\/#breadcrumb","itemListElement":[{"@type":"ListItem","position":1,"name":"Home","item":"https:\/\/smans.com\/fr\/"},{"@type":"ListItem","position":2,"name":"Boutique","item":"https:\/\/smans.com\/nl\/shop\/"},{"@type":"ListItem","position":3,"name":"Europlacer - Automatic Pick &amp; Place Printer ii-A1"}]},{"@type":"WebSite","@id":"https:\/\/smans.com\/nl\/#website","url":"https:\/\/smans.com\/nl\/","name":"Smans","description":"","publisher":{"@id":"https:\/\/smans.com\/nl\/#organization"},"potentialAction":[{"@type":"SearchAction","target":{"@type":"EntryPoint","urlTemplate":"https:\/\/smans.com\/nl\/?s={search_term_string}"},"query-input":{"@type":"PropertyValueSpecification","valueRequired":true,"valueName":"search_term_string"}}],"inLanguage":"fr-FR"},{"@type":"Organization","@id":"https:\/\/smans.com\/nl\/#organization","name":"Smans","url":"https:\/\/smans.com\/nl\/","logo":{"@type":"ImageObject","inLanguage":"fr-FR","@id":"https:\/\/smans.com\/nl\/#\/schema\/logo\/image\/","url":"https:\/\/smans.com\/wp-content\/uploads\/2023\/09\/logo.svg","contentUrl":"https:\/\/smans.com\/wp-content\/uploads\/2023\/09\/logo.svg","caption":"Smans"},"image":{"@id":"https:\/\/smans.com\/nl\/#\/schema\/logo\/image\/"}}]}},"brands":[{"id":18240,"name":"Europlacer","slug":"brand-europlacer-fr"}],"_links":{"self":[{"href":"https:\/\/smans.com\/fr\/wp-json\/wp\/v2\/product\/23636","targetHints":{"allow":["GET"]}}],"collection":[{"href":"https:\/\/smans.com\/fr\/wp-json\/wp\/v2\/product"}],"about":[{"href":"https:\/\/smans.com\/fr\/wp-json\/wp\/v2\/types\/product"}],"wp:attachment":[{"href":"https:\/\/smans.com\/fr\/wp-json\/wp\/v2\/media?parent=23636"}],"wp:term":[{"taxonomy":"pwb-brand","embeddable":true,"href":"https:\/\/smans.com\/fr\/wp-json\/wp\/v2\/pwb-brand?post=23636"},{"taxonomy":"product_brand","embeddable":true,"href":"https:\/\/smans.com\/fr\/wp-json\/wp\/v2\/product_brand?post=23636"},{"taxonomy":"product_cat","embeddable":true,"href":"https:\/\/smans.com\/fr\/wp-json\/wp\/v2\/product_cat?post=23636"},{"taxonomy":"product_tag","embeddable":true,"href":"https:\/\/smans.com\/fr\/wp-json\/wp\/v2\/product_tag?post=23636"}],"curies":[{"name":"wp","href":"https:\/\/api.w.org\/{rel}","templated":true}]}}