{"id":23646,"date":"2024-06-09T17:15:18","date_gmt":"2024-06-09T15:15:18","guid":{"rendered":"https:\/\/smans.com\/product\/automatic-taping-machine-tm-700\/"},"modified":"2026-04-15T11:34:50","modified_gmt":"2026-04-15T09:34:50","slug":"automatic-taping-machine-tm-700","status":"publish","type":"product","link":"https:\/\/smans.com\/fr\/product\/automatic-taping-machine-tm-700\/","title":{"rendered":"V-Tek - Automatic Taping Machine TM-700"},"content":{"rendered":"<p>Le TM-700 est un syst\u00e8me rotatif \u00e0 grande vitesse capable d&rsquo;enregistrer de petits appareils jusqu&rsquo;\u00e0 18 000 UPH. Sa conception facilement configurable permet jusqu&rsquo;\u00e0 cinq processus ind\u00e9pendants avant le tri des rejets et la sortie du ruban. Gr\u00e2ce \u00e0 son mouvement vertical servocommand\u00e9, le TM-700 est capable de traiter des pi\u00e8ces d\u00e9licates \u00e0 travers plusieurs processus avec une acc\u00e9l\u00e9ration et une d\u00e9c\u00e9l\u00e9ration pr\u00e9cises. Le TM-700 peut \u00eatre converti entre diff\u00e9rents supports d&rsquo;entr\u00e9e et tailles de pi\u00e8ces, selon la configuration choisie.<\/p>\n","protected":false},"excerpt":{"rendered":"<p>Un syst\u00e8me \u00e0 rotation rapide capable d&#8217;emballer de petits appareils \u00e0 une cadence pouvant atteindre 20 000 unit\u00e9s par heure.<\/p>\n","protected":false},"featured_media":0,"template":"","meta":{"_acf_changed":false},"pwb-brand":[18312],"product_brand":[],"product_cat":[18054,17991,18004],"product_tag":[],"class_list":{"0":"post-23646","1":"product","2":"type-product","3":"status-publish","5":"pwb-brand-brand-v-tek-fr","6":"product_cat-component-taping-fr","7":"product_cat-electronique-fr","8":"product_cat-processus-secondaires-fr-2","10":"first","11":"instock","12":"taxable","13":"shipping-taxable","14":"product-type-simple"},"acf":[],"yoast_head":"<!-- This site is optimized with the Yoast SEO plugin v27.1.1 - https:\/\/yoast.com\/product\/yoast-seo-wordpress\/ -->\n<title>Automatic Taping Machine TM-700 - Smans<\/title>\n<meta name=\"robots\" content=\"index, follow, max-snippet:-1, max-image-preview:large, max-video-preview:-1\" \/>\n<link rel=\"canonical\" href=\"https:\/\/smans.com\/fr\/product\/automatic-taping-machine-tm-700\/\" \/>\n<meta property=\"og:locale\" content=\"fr_FR\" \/>\n<meta property=\"og:type\" content=\"article\" \/>\n<meta property=\"og:title\" content=\"Automatic Taping Machine TM-700 - Smans\" \/>\n<meta property=\"og:description\" content=\"Un syst\u00e8me \u00e0 rotation rapide capable d&#039;emballer de petits appareils \u00e0 une cadence pouvant atteindre 20 000 unit\u00e9s par heure.\" \/>\n<meta property=\"og:url\" content=\"https:\/\/smans.com\/fr\/product\/automatic-taping-machine-tm-700\/\" \/>\n<meta property=\"og:site_name\" content=\"Smans\" \/>\n<meta property=\"article:modified_time\" content=\"2026-04-15T09:34:50+00:00\" \/>\n<meta name=\"twitter:card\" content=\"summary_large_image\" \/>\n<script type=\"application\/ld+json\" class=\"yoast-schema-graph\">{\"@context\":\"https:\/\/schema.org\",\"@graph\":[{\"@type\":\"WebPage\",\"@id\":\"https:\/\/smans.com\/fr\/product\/automatic-taping-machine-tm-700\/\",\"url\":\"https:\/\/smans.com\/fr\/product\/automatic-taping-machine-tm-700\/\",\"name\":\"Automatic Taping Machine TM-700 - Smans\",\"isPartOf\":{\"@id\":\"https:\/\/smans.com\/nl\/#website\"},\"datePublished\":\"2024-06-09T15:15:18+00:00\",\"dateModified\":\"2026-04-15T09:34:50+00:00\",\"breadcrumb\":{\"@id\":\"https:\/\/smans.com\/fr\/product\/automatic-taping-machine-tm-700\/#breadcrumb\"},\"inLanguage\":\"fr-FR\",\"potentialAction\":[{\"@type\":\"ReadAction\",\"target\":[\"https:\/\/smans.com\/fr\/product\/automatic-taping-machine-tm-700\/\"]}]},{\"@type\":\"BreadcrumbList\",\"@id\":\"https:\/\/smans.com\/fr\/product\/automatic-taping-machine-tm-700\/#breadcrumb\",\"itemListElement\":[{\"@type\":\"ListItem\",\"position\":1,\"name\":\"Home\",\"item\":\"https:\/\/smans.com\/fr\/\"},{\"@type\":\"ListItem\",\"position\":2,\"name\":\"Boutique\",\"item\":\"https:\/\/smans.com\/nl\/shop\/\"},{\"@type\":\"ListItem\",\"position\":3,\"name\":\"V-Tek - Automatic Taping Machine TM-700\"}]},{\"@type\":\"WebSite\",\"@id\":\"https:\/\/smans.com\/nl\/#website\",\"url\":\"https:\/\/smans.com\/nl\/\",\"name\":\"Smans\",\"description\":\"\",\"publisher\":{\"@id\":\"https:\/\/smans.com\/nl\/#organization\"},\"potentialAction\":[{\"@type\":\"SearchAction\",\"target\":{\"@type\":\"EntryPoint\",\"urlTemplate\":\"https:\/\/smans.com\/nl\/?s={search_term_string}\"},\"query-input\":{\"@type\":\"PropertyValueSpecification\",\"valueRequired\":true,\"valueName\":\"search_term_string\"}}],\"inLanguage\":\"fr-FR\"},{\"@type\":\"Organization\",\"@id\":\"https:\/\/smans.com\/nl\/#organization\",\"name\":\"Smans\",\"url\":\"https:\/\/smans.com\/nl\/\",\"logo\":{\"@type\":\"ImageObject\",\"inLanguage\":\"fr-FR\",\"@id\":\"https:\/\/smans.com\/nl\/#\/schema\/logo\/image\/\",\"url\":\"https:\/\/smans.com\/wp-content\/uploads\/2023\/09\/logo.svg\",\"contentUrl\":\"https:\/\/smans.com\/wp-content\/uploads\/2023\/09\/logo.svg\",\"caption\":\"Smans\"},\"image\":{\"@id\":\"https:\/\/smans.com\/nl\/#\/schema\/logo\/image\/\"}}]}<\/script>\n<!-- \/ Yoast SEO plugin. -->","yoast_head_json":{"title":"Automatic Taping Machine TM-700 - Smans","robots":{"index":"index","follow":"follow","max-snippet":"max-snippet:-1","max-image-preview":"max-image-preview:large","max-video-preview":"max-video-preview:-1"},"canonical":"https:\/\/smans.com\/fr\/product\/automatic-taping-machine-tm-700\/","og_locale":"fr_FR","og_type":"article","og_title":"Automatic Taping Machine TM-700 - Smans","og_description":"Un syst\u00e8me \u00e0 rotation rapide capable d'emballer de petits appareils \u00e0 une cadence pouvant atteindre 20 000 unit\u00e9s par heure.","og_url":"https:\/\/smans.com\/fr\/product\/automatic-taping-machine-tm-700\/","og_site_name":"Smans","article_modified_time":"2026-04-15T09:34:50+00:00","twitter_card":"summary_large_image","schema":{"@context":"https:\/\/schema.org","@graph":[{"@type":"WebPage","@id":"https:\/\/smans.com\/fr\/product\/automatic-taping-machine-tm-700\/","url":"https:\/\/smans.com\/fr\/product\/automatic-taping-machine-tm-700\/","name":"Automatic Taping Machine TM-700 - Smans","isPartOf":{"@id":"https:\/\/smans.com\/nl\/#website"},"datePublished":"2024-06-09T15:15:18+00:00","dateModified":"2026-04-15T09:34:50+00:00","breadcrumb":{"@id":"https:\/\/smans.com\/fr\/product\/automatic-taping-machine-tm-700\/#breadcrumb"},"inLanguage":"fr-FR","potentialAction":[{"@type":"ReadAction","target":["https:\/\/smans.com\/fr\/product\/automatic-taping-machine-tm-700\/"]}]},{"@type":"BreadcrumbList","@id":"https:\/\/smans.com\/fr\/product\/automatic-taping-machine-tm-700\/#breadcrumb","itemListElement":[{"@type":"ListItem","position":1,"name":"Home","item":"https:\/\/smans.com\/fr\/"},{"@type":"ListItem","position":2,"name":"Boutique","item":"https:\/\/smans.com\/nl\/shop\/"},{"@type":"ListItem","position":3,"name":"V-Tek - Automatic Taping Machine TM-700"}]},{"@type":"WebSite","@id":"https:\/\/smans.com\/nl\/#website","url":"https:\/\/smans.com\/nl\/","name":"Smans","description":"","publisher":{"@id":"https:\/\/smans.com\/nl\/#organization"},"potentialAction":[{"@type":"SearchAction","target":{"@type":"EntryPoint","urlTemplate":"https:\/\/smans.com\/nl\/?s={search_term_string}"},"query-input":{"@type":"PropertyValueSpecification","valueRequired":true,"valueName":"search_term_string"}}],"inLanguage":"fr-FR"},{"@type":"Organization","@id":"https:\/\/smans.com\/nl\/#organization","name":"Smans","url":"https:\/\/smans.com\/nl\/","logo":{"@type":"ImageObject","inLanguage":"fr-FR","@id":"https:\/\/smans.com\/nl\/#\/schema\/logo\/image\/","url":"https:\/\/smans.com\/wp-content\/uploads\/2023\/09\/logo.svg","contentUrl":"https:\/\/smans.com\/wp-content\/uploads\/2023\/09\/logo.svg","caption":"Smans"},"image":{"@id":"https:\/\/smans.com\/nl\/#\/schema\/logo\/image\/"}}]}},"brands":[{"id":18312,"name":"V-Tek","slug":"brand-v-tek-fr"}],"_links":{"self":[{"href":"https:\/\/smans.com\/fr\/wp-json\/wp\/v2\/product\/23646","targetHints":{"allow":["GET"]}}],"collection":[{"href":"https:\/\/smans.com\/fr\/wp-json\/wp\/v2\/product"}],"about":[{"href":"https:\/\/smans.com\/fr\/wp-json\/wp\/v2\/types\/product"}],"wp:attachment":[{"href":"https:\/\/smans.com\/fr\/wp-json\/wp\/v2\/media?parent=23646"}],"wp:term":[{"taxonomy":"pwb-brand","embeddable":true,"href":"https:\/\/smans.com\/fr\/wp-json\/wp\/v2\/pwb-brand?post=23646"},{"taxonomy":"product_brand","embeddable":true,"href":"https:\/\/smans.com\/fr\/wp-json\/wp\/v2\/product_brand?post=23646"},{"taxonomy":"product_cat","embeddable":true,"href":"https:\/\/smans.com\/fr\/wp-json\/wp\/v2\/product_cat?post=23646"},{"taxonomy":"product_tag","embeddable":true,"href":"https:\/\/smans.com\/fr\/wp-json\/wp\/v2\/product_tag?post=23646"}],"curies":[{"name":"wp","href":"https:\/\/api.w.org\/{rel}","templated":true}]}}