{"id":23665,"date":"2024-06-09T17:14:22","date_gmt":"2024-06-09T15:14:22","guid":{"rendered":"https:\/\/smans.com\/product\/heat-shrink-system-stcs-cs14\/"},"modified":"2026-04-22T12:30:50","modified_gmt":"2026-04-22T10:30:50","slug":"heat-shrink-system-stcs-cs14","status":"publish","type":"product","link":"https:\/\/smans.com\/fr\/product\/heat-shrink-system-stcs-cs14\/","title":{"rendered":"Mecalbi - Heat Shrink System STCS-CS14"},"content":{"rendered":"<p data-start=\"1760\" data-end=\"2053\">Le STCS-CS14 est un syst\u00e8me de gaine thermor\u00e9tractable con\u00e7u comme un convoyeur court utilisant des r\u00e9sistances infrarouges. Cet appareil compact et l\u00e9ger est id\u00e9al pour des exigences de production \u00e9lev\u00e9es, o\u00f9 la vitesse de sortie d\u00e9pend du rythme de l\u2019op\u00e9rateur.<\/p>\n<p data-start=\"2055\" data-end=\"2101\"><strong data-start=\"2060\" data-end=\"2099\">Caract\u00e9ristiques et Fonctionnalit\u00e9s<\/strong><\/p>\n<p data-start=\"2102\" data-end=\"2399\">\u2714 Nouvelle interface am\u00e9lior\u00e9e avec technologie tactile<br data-start=\"2161\" data-end=\"2164\" \/>\u2714 Ajustement automatique de la vitesse du convoyeur en fonction du temps de r\u00e9traction programm\u00e9<br data-start=\"2264\" data-end=\"2267\" \/>\u2714 Fonctions avanc\u00e9es telles que Ethernet, USB et WiFi pour la communication r\u00e9seau<br data-start=\"2353\" data-end=\"2356\" \/>\u2714 Calibration manuelle et automatique<\/p>\n<p data-start=\"2401\" data-end=\"2579\" data-is-last-node=\"\">Le STCS-CS14 offre une solution fiable et efficace pour un traitement rapide et pr\u00e9cis des gaines thermor\u00e9tractables, parfait pour les applications industrielles.<\/p>\n","protected":false},"excerpt":{"rendered":"<p>Syst\u00e8me de Gaine Thermor\u00e9tractable Compact et Efficace<\/p>\n","protected":false},"featured_media":0,"template":"","meta":{"_acf_changed":false},"pwb-brand":[18274],"product_brand":[],"product_cat":[17990,18048,18001],"product_tag":[],"class_list":{"0":"post-23665","1":"product","2":"type-product","3":"status-publish","5":"pwb-brand-brand-mecalbi-fr","6":"product_cat-cables-et-cablage-fr","7":"product_cat-heat-shrinking-systems-fr","8":"product_cat-processus-secondaires-fr","10":"first","11":"instock","12":"taxable","13":"shipping-taxable","14":"product-type-simple"},"acf":[],"yoast_head":"<!-- This site is optimized with the Yoast SEO plugin v27.1.1 - https:\/\/yoast.com\/product\/yoast-seo-wordpress\/ -->\n<title>Heat Shrink System STCS-CS14 - Smans<\/title>\n<meta name=\"robots\" content=\"index, follow, max-snippet:-1, max-image-preview:large, max-video-preview:-1\" \/>\n<link rel=\"canonical\" href=\"https:\/\/smans.com\/fr\/product\/heat-shrink-system-stcs-cs14\/\" \/>\n<meta property=\"og:locale\" content=\"fr_FR\" \/>\n<meta property=\"og:type\" content=\"article\" \/>\n<meta property=\"og:title\" content=\"Heat Shrink System STCS-CS14 - Smans\" \/>\n<meta property=\"og:description\" content=\"Syst\u00e8me de Gaine Thermor\u00e9tractable Compact et Efficace\" \/>\n<meta property=\"og:url\" content=\"https:\/\/smans.com\/fr\/product\/heat-shrink-system-stcs-cs14\/\" \/>\n<meta property=\"og:site_name\" content=\"Smans\" \/>\n<meta property=\"article:modified_time\" content=\"2026-04-22T10:30:50+00:00\" \/>\n<meta name=\"twitter:card\" content=\"summary_large_image\" \/>\n<meta name=\"twitter:label1\" content=\"Dur\u00e9e de lecture estim\u00e9e\" \/>\n\t<meta name=\"twitter:data1\" content=\"1 minute\" \/>\n<script type=\"application\/ld+json\" class=\"yoast-schema-graph\">{\"@context\":\"https:\/\/schema.org\",\"@graph\":[{\"@type\":\"WebPage\",\"@id\":\"https:\/\/smans.com\/fr\/product\/heat-shrink-system-stcs-cs14\/\",\"url\":\"https:\/\/smans.com\/fr\/product\/heat-shrink-system-stcs-cs14\/\",\"name\":\"Heat Shrink System STCS-CS14 - Smans\",\"isPartOf\":{\"@id\":\"https:\/\/smans.com\/nl\/#website\"},\"datePublished\":\"2024-06-09T15:14:22+00:00\",\"dateModified\":\"2026-04-22T10:30:50+00:00\",\"breadcrumb\":{\"@id\":\"https:\/\/smans.com\/fr\/product\/heat-shrink-system-stcs-cs14\/#breadcrumb\"},\"inLanguage\":\"fr-FR\",\"potentialAction\":[{\"@type\":\"ReadAction\",\"target\":[\"https:\/\/smans.com\/fr\/product\/heat-shrink-system-stcs-cs14\/\"]}]},{\"@type\":\"BreadcrumbList\",\"@id\":\"https:\/\/smans.com\/fr\/product\/heat-shrink-system-stcs-cs14\/#breadcrumb\",\"itemListElement\":[{\"@type\":\"ListItem\",\"position\":1,\"name\":\"Home\",\"item\":\"https:\/\/smans.com\/fr\/\"},{\"@type\":\"ListItem\",\"position\":2,\"name\":\"Boutique\",\"item\":\"https:\/\/smans.com\/nl\/shop\/\"},{\"@type\":\"ListItem\",\"position\":3,\"name\":\"Mecalbi - Heat Shrink System STCS-CS14\"}]},{\"@type\":\"WebSite\",\"@id\":\"https:\/\/smans.com\/nl\/#website\",\"url\":\"https:\/\/smans.com\/nl\/\",\"name\":\"Smans\",\"description\":\"\",\"publisher\":{\"@id\":\"https:\/\/smans.com\/nl\/#organization\"},\"potentialAction\":[{\"@type\":\"SearchAction\",\"target\":{\"@type\":\"EntryPoint\",\"urlTemplate\":\"https:\/\/smans.com\/nl\/?s={search_term_string}\"},\"query-input\":{\"@type\":\"PropertyValueSpecification\",\"valueRequired\":true,\"valueName\":\"search_term_string\"}}],\"inLanguage\":\"fr-FR\"},{\"@type\":\"Organization\",\"@id\":\"https:\/\/smans.com\/nl\/#organization\",\"name\":\"Smans\",\"url\":\"https:\/\/smans.com\/nl\/\",\"logo\":{\"@type\":\"ImageObject\",\"inLanguage\":\"fr-FR\",\"@id\":\"https:\/\/smans.com\/nl\/#\/schema\/logo\/image\/\",\"url\":\"https:\/\/smans.com\/wp-content\/uploads\/2023\/09\/logo.svg\",\"contentUrl\":\"https:\/\/smans.com\/wp-content\/uploads\/2023\/09\/logo.svg\",\"caption\":\"Smans\"},\"image\":{\"@id\":\"https:\/\/smans.com\/nl\/#\/schema\/logo\/image\/\"}}]}<\/script>\n<!-- \/ Yoast SEO plugin. -->","yoast_head_json":{"title":"Heat Shrink System STCS-CS14 - Smans","robots":{"index":"index","follow":"follow","max-snippet":"max-snippet:-1","max-image-preview":"max-image-preview:large","max-video-preview":"max-video-preview:-1"},"canonical":"https:\/\/smans.com\/fr\/product\/heat-shrink-system-stcs-cs14\/","og_locale":"fr_FR","og_type":"article","og_title":"Heat Shrink System STCS-CS14 - Smans","og_description":"Syst\u00e8me de Gaine Thermor\u00e9tractable Compact et Efficace","og_url":"https:\/\/smans.com\/fr\/product\/heat-shrink-system-stcs-cs14\/","og_site_name":"Smans","article_modified_time":"2026-04-22T10:30:50+00:00","twitter_card":"summary_large_image","twitter_misc":{"Dur\u00e9e de lecture estim\u00e9e":"1 minute"},"schema":{"@context":"https:\/\/schema.org","@graph":[{"@type":"WebPage","@id":"https:\/\/smans.com\/fr\/product\/heat-shrink-system-stcs-cs14\/","url":"https:\/\/smans.com\/fr\/product\/heat-shrink-system-stcs-cs14\/","name":"Heat Shrink System STCS-CS14 - Smans","isPartOf":{"@id":"https:\/\/smans.com\/nl\/#website"},"datePublished":"2024-06-09T15:14:22+00:00","dateModified":"2026-04-22T10:30:50+00:00","breadcrumb":{"@id":"https:\/\/smans.com\/fr\/product\/heat-shrink-system-stcs-cs14\/#breadcrumb"},"inLanguage":"fr-FR","potentialAction":[{"@type":"ReadAction","target":["https:\/\/smans.com\/fr\/product\/heat-shrink-system-stcs-cs14\/"]}]},{"@type":"BreadcrumbList","@id":"https:\/\/smans.com\/fr\/product\/heat-shrink-system-stcs-cs14\/#breadcrumb","itemListElement":[{"@type":"ListItem","position":1,"name":"Home","item":"https:\/\/smans.com\/fr\/"},{"@type":"ListItem","position":2,"name":"Boutique","item":"https:\/\/smans.com\/nl\/shop\/"},{"@type":"ListItem","position":3,"name":"Mecalbi - Heat Shrink System STCS-CS14"}]},{"@type":"WebSite","@id":"https:\/\/smans.com\/nl\/#website","url":"https:\/\/smans.com\/nl\/","name":"Smans","description":"","publisher":{"@id":"https:\/\/smans.com\/nl\/#organization"},"potentialAction":[{"@type":"SearchAction","target":{"@type":"EntryPoint","urlTemplate":"https:\/\/smans.com\/nl\/?s={search_term_string}"},"query-input":{"@type":"PropertyValueSpecification","valueRequired":true,"valueName":"search_term_string"}}],"inLanguage":"fr-FR"},{"@type":"Organization","@id":"https:\/\/smans.com\/nl\/#organization","name":"Smans","url":"https:\/\/smans.com\/nl\/","logo":{"@type":"ImageObject","inLanguage":"fr-FR","@id":"https:\/\/smans.com\/nl\/#\/schema\/logo\/image\/","url":"https:\/\/smans.com\/wp-content\/uploads\/2023\/09\/logo.svg","contentUrl":"https:\/\/smans.com\/wp-content\/uploads\/2023\/09\/logo.svg","caption":"Smans"},"image":{"@id":"https:\/\/smans.com\/nl\/#\/schema\/logo\/image\/"}}]}},"brands":[{"id":18274,"name":"Mecalbi","slug":"brand-mecalbi-fr"}],"_links":{"self":[{"href":"https:\/\/smans.com\/fr\/wp-json\/wp\/v2\/product\/23665","targetHints":{"allow":["GET"]}}],"collection":[{"href":"https:\/\/smans.com\/fr\/wp-json\/wp\/v2\/product"}],"about":[{"href":"https:\/\/smans.com\/fr\/wp-json\/wp\/v2\/types\/product"}],"wp:attachment":[{"href":"https:\/\/smans.com\/fr\/wp-json\/wp\/v2\/media?parent=23665"}],"wp:term":[{"taxonomy":"pwb-brand","embeddable":true,"href":"https:\/\/smans.com\/fr\/wp-json\/wp\/v2\/pwb-brand?post=23665"},{"taxonomy":"product_brand","embeddable":true,"href":"https:\/\/smans.com\/fr\/wp-json\/wp\/v2\/product_brand?post=23665"},{"taxonomy":"product_cat","embeddable":true,"href":"https:\/\/smans.com\/fr\/wp-json\/wp\/v2\/product_cat?post=23665"},{"taxonomy":"product_tag","embeddable":true,"href":"https:\/\/smans.com\/fr\/wp-json\/wp\/v2\/product_tag?post=23665"}],"curies":[{"name":"wp","href":"https:\/\/api.w.org\/{rel}","templated":true}]}}