{"id":23711,"date":"2024-06-09T17:07:59","date_gmt":"2024-06-09T15:07:59","guid":{"rendered":"https:\/\/smans.com\/product\/microlab-55\/"},"modified":"2026-04-11T11:48:12","modified_gmt":"2026-04-11T09:48:12","slug":"microlab-55","status":"publish","type":"product","link":"https:\/\/smans.com\/fr\/product\/microlab-55\/","title":{"rendered":"Komax - Microlab 55"},"content":{"rendered":"<p data-start=\"2795\" data-end=\"3127\">Le <strong data-start=\"2798\" data-end=\"2813\">MicroLab 55<\/strong> est un <strong data-start=\"2821\" data-end=\"2861\">laboratoire de micrographie autonome<\/strong>, con\u00e7u pour <strong data-start=\"2874\" data-end=\"2915\">tous les types de sertissage courants<\/strong> disponibles sur le march\u00e9. Il permet d\u2019effectuer <strong data-start=\"2965\" data-end=\"3011\">des coupes transversales et longitudinales<\/strong> sur des connexions serties de <strong data-start=\"3042\" data-end=\"3070\">0,5 \u00e0 30,0 mm de largeur<\/strong>, le rendant adapt\u00e9 \u00e0 un large \u00e9ventail d\u2019applications.<\/p>\n<h4 data-start=\"3129\" data-end=\"3165\"><strong data-start=\"3134\" data-end=\"3163\">Applications Polyvalentes<\/strong><\/h4>\n<ul data-start=\"3166\" data-end=\"3405\">\n<li data-start=\"3166\" data-end=\"3289\"><strong data-start=\"3168\" data-end=\"3226\">Micrographies de sertissages en cuivre et en aluminium<\/strong> :\n<ul data-start=\"3233\" data-end=\"3289\">\n<li data-start=\"3233\" data-end=\"3289\"><strong data-start=\"3235\" data-end=\"3286\">Sertissages B, MIL, hexagonaux, connecteurs IDC<\/strong>.<\/li>\n<\/ul>\n<\/li>\n<li data-start=\"3290\" data-end=\"3405\"><strong data-start=\"3292\" data-end=\"3353\">\u00c9galement adapt\u00e9 aux applications hors secteur automobile<\/strong>, comme <strong data-start=\"3361\" data-end=\"3402\">les circuits imprim\u00e9s et les bo\u00eetiers<\/strong>.<\/li>\n<\/ul>\n<h4 data-start=\"3407\" data-end=\"3468\"><strong data-start=\"3412\" data-end=\"3466\">Technologie Innovante pour une Efficacit\u00e9 Maximale<\/strong><\/h4>\n<ul data-start=\"3469\" data-end=\"3908\">\n<li data-start=\"3469\" data-end=\"3550\"><strong data-start=\"3471\" data-end=\"3491\">Module SmartEtch<\/strong> qui <strong data-start=\"3496\" data-end=\"3524\">s\u2019adapte automatiquement<\/strong>, sans r\u00e9glages manuels.<\/li>\n<li data-start=\"3551\" data-end=\"3629\"><strong data-start=\"3553\" data-end=\"3595\">Aucune fixation suppl\u00e9mentaire requise<\/strong> entre les \u00e9tapes de traitement.<\/li>\n<li data-start=\"3630\" data-end=\"3741\"><strong data-start=\"3632\" data-end=\"3666\">SmartOptic avec zoom num\u00e9rique<\/strong> pour une <strong data-start=\"3676\" data-end=\"3706\">pr\u00e9cision de mesure \u00e9lev\u00e9e<\/strong> et des micrographies de qualit\u00e9.<\/li>\n<li data-start=\"3742\" data-end=\"3825\"><strong data-start=\"3744\" data-end=\"3781\">Disposition optimis\u00e9e des modules<\/strong> pour <strong data-start=\"3787\" data-end=\"3822\">des temps de traitement r\u00e9duits<\/strong>.<\/li>\n<li data-start=\"3826\" data-end=\"3908\"><strong data-start=\"3828\" data-end=\"3852\">Utilisation flexible<\/strong> : Convient aux <strong data-start=\"3868\" data-end=\"3905\">postes de travail assis ou debout<\/strong>.<\/li>\n<\/ul>\n<p data-start=\"3910\" data-end=\"4106\" data-is-last-node=\"\">Le <strong data-start=\"3913\" data-end=\"3928\">MicroLab 55<\/strong> offre une <strong data-start=\"3939\" data-end=\"3995\">solution de micrographie rapide, pr\u00e9cise et efficace<\/strong>, id\u00e9ale pour le <strong data-start=\"4012\" data-end=\"4105\">contr\u00f4le qualit\u00e9 dans la technologie du sertissage et d&rsquo;autres applications industrielles<\/strong>.<\/p>\n","protected":false},"excerpt":{"rendered":"<p>MicroLab 55 : Laboratoire de Micrographie Autonome  pour Diverses Applications de Sertissage et de D\u00e9coupe<\/p>\n","protected":false},"featured_media":0,"template":"","meta":{"_acf_changed":false},"pwb-brand":[18260],"product_brand":[],"product_cat":[17990,17997,18026],"product_tag":[],"class_list":{"0":"post-23711","1":"product","2":"type-product","3":"status-publish","5":"pwb-brand-brand-komax-fr","6":"product_cat-cables-et-cablage-fr","7":"product_cat-control-de-la-qualite-fr","8":"product_cat-micrograph-laboratories-fr","10":"first","11":"instock","12":"taxable","13":"shipping-taxable","14":"product-type-simple"},"acf":[],"yoast_head":"<!-- This site is optimized with the Yoast SEO plugin v27.1.1 - https:\/\/yoast.com\/product\/yoast-seo-wordpress\/ -->\n<title>Microlab 55 - Smans<\/title>\n<meta name=\"robots\" content=\"index, follow, max-snippet:-1, max-image-preview:large, max-video-preview:-1\" \/>\n<link rel=\"canonical\" href=\"https:\/\/smans.com\/fr\/product\/microlab-55\/\" \/>\n<meta property=\"og:locale\" content=\"fr_FR\" \/>\n<meta property=\"og:type\" content=\"article\" \/>\n<meta property=\"og:title\" content=\"Microlab 55 - Smans\" \/>\n<meta property=\"og:description\" content=\"MicroLab 55 : Laboratoire de Micrographie Autonome pour Diverses Applications de Sertissage et de D\u00e9coupe\" \/>\n<meta property=\"og:url\" content=\"https:\/\/smans.com\/fr\/product\/microlab-55\/\" \/>\n<meta property=\"og:site_name\" content=\"Smans\" \/>\n<meta property=\"article:modified_time\" content=\"2026-04-11T09:48:12+00:00\" \/>\n<meta name=\"twitter:card\" content=\"summary_large_image\" \/>\n<meta name=\"twitter:label1\" content=\"Dur\u00e9e de lecture estim\u00e9e\" \/>\n\t<meta name=\"twitter:data1\" content=\"1 minute\" \/>\n<script type=\"application\/ld+json\" class=\"yoast-schema-graph\">{\"@context\":\"https:\/\/schema.org\",\"@graph\":[{\"@type\":\"WebPage\",\"@id\":\"https:\/\/smans.com\/fr\/product\/microlab-55\/\",\"url\":\"https:\/\/smans.com\/fr\/product\/microlab-55\/\",\"name\":\"Microlab 55 - Smans\",\"isPartOf\":{\"@id\":\"https:\/\/smans.com\/nl\/#website\"},\"datePublished\":\"2024-06-09T15:07:59+00:00\",\"dateModified\":\"2026-04-11T09:48:12+00:00\",\"breadcrumb\":{\"@id\":\"https:\/\/smans.com\/fr\/product\/microlab-55\/#breadcrumb\"},\"inLanguage\":\"fr-FR\",\"potentialAction\":[{\"@type\":\"ReadAction\",\"target\":[\"https:\/\/smans.com\/fr\/product\/microlab-55\/\"]}]},{\"@type\":\"BreadcrumbList\",\"@id\":\"https:\/\/smans.com\/fr\/product\/microlab-55\/#breadcrumb\",\"itemListElement\":[{\"@type\":\"ListItem\",\"position\":1,\"name\":\"Home\",\"item\":\"https:\/\/smans.com\/fr\/\"},{\"@type\":\"ListItem\",\"position\":2,\"name\":\"Boutique\",\"item\":\"https:\/\/smans.com\/nl\/shop\/\"},{\"@type\":\"ListItem\",\"position\":3,\"name\":\"Komax - Microlab 55\"}]},{\"@type\":\"WebSite\",\"@id\":\"https:\/\/smans.com\/nl\/#website\",\"url\":\"https:\/\/smans.com\/nl\/\",\"name\":\"Smans\",\"description\":\"\",\"publisher\":{\"@id\":\"https:\/\/smans.com\/nl\/#organization\"},\"potentialAction\":[{\"@type\":\"SearchAction\",\"target\":{\"@type\":\"EntryPoint\",\"urlTemplate\":\"https:\/\/smans.com\/nl\/?s={search_term_string}\"},\"query-input\":{\"@type\":\"PropertyValueSpecification\",\"valueRequired\":true,\"valueName\":\"search_term_string\"}}],\"inLanguage\":\"fr-FR\"},{\"@type\":\"Organization\",\"@id\":\"https:\/\/smans.com\/nl\/#organization\",\"name\":\"Smans\",\"url\":\"https:\/\/smans.com\/nl\/\",\"logo\":{\"@type\":\"ImageObject\",\"inLanguage\":\"fr-FR\",\"@id\":\"https:\/\/smans.com\/nl\/#\/schema\/logo\/image\/\",\"url\":\"https:\/\/smans.com\/wp-content\/uploads\/2023\/09\/logo.svg\",\"contentUrl\":\"https:\/\/smans.com\/wp-content\/uploads\/2023\/09\/logo.svg\",\"caption\":\"Smans\"},\"image\":{\"@id\":\"https:\/\/smans.com\/nl\/#\/schema\/logo\/image\/\"}}]}<\/script>\n<!-- \/ Yoast SEO plugin. -->","yoast_head_json":{"title":"Microlab 55 - Smans","robots":{"index":"index","follow":"follow","max-snippet":"max-snippet:-1","max-image-preview":"max-image-preview:large","max-video-preview":"max-video-preview:-1"},"canonical":"https:\/\/smans.com\/fr\/product\/microlab-55\/","og_locale":"fr_FR","og_type":"article","og_title":"Microlab 55 - Smans","og_description":"MicroLab 55 : Laboratoire de Micrographie Autonome pour Diverses Applications de Sertissage et de D\u00e9coupe","og_url":"https:\/\/smans.com\/fr\/product\/microlab-55\/","og_site_name":"Smans","article_modified_time":"2026-04-11T09:48:12+00:00","twitter_card":"summary_large_image","twitter_misc":{"Dur\u00e9e de lecture estim\u00e9e":"1 minute"},"schema":{"@context":"https:\/\/schema.org","@graph":[{"@type":"WebPage","@id":"https:\/\/smans.com\/fr\/product\/microlab-55\/","url":"https:\/\/smans.com\/fr\/product\/microlab-55\/","name":"Microlab 55 - Smans","isPartOf":{"@id":"https:\/\/smans.com\/nl\/#website"},"datePublished":"2024-06-09T15:07:59+00:00","dateModified":"2026-04-11T09:48:12+00:00","breadcrumb":{"@id":"https:\/\/smans.com\/fr\/product\/microlab-55\/#breadcrumb"},"inLanguage":"fr-FR","potentialAction":[{"@type":"ReadAction","target":["https:\/\/smans.com\/fr\/product\/microlab-55\/"]}]},{"@type":"BreadcrumbList","@id":"https:\/\/smans.com\/fr\/product\/microlab-55\/#breadcrumb","itemListElement":[{"@type":"ListItem","position":1,"name":"Home","item":"https:\/\/smans.com\/fr\/"},{"@type":"ListItem","position":2,"name":"Boutique","item":"https:\/\/smans.com\/nl\/shop\/"},{"@type":"ListItem","position":3,"name":"Komax - Microlab 55"}]},{"@type":"WebSite","@id":"https:\/\/smans.com\/nl\/#website","url":"https:\/\/smans.com\/nl\/","name":"Smans","description":"","publisher":{"@id":"https:\/\/smans.com\/nl\/#organization"},"potentialAction":[{"@type":"SearchAction","target":{"@type":"EntryPoint","urlTemplate":"https:\/\/smans.com\/nl\/?s={search_term_string}"},"query-input":{"@type":"PropertyValueSpecification","valueRequired":true,"valueName":"search_term_string"}}],"inLanguage":"fr-FR"},{"@type":"Organization","@id":"https:\/\/smans.com\/nl\/#organization","name":"Smans","url":"https:\/\/smans.com\/nl\/","logo":{"@type":"ImageObject","inLanguage":"fr-FR","@id":"https:\/\/smans.com\/nl\/#\/schema\/logo\/image\/","url":"https:\/\/smans.com\/wp-content\/uploads\/2023\/09\/logo.svg","contentUrl":"https:\/\/smans.com\/wp-content\/uploads\/2023\/09\/logo.svg","caption":"Smans"},"image":{"@id":"https:\/\/smans.com\/nl\/#\/schema\/logo\/image\/"}}]}},"brands":[{"id":18260,"name":"Komax","slug":"brand-komax-fr"}],"_links":{"self":[{"href":"https:\/\/smans.com\/fr\/wp-json\/wp\/v2\/product\/23711","targetHints":{"allow":["GET"]}}],"collection":[{"href":"https:\/\/smans.com\/fr\/wp-json\/wp\/v2\/product"}],"about":[{"href":"https:\/\/smans.com\/fr\/wp-json\/wp\/v2\/types\/product"}],"wp:attachment":[{"href":"https:\/\/smans.com\/fr\/wp-json\/wp\/v2\/media?parent=23711"}],"wp:term":[{"taxonomy":"pwb-brand","embeddable":true,"href":"https:\/\/smans.com\/fr\/wp-json\/wp\/v2\/pwb-brand?post=23711"},{"taxonomy":"product_brand","embeddable":true,"href":"https:\/\/smans.com\/fr\/wp-json\/wp\/v2\/product_brand?post=23711"},{"taxonomy":"product_cat","embeddable":true,"href":"https:\/\/smans.com\/fr\/wp-json\/wp\/v2\/product_cat?post=23711"},{"taxonomy":"product_tag","embeddable":true,"href":"https:\/\/smans.com\/fr\/wp-json\/wp\/v2\/product_tag?post=23711"}],"curies":[{"name":"wp","href":"https:\/\/api.w.org\/{rel}","templated":true}]}}