{"id":23768,"date":"2024-06-09T17:08:07","date_gmt":"2024-06-09T15:08:07","guid":{"rendered":"https:\/\/smans.com\/product\/precision-measuring-device-q2205\/"},"modified":"2026-04-08T12:09:39","modified_gmt":"2026-04-08T10:09:39","slug":"precision-measuring-device-q2205","status":"publish","type":"product","link":"https:\/\/smans.com\/fr\/product\/precision-measuring-device-q2205\/","title":{"rendered":"Komax - Precision measuring device Q2205"},"content":{"rendered":"<p data-start=\"2421\" data-end=\"2772\">Le <strong data-start=\"2424\" data-end=\"2433\">Q2205<\/strong> est un <strong data-start=\"2441\" data-end=\"2476\">appareil de mesure de pr\u00e9cision<\/strong> pour <strong data-start=\"2482\" data-end=\"2517\">machines de traitement des fils<\/strong>, con\u00e7u pour <strong data-start=\"2530\" data-end=\"2578\">mesurer des forces de traction de 20 \u00e0 500 N<\/strong> avec une <strong data-start=\"2588\" data-end=\"2641\">vitesse d\u2019extraction contr\u00f4l\u00e9e de 25 ou 50 mm\/min<\/strong>. Il est id\u00e9al pour les <strong data-start=\"2665\" data-end=\"2714\">sections de fils petites \u00e0 moyennes (&lt; 4 mm\u00b2)<\/strong> et garantit des <strong data-start=\"2731\" data-end=\"2769\">mesures reproductibles et pr\u00e9cises<\/strong>.<\/p>\n<h4 data-start=\"2774\" data-end=\"2827\"><strong data-start=\"2779\" data-end=\"2825\">Pr\u00e9cision de Mesure Avanc\u00e9e et Int\u00e9gration<\/strong><\/h4>\n<ul data-start=\"2828\" data-end=\"3066\">\n<li data-start=\"2828\" data-end=\"2912\"><strong data-start=\"2830\" data-end=\"2863\">Vitesse de traction constante<\/strong> gr\u00e2ce \u00e0 une <strong data-start=\"2876\" data-end=\"2909\">boucle de r\u00e9gulation int\u00e9gr\u00e9e<\/strong>.<\/li>\n<li data-start=\"2913\" data-end=\"2988\"><strong data-start=\"2915\" data-end=\"2951\">Comparaison des valeurs mesur\u00e9es<\/strong> avec le point de r\u00e9f\u00e9rence d\u00e9fini.<\/li>\n<li data-start=\"2989\" data-end=\"3066\"><strong data-start=\"2991\" data-end=\"3030\">Int\u00e9gration logicielle transparente<\/strong> pour un flux de travail efficace.<\/li>\n<\/ul>\n<h4 data-start=\"3068\" data-end=\"3121\"><strong data-start=\"3073\" data-end=\"3119\">Facilit\u00e9 d\u2019Utilisation et Contr\u00f4le Qualit\u00e9<\/strong><\/h4>\n<ul data-start=\"3122\" data-end=\"3377\">\n<li data-start=\"3122\" data-end=\"3204\"><strong data-start=\"3124\" data-end=\"3151\">Unit\u00e9 de test en option<\/strong> pour la v\u00e9rification de pr\u00e9cision et l\u2019\u00e9talonnage.<\/li>\n<li data-start=\"3205\" data-end=\"3296\"><strong data-start=\"3207\" data-end=\"3246\">Comparaison automatique des mesures<\/strong> et <strong data-start=\"3250\" data-end=\"3293\">g\u00e9n\u00e9ration d\u2019un certificat d\u2019\u00e9talonnage<\/strong>.<\/li>\n<li data-start=\"3297\" data-end=\"3377\"><strong data-start=\"3299\" data-end=\"3321\">Conception robuste<\/strong> adapt\u00e9e aux <strong data-start=\"3334\" data-end=\"3374\">environnements industriels exigeants<\/strong>.<\/li>\n<\/ul>\n<p data-start=\"3379\" data-end=\"3531\" data-is-last-node=\"\">Le <strong data-start=\"3382\" data-end=\"3391\">Q2205<\/strong> est une <strong data-start=\"3400\" data-end=\"3439\">solution stable, pr\u00e9cise et durable<\/strong> pour <strong data-start=\"3445\" data-end=\"3530\">l\u2019assurance qualit\u00e9 dans le traitement des fils et les tests de force de traction<\/strong>.<\/p>\n","protected":false},"excerpt":{"rendered":"<p>KMX Q2205: machines de traitement des fils<\/p>\n","protected":false},"featured_media":0,"template":"","meta":{"_acf_changed":false},"pwb-brand":[18260],"product_brand":[],"product_cat":[17990,17997,18025],"product_tag":[],"class_list":{"0":"post-23768","1":"product","2":"type-product","3":"status-publish","5":"pwb-brand-brand-komax-fr","6":"product_cat-cables-et-cablage-fr","7":"product_cat-control-de-la-qualite-fr","8":"product_cat-quality-modules-fr","10":"first","11":"instock","12":"taxable","13":"shipping-taxable","14":"product-type-simple"},"acf":[],"yoast_head":"<!-- This site is optimized with the Yoast SEO plugin v27.1.1 - https:\/\/yoast.com\/product\/yoast-seo-wordpress\/ -->\n<title>Precision measuring device Q2205 - Smans<\/title>\n<meta name=\"robots\" content=\"index, follow, max-snippet:-1, max-image-preview:large, max-video-preview:-1\" \/>\n<link rel=\"canonical\" href=\"https:\/\/smans.com\/fr\/product\/precision-measuring-device-q2205\/\" \/>\n<meta property=\"og:locale\" content=\"fr_FR\" \/>\n<meta property=\"og:type\" content=\"article\" \/>\n<meta property=\"og:title\" content=\"Precision measuring device Q2205 - Smans\" \/>\n<meta property=\"og:description\" content=\"KMX Q2205: machines de traitement des fils\" \/>\n<meta property=\"og:url\" content=\"https:\/\/smans.com\/fr\/product\/precision-measuring-device-q2205\/\" \/>\n<meta property=\"og:site_name\" content=\"Smans\" \/>\n<meta property=\"article:modified_time\" content=\"2026-04-08T10:09:39+00:00\" \/>\n<meta name=\"twitter:card\" content=\"summary_large_image\" \/>\n<meta name=\"twitter:label1\" content=\"Dur\u00e9e de lecture estim\u00e9e\" \/>\n\t<meta name=\"twitter:data1\" content=\"1 minute\" \/>\n<script type=\"application\/ld+json\" class=\"yoast-schema-graph\">{\"@context\":\"https:\/\/schema.org\",\"@graph\":[{\"@type\":\"WebPage\",\"@id\":\"https:\/\/smans.com\/fr\/product\/precision-measuring-device-q2205\/\",\"url\":\"https:\/\/smans.com\/fr\/product\/precision-measuring-device-q2205\/\",\"name\":\"Precision measuring device Q2205 - Smans\",\"isPartOf\":{\"@id\":\"https:\/\/smans.com\/nl\/#website\"},\"datePublished\":\"2024-06-09T15:08:07+00:00\",\"dateModified\":\"2026-04-08T10:09:39+00:00\",\"breadcrumb\":{\"@id\":\"https:\/\/smans.com\/fr\/product\/precision-measuring-device-q2205\/#breadcrumb\"},\"inLanguage\":\"fr-FR\",\"potentialAction\":[{\"@type\":\"ReadAction\",\"target\":[\"https:\/\/smans.com\/fr\/product\/precision-measuring-device-q2205\/\"]}]},{\"@type\":\"BreadcrumbList\",\"@id\":\"https:\/\/smans.com\/fr\/product\/precision-measuring-device-q2205\/#breadcrumb\",\"itemListElement\":[{\"@type\":\"ListItem\",\"position\":1,\"name\":\"Home\",\"item\":\"https:\/\/smans.com\/fr\/\"},{\"@type\":\"ListItem\",\"position\":2,\"name\":\"Boutique\",\"item\":\"https:\/\/smans.com\/nl\/shop\/\"},{\"@type\":\"ListItem\",\"position\":3,\"name\":\"Komax - Precision measuring device Q2205\"}]},{\"@type\":\"WebSite\",\"@id\":\"https:\/\/smans.com\/nl\/#website\",\"url\":\"https:\/\/smans.com\/nl\/\",\"name\":\"Smans\",\"description\":\"\",\"publisher\":{\"@id\":\"https:\/\/smans.com\/nl\/#organization\"},\"potentialAction\":[{\"@type\":\"SearchAction\",\"target\":{\"@type\":\"EntryPoint\",\"urlTemplate\":\"https:\/\/smans.com\/nl\/?s={search_term_string}\"},\"query-input\":{\"@type\":\"PropertyValueSpecification\",\"valueRequired\":true,\"valueName\":\"search_term_string\"}}],\"inLanguage\":\"fr-FR\"},{\"@type\":\"Organization\",\"@id\":\"https:\/\/smans.com\/nl\/#organization\",\"name\":\"Smans\",\"url\":\"https:\/\/smans.com\/nl\/\",\"logo\":{\"@type\":\"ImageObject\",\"inLanguage\":\"fr-FR\",\"@id\":\"https:\/\/smans.com\/nl\/#\/schema\/logo\/image\/\",\"url\":\"https:\/\/smans.com\/wp-content\/uploads\/2023\/09\/logo.svg\",\"contentUrl\":\"https:\/\/smans.com\/wp-content\/uploads\/2023\/09\/logo.svg\",\"caption\":\"Smans\"},\"image\":{\"@id\":\"https:\/\/smans.com\/nl\/#\/schema\/logo\/image\/\"}}]}<\/script>\n<!-- \/ Yoast SEO plugin. -->","yoast_head_json":{"title":"Precision measuring device Q2205 - Smans","robots":{"index":"index","follow":"follow","max-snippet":"max-snippet:-1","max-image-preview":"max-image-preview:large","max-video-preview":"max-video-preview:-1"},"canonical":"https:\/\/smans.com\/fr\/product\/precision-measuring-device-q2205\/","og_locale":"fr_FR","og_type":"article","og_title":"Precision measuring device Q2205 - Smans","og_description":"KMX Q2205: machines de traitement des fils","og_url":"https:\/\/smans.com\/fr\/product\/precision-measuring-device-q2205\/","og_site_name":"Smans","article_modified_time":"2026-04-08T10:09:39+00:00","twitter_card":"summary_large_image","twitter_misc":{"Dur\u00e9e de lecture estim\u00e9e":"1 minute"},"schema":{"@context":"https:\/\/schema.org","@graph":[{"@type":"WebPage","@id":"https:\/\/smans.com\/fr\/product\/precision-measuring-device-q2205\/","url":"https:\/\/smans.com\/fr\/product\/precision-measuring-device-q2205\/","name":"Precision measuring device Q2205 - Smans","isPartOf":{"@id":"https:\/\/smans.com\/nl\/#website"},"datePublished":"2024-06-09T15:08:07+00:00","dateModified":"2026-04-08T10:09:39+00:00","breadcrumb":{"@id":"https:\/\/smans.com\/fr\/product\/precision-measuring-device-q2205\/#breadcrumb"},"inLanguage":"fr-FR","potentialAction":[{"@type":"ReadAction","target":["https:\/\/smans.com\/fr\/product\/precision-measuring-device-q2205\/"]}]},{"@type":"BreadcrumbList","@id":"https:\/\/smans.com\/fr\/product\/precision-measuring-device-q2205\/#breadcrumb","itemListElement":[{"@type":"ListItem","position":1,"name":"Home","item":"https:\/\/smans.com\/fr\/"},{"@type":"ListItem","position":2,"name":"Boutique","item":"https:\/\/smans.com\/nl\/shop\/"},{"@type":"ListItem","position":3,"name":"Komax - Precision measuring device Q2205"}]},{"@type":"WebSite","@id":"https:\/\/smans.com\/nl\/#website","url":"https:\/\/smans.com\/nl\/","name":"Smans","description":"","publisher":{"@id":"https:\/\/smans.com\/nl\/#organization"},"potentialAction":[{"@type":"SearchAction","target":{"@type":"EntryPoint","urlTemplate":"https:\/\/smans.com\/nl\/?s={search_term_string}"},"query-input":{"@type":"PropertyValueSpecification","valueRequired":true,"valueName":"search_term_string"}}],"inLanguage":"fr-FR"},{"@type":"Organization","@id":"https:\/\/smans.com\/nl\/#organization","name":"Smans","url":"https:\/\/smans.com\/nl\/","logo":{"@type":"ImageObject","inLanguage":"fr-FR","@id":"https:\/\/smans.com\/nl\/#\/schema\/logo\/image\/","url":"https:\/\/smans.com\/wp-content\/uploads\/2023\/09\/logo.svg","contentUrl":"https:\/\/smans.com\/wp-content\/uploads\/2023\/09\/logo.svg","caption":"Smans"},"image":{"@id":"https:\/\/smans.com\/nl\/#\/schema\/logo\/image\/"}}]}},"brands":[{"id":18260,"name":"Komax","slug":"brand-komax-fr"}],"_links":{"self":[{"href":"https:\/\/smans.com\/fr\/wp-json\/wp\/v2\/product\/23768","targetHints":{"allow":["GET"]}}],"collection":[{"href":"https:\/\/smans.com\/fr\/wp-json\/wp\/v2\/product"}],"about":[{"href":"https:\/\/smans.com\/fr\/wp-json\/wp\/v2\/types\/product"}],"wp:attachment":[{"href":"https:\/\/smans.com\/fr\/wp-json\/wp\/v2\/media?parent=23768"}],"wp:term":[{"taxonomy":"pwb-brand","embeddable":true,"href":"https:\/\/smans.com\/fr\/wp-json\/wp\/v2\/pwb-brand?post=23768"},{"taxonomy":"product_brand","embeddable":true,"href":"https:\/\/smans.com\/fr\/wp-json\/wp\/v2\/product_brand?post=23768"},{"taxonomy":"product_cat","embeddable":true,"href":"https:\/\/smans.com\/fr\/wp-json\/wp\/v2\/product_cat?post=23768"},{"taxonomy":"product_tag","embeddable":true,"href":"https:\/\/smans.com\/fr\/wp-json\/wp\/v2\/product_tag?post=23768"}],"curies":[{"name":"wp","href":"https:\/\/api.w.org\/{rel}","templated":true}]}}