{"id":23784,"date":"2024-06-09T17:22:08","date_gmt":"2024-06-09T15:22:08","guid":{"rendered":"https:\/\/smans.com\/product\/automatic-pick-place-printer-hm520-mf\/"},"modified":"2026-04-09T12:38:18","modified_gmt":"2026-04-09T10:38:18","slug":"automatic-pick-place-printer-hm520-mf","status":"publish","type":"product","link":"https:\/\/smans.com\/fr\/product\/automatic-pick-place-printer-hm520-mf\/","title":{"rendered":"Hanwha - Automatic Pick &amp; Place Printer HM520 MF"},"content":{"rendered":"<p>La Hanwha HM520 MF est con\u00e7ue pour les fabricants qui exigent une productivit\u00e9 et une flexibilit\u00e9 maximales dans une ligne de production SMT moderne. La machine est \u00e9quip\u00e9e d&rsquo;une t\u00eate \u00e0 double portique de type piano avec un total de douze broches, permettant d&rsquo;atteindre une vitesse de placement allant jusqu&rsquo;\u00e0 <strong>60 000 composants par heure<\/strong>. La pr\u00e9cision est de \u00b140 microm\u00e8tres pour les puces et de \u00b130 microm\u00e8tres pour les circuits int\u00e9gr\u00e9s, ce qui garantit des performances fiables pour les assemblages complexes.<\/p>\n<p>La HM520 MF prend en charge une large gamme de composants, des petits composants 0402 aux composants de 55 x 55 millim\u00e8tres et d&rsquo;une hauteur maximale de 15 millim\u00e8tres. La machine convient donc \u00e0 diverses applications, notamment la production de LED, l&rsquo;\u00e9lectronique mobile, l&rsquo;automobile et les circuits imprim\u00e9s industriels. Gr\u00e2ce \u00e0 sa conception m\u00e9canique stable et \u00e0 son syst\u00e8me d&rsquo;alignement par vision avanc\u00e9, une qualit\u00e9 de placement constante est garantie, m\u00eame \u00e0 des vitesses \u00e9lev\u00e9es.<\/p>\n<p>La machine peut \u00eatre utilis\u00e9e <strong>en configuration \u00e0 une ou deux voies<\/strong>, avec des circuits imprim\u00e9s jusqu&rsquo;\u00e0 750 x 580 mm (simple) ou 750 x 310 mm (double). La configuration du chargeur peut accueillir 80 chariots d&rsquo;ancrage standard de 8 mm, ce qui garantit un flux de mat\u00e9riaux efficace dans le cadre d&rsquo;une production tr\u00e8s vari\u00e9e. En outre, le HM520 MF prend en charge des fonctions telles que la lecture de codes-barres, le suivi des lots et la communication Ethernet pour une tra\u00e7abilit\u00e9 compl\u00e8te dans un environnement de production automatis\u00e9.<\/p>\n<p>Avec ses dimensions compactes de 890 x 2 370 x 1 930 mm et son poids d&rsquo;environ 1 605 kg, la HM520 MF allie hautes performances et conception peu encombrante. La machine offre un \u00e9quilibre parfait entre vitesse, pr\u00e9cision et polyvalence, ce qui la rend id\u00e9ale pour l&rsquo;assemblage SMT avanc\u00e9 d&rsquo;aujourd&rsquo;hui.<\/p>\n","protected":false},"excerpt":{"rendered":"<p>Machine pick &amp; place avec une t\u00eate \u00e0 double portique de type piano, avec un total de 6 broches par portique et une vitesse \u00e9lev\u00e9e pouvant atteindre 60 000 CPH.<\/p>\n","protected":false},"featured_media":0,"template":"","meta":{"_acf_changed":false},"pwb-brand":[18250],"product_brand":[],"product_cat":[17991,18011,18084],"product_tag":[],"class_list":{"0":"post-23784","1":"product","2":"type-product","3":"status-publish","5":"pwb-brand-brand-hanwha-fr","6":"product_cat-electronique-fr","7":"product_cat-equipement-d-assemblage-smt-fr","8":"product_cat-pick-place-fr","10":"first","11":"instock","12":"taxable","13":"shipping-taxable","14":"product-type-simple"},"acf":[],"yoast_head":"<!-- This site is optimized with the Yoast SEO plugin v27.1.1 - https:\/\/yoast.com\/product\/yoast-seo-wordpress\/ -->\n<title>Automatic Pick &amp; Place Printer HM520 MF - Smans<\/title>\n<meta name=\"robots\" content=\"index, follow, max-snippet:-1, max-image-preview:large, max-video-preview:-1\" \/>\n<link rel=\"canonical\" href=\"https:\/\/smans.com\/fr\/product\/automatic-pick-place-printer-hm520-mf\/\" \/>\n<meta property=\"og:locale\" content=\"fr_FR\" \/>\n<meta property=\"og:type\" content=\"article\" \/>\n<meta property=\"og:title\" content=\"Automatic Pick &amp; Place Printer HM520 MF - Smans\" \/>\n<meta property=\"og:description\" content=\"Machine pick &amp; place avec une t\u00eate \u00e0 double portique de type piano, avec un total de 6 broches par portique et une vitesse \u00e9lev\u00e9e pouvant atteindre 60 000 CPH.\" \/>\n<meta property=\"og:url\" content=\"https:\/\/smans.com\/fr\/product\/automatic-pick-place-printer-hm520-mf\/\" \/>\n<meta property=\"og:site_name\" content=\"Smans\" \/>\n<meta property=\"article:modified_time\" content=\"2026-04-09T10:38:18+00:00\" \/>\n<meta name=\"twitter:card\" content=\"summary_large_image\" \/>\n<meta name=\"twitter:label1\" content=\"Dur\u00e9e de lecture estim\u00e9e\" \/>\n\t<meta name=\"twitter:data1\" content=\"1 minute\" \/>\n<script type=\"application\/ld+json\" class=\"yoast-schema-graph\">{\"@context\":\"https:\/\/schema.org\",\"@graph\":[{\"@type\":\"WebPage\",\"@id\":\"https:\/\/smans.com\/fr\/product\/automatic-pick-place-printer-hm520-mf\/\",\"url\":\"https:\/\/smans.com\/fr\/product\/automatic-pick-place-printer-hm520-mf\/\",\"name\":\"Automatic Pick &amp; Place Printer HM520 MF - Smans\",\"isPartOf\":{\"@id\":\"https:\/\/smans.com\/nl\/#website\"},\"datePublished\":\"2024-06-09T15:22:08+00:00\",\"dateModified\":\"2026-04-09T10:38:18+00:00\",\"breadcrumb\":{\"@id\":\"https:\/\/smans.com\/fr\/product\/automatic-pick-place-printer-hm520-mf\/#breadcrumb\"},\"inLanguage\":\"fr-FR\",\"potentialAction\":[{\"@type\":\"ReadAction\",\"target\":[\"https:\/\/smans.com\/fr\/product\/automatic-pick-place-printer-hm520-mf\/\"]}]},{\"@type\":\"BreadcrumbList\",\"@id\":\"https:\/\/smans.com\/fr\/product\/automatic-pick-place-printer-hm520-mf\/#breadcrumb\",\"itemListElement\":[{\"@type\":\"ListItem\",\"position\":1,\"name\":\"Home\",\"item\":\"https:\/\/smans.com\/fr\/\"},{\"@type\":\"ListItem\",\"position\":2,\"name\":\"Boutique\",\"item\":\"https:\/\/smans.com\/nl\/shop\/\"},{\"@type\":\"ListItem\",\"position\":3,\"name\":\"Hanwha - Automatic Pick &amp; Place Printer HM520 MF\"}]},{\"@type\":\"WebSite\",\"@id\":\"https:\/\/smans.com\/nl\/#website\",\"url\":\"https:\/\/smans.com\/nl\/\",\"name\":\"Smans\",\"description\":\"\",\"publisher\":{\"@id\":\"https:\/\/smans.com\/nl\/#organization\"},\"potentialAction\":[{\"@type\":\"SearchAction\",\"target\":{\"@type\":\"EntryPoint\",\"urlTemplate\":\"https:\/\/smans.com\/nl\/?s={search_term_string}\"},\"query-input\":{\"@type\":\"PropertyValueSpecification\",\"valueRequired\":true,\"valueName\":\"search_term_string\"}}],\"inLanguage\":\"fr-FR\"},{\"@type\":\"Organization\",\"@id\":\"https:\/\/smans.com\/nl\/#organization\",\"name\":\"Smans\",\"url\":\"https:\/\/smans.com\/nl\/\",\"logo\":{\"@type\":\"ImageObject\",\"inLanguage\":\"fr-FR\",\"@id\":\"https:\/\/smans.com\/nl\/#\/schema\/logo\/image\/\",\"url\":\"https:\/\/smans.com\/wp-content\/uploads\/2023\/09\/logo.svg\",\"contentUrl\":\"https:\/\/smans.com\/wp-content\/uploads\/2023\/09\/logo.svg\",\"caption\":\"Smans\"},\"image\":{\"@id\":\"https:\/\/smans.com\/nl\/#\/schema\/logo\/image\/\"}}]}<\/script>\n<!-- \/ Yoast SEO plugin. -->","yoast_head_json":{"title":"Automatic Pick &amp; Place Printer HM520 MF - Smans","robots":{"index":"index","follow":"follow","max-snippet":"max-snippet:-1","max-image-preview":"max-image-preview:large","max-video-preview":"max-video-preview:-1"},"canonical":"https:\/\/smans.com\/fr\/product\/automatic-pick-place-printer-hm520-mf\/","og_locale":"fr_FR","og_type":"article","og_title":"Automatic Pick &amp; Place Printer HM520 MF - Smans","og_description":"Machine pick &amp; place avec une t\u00eate \u00e0 double portique de type piano, avec un total de 6 broches par portique et une vitesse \u00e9lev\u00e9e pouvant atteindre 60 000 CPH.","og_url":"https:\/\/smans.com\/fr\/product\/automatic-pick-place-printer-hm520-mf\/","og_site_name":"Smans","article_modified_time":"2026-04-09T10:38:18+00:00","twitter_card":"summary_large_image","twitter_misc":{"Dur\u00e9e de lecture estim\u00e9e":"1 minute"},"schema":{"@context":"https:\/\/schema.org","@graph":[{"@type":"WebPage","@id":"https:\/\/smans.com\/fr\/product\/automatic-pick-place-printer-hm520-mf\/","url":"https:\/\/smans.com\/fr\/product\/automatic-pick-place-printer-hm520-mf\/","name":"Automatic Pick &amp; Place Printer HM520 MF - Smans","isPartOf":{"@id":"https:\/\/smans.com\/nl\/#website"},"datePublished":"2024-06-09T15:22:08+00:00","dateModified":"2026-04-09T10:38:18+00:00","breadcrumb":{"@id":"https:\/\/smans.com\/fr\/product\/automatic-pick-place-printer-hm520-mf\/#breadcrumb"},"inLanguage":"fr-FR","potentialAction":[{"@type":"ReadAction","target":["https:\/\/smans.com\/fr\/product\/automatic-pick-place-printer-hm520-mf\/"]}]},{"@type":"BreadcrumbList","@id":"https:\/\/smans.com\/fr\/product\/automatic-pick-place-printer-hm520-mf\/#breadcrumb","itemListElement":[{"@type":"ListItem","position":1,"name":"Home","item":"https:\/\/smans.com\/fr\/"},{"@type":"ListItem","position":2,"name":"Boutique","item":"https:\/\/smans.com\/nl\/shop\/"},{"@type":"ListItem","position":3,"name":"Hanwha - Automatic Pick &amp; Place Printer HM520 MF"}]},{"@type":"WebSite","@id":"https:\/\/smans.com\/nl\/#website","url":"https:\/\/smans.com\/nl\/","name":"Smans","description":"","publisher":{"@id":"https:\/\/smans.com\/nl\/#organization"},"potentialAction":[{"@type":"SearchAction","target":{"@type":"EntryPoint","urlTemplate":"https:\/\/smans.com\/nl\/?s={search_term_string}"},"query-input":{"@type":"PropertyValueSpecification","valueRequired":true,"valueName":"search_term_string"}}],"inLanguage":"fr-FR"},{"@type":"Organization","@id":"https:\/\/smans.com\/nl\/#organization","name":"Smans","url":"https:\/\/smans.com\/nl\/","logo":{"@type":"ImageObject","inLanguage":"fr-FR","@id":"https:\/\/smans.com\/nl\/#\/schema\/logo\/image\/","url":"https:\/\/smans.com\/wp-content\/uploads\/2023\/09\/logo.svg","contentUrl":"https:\/\/smans.com\/wp-content\/uploads\/2023\/09\/logo.svg","caption":"Smans"},"image":{"@id":"https:\/\/smans.com\/nl\/#\/schema\/logo\/image\/"}}]}},"brands":[{"id":18250,"name":"Hanwha","slug":"brand-hanwha-fr"}],"_links":{"self":[{"href":"https:\/\/smans.com\/fr\/wp-json\/wp\/v2\/product\/23784","targetHints":{"allow":["GET"]}}],"collection":[{"href":"https:\/\/smans.com\/fr\/wp-json\/wp\/v2\/product"}],"about":[{"href":"https:\/\/smans.com\/fr\/wp-json\/wp\/v2\/types\/product"}],"wp:attachment":[{"href":"https:\/\/smans.com\/fr\/wp-json\/wp\/v2\/media?parent=23784"}],"wp:term":[{"taxonomy":"pwb-brand","embeddable":true,"href":"https:\/\/smans.com\/fr\/wp-json\/wp\/v2\/pwb-brand?post=23784"},{"taxonomy":"product_brand","embeddable":true,"href":"https:\/\/smans.com\/fr\/wp-json\/wp\/v2\/product_brand?post=23784"},{"taxonomy":"product_cat","embeddable":true,"href":"https:\/\/smans.com\/fr\/wp-json\/wp\/v2\/product_cat?post=23784"},{"taxonomy":"product_tag","embeddable":true,"href":"https:\/\/smans.com\/fr\/wp-json\/wp\/v2\/product_tag?post=23784"}],"curies":[{"name":"wp","href":"https:\/\/api.w.org\/{rel}","templated":true}]}}