{"id":23830,"date":"2024-06-09T17:09:42","date_gmt":"2024-06-09T15:09:42","guid":{"rendered":"https:\/\/smans.com\/product\/wire-stripper-cs-100\/"},"modified":"2026-04-07T12:06:31","modified_gmt":"2026-04-07T10:06:31","slug":"wire-stripper-cs-100","status":"publish","type":"product","link":"https:\/\/smans.com\/fr\/product\/wire-stripper-cs-100\/","title":{"rendered":"GLW - Wire Stripper CS 100"},"content":{"rendered":"<p>Le CS 100 Wire Stripper de GLW est con\u00e7u pour les utilisateurs qui souhaitent d\u00e9nuder des c\u00e2bles rapidement, pr\u00e9cis\u00e9ment et de mani\u00e8re ergonomique, sans effort manuel.<\/p>\n<p>L&rsquo;appareil est \u00e9quip\u00e9 d&rsquo;un \u00e9cran tactile intuitif sur lequel tous les r\u00e9glages peuvent \u00eatre facilement saisis et enregistr\u00e9s. Il permet de r\u00e9aliser des <strong>d\u00e9nudages complets ou partiels<\/strong>, avec des <strong>longueurs de d\u00e9nudage de 2 \u00e0 20 mm<\/strong> et un <strong>temps de cycle<\/strong> de seulement <strong>0,3 seconde<\/strong>.<\/p>\n<p>Le CS 100 prend en charge diff\u00e9rentes configurations de lames &#8211; lames en V standard et lames rondes ou plates en option &#8211; pour une compatibilit\u00e9 maximale avec diff\u00e9rents types de c\u00e2bles.<\/p>\n<p>Gr\u00e2ce \u00e0 la fonction favoris, les r\u00e9glages fr\u00e9quemment utilis\u00e9s peuvent \u00eatre enregistr\u00e9s et appel\u00e9s directement via un lecteur de codes-barres en option.<\/p>\n<p>Sa conception compacte (seulement 9,5 kg) et son \u00e9clairage int\u00e9gr\u00e9 en font une machine id\u00e9ale pour les applications de production, d&rsquo;assemblage et de maintenance. Avec son verrouillage de s\u00e9curit\u00e9 (mode Lock) et sa conception r\u00e9sistante \u00e0 l&rsquo;usure, le CS 100 est \u00e9galement extr\u00eamement fiable dans son utilisation quotidienne.<\/p>\n","protected":false},"excerpt":{"rendered":"<p>Une d\u00e9nudeuse \u00e9lectrique pour d\u00e9nuder rapidement et pr\u00e9cis\u00e9ment les c\u00e2bles jusqu&rsquo;\u00e0 6 mm de diam\u00e8tre et 10 mm\u00b2 de section.<\/p>\n","protected":false},"featured_media":0,"template":"","meta":{"_acf_changed":false},"pwb-brand":[18244],"product_brand":[],"product_cat":[17990,17993,18042],"product_tag":[],"class_list":{"0":"post-23830","1":"product","2":"type-product","3":"status-publish","5":"pwb-brand-brand-glw-fr","6":"product_cat-cables-et-cablage-fr","7":"product_cat-couper-denuder-sertissage-fr","8":"product_cat-denudeuses-de-fils-fr","10":"first","11":"instock","12":"taxable","13":"shipping-taxable","14":"purchasable","15":"product-type-simple"},"acf":[],"yoast_head":"<!-- This site is optimized with the Yoast SEO plugin v27.1.1 - https:\/\/yoast.com\/product\/yoast-seo-wordpress\/ -->\n<title>Wire Stripper CS 100 - Smans<\/title>\n<meta name=\"robots\" content=\"index, follow, max-snippet:-1, max-image-preview:large, max-video-preview:-1\" \/>\n<link rel=\"canonical\" href=\"https:\/\/smans.com\/fr\/product\/wire-stripper-cs-100\/\" \/>\n<meta property=\"og:locale\" content=\"fr_FR\" \/>\n<meta property=\"og:type\" content=\"article\" \/>\n<meta property=\"og:title\" content=\"Wire Stripper CS 100 - Smans\" \/>\n<meta property=\"og:description\" content=\"Une d\u00e9nudeuse \u00e9lectrique pour d\u00e9nuder rapidement et pr\u00e9cis\u00e9ment les c\u00e2bles jusqu&#039;\u00e0 6 mm de diam\u00e8tre et 10 mm\u00b2 de section.\" \/>\n<meta property=\"og:url\" content=\"https:\/\/smans.com\/fr\/product\/wire-stripper-cs-100\/\" \/>\n<meta property=\"og:site_name\" content=\"Smans\" \/>\n<meta property=\"article:modified_time\" content=\"2026-04-07T10:06:31+00:00\" \/>\n<meta name=\"twitter:card\" content=\"summary_large_image\" \/>\n<meta name=\"twitter:label1\" content=\"Dur\u00e9e de lecture estim\u00e9e\" \/>\n\t<meta name=\"twitter:data1\" content=\"1 minute\" \/>\n<script type=\"application\/ld+json\" class=\"yoast-schema-graph\">{\"@context\":\"https:\/\/schema.org\",\"@graph\":[{\"@type\":\"WebPage\",\"@id\":\"https:\/\/smans.com\/fr\/product\/wire-stripper-cs-100\/\",\"url\":\"https:\/\/smans.com\/fr\/product\/wire-stripper-cs-100\/\",\"name\":\"Wire Stripper CS 100 - Smans\",\"isPartOf\":{\"@id\":\"https:\/\/smans.com\/nl\/#website\"},\"datePublished\":\"2024-06-09T15:09:42+00:00\",\"dateModified\":\"2026-04-07T10:06:31+00:00\",\"breadcrumb\":{\"@id\":\"https:\/\/smans.com\/fr\/product\/wire-stripper-cs-100\/#breadcrumb\"},\"inLanguage\":\"fr-FR\",\"potentialAction\":[{\"@type\":\"ReadAction\",\"target\":[\"https:\/\/smans.com\/fr\/product\/wire-stripper-cs-100\/\"]}]},{\"@type\":\"BreadcrumbList\",\"@id\":\"https:\/\/smans.com\/fr\/product\/wire-stripper-cs-100\/#breadcrumb\",\"itemListElement\":[{\"@type\":\"ListItem\",\"position\":1,\"name\":\"Home\",\"item\":\"https:\/\/smans.com\/fr\/\"},{\"@type\":\"ListItem\",\"position\":2,\"name\":\"Boutique\",\"item\":\"https:\/\/smans.com\/nl\/shop\/\"},{\"@type\":\"ListItem\",\"position\":3,\"name\":\"GLW - Wire Stripper CS 100\"}]},{\"@type\":\"WebSite\",\"@id\":\"https:\/\/smans.com\/nl\/#website\",\"url\":\"https:\/\/smans.com\/nl\/\",\"name\":\"Smans\",\"description\":\"\",\"publisher\":{\"@id\":\"https:\/\/smans.com\/nl\/#organization\"},\"potentialAction\":[{\"@type\":\"SearchAction\",\"target\":{\"@type\":\"EntryPoint\",\"urlTemplate\":\"https:\/\/smans.com\/nl\/?s={search_term_string}\"},\"query-input\":{\"@type\":\"PropertyValueSpecification\",\"valueRequired\":true,\"valueName\":\"search_term_string\"}}],\"inLanguage\":\"fr-FR\"},{\"@type\":\"Organization\",\"@id\":\"https:\/\/smans.com\/nl\/#organization\",\"name\":\"Smans\",\"url\":\"https:\/\/smans.com\/nl\/\",\"logo\":{\"@type\":\"ImageObject\",\"inLanguage\":\"fr-FR\",\"@id\":\"https:\/\/smans.com\/nl\/#\/schema\/logo\/image\/\",\"url\":\"https:\/\/smans.com\/wp-content\/uploads\/2023\/09\/logo.svg\",\"contentUrl\":\"https:\/\/smans.com\/wp-content\/uploads\/2023\/09\/logo.svg\",\"caption\":\"Smans\"},\"image\":{\"@id\":\"https:\/\/smans.com\/nl\/#\/schema\/logo\/image\/\"}}]}<\/script>\n<!-- \/ Yoast SEO plugin. -->","yoast_head_json":{"title":"Wire Stripper CS 100 - Smans","robots":{"index":"index","follow":"follow","max-snippet":"max-snippet:-1","max-image-preview":"max-image-preview:large","max-video-preview":"max-video-preview:-1"},"canonical":"https:\/\/smans.com\/fr\/product\/wire-stripper-cs-100\/","og_locale":"fr_FR","og_type":"article","og_title":"Wire Stripper CS 100 - Smans","og_description":"Une d\u00e9nudeuse \u00e9lectrique pour d\u00e9nuder rapidement et pr\u00e9cis\u00e9ment les c\u00e2bles jusqu'\u00e0 6 mm de diam\u00e8tre et 10 mm\u00b2 de section.","og_url":"https:\/\/smans.com\/fr\/product\/wire-stripper-cs-100\/","og_site_name":"Smans","article_modified_time":"2026-04-07T10:06:31+00:00","twitter_card":"summary_large_image","twitter_misc":{"Dur\u00e9e de lecture estim\u00e9e":"1 minute"},"schema":{"@context":"https:\/\/schema.org","@graph":[{"@type":"WebPage","@id":"https:\/\/smans.com\/fr\/product\/wire-stripper-cs-100\/","url":"https:\/\/smans.com\/fr\/product\/wire-stripper-cs-100\/","name":"Wire Stripper CS 100 - Smans","isPartOf":{"@id":"https:\/\/smans.com\/nl\/#website"},"datePublished":"2024-06-09T15:09:42+00:00","dateModified":"2026-04-07T10:06:31+00:00","breadcrumb":{"@id":"https:\/\/smans.com\/fr\/product\/wire-stripper-cs-100\/#breadcrumb"},"inLanguage":"fr-FR","potentialAction":[{"@type":"ReadAction","target":["https:\/\/smans.com\/fr\/product\/wire-stripper-cs-100\/"]}]},{"@type":"BreadcrumbList","@id":"https:\/\/smans.com\/fr\/product\/wire-stripper-cs-100\/#breadcrumb","itemListElement":[{"@type":"ListItem","position":1,"name":"Home","item":"https:\/\/smans.com\/fr\/"},{"@type":"ListItem","position":2,"name":"Boutique","item":"https:\/\/smans.com\/nl\/shop\/"},{"@type":"ListItem","position":3,"name":"GLW - Wire Stripper CS 100"}]},{"@type":"WebSite","@id":"https:\/\/smans.com\/nl\/#website","url":"https:\/\/smans.com\/nl\/","name":"Smans","description":"","publisher":{"@id":"https:\/\/smans.com\/nl\/#organization"},"potentialAction":[{"@type":"SearchAction","target":{"@type":"EntryPoint","urlTemplate":"https:\/\/smans.com\/nl\/?s={search_term_string}"},"query-input":{"@type":"PropertyValueSpecification","valueRequired":true,"valueName":"search_term_string"}}],"inLanguage":"fr-FR"},{"@type":"Organization","@id":"https:\/\/smans.com\/nl\/#organization","name":"Smans","url":"https:\/\/smans.com\/nl\/","logo":{"@type":"ImageObject","inLanguage":"fr-FR","@id":"https:\/\/smans.com\/nl\/#\/schema\/logo\/image\/","url":"https:\/\/smans.com\/wp-content\/uploads\/2023\/09\/logo.svg","contentUrl":"https:\/\/smans.com\/wp-content\/uploads\/2023\/09\/logo.svg","caption":"Smans"},"image":{"@id":"https:\/\/smans.com\/nl\/#\/schema\/logo\/image\/"}}]}},"brands":[{"id":18244,"name":"GLW","slug":"brand-glw-fr"}],"_links":{"self":[{"href":"https:\/\/smans.com\/fr\/wp-json\/wp\/v2\/product\/23830","targetHints":{"allow":["GET"]}}],"collection":[{"href":"https:\/\/smans.com\/fr\/wp-json\/wp\/v2\/product"}],"about":[{"href":"https:\/\/smans.com\/fr\/wp-json\/wp\/v2\/types\/product"}],"wp:attachment":[{"href":"https:\/\/smans.com\/fr\/wp-json\/wp\/v2\/media?parent=23830"}],"wp:term":[{"taxonomy":"pwb-brand","embeddable":true,"href":"https:\/\/smans.com\/fr\/wp-json\/wp\/v2\/pwb-brand?post=23830"},{"taxonomy":"product_brand","embeddable":true,"href":"https:\/\/smans.com\/fr\/wp-json\/wp\/v2\/product_brand?post=23830"},{"taxonomy":"product_cat","embeddable":true,"href":"https:\/\/smans.com\/fr\/wp-json\/wp\/v2\/product_cat?post=23830"},{"taxonomy":"product_tag","embeddable":true,"href":"https:\/\/smans.com\/fr\/wp-json\/wp\/v2\/product_tag?post=23830"}],"curies":[{"name":"wp","href":"https:\/\/api.w.org\/{rel}","templated":true}]}}