{"id":23835,"date":"2024-06-09T17:20:23","date_gmt":"2024-06-09T15:20:23","guid":{"rendered":"https:\/\/smans.com\/product\/pcb-separator-maestro-3e\/"},"modified":"2026-04-30T10:22:33","modified_gmt":"2026-04-30T08:22:33","slug":"pcb-separator-maestro-3e","status":"publish","type":"product","link":"https:\/\/smans.com\/fr\/product\/pcb-separator-maestro-3e\/","title":{"rendered":"CAB - PCB Separator MAESTRO 3E"},"content":{"rendered":"<p data-start=\"1228\" data-end=\"1578\">Le MAESTRO 3E permet de s\u00e9parer aussi bien les petits que les grands circuits imprim\u00e9s. La table de support et le support peuvent \u00eatre r\u00e9gl\u00e9s en continu pour obtenir une position de travail optimale, tandis que l\u2019ajustement de la distance entre la lame lin\u00e9aire et le support permet aux bandes marginales de tomber et d\u2019\u00eatre automatiquement tri\u00e9es.<\/p>\n<p data-start=\"1580\" data-end=\"1914\" data-is-last-node=\"\" data-is-only-node=\"\">Pour un fonctionnement s\u00fbr, le circuit imprim\u00e9 est plac\u00e9 avec sa rainure frais\u00e9e sur la lame lin\u00e9aire, apr\u00e8s quoi la lame circulaire est d\u00e9plac\u00e9e manuellement \u00e0 travers la carte. La distance entre le support et la lame lin\u00e9aire est r\u00e9gl\u00e9e de mani\u00e8re \u00e0 ce que le circuit imprim\u00e9 ne puisse \u00eatre s\u00e9par\u00e9 que le long de la rainure frais\u00e9e.<\/p>\n","protected":false},"excerpt":{"rendered":"<p>Pour les circuits imprim\u00e9s de petite et grande taille dot\u00e9s d&rsquo;une rainure pr\u00e9-marqu\u00e9e<\/p>\n","protected":false},"featured_media":0,"template":"","meta":{"_acf_changed":false},"pwb-brand":[18218],"product_brand":[],"product_cat":[17991,18082,18010],"product_tag":[],"class_list":{"0":"post-23835","1":"product","2":"type-product","3":"status-publish","5":"pwb-brand-brand-cab-fr","6":"product_cat-electronique-fr","7":"product_cat-manual-separators-fr","8":"product_cat-separateurs-et-depannelisation-fr","10":"first","11":"instock","12":"taxable","13":"shipping-taxable","14":"purchasable","15":"product-type-simple"},"acf":[],"yoast_head":"<!-- This site is optimized with the Yoast SEO plugin v27.1.1 - https:\/\/yoast.com\/product\/yoast-seo-wordpress\/ -->\n<title>PCB Separator MAESTRO 3E - Smans<\/title>\n<meta name=\"robots\" content=\"index, follow, max-snippet:-1, max-image-preview:large, max-video-preview:-1\" \/>\n<link rel=\"canonical\" href=\"https:\/\/smans.com\/fr\/product\/pcb-separator-maestro-3e\/\" \/>\n<meta property=\"og:locale\" content=\"fr_FR\" \/>\n<meta property=\"og:type\" content=\"article\" \/>\n<meta property=\"og:title\" content=\"PCB Separator MAESTRO 3E - Smans\" \/>\n<meta property=\"og:description\" content=\"Pour les circuits imprim\u00e9s de petite et grande taille dot\u00e9s d&#039;une rainure pr\u00e9-marqu\u00e9e\" \/>\n<meta property=\"og:url\" content=\"https:\/\/smans.com\/fr\/product\/pcb-separator-maestro-3e\/\" \/>\n<meta property=\"og:site_name\" content=\"Smans\" \/>\n<meta property=\"article:modified_time\" content=\"2026-04-30T08:22:33+00:00\" \/>\n<meta name=\"twitter:card\" content=\"summary_large_image\" \/>\n<meta name=\"twitter:label1\" content=\"Dur\u00e9e de lecture estim\u00e9e\" \/>\n\t<meta name=\"twitter:data1\" content=\"1 minute\" \/>\n<script type=\"application\/ld+json\" class=\"yoast-schema-graph\">{\"@context\":\"https:\/\/schema.org\",\"@graph\":[{\"@type\":\"WebPage\",\"@id\":\"https:\/\/smans.com\/fr\/product\/pcb-separator-maestro-3e\/\",\"url\":\"https:\/\/smans.com\/fr\/product\/pcb-separator-maestro-3e\/\",\"name\":\"PCB Separator MAESTRO 3E - Smans\",\"isPartOf\":{\"@id\":\"https:\/\/smans.com\/nl\/#website\"},\"datePublished\":\"2024-06-09T15:20:23+00:00\",\"dateModified\":\"2026-04-30T08:22:33+00:00\",\"breadcrumb\":{\"@id\":\"https:\/\/smans.com\/fr\/product\/pcb-separator-maestro-3e\/#breadcrumb\"},\"inLanguage\":\"fr-FR\",\"potentialAction\":[{\"@type\":\"ReadAction\",\"target\":[\"https:\/\/smans.com\/fr\/product\/pcb-separator-maestro-3e\/\"]}]},{\"@type\":\"BreadcrumbList\",\"@id\":\"https:\/\/smans.com\/fr\/product\/pcb-separator-maestro-3e\/#breadcrumb\",\"itemListElement\":[{\"@type\":\"ListItem\",\"position\":1,\"name\":\"Home\",\"item\":\"https:\/\/smans.com\/fr\/\"},{\"@type\":\"ListItem\",\"position\":2,\"name\":\"Boutique\",\"item\":\"https:\/\/smans.com\/nl\/shop\/\"},{\"@type\":\"ListItem\",\"position\":3,\"name\":\"CAB - PCB Separator MAESTRO 3E\"}]},{\"@type\":\"WebSite\",\"@id\":\"https:\/\/smans.com\/nl\/#website\",\"url\":\"https:\/\/smans.com\/nl\/\",\"name\":\"Smans\",\"description\":\"\",\"publisher\":{\"@id\":\"https:\/\/smans.com\/nl\/#organization\"},\"potentialAction\":[{\"@type\":\"SearchAction\",\"target\":{\"@type\":\"EntryPoint\",\"urlTemplate\":\"https:\/\/smans.com\/nl\/?s={search_term_string}\"},\"query-input\":{\"@type\":\"PropertyValueSpecification\",\"valueRequired\":true,\"valueName\":\"search_term_string\"}}],\"inLanguage\":\"fr-FR\"},{\"@type\":\"Organization\",\"@id\":\"https:\/\/smans.com\/nl\/#organization\",\"name\":\"Smans\",\"url\":\"https:\/\/smans.com\/nl\/\",\"logo\":{\"@type\":\"ImageObject\",\"inLanguage\":\"fr-FR\",\"@id\":\"https:\/\/smans.com\/nl\/#\/schema\/logo\/image\/\",\"url\":\"https:\/\/smans.com\/wp-content\/uploads\/2023\/09\/logo.svg\",\"contentUrl\":\"https:\/\/smans.com\/wp-content\/uploads\/2023\/09\/logo.svg\",\"caption\":\"Smans\"},\"image\":{\"@id\":\"https:\/\/smans.com\/nl\/#\/schema\/logo\/image\/\"}}]}<\/script>\n<!-- \/ Yoast SEO plugin. -->","yoast_head_json":{"title":"PCB Separator MAESTRO 3E - Smans","robots":{"index":"index","follow":"follow","max-snippet":"max-snippet:-1","max-image-preview":"max-image-preview:large","max-video-preview":"max-video-preview:-1"},"canonical":"https:\/\/smans.com\/fr\/product\/pcb-separator-maestro-3e\/","og_locale":"fr_FR","og_type":"article","og_title":"PCB Separator MAESTRO 3E - Smans","og_description":"Pour les circuits imprim\u00e9s de petite et grande taille dot\u00e9s d'une rainure pr\u00e9-marqu\u00e9e","og_url":"https:\/\/smans.com\/fr\/product\/pcb-separator-maestro-3e\/","og_site_name":"Smans","article_modified_time":"2026-04-30T08:22:33+00:00","twitter_card":"summary_large_image","twitter_misc":{"Dur\u00e9e de lecture estim\u00e9e":"1 minute"},"schema":{"@context":"https:\/\/schema.org","@graph":[{"@type":"WebPage","@id":"https:\/\/smans.com\/fr\/product\/pcb-separator-maestro-3e\/","url":"https:\/\/smans.com\/fr\/product\/pcb-separator-maestro-3e\/","name":"PCB Separator MAESTRO 3E - Smans","isPartOf":{"@id":"https:\/\/smans.com\/nl\/#website"},"datePublished":"2024-06-09T15:20:23+00:00","dateModified":"2026-04-30T08:22:33+00:00","breadcrumb":{"@id":"https:\/\/smans.com\/fr\/product\/pcb-separator-maestro-3e\/#breadcrumb"},"inLanguage":"fr-FR","potentialAction":[{"@type":"ReadAction","target":["https:\/\/smans.com\/fr\/product\/pcb-separator-maestro-3e\/"]}]},{"@type":"BreadcrumbList","@id":"https:\/\/smans.com\/fr\/product\/pcb-separator-maestro-3e\/#breadcrumb","itemListElement":[{"@type":"ListItem","position":1,"name":"Home","item":"https:\/\/smans.com\/fr\/"},{"@type":"ListItem","position":2,"name":"Boutique","item":"https:\/\/smans.com\/nl\/shop\/"},{"@type":"ListItem","position":3,"name":"CAB - PCB Separator MAESTRO 3E"}]},{"@type":"WebSite","@id":"https:\/\/smans.com\/nl\/#website","url":"https:\/\/smans.com\/nl\/","name":"Smans","description":"","publisher":{"@id":"https:\/\/smans.com\/nl\/#organization"},"potentialAction":[{"@type":"SearchAction","target":{"@type":"EntryPoint","urlTemplate":"https:\/\/smans.com\/nl\/?s={search_term_string}"},"query-input":{"@type":"PropertyValueSpecification","valueRequired":true,"valueName":"search_term_string"}}],"inLanguage":"fr-FR"},{"@type":"Organization","@id":"https:\/\/smans.com\/nl\/#organization","name":"Smans","url":"https:\/\/smans.com\/nl\/","logo":{"@type":"ImageObject","inLanguage":"fr-FR","@id":"https:\/\/smans.com\/nl\/#\/schema\/logo\/image\/","url":"https:\/\/smans.com\/wp-content\/uploads\/2023\/09\/logo.svg","contentUrl":"https:\/\/smans.com\/wp-content\/uploads\/2023\/09\/logo.svg","caption":"Smans"},"image":{"@id":"https:\/\/smans.com\/nl\/#\/schema\/logo\/image\/"}}]}},"brands":[{"id":18218,"name":"CAB","slug":"brand-cab-fr"}],"_links":{"self":[{"href":"https:\/\/smans.com\/fr\/wp-json\/wp\/v2\/product\/23835","targetHints":{"allow":["GET"]}}],"collection":[{"href":"https:\/\/smans.com\/fr\/wp-json\/wp\/v2\/product"}],"about":[{"href":"https:\/\/smans.com\/fr\/wp-json\/wp\/v2\/types\/product"}],"wp:attachment":[{"href":"https:\/\/smans.com\/fr\/wp-json\/wp\/v2\/media?parent=23835"}],"wp:term":[{"taxonomy":"pwb-brand","embeddable":true,"href":"https:\/\/smans.com\/fr\/wp-json\/wp\/v2\/pwb-brand?post=23835"},{"taxonomy":"product_brand","embeddable":true,"href":"https:\/\/smans.com\/fr\/wp-json\/wp\/v2\/product_brand?post=23835"},{"taxonomy":"product_cat","embeddable":true,"href":"https:\/\/smans.com\/fr\/wp-json\/wp\/v2\/product_cat?post=23835"},{"taxonomy":"product_tag","embeddable":true,"href":"https:\/\/smans.com\/fr\/wp-json\/wp\/v2\/product_tag?post=23835"}],"curies":[{"name":"wp","href":"https:\/\/api.w.org\/{rel}","templated":true}]}}