{"id":23847,"date":"2024-06-09T17:10:24","date_gmt":"2024-06-09T15:10:24","guid":{"rendered":"https:\/\/smans.com\/product\/wire-assembly-machine-omega-740\/"},"modified":"2026-04-06T12:39:40","modified_gmt":"2026-04-06T10:39:40","slug":"wire-assembly-machine-omega-740","status":"publish","type":"product","link":"https:\/\/smans.com\/fr\/product\/wire-assembly-machine-omega-740\/","title":{"rendered":"Komax - Wire Assembly Machine Omega 740"},"content":{"rendered":"<p data-start=\"2882\" data-end=\"3055\">La machine d&rsquo;assemblage de c\u00e2bles Omega 740 est con\u00e7ue pour produire des faisceaux de c\u00e2bles de complexit\u00e9 variable et peut ajouter des connecteurs sur un ou les deux c\u00f4t\u00e9s.<\/p>\n<p data-start=\"3057\" data-end=\"3091\"><strong data-start=\"3057\" data-end=\"3091\">Caract\u00e9ristiques principales :<\/strong><\/p>\n<ul data-start=\"3093\" data-end=\"4344\" data-is-last-node=\"\">\n<li data-start=\"3093\" data-end=\"3235\"><strong data-start=\"3095\" data-end=\"3124\">Cinq options de modules :<\/strong> Jusqu&rsquo;\u00e0 cinq modules peuvent \u00eatre install\u00e9s, permettant la production rapide de faisceaux de c\u00e2bles autonomes.<\/li>\n<li data-start=\"3236\" data-end=\"3360\"><strong data-start=\"3238\" data-end=\"3266\">Production automatis\u00e9e :<\/strong> La s\u00e9rie Omega est sp\u00e9cialement con\u00e7ue pour la production automatis\u00e9e de faisceaux de c\u00e2bles.<\/li>\n<li data-start=\"3361\" data-end=\"3599\"><strong data-start=\"3363\" data-end=\"3388\">Garantie de qualit\u00e9 :<\/strong> Quelle que soit l&rsquo;op\u00e9rateur, un capteur de force tr\u00e8s pr\u00e9cis surveille le processus d&rsquo;insertion pour un maximum de 36 c\u00e2bles diff\u00e9rents et assure un verrouillage pr\u00e9cis du composant de pince dans le connecteur.<\/li>\n<li data-start=\"3600\" data-end=\"3780\"><strong data-start=\"3602\" data-end=\"3637\">Traitement des petites pi\u00e8ces :<\/strong> Gr\u00e2ce \u00e0 l&rsquo;entra\u00eenement \u00e0 vis, m\u00eame les plus petites pi\u00e8ces peuvent \u00eatre charg\u00e9es avec pr\u00e9cision, ce qui serait difficile \u00e0 faire manuellement.<\/li>\n<li data-start=\"3781\" data-end=\"3899\"><strong data-start=\"3783\" data-end=\"3831\">Surveillance de la pr\u00e9cision ACD en option :<\/strong> Assure encore plus de qualit\u00e9 et de pr\u00e9cision pendant le processus.<\/li>\n<li data-start=\"3900\" data-end=\"3989\"><strong data-start=\"3902\" data-end=\"3947\">Syst\u00e8me de mesure optique des terminaux :<\/strong> Pour l&rsquo;insertion de diff\u00e9rents terminaux.<\/li>\n<li data-start=\"3990\" data-end=\"4069\"><strong data-start=\"3992\" data-end=\"4023\">Changeur de c\u00e2bles \u00e9tendu :<\/strong> Prend en charge jusqu&rsquo;\u00e0 36 c\u00e2bles diff\u00e9rents.<\/li>\n<li data-start=\"4070\" data-end=\"4180\"><strong data-start=\"4072\" data-end=\"4108\">Trois paires de lames de coupe :<\/strong> Avec surveillance de la pr\u00e9cision ACD en option pour plus de pr\u00e9cision.<\/li>\n<li data-start=\"4181\" data-end=\"4268\"><strong data-start=\"4183\" data-end=\"4209\">Module de d\u00e9twistage :<\/strong> Con\u00e7u sp\u00e9cifiquement pour neutraliser les c\u00e2bles torsad\u00e9s.<\/li>\n<li data-start=\"4269\" data-end=\"4344\" data-is-last-node=\"\"><strong data-start=\"4271\" data-end=\"4304\">Stockage int\u00e9gr\u00e9 des c\u00e2bles :<\/strong> Am\u00e9liore l&rsquo;efficacit\u00e9 de la production.<\/li>\n<\/ul>\n","protected":false},"excerpt":{"rendered":"<p>Machine d&rsquo;Assemblage de C\u00e2bles Omega 740<\/p>\n","protected":false},"featured_media":0,"template":"","meta":{"_acf_changed":false},"pwb-brand":[18260],"product_brand":[],"product_cat":[17990,17993,18044],"product_tag":[],"class_list":{"0":"post-23847","1":"product","2":"type-product","3":"status-publish","5":"pwb-brand-brand-komax-fr","6":"product_cat-cables-et-cablage-fr","7":"product_cat-couper-denuder-sertissage-fr","8":"product_cat-harness-manufacturing-fr","10":"first","11":"instock","12":"taxable","13":"shipping-taxable","14":"product-type-simple"},"acf":[],"yoast_head":"<!-- This site is optimized with the Yoast SEO plugin v27.1.1 - https:\/\/yoast.com\/product\/yoast-seo-wordpress\/ -->\n<title>Wire Assembly Machine Omega 740 - Smans<\/title>\n<meta name=\"robots\" content=\"index, follow, max-snippet:-1, max-image-preview:large, max-video-preview:-1\" \/>\n<link rel=\"canonical\" href=\"https:\/\/smans.com\/fr\/product\/wire-assembly-machine-omega-740\/\" \/>\n<meta property=\"og:locale\" content=\"fr_FR\" \/>\n<meta property=\"og:type\" content=\"article\" \/>\n<meta property=\"og:title\" content=\"Wire Assembly Machine Omega 740 - Smans\" \/>\n<meta property=\"og:description\" content=\"Machine d&#039;Assemblage de C\u00e2bles Omega 740\" \/>\n<meta property=\"og:url\" content=\"https:\/\/smans.com\/fr\/product\/wire-assembly-machine-omega-740\/\" \/>\n<meta property=\"og:site_name\" content=\"Smans\" \/>\n<meta property=\"article:modified_time\" content=\"2026-04-06T10:39:40+00:00\" \/>\n<meta name=\"twitter:card\" content=\"summary_large_image\" \/>\n<meta name=\"twitter:label1\" content=\"Dur\u00e9e de lecture estim\u00e9e\" \/>\n\t<meta name=\"twitter:data1\" content=\"1 minute\" \/>\n<script type=\"application\/ld+json\" class=\"yoast-schema-graph\">{\"@context\":\"https:\/\/schema.org\",\"@graph\":[{\"@type\":\"WebPage\",\"@id\":\"https:\/\/smans.com\/fr\/product\/wire-assembly-machine-omega-740\/\",\"url\":\"https:\/\/smans.com\/fr\/product\/wire-assembly-machine-omega-740\/\",\"name\":\"Wire Assembly Machine Omega 740 - Smans\",\"isPartOf\":{\"@id\":\"https:\/\/smans.com\/nl\/#website\"},\"datePublished\":\"2024-06-09T15:10:24+00:00\",\"dateModified\":\"2026-04-06T10:39:40+00:00\",\"breadcrumb\":{\"@id\":\"https:\/\/smans.com\/fr\/product\/wire-assembly-machine-omega-740\/#breadcrumb\"},\"inLanguage\":\"fr-FR\",\"potentialAction\":[{\"@type\":\"ReadAction\",\"target\":[\"https:\/\/smans.com\/fr\/product\/wire-assembly-machine-omega-740\/\"]}]},{\"@type\":\"BreadcrumbList\",\"@id\":\"https:\/\/smans.com\/fr\/product\/wire-assembly-machine-omega-740\/#breadcrumb\",\"itemListElement\":[{\"@type\":\"ListItem\",\"position\":1,\"name\":\"Home\",\"item\":\"https:\/\/smans.com\/fr\/\"},{\"@type\":\"ListItem\",\"position\":2,\"name\":\"Boutique\",\"item\":\"https:\/\/smans.com\/nl\/shop\/\"},{\"@type\":\"ListItem\",\"position\":3,\"name\":\"Komax - Wire Assembly Machine Omega 740\"}]},{\"@type\":\"WebSite\",\"@id\":\"https:\/\/smans.com\/nl\/#website\",\"url\":\"https:\/\/smans.com\/nl\/\",\"name\":\"Smans\",\"description\":\"\",\"publisher\":{\"@id\":\"https:\/\/smans.com\/nl\/#organization\"},\"potentialAction\":[{\"@type\":\"SearchAction\",\"target\":{\"@type\":\"EntryPoint\",\"urlTemplate\":\"https:\/\/smans.com\/nl\/?s={search_term_string}\"},\"query-input\":{\"@type\":\"PropertyValueSpecification\",\"valueRequired\":true,\"valueName\":\"search_term_string\"}}],\"inLanguage\":\"fr-FR\"},{\"@type\":\"Organization\",\"@id\":\"https:\/\/smans.com\/nl\/#organization\",\"name\":\"Smans\",\"url\":\"https:\/\/smans.com\/nl\/\",\"logo\":{\"@type\":\"ImageObject\",\"inLanguage\":\"fr-FR\",\"@id\":\"https:\/\/smans.com\/nl\/#\/schema\/logo\/image\/\",\"url\":\"https:\/\/smans.com\/wp-content\/uploads\/2023\/09\/logo.svg\",\"contentUrl\":\"https:\/\/smans.com\/wp-content\/uploads\/2023\/09\/logo.svg\",\"caption\":\"Smans\"},\"image\":{\"@id\":\"https:\/\/smans.com\/nl\/#\/schema\/logo\/image\/\"}}]}<\/script>\n<!-- \/ Yoast SEO plugin. -->","yoast_head_json":{"title":"Wire Assembly Machine Omega 740 - Smans","robots":{"index":"index","follow":"follow","max-snippet":"max-snippet:-1","max-image-preview":"max-image-preview:large","max-video-preview":"max-video-preview:-1"},"canonical":"https:\/\/smans.com\/fr\/product\/wire-assembly-machine-omega-740\/","og_locale":"fr_FR","og_type":"article","og_title":"Wire Assembly Machine Omega 740 - Smans","og_description":"Machine d'Assemblage de C\u00e2bles Omega 740","og_url":"https:\/\/smans.com\/fr\/product\/wire-assembly-machine-omega-740\/","og_site_name":"Smans","article_modified_time":"2026-04-06T10:39:40+00:00","twitter_card":"summary_large_image","twitter_misc":{"Dur\u00e9e de lecture estim\u00e9e":"1 minute"},"schema":{"@context":"https:\/\/schema.org","@graph":[{"@type":"WebPage","@id":"https:\/\/smans.com\/fr\/product\/wire-assembly-machine-omega-740\/","url":"https:\/\/smans.com\/fr\/product\/wire-assembly-machine-omega-740\/","name":"Wire Assembly Machine Omega 740 - Smans","isPartOf":{"@id":"https:\/\/smans.com\/nl\/#website"},"datePublished":"2024-06-09T15:10:24+00:00","dateModified":"2026-04-06T10:39:40+00:00","breadcrumb":{"@id":"https:\/\/smans.com\/fr\/product\/wire-assembly-machine-omega-740\/#breadcrumb"},"inLanguage":"fr-FR","potentialAction":[{"@type":"ReadAction","target":["https:\/\/smans.com\/fr\/product\/wire-assembly-machine-omega-740\/"]}]},{"@type":"BreadcrumbList","@id":"https:\/\/smans.com\/fr\/product\/wire-assembly-machine-omega-740\/#breadcrumb","itemListElement":[{"@type":"ListItem","position":1,"name":"Home","item":"https:\/\/smans.com\/fr\/"},{"@type":"ListItem","position":2,"name":"Boutique","item":"https:\/\/smans.com\/nl\/shop\/"},{"@type":"ListItem","position":3,"name":"Komax - Wire Assembly Machine Omega 740"}]},{"@type":"WebSite","@id":"https:\/\/smans.com\/nl\/#website","url":"https:\/\/smans.com\/nl\/","name":"Smans","description":"","publisher":{"@id":"https:\/\/smans.com\/nl\/#organization"},"potentialAction":[{"@type":"SearchAction","target":{"@type":"EntryPoint","urlTemplate":"https:\/\/smans.com\/nl\/?s={search_term_string}"},"query-input":{"@type":"PropertyValueSpecification","valueRequired":true,"valueName":"search_term_string"}}],"inLanguage":"fr-FR"},{"@type":"Organization","@id":"https:\/\/smans.com\/nl\/#organization","name":"Smans","url":"https:\/\/smans.com\/nl\/","logo":{"@type":"ImageObject","inLanguage":"fr-FR","@id":"https:\/\/smans.com\/nl\/#\/schema\/logo\/image\/","url":"https:\/\/smans.com\/wp-content\/uploads\/2023\/09\/logo.svg","contentUrl":"https:\/\/smans.com\/wp-content\/uploads\/2023\/09\/logo.svg","caption":"Smans"},"image":{"@id":"https:\/\/smans.com\/nl\/#\/schema\/logo\/image\/"}}]}},"brands":[{"id":18260,"name":"Komax","slug":"brand-komax-fr"}],"_links":{"self":[{"href":"https:\/\/smans.com\/fr\/wp-json\/wp\/v2\/product\/23847","targetHints":{"allow":["GET"]}}],"collection":[{"href":"https:\/\/smans.com\/fr\/wp-json\/wp\/v2\/product"}],"about":[{"href":"https:\/\/smans.com\/fr\/wp-json\/wp\/v2\/types\/product"}],"wp:attachment":[{"href":"https:\/\/smans.com\/fr\/wp-json\/wp\/v2\/media?parent=23847"}],"wp:term":[{"taxonomy":"pwb-brand","embeddable":true,"href":"https:\/\/smans.com\/fr\/wp-json\/wp\/v2\/pwb-brand?post=23847"},{"taxonomy":"product_brand","embeddable":true,"href":"https:\/\/smans.com\/fr\/wp-json\/wp\/v2\/product_brand?post=23847"},{"taxonomy":"product_cat","embeddable":true,"href":"https:\/\/smans.com\/fr\/wp-json\/wp\/v2\/product_cat?post=23847"},{"taxonomy":"product_tag","embeddable":true,"href":"https:\/\/smans.com\/fr\/wp-json\/wp\/v2\/product_tag?post=23847"}],"curies":[{"name":"wp","href":"https:\/\/api.w.org\/{rel}","templated":true}]}}