{"id":23854,"date":"2024-10-23T17:29:03","date_gmt":"2024-10-23T15:29:03","guid":{"rendered":"https:\/\/smans.com\/product\/infrared-mobile-device\/"},"modified":"2026-04-06T12:39:41","modified_gmt":"2026-04-06T10:39:41","slug":"infrared-mobile-device-2","status":"publish","type":"product","link":"https:\/\/smans.com\/fr\/product\/infrared-mobile-device-2\/","title":{"rendered":"Komax - Mobile IR Device with support &#8211; IRMO"},"content":{"rendered":"<div class=\"flex max-w-full flex-col flex-grow\">\n<div class=\"min-h-8 text-message flex w-full flex-col items-end gap-2 whitespace-normal break-words text-start [.text-message+&amp;]:mt-5\" dir=\"auto\" data-message-author-role=\"assistant\" data-message-id=\"07f75266-5dd6-4608-bbf9-8f5ad7f7b068\" data-message-model-slug=\"gpt-4o\">\n<div class=\"flex w-full flex-col gap-1 empty:hidden first:pt-[3px]\">\n<div class=\"markdown prose w-full break-words dark:prose-invert light\">\n<p data-start=\"1926\" data-end=\"2312\">Le <strong data-start=\"1929\" data-end=\"1937\">IRMO<\/strong> est un <strong data-start=\"1945\" data-end=\"1991\">appareil de r\u00e9traction infrarouge portable<\/strong>, id\u00e9al pour les <strong data-start=\"2008\" data-end=\"2041\">espaces de travail restreints<\/strong>, gr\u00e2ce \u00e0 son <strong data-start=\"2055\" data-end=\"2073\">format compact<\/strong> et son <strong data-start=\"2081\" data-end=\"2112\">bouton d&rsquo;activation int\u00e9gr\u00e9<\/strong>. Con\u00e7u pour des <strong data-start=\"2129\" data-end=\"2184\">diam\u00e8tres de produits allant jusqu&rsquo;\u00e0 16 mm (0,6 in)<\/strong>, cet <strong data-start=\"2190\" data-end=\"2209\">appareil manuel<\/strong> est parfait pour les <strong data-start=\"2231\" data-end=\"2309\">armoires \u00e9lectriques, l&rsquo;assemblage de c\u00e2bles et la confection de faisceaux<\/strong>.<\/p>\n<p data-start=\"2314\" data-end=\"2759\">Avec le <strong data-start=\"2322\" data-end=\"2363\">syst\u00e8me de r\u00e9traction infrarouge IRMO<\/strong>, les \u00e9l\u00e9ments suivants peuvent \u00eatre trait\u00e9s <strong data-start=\"2408\" data-end=\"2442\">efficacement et avec fiabilit\u00e9<\/strong> :<br data-start=\"2444\" data-end=\"2447\" \/>\u2714 <strong data-start=\"2449\" data-end=\"2478\">Gaines thermor\u00e9tractables<\/strong><br data-start=\"2478\" data-end=\"2481\" \/>\u2714 <strong data-start=\"2483\" data-end=\"2508\">Manchons d&rsquo;\u00e9tiquetage<\/strong><br data-start=\"2508\" data-end=\"2511\" \/>\u2714 <strong data-start=\"2513\" data-end=\"2562\">Connecteurs \u00e0 souder et manchons de connexion<\/strong><br data-start=\"2562\" data-end=\"2565\" \/>\u2714 <strong data-start=\"2567\" data-end=\"2611\">Connecteurs de terminaison et de liaison<\/strong><br data-start=\"2611\" data-end=\"2614\" \/>\u2714 <strong data-start=\"2616\" data-end=\"2660\">Connexions de c\u00e2bles blind\u00e9s et coaxiaux<\/strong><br data-start=\"2660\" data-end=\"2663\" \/>\u2714 <strong data-start=\"2665\" data-end=\"2702\">Connexions de composants en ligne<\/strong><br data-start=\"2702\" data-end=\"2705\" \/>\u2714 <strong data-start=\"2707\" data-end=\"2757\">Mat\u00e9riaux et produits pour la thermor\u00e9traction<\/strong><\/p>\n<p data-start=\"2761\" data-end=\"2885\" data-is-last-node=\"\">L\u2019<strong data-start=\"2763\" data-end=\"2804\">unit\u00e9 de commande num\u00e9rique IRDC-2000<\/strong> est requise pour faire fonctionner l\u2019<strong data-start=\"2842\" data-end=\"2884\">appareil de r\u00e9traction infrarouge IRMO<\/strong>.<\/p>\n<\/div>\n<\/div>\n<\/div>\n<\/div>\n<div class=\"mb-2 flex gap-3 empty:hidden -ml-2\">\n<div class=\"items-center justify-start rounded-xl p-1 flex\">\n<div class=\"flex items-center\"><button class=\"rounded-lg text-token-text-secondary hover:bg-token-main-surface-secondary\" aria-label=\"Kopi\u00ebren\" data-testid=\"copy-turn-action-button\"><\/button><\/p>\n<div class=\"flex\">\u00a0<\/div>\n<p><button class=\"rounded-lg text-token-text-secondary hover:bg-token-main-surface-secondary\" aria-label=\"Read aloud\" data-testid=\"voice-play-turn-action-button\"><\/button><button class=\"rounded-lg text-token-text-secondary hover:bg-token-main-surface-secondary\" aria-label=\"In canvas bewerken\"><\/button><\/p>\n<div class=\"flex items-center pb-0\"><span class=\"overflow-hidden text-clip whitespace-nowrap text-sm\">4o<\/span><\/div>\n<\/div>\n<\/div>\n<\/div>\n","protected":false},"excerpt":{"rendered":"<p>IRMO : Appareil de R\u00e9traction Infrarouge Compact et Portable<\/p>\n","protected":false},"featured_media":0,"template":"","meta":{"_acf_changed":false},"pwb-brand":[18260],"product_brand":[],"product_cat":[17990,18048,18001],"product_tag":[],"class_list":{"0":"post-23854","1":"product","2":"type-product","3":"status-publish","5":"pwb-brand-brand-komax-fr","6":"product_cat-cables-et-cablage-fr","7":"product_cat-heat-shrinking-systems-fr","8":"product_cat-processus-secondaires-fr","10":"first","11":"instock","12":"taxable","13":"shipping-taxable","14":"purchasable","15":"product-type-simple"},"acf":[],"yoast_head":"<!-- This site is optimized with the Yoast SEO plugin v27.1.1 - https:\/\/yoast.com\/product\/yoast-seo-wordpress\/ -->\n<title>Mobile IR Device with support - IRMO - Smans<\/title>\n<meta name=\"robots\" content=\"index, follow, max-snippet:-1, max-image-preview:large, max-video-preview:-1\" \/>\n<link rel=\"canonical\" href=\"https:\/\/smans.com\/fr\/product\/infrared-mobile-device-2\/\" \/>\n<meta property=\"og:locale\" content=\"fr_FR\" \/>\n<meta property=\"og:type\" content=\"article\" \/>\n<meta property=\"og:title\" content=\"Mobile IR Device with support - IRMO - Smans\" \/>\n<meta property=\"og:description\" content=\"IRMO : Appareil de R\u00e9traction Infrarouge Compact et Portable\" \/>\n<meta property=\"og:url\" content=\"https:\/\/smans.com\/fr\/product\/infrared-mobile-device-2\/\" \/>\n<meta property=\"og:site_name\" content=\"Smans\" \/>\n<meta property=\"article:modified_time\" content=\"2026-04-06T10:39:41+00:00\" \/>\n<meta name=\"twitter:card\" content=\"summary_large_image\" \/>\n<meta name=\"twitter:label1\" content=\"Dur\u00e9e de lecture estim\u00e9e\" \/>\n\t<meta name=\"twitter:data1\" content=\"1 minute\" \/>\n<script type=\"application\/ld+json\" class=\"yoast-schema-graph\">{\"@context\":\"https:\/\/schema.org\",\"@graph\":[{\"@type\":\"WebPage\",\"@id\":\"https:\/\/smans.com\/fr\/product\/infrared-mobile-device-2\/\",\"url\":\"https:\/\/smans.com\/fr\/product\/infrared-mobile-device-2\/\",\"name\":\"Mobile IR Device with support - IRMO - Smans\",\"isPartOf\":{\"@id\":\"https:\/\/smans.com\/nl\/#website\"},\"datePublished\":\"2024-10-23T15:29:03+00:00\",\"dateModified\":\"2026-04-06T10:39:41+00:00\",\"breadcrumb\":{\"@id\":\"https:\/\/smans.com\/fr\/product\/infrared-mobile-device-2\/#breadcrumb\"},\"inLanguage\":\"fr-FR\",\"potentialAction\":[{\"@type\":\"ReadAction\",\"target\":[\"https:\/\/smans.com\/fr\/product\/infrared-mobile-device-2\/\"]}]},{\"@type\":\"BreadcrumbList\",\"@id\":\"https:\/\/smans.com\/fr\/product\/infrared-mobile-device-2\/#breadcrumb\",\"itemListElement\":[{\"@type\":\"ListItem\",\"position\":1,\"name\":\"Home\",\"item\":\"https:\/\/smans.com\/fr\/\"},{\"@type\":\"ListItem\",\"position\":2,\"name\":\"Boutique\",\"item\":\"https:\/\/smans.com\/nl\/shop\/\"},{\"@type\":\"ListItem\",\"position\":3,\"name\":\"Komax - Mobile IR Device with support &#8211; IRMO\"}]},{\"@type\":\"WebSite\",\"@id\":\"https:\/\/smans.com\/nl\/#website\",\"url\":\"https:\/\/smans.com\/nl\/\",\"name\":\"Smans\",\"description\":\"\",\"publisher\":{\"@id\":\"https:\/\/smans.com\/nl\/#organization\"},\"potentialAction\":[{\"@type\":\"SearchAction\",\"target\":{\"@type\":\"EntryPoint\",\"urlTemplate\":\"https:\/\/smans.com\/nl\/?s={search_term_string}\"},\"query-input\":{\"@type\":\"PropertyValueSpecification\",\"valueRequired\":true,\"valueName\":\"search_term_string\"}}],\"inLanguage\":\"fr-FR\"},{\"@type\":\"Organization\",\"@id\":\"https:\/\/smans.com\/nl\/#organization\",\"name\":\"Smans\",\"url\":\"https:\/\/smans.com\/nl\/\",\"logo\":{\"@type\":\"ImageObject\",\"inLanguage\":\"fr-FR\",\"@id\":\"https:\/\/smans.com\/nl\/#\/schema\/logo\/image\/\",\"url\":\"https:\/\/smans.com\/wp-content\/uploads\/2023\/09\/logo.svg\",\"contentUrl\":\"https:\/\/smans.com\/wp-content\/uploads\/2023\/09\/logo.svg\",\"caption\":\"Smans\"},\"image\":{\"@id\":\"https:\/\/smans.com\/nl\/#\/schema\/logo\/image\/\"}}]}<\/script>\n<!-- \/ Yoast SEO plugin. -->","yoast_head_json":{"title":"Mobile IR Device with support - IRMO - Smans","robots":{"index":"index","follow":"follow","max-snippet":"max-snippet:-1","max-image-preview":"max-image-preview:large","max-video-preview":"max-video-preview:-1"},"canonical":"https:\/\/smans.com\/fr\/product\/infrared-mobile-device-2\/","og_locale":"fr_FR","og_type":"article","og_title":"Mobile IR Device with support - IRMO - Smans","og_description":"IRMO : Appareil de R\u00e9traction Infrarouge Compact et Portable","og_url":"https:\/\/smans.com\/fr\/product\/infrared-mobile-device-2\/","og_site_name":"Smans","article_modified_time":"2026-04-06T10:39:41+00:00","twitter_card":"summary_large_image","twitter_misc":{"Dur\u00e9e de lecture estim\u00e9e":"1 minute"},"schema":{"@context":"https:\/\/schema.org","@graph":[{"@type":"WebPage","@id":"https:\/\/smans.com\/fr\/product\/infrared-mobile-device-2\/","url":"https:\/\/smans.com\/fr\/product\/infrared-mobile-device-2\/","name":"Mobile IR Device with support - IRMO - Smans","isPartOf":{"@id":"https:\/\/smans.com\/nl\/#website"},"datePublished":"2024-10-23T15:29:03+00:00","dateModified":"2026-04-06T10:39:41+00:00","breadcrumb":{"@id":"https:\/\/smans.com\/fr\/product\/infrared-mobile-device-2\/#breadcrumb"},"inLanguage":"fr-FR","potentialAction":[{"@type":"ReadAction","target":["https:\/\/smans.com\/fr\/product\/infrared-mobile-device-2\/"]}]},{"@type":"BreadcrumbList","@id":"https:\/\/smans.com\/fr\/product\/infrared-mobile-device-2\/#breadcrumb","itemListElement":[{"@type":"ListItem","position":1,"name":"Home","item":"https:\/\/smans.com\/fr\/"},{"@type":"ListItem","position":2,"name":"Boutique","item":"https:\/\/smans.com\/nl\/shop\/"},{"@type":"ListItem","position":3,"name":"Komax - Mobile IR Device with support &#8211; IRMO"}]},{"@type":"WebSite","@id":"https:\/\/smans.com\/nl\/#website","url":"https:\/\/smans.com\/nl\/","name":"Smans","description":"","publisher":{"@id":"https:\/\/smans.com\/nl\/#organization"},"potentialAction":[{"@type":"SearchAction","target":{"@type":"EntryPoint","urlTemplate":"https:\/\/smans.com\/nl\/?s={search_term_string}"},"query-input":{"@type":"PropertyValueSpecification","valueRequired":true,"valueName":"search_term_string"}}],"inLanguage":"fr-FR"},{"@type":"Organization","@id":"https:\/\/smans.com\/nl\/#organization","name":"Smans","url":"https:\/\/smans.com\/nl\/","logo":{"@type":"ImageObject","inLanguage":"fr-FR","@id":"https:\/\/smans.com\/nl\/#\/schema\/logo\/image\/","url":"https:\/\/smans.com\/wp-content\/uploads\/2023\/09\/logo.svg","contentUrl":"https:\/\/smans.com\/wp-content\/uploads\/2023\/09\/logo.svg","caption":"Smans"},"image":{"@id":"https:\/\/smans.com\/nl\/#\/schema\/logo\/image\/"}}]}},"brands":[{"id":18260,"name":"Komax","slug":"brand-komax-fr"}],"_links":{"self":[{"href":"https:\/\/smans.com\/fr\/wp-json\/wp\/v2\/product\/23854","targetHints":{"allow":["GET"]}}],"collection":[{"href":"https:\/\/smans.com\/fr\/wp-json\/wp\/v2\/product"}],"about":[{"href":"https:\/\/smans.com\/fr\/wp-json\/wp\/v2\/types\/product"}],"wp:attachment":[{"href":"https:\/\/smans.com\/fr\/wp-json\/wp\/v2\/media?parent=23854"}],"wp:term":[{"taxonomy":"pwb-brand","embeddable":true,"href":"https:\/\/smans.com\/fr\/wp-json\/wp\/v2\/pwb-brand?post=23854"},{"taxonomy":"product_brand","embeddable":true,"href":"https:\/\/smans.com\/fr\/wp-json\/wp\/v2\/product_brand?post=23854"},{"taxonomy":"product_cat","embeddable":true,"href":"https:\/\/smans.com\/fr\/wp-json\/wp\/v2\/product_cat?post=23854"},{"taxonomy":"product_tag","embeddable":true,"href":"https:\/\/smans.com\/fr\/wp-json\/wp\/v2\/product_tag?post=23854"}],"curies":[{"name":"wp","href":"https:\/\/api.w.org\/{rel}","templated":true}]}}