{"id":23856,"date":"2024-06-09T17:18:16","date_gmt":"2024-06-09T15:18:16","guid":{"rendered":"https:\/\/smans.com\/product\/solder-fume-extraction-v-600\/"},"modified":"2026-04-13T12:15:02","modified_gmt":"2026-04-13T10:15:02","slug":"solder-fume-extraction-v-600","status":"publish","type":"product","link":"https:\/\/smans.com\/fr\/product\/solder-fume-extraction-v-600\/","title":{"rendered":"Bofa - Solder Fume Extraction V 600"},"content":{"rendered":"<p>La gamme haut de gamme de syst\u00e8mes d&rsquo;extraction BOFA combine une grande capacit\u00e9 de filtration avec des d\u00e9bits d&rsquo;air et une pression \u00e9lev\u00e9s. Cet appareil int\u00e8gre une filtration en trois \u00e9tapes, un affichage de l&rsquo;\u00e9tat du filtre et un syst\u00e8me d&rsquo;insonorisation int\u00e9gr\u00e9. Une solution de purification des fum\u00e9es v\u00e9ritablement \u00e0 la pointe de la technologie.<\/p>\n","protected":false},"excerpt":{"rendered":"<p>Syst\u00e8me centralis\u00e9 d&rsquo;extraction des fum\u00e9es pour les applications de soudure.<\/p>\n","protected":false},"featured_media":0,"template":"","meta":{"_acf_changed":false},"pwb-brand":[18210],"product_brand":[],"product_cat":[17991,18072,18003],"product_tag":[],"class_list":{"0":"post-23856","1":"product","2":"type-product","3":"status-publish","5":"pwb-brand-brand-bofa-fr-2","6":"product_cat-electronique-fr","7":"product_cat-fume-extraction-fr-2","8":"product_cat-systemes-manuels-de-soudure-et-de-reparation-fr","10":"first","11":"instock","12":"taxable","13":"shipping-taxable","14":"product-type-simple"},"acf":[],"yoast_head":"<!-- This site is optimized with the Yoast SEO plugin v27.1.1 - https:\/\/yoast.com\/product\/yoast-seo-wordpress\/ -->\n<title>Solder Fume Extraction V 600 - Smans<\/title>\n<meta name=\"robots\" content=\"index, follow, max-snippet:-1, max-image-preview:large, max-video-preview:-1\" \/>\n<link rel=\"canonical\" href=\"https:\/\/smans.com\/fr\/product\/solder-fume-extraction-v-600\/\" \/>\n<meta property=\"og:locale\" content=\"fr_FR\" \/>\n<meta property=\"og:type\" content=\"article\" \/>\n<meta property=\"og:title\" content=\"Solder Fume Extraction V 600 - Smans\" \/>\n<meta property=\"og:description\" content=\"Syst\u00e8me centralis\u00e9 d&#039;extraction des fum\u00e9es pour les applications de soudure.\" \/>\n<meta property=\"og:url\" content=\"https:\/\/smans.com\/fr\/product\/solder-fume-extraction-v-600\/\" \/>\n<meta property=\"og:site_name\" content=\"Smans\" \/>\n<meta property=\"article:modified_time\" content=\"2026-04-13T10:15:02+00:00\" \/>\n<meta name=\"twitter:card\" content=\"summary_large_image\" \/>\n<script type=\"application\/ld+json\" class=\"yoast-schema-graph\">{\"@context\":\"https:\/\/schema.org\",\"@graph\":[{\"@type\":\"WebPage\",\"@id\":\"https:\/\/smans.com\/fr\/product\/solder-fume-extraction-v-600\/\",\"url\":\"https:\/\/smans.com\/fr\/product\/solder-fume-extraction-v-600\/\",\"name\":\"Solder Fume Extraction V 600 - Smans\",\"isPartOf\":{\"@id\":\"https:\/\/smans.com\/nl\/#website\"},\"datePublished\":\"2024-06-09T15:18:16+00:00\",\"dateModified\":\"2026-04-13T10:15:02+00:00\",\"breadcrumb\":{\"@id\":\"https:\/\/smans.com\/fr\/product\/solder-fume-extraction-v-600\/#breadcrumb\"},\"inLanguage\":\"fr-FR\",\"potentialAction\":[{\"@type\":\"ReadAction\",\"target\":[\"https:\/\/smans.com\/fr\/product\/solder-fume-extraction-v-600\/\"]}]},{\"@type\":\"BreadcrumbList\",\"@id\":\"https:\/\/smans.com\/fr\/product\/solder-fume-extraction-v-600\/#breadcrumb\",\"itemListElement\":[{\"@type\":\"ListItem\",\"position\":1,\"name\":\"Home\",\"item\":\"https:\/\/smans.com\/fr\/\"},{\"@type\":\"ListItem\",\"position\":2,\"name\":\"Boutique\",\"item\":\"https:\/\/smans.com\/nl\/shop\/\"},{\"@type\":\"ListItem\",\"position\":3,\"name\":\"Bofa - Solder Fume Extraction V 600\"}]},{\"@type\":\"WebSite\",\"@id\":\"https:\/\/smans.com\/nl\/#website\",\"url\":\"https:\/\/smans.com\/nl\/\",\"name\":\"Smans\",\"description\":\"\",\"publisher\":{\"@id\":\"https:\/\/smans.com\/nl\/#organization\"},\"potentialAction\":[{\"@type\":\"SearchAction\",\"target\":{\"@type\":\"EntryPoint\",\"urlTemplate\":\"https:\/\/smans.com\/nl\/?s={search_term_string}\"},\"query-input\":{\"@type\":\"PropertyValueSpecification\",\"valueRequired\":true,\"valueName\":\"search_term_string\"}}],\"inLanguage\":\"fr-FR\"},{\"@type\":\"Organization\",\"@id\":\"https:\/\/smans.com\/nl\/#organization\",\"name\":\"Smans\",\"url\":\"https:\/\/smans.com\/nl\/\",\"logo\":{\"@type\":\"ImageObject\",\"inLanguage\":\"fr-FR\",\"@id\":\"https:\/\/smans.com\/nl\/#\/schema\/logo\/image\/\",\"url\":\"https:\/\/smans.com\/wp-content\/uploads\/2023\/09\/logo.svg\",\"contentUrl\":\"https:\/\/smans.com\/wp-content\/uploads\/2023\/09\/logo.svg\",\"caption\":\"Smans\"},\"image\":{\"@id\":\"https:\/\/smans.com\/nl\/#\/schema\/logo\/image\/\"}}]}<\/script>\n<!-- \/ Yoast SEO plugin. -->","yoast_head_json":{"title":"Solder Fume Extraction V 600 - Smans","robots":{"index":"index","follow":"follow","max-snippet":"max-snippet:-1","max-image-preview":"max-image-preview:large","max-video-preview":"max-video-preview:-1"},"canonical":"https:\/\/smans.com\/fr\/product\/solder-fume-extraction-v-600\/","og_locale":"fr_FR","og_type":"article","og_title":"Solder Fume Extraction V 600 - Smans","og_description":"Syst\u00e8me centralis\u00e9 d'extraction des fum\u00e9es pour les applications de soudure.","og_url":"https:\/\/smans.com\/fr\/product\/solder-fume-extraction-v-600\/","og_site_name":"Smans","article_modified_time":"2026-04-13T10:15:02+00:00","twitter_card":"summary_large_image","schema":{"@context":"https:\/\/schema.org","@graph":[{"@type":"WebPage","@id":"https:\/\/smans.com\/fr\/product\/solder-fume-extraction-v-600\/","url":"https:\/\/smans.com\/fr\/product\/solder-fume-extraction-v-600\/","name":"Solder Fume Extraction V 600 - Smans","isPartOf":{"@id":"https:\/\/smans.com\/nl\/#website"},"datePublished":"2024-06-09T15:18:16+00:00","dateModified":"2026-04-13T10:15:02+00:00","breadcrumb":{"@id":"https:\/\/smans.com\/fr\/product\/solder-fume-extraction-v-600\/#breadcrumb"},"inLanguage":"fr-FR","potentialAction":[{"@type":"ReadAction","target":["https:\/\/smans.com\/fr\/product\/solder-fume-extraction-v-600\/"]}]},{"@type":"BreadcrumbList","@id":"https:\/\/smans.com\/fr\/product\/solder-fume-extraction-v-600\/#breadcrumb","itemListElement":[{"@type":"ListItem","position":1,"name":"Home","item":"https:\/\/smans.com\/fr\/"},{"@type":"ListItem","position":2,"name":"Boutique","item":"https:\/\/smans.com\/nl\/shop\/"},{"@type":"ListItem","position":3,"name":"Bofa - Solder Fume Extraction V 600"}]},{"@type":"WebSite","@id":"https:\/\/smans.com\/nl\/#website","url":"https:\/\/smans.com\/nl\/","name":"Smans","description":"","publisher":{"@id":"https:\/\/smans.com\/nl\/#organization"},"potentialAction":[{"@type":"SearchAction","target":{"@type":"EntryPoint","urlTemplate":"https:\/\/smans.com\/nl\/?s={search_term_string}"},"query-input":{"@type":"PropertyValueSpecification","valueRequired":true,"valueName":"search_term_string"}}],"inLanguage":"fr-FR"},{"@type":"Organization","@id":"https:\/\/smans.com\/nl\/#organization","name":"Smans","url":"https:\/\/smans.com\/nl\/","logo":{"@type":"ImageObject","inLanguage":"fr-FR","@id":"https:\/\/smans.com\/nl\/#\/schema\/logo\/image\/","url":"https:\/\/smans.com\/wp-content\/uploads\/2023\/09\/logo.svg","contentUrl":"https:\/\/smans.com\/wp-content\/uploads\/2023\/09\/logo.svg","caption":"Smans"},"image":{"@id":"https:\/\/smans.com\/nl\/#\/schema\/logo\/image\/"}}]}},"brands":[{"id":18210,"name":"Bofa","slug":"brand-bofa-fr-2"}],"_links":{"self":[{"href":"https:\/\/smans.com\/fr\/wp-json\/wp\/v2\/product\/23856","targetHints":{"allow":["GET"]}}],"collection":[{"href":"https:\/\/smans.com\/fr\/wp-json\/wp\/v2\/product"}],"about":[{"href":"https:\/\/smans.com\/fr\/wp-json\/wp\/v2\/types\/product"}],"wp:attachment":[{"href":"https:\/\/smans.com\/fr\/wp-json\/wp\/v2\/media?parent=23856"}],"wp:term":[{"taxonomy":"pwb-brand","embeddable":true,"href":"https:\/\/smans.com\/fr\/wp-json\/wp\/v2\/pwb-brand?post=23856"},{"taxonomy":"product_brand","embeddable":true,"href":"https:\/\/smans.com\/fr\/wp-json\/wp\/v2\/product_brand?post=23856"},{"taxonomy":"product_cat","embeddable":true,"href":"https:\/\/smans.com\/fr\/wp-json\/wp\/v2\/product_cat?post=23856"},{"taxonomy":"product_tag","embeddable":true,"href":"https:\/\/smans.com\/fr\/wp-json\/wp\/v2\/product_tag?post=23856"}],"curies":[{"name":"wp","href":"https:\/\/api.w.org\/{rel}","templated":true}]}}