{"id":23863,"date":"2024-06-09T17:21:33","date_gmt":"2024-06-09T15:21:33","guid":{"rendered":"https:\/\/smans.com\/product\/automatic-pick-place-printer-iineo-i\/"},"modified":"2026-04-28T11:19:17","modified_gmt":"2026-04-28T09:19:17","slug":"automatic-pick-place-printer-iineo-i","status":"publish","type":"product","link":"https:\/\/smans.com\/fr\/product\/automatic-pick-place-printer-iineo-i\/","title":{"rendered":"Europlacer - Automatic Pick &amp; Place Printer ii-N1"},"content":{"rendered":"<p>L&rsquo;Europlacer ii-N1 est le mod\u00e8le haut de gamme pour le <strong>prototypage et les petites s\u00e9ries<\/strong> de la gamme Europlacer. Cette machine offre la m\u00eame technologie avanc\u00e9e que la ii-N2, plus grande, mais avec une seule t\u00eate Tornado (8 ou 12 buses) pour les lignes de production compactes. Gr\u00e2ce \u00e0 son contr\u00f4le moteur lin\u00e9aire, sa cam\u00e9ra haute r\u00e9solution et son s\u00e9quen\u00e7age auto-adaptatif (AAS), l&rsquo;ii-N1 place les composants avec une pr\u00e9cision exceptionnelle \u2013 jusqu&rsquo;\u00e0 \u00b122 \u00b5m pour les QFP et \u00b146 \u00b5m pour les puces \u2013 \u00e0 des vitesses pouvant atteindre 15 390 composants par heure.<\/p>\n<p>La machine prend en charge une large gamme de composants de 03015 m \u00e0 99 \u00d7 99 \u00d7 34 mm, y compris les BGA, \u00b5BGA, CSP, QFN et divers composants de forme irr\u00e9guli\u00e8re. La capacit\u00e9 du chargeur pouvant atteindre 264 \u00d7 8 mm et l&rsquo;espace pour 10 plateaux JEDEC garantissent une flexibilit\u00e9 maximale, tandis que les convoyeurs intelligents et le logiciel ii-RC r\u00e9duisent consid\u00e9rablement les temps de changement.<\/p>\n<p>Avec la connectivit\u00e9 CFX 1.7, l&rsquo;interface SMEMA et l&rsquo;int\u00e9gration ii-Tab, l&rsquo;ii-N1 est pr\u00eat pour les lignes de production enti\u00e8rement automatis\u00e9es. Compact, rapide et extr\u00eamement pr\u00e9cis, l&rsquo;Europlacer ii-N1 est la solution id\u00e9ale pour les entreprises qui souhaitent combiner une grande diversit\u00e9 et une qualit\u00e9 \u00e9lev\u00e9e dans un environnement SMT efficace et \u00e9volutif.<\/p>\n","protected":false},"excerpt":{"rendered":"<p>Machine de placement haute pr\u00e9cision \u00e9quip\u00e9e d&rsquo;une t\u00eate Tornado et de 12 buses maximum, con\u00e7ue pour le prototypage et les petites s\u00e9ries de production.<\/p>\n","protected":false},"featured_media":0,"template":"","meta":{"_acf_changed":false},"pwb-brand":[18240],"product_brand":[],"product_cat":[17991,18011,18084],"product_tag":[],"class_list":{"0":"post-23863","1":"product","2":"type-product","3":"status-publish","5":"pwb-brand-brand-europlacer-fr","6":"product_cat-electronique-fr","7":"product_cat-equipement-d-assemblage-smt-fr","8":"product_cat-pick-place-fr","10":"first","11":"instock","12":"taxable","13":"shipping-taxable","14":"product-type-simple"},"acf":[],"yoast_head":"<!-- This site is optimized with the Yoast SEO plugin v27.1.1 - https:\/\/yoast.com\/product\/yoast-seo-wordpress\/ -->\n<title>Automatic Pick &amp; Place Printer ii-N1 - Smans<\/title>\n<meta name=\"robots\" content=\"index, follow, max-snippet:-1, max-image-preview:large, max-video-preview:-1\" \/>\n<link rel=\"canonical\" href=\"https:\/\/smans.com\/fr\/product\/automatic-pick-place-printer-iineo-i\/\" \/>\n<meta property=\"og:locale\" content=\"fr_FR\" \/>\n<meta property=\"og:type\" content=\"article\" \/>\n<meta property=\"og:title\" content=\"Automatic Pick &amp; Place Printer ii-N1 - Smans\" \/>\n<meta property=\"og:description\" content=\"Machine de placement haute pr\u00e9cision \u00e9quip\u00e9e d&#039;une t\u00eate Tornado et de 12 buses maximum, con\u00e7ue pour le prototypage et les petites s\u00e9ries de production.\" \/>\n<meta property=\"og:url\" content=\"https:\/\/smans.com\/fr\/product\/automatic-pick-place-printer-iineo-i\/\" \/>\n<meta property=\"og:site_name\" content=\"Smans\" \/>\n<meta property=\"article:modified_time\" content=\"2026-04-28T09:19:17+00:00\" \/>\n<meta name=\"twitter:card\" content=\"summary_large_image\" \/>\n<meta name=\"twitter:label1\" content=\"Dur\u00e9e de lecture estim\u00e9e\" \/>\n\t<meta name=\"twitter:data1\" content=\"1 minute\" \/>\n<script type=\"application\/ld+json\" class=\"yoast-schema-graph\">{\"@context\":\"https:\/\/schema.org\",\"@graph\":[{\"@type\":\"WebPage\",\"@id\":\"https:\/\/smans.com\/fr\/product\/automatic-pick-place-printer-iineo-i\/\",\"url\":\"https:\/\/smans.com\/fr\/product\/automatic-pick-place-printer-iineo-i\/\",\"name\":\"Automatic Pick &amp; Place Printer ii-N1 - Smans\",\"isPartOf\":{\"@id\":\"https:\/\/smans.com\/nl\/#website\"},\"datePublished\":\"2024-06-09T15:21:33+00:00\",\"dateModified\":\"2026-04-28T09:19:17+00:00\",\"breadcrumb\":{\"@id\":\"https:\/\/smans.com\/fr\/product\/automatic-pick-place-printer-iineo-i\/#breadcrumb\"},\"inLanguage\":\"fr-FR\",\"potentialAction\":[{\"@type\":\"ReadAction\",\"target\":[\"https:\/\/smans.com\/fr\/product\/automatic-pick-place-printer-iineo-i\/\"]}]},{\"@type\":\"BreadcrumbList\",\"@id\":\"https:\/\/smans.com\/fr\/product\/automatic-pick-place-printer-iineo-i\/#breadcrumb\",\"itemListElement\":[{\"@type\":\"ListItem\",\"position\":1,\"name\":\"Home\",\"item\":\"https:\/\/smans.com\/fr\/\"},{\"@type\":\"ListItem\",\"position\":2,\"name\":\"Boutique\",\"item\":\"https:\/\/smans.com\/nl\/shop\/\"},{\"@type\":\"ListItem\",\"position\":3,\"name\":\"Europlacer - Automatic Pick &amp; Place Printer ii-N1\"}]},{\"@type\":\"WebSite\",\"@id\":\"https:\/\/smans.com\/nl\/#website\",\"url\":\"https:\/\/smans.com\/nl\/\",\"name\":\"Smans\",\"description\":\"\",\"publisher\":{\"@id\":\"https:\/\/smans.com\/nl\/#organization\"},\"potentialAction\":[{\"@type\":\"SearchAction\",\"target\":{\"@type\":\"EntryPoint\",\"urlTemplate\":\"https:\/\/smans.com\/nl\/?s={search_term_string}\"},\"query-input\":{\"@type\":\"PropertyValueSpecification\",\"valueRequired\":true,\"valueName\":\"search_term_string\"}}],\"inLanguage\":\"fr-FR\"},{\"@type\":\"Organization\",\"@id\":\"https:\/\/smans.com\/nl\/#organization\",\"name\":\"Smans\",\"url\":\"https:\/\/smans.com\/nl\/\",\"logo\":{\"@type\":\"ImageObject\",\"inLanguage\":\"fr-FR\",\"@id\":\"https:\/\/smans.com\/nl\/#\/schema\/logo\/image\/\",\"url\":\"https:\/\/smans.com\/wp-content\/uploads\/2023\/09\/logo.svg\",\"contentUrl\":\"https:\/\/smans.com\/wp-content\/uploads\/2023\/09\/logo.svg\",\"caption\":\"Smans\"},\"image\":{\"@id\":\"https:\/\/smans.com\/nl\/#\/schema\/logo\/image\/\"}}]}<\/script>\n<!-- \/ Yoast SEO plugin. -->","yoast_head_json":{"title":"Automatic Pick &amp; Place Printer ii-N1 - Smans","robots":{"index":"index","follow":"follow","max-snippet":"max-snippet:-1","max-image-preview":"max-image-preview:large","max-video-preview":"max-video-preview:-1"},"canonical":"https:\/\/smans.com\/fr\/product\/automatic-pick-place-printer-iineo-i\/","og_locale":"fr_FR","og_type":"article","og_title":"Automatic Pick &amp; Place Printer ii-N1 - Smans","og_description":"Machine de placement haute pr\u00e9cision \u00e9quip\u00e9e d'une t\u00eate Tornado et de 12 buses maximum, con\u00e7ue pour le prototypage et les petites s\u00e9ries de production.","og_url":"https:\/\/smans.com\/fr\/product\/automatic-pick-place-printer-iineo-i\/","og_site_name":"Smans","article_modified_time":"2026-04-28T09:19:17+00:00","twitter_card":"summary_large_image","twitter_misc":{"Dur\u00e9e de lecture estim\u00e9e":"1 minute"},"schema":{"@context":"https:\/\/schema.org","@graph":[{"@type":"WebPage","@id":"https:\/\/smans.com\/fr\/product\/automatic-pick-place-printer-iineo-i\/","url":"https:\/\/smans.com\/fr\/product\/automatic-pick-place-printer-iineo-i\/","name":"Automatic Pick &amp; Place Printer ii-N1 - Smans","isPartOf":{"@id":"https:\/\/smans.com\/nl\/#website"},"datePublished":"2024-06-09T15:21:33+00:00","dateModified":"2026-04-28T09:19:17+00:00","breadcrumb":{"@id":"https:\/\/smans.com\/fr\/product\/automatic-pick-place-printer-iineo-i\/#breadcrumb"},"inLanguage":"fr-FR","potentialAction":[{"@type":"ReadAction","target":["https:\/\/smans.com\/fr\/product\/automatic-pick-place-printer-iineo-i\/"]}]},{"@type":"BreadcrumbList","@id":"https:\/\/smans.com\/fr\/product\/automatic-pick-place-printer-iineo-i\/#breadcrumb","itemListElement":[{"@type":"ListItem","position":1,"name":"Home","item":"https:\/\/smans.com\/fr\/"},{"@type":"ListItem","position":2,"name":"Boutique","item":"https:\/\/smans.com\/nl\/shop\/"},{"@type":"ListItem","position":3,"name":"Europlacer - Automatic Pick &amp; Place Printer ii-N1"}]},{"@type":"WebSite","@id":"https:\/\/smans.com\/nl\/#website","url":"https:\/\/smans.com\/nl\/","name":"Smans","description":"","publisher":{"@id":"https:\/\/smans.com\/nl\/#organization"},"potentialAction":[{"@type":"SearchAction","target":{"@type":"EntryPoint","urlTemplate":"https:\/\/smans.com\/nl\/?s={search_term_string}"},"query-input":{"@type":"PropertyValueSpecification","valueRequired":true,"valueName":"search_term_string"}}],"inLanguage":"fr-FR"},{"@type":"Organization","@id":"https:\/\/smans.com\/nl\/#organization","name":"Smans","url":"https:\/\/smans.com\/nl\/","logo":{"@type":"ImageObject","inLanguage":"fr-FR","@id":"https:\/\/smans.com\/nl\/#\/schema\/logo\/image\/","url":"https:\/\/smans.com\/wp-content\/uploads\/2023\/09\/logo.svg","contentUrl":"https:\/\/smans.com\/wp-content\/uploads\/2023\/09\/logo.svg","caption":"Smans"},"image":{"@id":"https:\/\/smans.com\/nl\/#\/schema\/logo\/image\/"}}]}},"brands":[{"id":18240,"name":"Europlacer","slug":"brand-europlacer-fr"}],"_links":{"self":[{"href":"https:\/\/smans.com\/fr\/wp-json\/wp\/v2\/product\/23863","targetHints":{"allow":["GET"]}}],"collection":[{"href":"https:\/\/smans.com\/fr\/wp-json\/wp\/v2\/product"}],"about":[{"href":"https:\/\/smans.com\/fr\/wp-json\/wp\/v2\/types\/product"}],"wp:attachment":[{"href":"https:\/\/smans.com\/fr\/wp-json\/wp\/v2\/media?parent=23863"}],"wp:term":[{"taxonomy":"pwb-brand","embeddable":true,"href":"https:\/\/smans.com\/fr\/wp-json\/wp\/v2\/pwb-brand?post=23863"},{"taxonomy":"product_brand","embeddable":true,"href":"https:\/\/smans.com\/fr\/wp-json\/wp\/v2\/product_brand?post=23863"},{"taxonomy":"product_cat","embeddable":true,"href":"https:\/\/smans.com\/fr\/wp-json\/wp\/v2\/product_cat?post=23863"},{"taxonomy":"product_tag","embeddable":true,"href":"https:\/\/smans.com\/fr\/wp-json\/wp\/v2\/product_tag?post=23863"}],"curies":[{"name":"wp","href":"https:\/\/api.w.org\/{rel}","templated":true}]}}