{"id":23864,"date":"2024-06-09T17:21:35","date_gmt":"2024-06-09T15:21:35","guid":{"rendered":"https:\/\/smans.com\/product\/automatic-pick-place-printer-iineo-ii\/"},"modified":"2026-04-09T12:41:28","modified_gmt":"2026-04-09T10:41:28","slug":"automatic-pick-place-printer-iineo-ii","status":"publish","type":"product","link":"https:\/\/smans.com\/fr\/product\/automatic-pick-place-printer-iineo-ii\/","title":{"rendered":"Europlacer - Automatic Pick &amp; Place System iineo+ II"},"content":{"rendered":"<p>L&rsquo;Europlacer ii-N2 est le summum de la production CMS hautement diversifi\u00e9e, alliant vitesse, pr\u00e9cision et polyvalence dans une machine de placement avanc\u00e9e. \u00c9quip\u00e9e de deux t\u00eates Tornado \u00e0 8 ou 12 buses et d&rsquo;une cam\u00e9ra haute r\u00e9solution int\u00e9gr\u00e9e, l&rsquo;ii-N2 atteint une vitesse de placement impressionnante pouvant atteindre <strong>30 780 composants par heure<\/strong>. Gr\u00e2ce \u00e0 son syst\u00e8me de moteurs lin\u00e9aires et \u00e0 une pr\u00e9cision de placement de 22 \u00b5m pour les QFP et de 46 \u00b5m pour les puces (3\u03c3), la machine offre une qualit\u00e9 optimale pour tout type d&rsquo;assemblage.<\/p>\n<p>L&rsquo;ii-N2 traite des composants de 03015 mm \u00e0 99 \u00d7 99 \u00d7 34 mm, y compris les BGA, \u00b5BGA, QFN, CSP et les dispositifs de forme irr\u00e9guli\u00e8re. La plate-forme peut accueillir des chargeurs de 264 \u00d7 8 mm et jusqu&rsquo;\u00e0 quatre plateaux JEDEC, avec des syst\u00e8mes d&rsquo;alimentation intelligents qui reconnaissent automatiquement les informations relatives aux composants et aux buses. Gr\u00e2ce au logiciel ii-RC avec commande intuitive et s\u00e9quen\u00e7age auto-adaptatif (AAS), les collisions sont \u00e9vit\u00e9es et les trajectoires sont calcul\u00e9es de mani\u00e8re optimale.<\/p>\n<p>La machine prend en charge des cartes de circuits imprim\u00e9s jusqu&rsquo;\u00e0 1610 \u00d7 600 mm (10 kg) et peut \u00eatre int\u00e9gr\u00e9e dans des lignes de production enti\u00e8rement certifi\u00e9es SMEMA. Des options suppl\u00e9mentaires telles que la distribution de colle\/p\u00e2te, les tests de composants \u00e9lectriques, les chargeurs de plateaux matriciels et la vision par cam\u00e9ra fixe font de l&rsquo;ii-N2 une solution compl\u00e8te et \u00e9volutive pour la production \u00e9lectronique automatis\u00e9e.<\/p>\n<p>En r\u00e9sum\u00e9, l&rsquo;Europlacer ii-N2 offre une flexibilit\u00e9 ultime, une grande pr\u00e9cision et un d\u00e9bit maximal. C&rsquo;est le choix id\u00e9al pour les fabricants qui souhaitent produire des circuits imprim\u00e9s complexes et tr\u00e8s vari\u00e9s sans compromettre la vitesse ou la qualit\u00e9.<\/p>\n","protected":false},"excerpt":{"rendered":"<p>Machine pick-and-place haute mixit\u00e9 avec deux t\u00eates Tornado et jusqu&rsquo;\u00e0 12 buses, con\u00e7ue pour les assemblages complexes de circuits imprim\u00e9s.<\/p>\n","protected":false},"featured_media":0,"template":"","meta":{"_acf_changed":false},"pwb-brand":[18240],"product_brand":[],"product_cat":[17991,18011,18084],"product_tag":[],"class_list":{"0":"post-23864","1":"product","2":"type-product","3":"status-publish","5":"pwb-brand-brand-europlacer-fr","6":"product_cat-electronique-fr","7":"product_cat-equipement-d-assemblage-smt-fr","8":"product_cat-pick-place-fr","10":"first","11":"instock","12":"taxable","13":"shipping-taxable","14":"product-type-simple"},"acf":[],"yoast_head":"<!-- This site is optimized with the Yoast SEO plugin v27.1.1 - https:\/\/yoast.com\/product\/yoast-seo-wordpress\/ -->\n<title>Automatic Pick &amp; Place System iineo+ II - Smans<\/title>\n<meta name=\"robots\" content=\"index, follow, max-snippet:-1, max-image-preview:large, max-video-preview:-1\" \/>\n<link rel=\"canonical\" href=\"https:\/\/smans.com\/fr\/product\/automatic-pick-place-printer-iineo-ii\/\" \/>\n<meta property=\"og:locale\" content=\"fr_FR\" \/>\n<meta property=\"og:type\" content=\"article\" \/>\n<meta property=\"og:title\" content=\"Automatic Pick &amp; Place System iineo+ II - Smans\" \/>\n<meta property=\"og:description\" content=\"Machine pick-and-place haute mixit\u00e9 avec deux t\u00eates Tornado et jusqu&#039;\u00e0 12 buses, con\u00e7ue pour les assemblages complexes de circuits imprim\u00e9s.\" \/>\n<meta property=\"og:url\" content=\"https:\/\/smans.com\/fr\/product\/automatic-pick-place-printer-iineo-ii\/\" \/>\n<meta property=\"og:site_name\" content=\"Smans\" \/>\n<meta property=\"article:modified_time\" content=\"2026-04-09T10:41:28+00:00\" \/>\n<meta name=\"twitter:card\" content=\"summary_large_image\" \/>\n<meta name=\"twitter:label1\" content=\"Dur\u00e9e de lecture estim\u00e9e\" \/>\n\t<meta name=\"twitter:data1\" content=\"1 minute\" \/>\n<script type=\"application\/ld+json\" class=\"yoast-schema-graph\">{\"@context\":\"https:\/\/schema.org\",\"@graph\":[{\"@type\":\"WebPage\",\"@id\":\"https:\/\/smans.com\/fr\/product\/automatic-pick-place-printer-iineo-ii\/\",\"url\":\"https:\/\/smans.com\/fr\/product\/automatic-pick-place-printer-iineo-ii\/\",\"name\":\"Automatic Pick &amp; Place System iineo+ II - Smans\",\"isPartOf\":{\"@id\":\"https:\/\/smans.com\/nl\/#website\"},\"datePublished\":\"2024-06-09T15:21:35+00:00\",\"dateModified\":\"2026-04-09T10:41:28+00:00\",\"breadcrumb\":{\"@id\":\"https:\/\/smans.com\/fr\/product\/automatic-pick-place-printer-iineo-ii\/#breadcrumb\"},\"inLanguage\":\"fr-FR\",\"potentialAction\":[{\"@type\":\"ReadAction\",\"target\":[\"https:\/\/smans.com\/fr\/product\/automatic-pick-place-printer-iineo-ii\/\"]}]},{\"@type\":\"BreadcrumbList\",\"@id\":\"https:\/\/smans.com\/fr\/product\/automatic-pick-place-printer-iineo-ii\/#breadcrumb\",\"itemListElement\":[{\"@type\":\"ListItem\",\"position\":1,\"name\":\"Home\",\"item\":\"https:\/\/smans.com\/fr\/\"},{\"@type\":\"ListItem\",\"position\":2,\"name\":\"Boutique\",\"item\":\"https:\/\/smans.com\/nl\/shop\/\"},{\"@type\":\"ListItem\",\"position\":3,\"name\":\"Europlacer - Automatic Pick &amp; Place System iineo+ II\"}]},{\"@type\":\"WebSite\",\"@id\":\"https:\/\/smans.com\/nl\/#website\",\"url\":\"https:\/\/smans.com\/nl\/\",\"name\":\"Smans\",\"description\":\"\",\"publisher\":{\"@id\":\"https:\/\/smans.com\/nl\/#organization\"},\"potentialAction\":[{\"@type\":\"SearchAction\",\"target\":{\"@type\":\"EntryPoint\",\"urlTemplate\":\"https:\/\/smans.com\/nl\/?s={search_term_string}\"},\"query-input\":{\"@type\":\"PropertyValueSpecification\",\"valueRequired\":true,\"valueName\":\"search_term_string\"}}],\"inLanguage\":\"fr-FR\"},{\"@type\":\"Organization\",\"@id\":\"https:\/\/smans.com\/nl\/#organization\",\"name\":\"Smans\",\"url\":\"https:\/\/smans.com\/nl\/\",\"logo\":{\"@type\":\"ImageObject\",\"inLanguage\":\"fr-FR\",\"@id\":\"https:\/\/smans.com\/nl\/#\/schema\/logo\/image\/\",\"url\":\"https:\/\/smans.com\/wp-content\/uploads\/2023\/09\/logo.svg\",\"contentUrl\":\"https:\/\/smans.com\/wp-content\/uploads\/2023\/09\/logo.svg\",\"caption\":\"Smans\"},\"image\":{\"@id\":\"https:\/\/smans.com\/nl\/#\/schema\/logo\/image\/\"}}]}<\/script>\n<!-- \/ Yoast SEO plugin. -->","yoast_head_json":{"title":"Automatic Pick &amp; Place System iineo+ II - Smans","robots":{"index":"index","follow":"follow","max-snippet":"max-snippet:-1","max-image-preview":"max-image-preview:large","max-video-preview":"max-video-preview:-1"},"canonical":"https:\/\/smans.com\/fr\/product\/automatic-pick-place-printer-iineo-ii\/","og_locale":"fr_FR","og_type":"article","og_title":"Automatic Pick &amp; Place System iineo+ II - Smans","og_description":"Machine pick-and-place haute mixit\u00e9 avec deux t\u00eates Tornado et jusqu'\u00e0 12 buses, con\u00e7ue pour les assemblages complexes de circuits imprim\u00e9s.","og_url":"https:\/\/smans.com\/fr\/product\/automatic-pick-place-printer-iineo-ii\/","og_site_name":"Smans","article_modified_time":"2026-04-09T10:41:28+00:00","twitter_card":"summary_large_image","twitter_misc":{"Dur\u00e9e de lecture estim\u00e9e":"1 minute"},"schema":{"@context":"https:\/\/schema.org","@graph":[{"@type":"WebPage","@id":"https:\/\/smans.com\/fr\/product\/automatic-pick-place-printer-iineo-ii\/","url":"https:\/\/smans.com\/fr\/product\/automatic-pick-place-printer-iineo-ii\/","name":"Automatic Pick &amp; Place System iineo+ II - Smans","isPartOf":{"@id":"https:\/\/smans.com\/nl\/#website"},"datePublished":"2024-06-09T15:21:35+00:00","dateModified":"2026-04-09T10:41:28+00:00","breadcrumb":{"@id":"https:\/\/smans.com\/fr\/product\/automatic-pick-place-printer-iineo-ii\/#breadcrumb"},"inLanguage":"fr-FR","potentialAction":[{"@type":"ReadAction","target":["https:\/\/smans.com\/fr\/product\/automatic-pick-place-printer-iineo-ii\/"]}]},{"@type":"BreadcrumbList","@id":"https:\/\/smans.com\/fr\/product\/automatic-pick-place-printer-iineo-ii\/#breadcrumb","itemListElement":[{"@type":"ListItem","position":1,"name":"Home","item":"https:\/\/smans.com\/fr\/"},{"@type":"ListItem","position":2,"name":"Boutique","item":"https:\/\/smans.com\/nl\/shop\/"},{"@type":"ListItem","position":3,"name":"Europlacer - Automatic Pick &amp; Place System iineo+ II"}]},{"@type":"WebSite","@id":"https:\/\/smans.com\/nl\/#website","url":"https:\/\/smans.com\/nl\/","name":"Smans","description":"","publisher":{"@id":"https:\/\/smans.com\/nl\/#organization"},"potentialAction":[{"@type":"SearchAction","target":{"@type":"EntryPoint","urlTemplate":"https:\/\/smans.com\/nl\/?s={search_term_string}"},"query-input":{"@type":"PropertyValueSpecification","valueRequired":true,"valueName":"search_term_string"}}],"inLanguage":"fr-FR"},{"@type":"Organization","@id":"https:\/\/smans.com\/nl\/#organization","name":"Smans","url":"https:\/\/smans.com\/nl\/","logo":{"@type":"ImageObject","inLanguage":"fr-FR","@id":"https:\/\/smans.com\/nl\/#\/schema\/logo\/image\/","url":"https:\/\/smans.com\/wp-content\/uploads\/2023\/09\/logo.svg","contentUrl":"https:\/\/smans.com\/wp-content\/uploads\/2023\/09\/logo.svg","caption":"Smans"},"image":{"@id":"https:\/\/smans.com\/nl\/#\/schema\/logo\/image\/"}}]}},"brands":[{"id":18240,"name":"Europlacer","slug":"brand-europlacer-fr"}],"_links":{"self":[{"href":"https:\/\/smans.com\/fr\/wp-json\/wp\/v2\/product\/23864","targetHints":{"allow":["GET"]}}],"collection":[{"href":"https:\/\/smans.com\/fr\/wp-json\/wp\/v2\/product"}],"about":[{"href":"https:\/\/smans.com\/fr\/wp-json\/wp\/v2\/types\/product"}],"wp:attachment":[{"href":"https:\/\/smans.com\/fr\/wp-json\/wp\/v2\/media?parent=23864"}],"wp:term":[{"taxonomy":"pwb-brand","embeddable":true,"href":"https:\/\/smans.com\/fr\/wp-json\/wp\/v2\/pwb-brand?post=23864"},{"taxonomy":"product_brand","embeddable":true,"href":"https:\/\/smans.com\/fr\/wp-json\/wp\/v2\/product_brand?post=23864"},{"taxonomy":"product_cat","embeddable":true,"href":"https:\/\/smans.com\/fr\/wp-json\/wp\/v2\/product_cat?post=23864"},{"taxonomy":"product_tag","embeddable":true,"href":"https:\/\/smans.com\/fr\/wp-json\/wp\/v2\/product_tag?post=23864"}],"curies":[{"name":"wp","href":"https:\/\/api.w.org\/{rel}","templated":true}]}}