{"id":23867,"date":"2024-06-09T17:22:33","date_gmt":"2024-06-09T15:22:33","guid":{"rendered":"https:\/\/smans.com\/product\/stencil-printer-versaprint-2-elite\/"},"modified":"2026-04-11T11:53:38","modified_gmt":"2026-04-11T09:53:38","slug":"stencil-printer-versaprint-2-elite","status":"publish","type":"product","link":"https:\/\/smans.com\/fr\/product\/stencil-printer-versaprint-2-elite\/","title":{"rendered":"Ersa - Stencil Printer VERSAPRINT 2 ELITE"},"content":{"rendered":"<p>La <strong>VERSAPRINT 2 ELITE<\/strong> a \u00e9t\u00e9 d\u00e9velopp\u00e9e comme une solution robuste et conviviale pour l&rsquo;application pr\u00e9cise de p\u00e2te \u00e0 souder ou de colle dans les lignes d&rsquo;assemblage SMT, en mettant l&rsquo;accent sur la <strong>pr\u00e9cision<\/strong>, la <strong>flexibilit\u00e9<\/strong> et l&rsquo;<strong>efficacit\u00e9<\/strong>. Gr\u00e2ce \u00e0 la combinaison d&rsquo;une <strong>cam\u00e9ra \u00e0 double \u00e9clairage<\/strong> (direct et diffus), l&rsquo;imprimante est capable de reconna\u00eetre et de positionner de mani\u00e8re fiable m\u00eame les structures de circuits imprim\u00e9s complexes.<\/p>\n<p>Avec un format de substrat maximal de <strong>680 \u00d7 500 mm<\/strong> et une zone d&rsquo;inspection allant jusqu&rsquo;\u00e0 <strong>550 \u00d7 500 mm<\/strong>, la machine convient \u00e0 une large gamme d&rsquo;applications de production. Les <strong>deux t\u00eates de raclette ind\u00e9pendantes<\/strong> avec r\u00e9glage de la pression et le <strong>syst\u00e8me de serrage et de pression enti\u00e8rement pneumatique<\/strong> garantissent des r\u00e9sultats d&rsquo;impression constants et reproductibles avec une pr\u00e9cision de <strong>\u00b125 \u00b5m<\/strong>.<\/p>\n<p>Le <strong>temps de changement court<\/strong> \u2013 mise en place en 10 minutes et changement de produit en moins de 2 minutes \u2013 rend l&rsquo;ELITE particuli\u00e8rement adapt\u00e9e aux lignes de production modernes o\u00f9 la flexibilit\u00e9 est essentielle. Con\u00e7ue pour les environnements o\u00f9 un <strong>syst\u00e8me d&rsquo;inspection SPI<\/strong> est d\u00e9j\u00e0 pr\u00e9sent, cette imprimante offre une solution rentable sans fonctions superflues.<\/p>\n<p>En outre, la VERSAPRINT 2 ELITE peut \u00eatre compl\u00e9t\u00e9e par diverses options telles que le <strong>nettoyage automatique des pochoirs<\/strong>, le <strong>positionnement des broches par cam\u00e9ra<\/strong>, le <strong>contr\u00f4le de la temp\u00e9rature et de l&rsquo;humidit\u00e9<\/strong> et le <strong>retour en boucle ferm\u00e9e<\/strong>. Cela fait de ce mod\u00e8le un investissement intelligent pour les fabricants qui recherchent la haute qualit\u00e9, la rapidit\u00e9 et la fiabilit\u00e9 des processus dans leur assemblage \u00e9lectronique.<\/p>\n","protected":false},"excerpt":{"rendered":"<p>Une imprimante industrielle \u00e0 pochoir \u00e9quip\u00e9e d&rsquo;une cam\u00e9ra 2D rapide, con\u00e7ue pour la production en s\u00e9rie ne n\u00e9cessitant pas d&rsquo;inspection \u00e0 100 %.<\/p>\n","protected":false},"featured_media":0,"template":"","meta":{"_acf_changed":false},"pwb-brand":[18232],"product_brand":[],"product_cat":[17991,18011,18088],"product_tag":[],"class_list":{"0":"post-23867","1":"product","2":"type-product","3":"status-publish","5":"pwb-brand-brand-ersa-fr","6":"product_cat-electronique-fr","7":"product_cat-equipement-d-assemblage-smt-fr","8":"product_cat-stencil-printing-fr","10":"first","11":"instock","12":"taxable","13":"shipping-taxable","14":"product-type-simple"},"acf":[],"yoast_head":"<!-- This site is optimized with the Yoast SEO plugin v27.1.1 - https:\/\/yoast.com\/product\/yoast-seo-wordpress\/ -->\n<title>Stencil Printer VERSAPRINT 2 ELITE - Smans<\/title>\n<meta name=\"robots\" content=\"index, follow, max-snippet:-1, max-image-preview:large, max-video-preview:-1\" \/>\n<link rel=\"canonical\" href=\"https:\/\/smans.com\/fr\/product\/stencil-printer-versaprint-2-elite\/\" \/>\n<meta property=\"og:locale\" content=\"fr_FR\" \/>\n<meta property=\"og:type\" content=\"article\" \/>\n<meta property=\"og:title\" content=\"Stencil Printer VERSAPRINT 2 ELITE - Smans\" \/>\n<meta property=\"og:description\" content=\"Une imprimante industrielle \u00e0 pochoir \u00e9quip\u00e9e d&#039;une cam\u00e9ra 2D rapide, con\u00e7ue pour la production en s\u00e9rie ne n\u00e9cessitant pas d&#039;inspection \u00e0 100 %.\" \/>\n<meta property=\"og:url\" content=\"https:\/\/smans.com\/fr\/product\/stencil-printer-versaprint-2-elite\/\" \/>\n<meta property=\"og:site_name\" content=\"Smans\" \/>\n<meta property=\"article:modified_time\" content=\"2026-04-11T09:53:38+00:00\" \/>\n<meta name=\"twitter:card\" content=\"summary_large_image\" \/>\n<meta name=\"twitter:label1\" content=\"Dur\u00e9e de lecture estim\u00e9e\" \/>\n\t<meta name=\"twitter:data1\" content=\"1 minute\" \/>\n<script type=\"application\/ld+json\" class=\"yoast-schema-graph\">{\"@context\":\"https:\/\/schema.org\",\"@graph\":[{\"@type\":\"WebPage\",\"@id\":\"https:\/\/smans.com\/fr\/product\/stencil-printer-versaprint-2-elite\/\",\"url\":\"https:\/\/smans.com\/fr\/product\/stencil-printer-versaprint-2-elite\/\",\"name\":\"Stencil Printer VERSAPRINT 2 ELITE - Smans\",\"isPartOf\":{\"@id\":\"https:\/\/smans.com\/nl\/#website\"},\"datePublished\":\"2024-06-09T15:22:33+00:00\",\"dateModified\":\"2026-04-11T09:53:38+00:00\",\"breadcrumb\":{\"@id\":\"https:\/\/smans.com\/fr\/product\/stencil-printer-versaprint-2-elite\/#breadcrumb\"},\"inLanguage\":\"fr-FR\",\"potentialAction\":[{\"@type\":\"ReadAction\",\"target\":[\"https:\/\/smans.com\/fr\/product\/stencil-printer-versaprint-2-elite\/\"]}]},{\"@type\":\"BreadcrumbList\",\"@id\":\"https:\/\/smans.com\/fr\/product\/stencil-printer-versaprint-2-elite\/#breadcrumb\",\"itemListElement\":[{\"@type\":\"ListItem\",\"position\":1,\"name\":\"Home\",\"item\":\"https:\/\/smans.com\/fr\/\"},{\"@type\":\"ListItem\",\"position\":2,\"name\":\"Boutique\",\"item\":\"https:\/\/smans.com\/nl\/shop\/\"},{\"@type\":\"ListItem\",\"position\":3,\"name\":\"Ersa - Stencil Printer VERSAPRINT 2 ELITE\"}]},{\"@type\":\"WebSite\",\"@id\":\"https:\/\/smans.com\/nl\/#website\",\"url\":\"https:\/\/smans.com\/nl\/\",\"name\":\"Smans\",\"description\":\"\",\"publisher\":{\"@id\":\"https:\/\/smans.com\/nl\/#organization\"},\"potentialAction\":[{\"@type\":\"SearchAction\",\"target\":{\"@type\":\"EntryPoint\",\"urlTemplate\":\"https:\/\/smans.com\/nl\/?s={search_term_string}\"},\"query-input\":{\"@type\":\"PropertyValueSpecification\",\"valueRequired\":true,\"valueName\":\"search_term_string\"}}],\"inLanguage\":\"fr-FR\"},{\"@type\":\"Organization\",\"@id\":\"https:\/\/smans.com\/nl\/#organization\",\"name\":\"Smans\",\"url\":\"https:\/\/smans.com\/nl\/\",\"logo\":{\"@type\":\"ImageObject\",\"inLanguage\":\"fr-FR\",\"@id\":\"https:\/\/smans.com\/nl\/#\/schema\/logo\/image\/\",\"url\":\"https:\/\/smans.com\/wp-content\/uploads\/2023\/09\/logo.svg\",\"contentUrl\":\"https:\/\/smans.com\/wp-content\/uploads\/2023\/09\/logo.svg\",\"caption\":\"Smans\"},\"image\":{\"@id\":\"https:\/\/smans.com\/nl\/#\/schema\/logo\/image\/\"}}]}<\/script>\n<!-- \/ Yoast SEO plugin. -->","yoast_head_json":{"title":"Stencil Printer VERSAPRINT 2 ELITE - Smans","robots":{"index":"index","follow":"follow","max-snippet":"max-snippet:-1","max-image-preview":"max-image-preview:large","max-video-preview":"max-video-preview:-1"},"canonical":"https:\/\/smans.com\/fr\/product\/stencil-printer-versaprint-2-elite\/","og_locale":"fr_FR","og_type":"article","og_title":"Stencil Printer VERSAPRINT 2 ELITE - Smans","og_description":"Une imprimante industrielle \u00e0 pochoir \u00e9quip\u00e9e d'une cam\u00e9ra 2D rapide, con\u00e7ue pour la production en s\u00e9rie ne n\u00e9cessitant pas d'inspection \u00e0 100 %.","og_url":"https:\/\/smans.com\/fr\/product\/stencil-printer-versaprint-2-elite\/","og_site_name":"Smans","article_modified_time":"2026-04-11T09:53:38+00:00","twitter_card":"summary_large_image","twitter_misc":{"Dur\u00e9e de lecture estim\u00e9e":"1 minute"},"schema":{"@context":"https:\/\/schema.org","@graph":[{"@type":"WebPage","@id":"https:\/\/smans.com\/fr\/product\/stencil-printer-versaprint-2-elite\/","url":"https:\/\/smans.com\/fr\/product\/stencil-printer-versaprint-2-elite\/","name":"Stencil Printer VERSAPRINT 2 ELITE - Smans","isPartOf":{"@id":"https:\/\/smans.com\/nl\/#website"},"datePublished":"2024-06-09T15:22:33+00:00","dateModified":"2026-04-11T09:53:38+00:00","breadcrumb":{"@id":"https:\/\/smans.com\/fr\/product\/stencil-printer-versaprint-2-elite\/#breadcrumb"},"inLanguage":"fr-FR","potentialAction":[{"@type":"ReadAction","target":["https:\/\/smans.com\/fr\/product\/stencil-printer-versaprint-2-elite\/"]}]},{"@type":"BreadcrumbList","@id":"https:\/\/smans.com\/fr\/product\/stencil-printer-versaprint-2-elite\/#breadcrumb","itemListElement":[{"@type":"ListItem","position":1,"name":"Home","item":"https:\/\/smans.com\/fr\/"},{"@type":"ListItem","position":2,"name":"Boutique","item":"https:\/\/smans.com\/nl\/shop\/"},{"@type":"ListItem","position":3,"name":"Ersa - Stencil Printer VERSAPRINT 2 ELITE"}]},{"@type":"WebSite","@id":"https:\/\/smans.com\/nl\/#website","url":"https:\/\/smans.com\/nl\/","name":"Smans","description":"","publisher":{"@id":"https:\/\/smans.com\/nl\/#organization"},"potentialAction":[{"@type":"SearchAction","target":{"@type":"EntryPoint","urlTemplate":"https:\/\/smans.com\/nl\/?s={search_term_string}"},"query-input":{"@type":"PropertyValueSpecification","valueRequired":true,"valueName":"search_term_string"}}],"inLanguage":"fr-FR"},{"@type":"Organization","@id":"https:\/\/smans.com\/nl\/#organization","name":"Smans","url":"https:\/\/smans.com\/nl\/","logo":{"@type":"ImageObject","inLanguage":"fr-FR","@id":"https:\/\/smans.com\/nl\/#\/schema\/logo\/image\/","url":"https:\/\/smans.com\/wp-content\/uploads\/2023\/09\/logo.svg","contentUrl":"https:\/\/smans.com\/wp-content\/uploads\/2023\/09\/logo.svg","caption":"Smans"},"image":{"@id":"https:\/\/smans.com\/nl\/#\/schema\/logo\/image\/"}}]}},"brands":[{"id":18232,"name":"Ersa","slug":"brand-ersa-fr"}],"_links":{"self":[{"href":"https:\/\/smans.com\/fr\/wp-json\/wp\/v2\/product\/23867","targetHints":{"allow":["GET"]}}],"collection":[{"href":"https:\/\/smans.com\/fr\/wp-json\/wp\/v2\/product"}],"about":[{"href":"https:\/\/smans.com\/fr\/wp-json\/wp\/v2\/types\/product"}],"wp:attachment":[{"href":"https:\/\/smans.com\/fr\/wp-json\/wp\/v2\/media?parent=23867"}],"wp:term":[{"taxonomy":"pwb-brand","embeddable":true,"href":"https:\/\/smans.com\/fr\/wp-json\/wp\/v2\/pwb-brand?post=23867"},{"taxonomy":"product_brand","embeddable":true,"href":"https:\/\/smans.com\/fr\/wp-json\/wp\/v2\/product_brand?post=23867"},{"taxonomy":"product_cat","embeddable":true,"href":"https:\/\/smans.com\/fr\/wp-json\/wp\/v2\/product_cat?post=23867"},{"taxonomy":"product_tag","embeddable":true,"href":"https:\/\/smans.com\/fr\/wp-json\/wp\/v2\/product_tag?post=23867"}],"curies":[{"name":"wp","href":"https:\/\/api.w.org\/{rel}","templated":true}]}}