{"id":23892,"date":"2024-06-09T17:14:57","date_gmt":"2024-06-09T15:14:57","guid":{"rendered":"https:\/\/smans.com\/product\/taping-tool-kthb-fix\/"},"modified":"2026-04-10T12:31:29","modified_gmt":"2026-04-10T10:31:29","slug":"taping-tool-kthb-fix","status":"publish","type":"product","link":"https:\/\/smans.com\/fr\/product\/taping-tool-kthb-fix\/","title":{"rendered":"Komax Taping - Taping Tool KTHB Fix"},"content":{"rendered":"<p data-start=\"2422\" data-end=\"2736\">Le <strong data-start=\"2425\" data-end=\"2437\">KTHB Fix<\/strong> est une <strong data-start=\"2446\" data-end=\"2477\">solution rapide et efficace<\/strong> pour le <strong data-start=\"2486\" data-end=\"2523\">rubanage mobile et le spot-taping<\/strong> sur <strong data-start=\"2528\" data-end=\"2570\">de courtes longueurs sans interruption<\/strong>. Id\u00e9al pour les <strong data-start=\"2587\" data-end=\"2629\">bandes adh\u00e9sives jusqu&rsquo;\u00e0 20 cm de long<\/strong>, que ce soit pour le <strong data-start=\"2651\" data-end=\"2733\">spot-taping, les accessoires de rubanage ou les fils courts avec ramifications<\/strong>.<\/p>\n<p data-start=\"2738\" data-end=\"2946\">Compar\u00e9 aux grandes machines de rubanage, le <strong data-start=\"2783\" data-end=\"2795\">KTHB Fix<\/strong> permet un <strong data-start=\"2806\" data-end=\"2848\">traitement manuel beaucoup plus rapide<\/strong>. Gr\u00e2ce \u00e0 l\u2019<strong data-start=\"2860\" data-end=\"2908\">insertion et \u00e0 la coupe automatique du ruban<\/strong>, <strong data-start=\"2910\" data-end=\"2943\">le temps d\u2019arr\u00eat est minimis\u00e9<\/strong>.<\/p>\n<p data-start=\"2948\" data-end=\"3102\">Cet appareil <strong data-start=\"2961\" data-end=\"2994\">ergonomique et peu encombrant<\/strong> est con\u00e7u pour une <strong data-start=\"3014\" data-end=\"3042\">utilisation stationnaire<\/strong> et peut \u00eatre facilement <strong data-start=\"3067\" data-end=\"3099\">fix\u00e9 sur un poste de travail<\/strong>.<\/p>\n<h4 data-start=\"3104\" data-end=\"3150\"><strong data-start=\"3109\" data-end=\"3148\">Caract\u00e9ristiques et Fonctionnalit\u00e9s<\/strong><\/h4>\n<p data-start=\"3151\" data-end=\"3434\">\u2714 <strong data-start=\"3153\" data-end=\"3220\">Rubanage instantan\u00e9 sans alimentation fastidieuse de la machine<\/strong><br data-start=\"3220\" data-end=\"3223\" \/>\u2714 <strong data-start=\"3225\" data-end=\"3255\">M\u00e9canisme de coupe int\u00e9gr\u00e9<\/strong><br data-start=\"3255\" data-end=\"3258\" \/>\u2714 <strong data-start=\"3260\" data-end=\"3314\">Compatible avec les rubans adh\u00e9sifs conventionnels<\/strong><br data-start=\"3314\" data-end=\"3317\" \/>\u2714 <strong data-start=\"3319\" data-end=\"3372\">Traitement efficace des t\u00e2ches non automatisables<\/strong><br data-start=\"3372\" data-end=\"3375\" \/>\u2714 <strong data-start=\"3377\" data-end=\"3432\">Possibilit\u00e9 de fixer des composants suppl\u00e9mentaires<\/strong><\/p>\n<p data-start=\"3436\" data-end=\"3617\" data-is-last-node=\"\">Le <strong data-start=\"3439\" data-end=\"3451\">KTHB Fix<\/strong> est un <strong data-start=\"3459\" data-end=\"3539\">outil indispensable pour la production de faisceaux de c\u00e2bles professionnels<\/strong>, parfait pour des <strong data-start=\"3558\" data-end=\"3616\">processus de rubanage avec un minimum de temps d&rsquo;arr\u00eat<\/strong>.-<\/p>\n","protected":false},"excerpt":{"rendered":"<p>KTHB Fix : Solution Efficace et Compacte pour le Rubanage Mobile et Spot-Taping<\/p>\n","protected":false},"featured_media":0,"template":"","meta":{"_acf_changed":false},"pwb-brand":[18262],"product_brand":[],"product_cat":[17990,18001,18050],"product_tag":[],"class_list":{"0":"post-23892","1":"product","2":"type-product","3":"status-publish","5":"pwb-brand-brand-komax-taping-fr","6":"product_cat-cables-et-cablage-fr","7":"product_cat-processus-secondaires-fr","8":"product_cat-taping-bundling-solutions-fr","10":"first","11":"instock","12":"taxable","13":"shipping-taxable","14":"purchasable","15":"product-type-simple"},"acf":[],"yoast_head":"<!-- This site is optimized with the Yoast SEO plugin v27.1.1 - https:\/\/yoast.com\/product\/yoast-seo-wordpress\/ -->\n<title>Taping Tool KTHB Fix - Smans<\/title>\n<meta name=\"robots\" content=\"index, follow, max-snippet:-1, max-image-preview:large, max-video-preview:-1\" \/>\n<link rel=\"canonical\" href=\"https:\/\/smans.com\/fr\/product\/taping-tool-kthb-fix\/\" \/>\n<meta property=\"og:locale\" content=\"fr_FR\" \/>\n<meta property=\"og:type\" content=\"article\" \/>\n<meta property=\"og:title\" content=\"Taping Tool KTHB Fix - Smans\" \/>\n<meta property=\"og:description\" content=\"KTHB Fix : Solution Efficace et Compacte pour le Rubanage Mobile et Spot-Taping\" \/>\n<meta property=\"og:url\" content=\"https:\/\/smans.com\/fr\/product\/taping-tool-kthb-fix\/\" \/>\n<meta property=\"og:site_name\" content=\"Smans\" \/>\n<meta property=\"article:modified_time\" content=\"2026-04-10T10:31:29+00:00\" \/>\n<meta name=\"twitter:card\" content=\"summary_large_image\" \/>\n<meta name=\"twitter:label1\" content=\"Dur\u00e9e de lecture estim\u00e9e\" \/>\n\t<meta name=\"twitter:data1\" content=\"1 minute\" \/>\n<script type=\"application\/ld+json\" class=\"yoast-schema-graph\">{\"@context\":\"https:\/\/schema.org\",\"@graph\":[{\"@type\":\"WebPage\",\"@id\":\"https:\/\/smans.com\/fr\/product\/taping-tool-kthb-fix\/\",\"url\":\"https:\/\/smans.com\/fr\/product\/taping-tool-kthb-fix\/\",\"name\":\"Taping Tool KTHB Fix - Smans\",\"isPartOf\":{\"@id\":\"https:\/\/smans.com\/nl\/#website\"},\"datePublished\":\"2024-06-09T15:14:57+00:00\",\"dateModified\":\"2026-04-10T10:31:29+00:00\",\"breadcrumb\":{\"@id\":\"https:\/\/smans.com\/fr\/product\/taping-tool-kthb-fix\/#breadcrumb\"},\"inLanguage\":\"fr-FR\",\"potentialAction\":[{\"@type\":\"ReadAction\",\"target\":[\"https:\/\/smans.com\/fr\/product\/taping-tool-kthb-fix\/\"]}]},{\"@type\":\"BreadcrumbList\",\"@id\":\"https:\/\/smans.com\/fr\/product\/taping-tool-kthb-fix\/#breadcrumb\",\"itemListElement\":[{\"@type\":\"ListItem\",\"position\":1,\"name\":\"Home\",\"item\":\"https:\/\/smans.com\/fr\/\"},{\"@type\":\"ListItem\",\"position\":2,\"name\":\"Boutique\",\"item\":\"https:\/\/smans.com\/nl\/shop\/\"},{\"@type\":\"ListItem\",\"position\":3,\"name\":\"Komax Taping - Taping Tool KTHB Fix\"}]},{\"@type\":\"WebSite\",\"@id\":\"https:\/\/smans.com\/nl\/#website\",\"url\":\"https:\/\/smans.com\/nl\/\",\"name\":\"Smans\",\"description\":\"\",\"publisher\":{\"@id\":\"https:\/\/smans.com\/nl\/#organization\"},\"potentialAction\":[{\"@type\":\"SearchAction\",\"target\":{\"@type\":\"EntryPoint\",\"urlTemplate\":\"https:\/\/smans.com\/nl\/?s={search_term_string}\"},\"query-input\":{\"@type\":\"PropertyValueSpecification\",\"valueRequired\":true,\"valueName\":\"search_term_string\"}}],\"inLanguage\":\"fr-FR\"},{\"@type\":\"Organization\",\"@id\":\"https:\/\/smans.com\/nl\/#organization\",\"name\":\"Smans\",\"url\":\"https:\/\/smans.com\/nl\/\",\"logo\":{\"@type\":\"ImageObject\",\"inLanguage\":\"fr-FR\",\"@id\":\"https:\/\/smans.com\/nl\/#\/schema\/logo\/image\/\",\"url\":\"https:\/\/smans.com\/wp-content\/uploads\/2023\/09\/logo.svg\",\"contentUrl\":\"https:\/\/smans.com\/wp-content\/uploads\/2023\/09\/logo.svg\",\"caption\":\"Smans\"},\"image\":{\"@id\":\"https:\/\/smans.com\/nl\/#\/schema\/logo\/image\/\"}}]}<\/script>\n<!-- \/ Yoast SEO plugin. -->","yoast_head_json":{"title":"Taping Tool KTHB Fix - Smans","robots":{"index":"index","follow":"follow","max-snippet":"max-snippet:-1","max-image-preview":"max-image-preview:large","max-video-preview":"max-video-preview:-1"},"canonical":"https:\/\/smans.com\/fr\/product\/taping-tool-kthb-fix\/","og_locale":"fr_FR","og_type":"article","og_title":"Taping Tool KTHB Fix - Smans","og_description":"KTHB Fix : Solution Efficace et Compacte pour le Rubanage Mobile et Spot-Taping","og_url":"https:\/\/smans.com\/fr\/product\/taping-tool-kthb-fix\/","og_site_name":"Smans","article_modified_time":"2026-04-10T10:31:29+00:00","twitter_card":"summary_large_image","twitter_misc":{"Dur\u00e9e de lecture estim\u00e9e":"1 minute"},"schema":{"@context":"https:\/\/schema.org","@graph":[{"@type":"WebPage","@id":"https:\/\/smans.com\/fr\/product\/taping-tool-kthb-fix\/","url":"https:\/\/smans.com\/fr\/product\/taping-tool-kthb-fix\/","name":"Taping Tool KTHB Fix - Smans","isPartOf":{"@id":"https:\/\/smans.com\/nl\/#website"},"datePublished":"2024-06-09T15:14:57+00:00","dateModified":"2026-04-10T10:31:29+00:00","breadcrumb":{"@id":"https:\/\/smans.com\/fr\/product\/taping-tool-kthb-fix\/#breadcrumb"},"inLanguage":"fr-FR","potentialAction":[{"@type":"ReadAction","target":["https:\/\/smans.com\/fr\/product\/taping-tool-kthb-fix\/"]}]},{"@type":"BreadcrumbList","@id":"https:\/\/smans.com\/fr\/product\/taping-tool-kthb-fix\/#breadcrumb","itemListElement":[{"@type":"ListItem","position":1,"name":"Home","item":"https:\/\/smans.com\/fr\/"},{"@type":"ListItem","position":2,"name":"Boutique","item":"https:\/\/smans.com\/nl\/shop\/"},{"@type":"ListItem","position":3,"name":"Komax Taping - Taping Tool KTHB Fix"}]},{"@type":"WebSite","@id":"https:\/\/smans.com\/nl\/#website","url":"https:\/\/smans.com\/nl\/","name":"Smans","description":"","publisher":{"@id":"https:\/\/smans.com\/nl\/#organization"},"potentialAction":[{"@type":"SearchAction","target":{"@type":"EntryPoint","urlTemplate":"https:\/\/smans.com\/nl\/?s={search_term_string}"},"query-input":{"@type":"PropertyValueSpecification","valueRequired":true,"valueName":"search_term_string"}}],"inLanguage":"fr-FR"},{"@type":"Organization","@id":"https:\/\/smans.com\/nl\/#organization","name":"Smans","url":"https:\/\/smans.com\/nl\/","logo":{"@type":"ImageObject","inLanguage":"fr-FR","@id":"https:\/\/smans.com\/nl\/#\/schema\/logo\/image\/","url":"https:\/\/smans.com\/wp-content\/uploads\/2023\/09\/logo.svg","contentUrl":"https:\/\/smans.com\/wp-content\/uploads\/2023\/09\/logo.svg","caption":"Smans"},"image":{"@id":"https:\/\/smans.com\/nl\/#\/schema\/logo\/image\/"}}]}},"brands":[{"id":18262,"name":"Komax Taping","slug":"brand-komax-taping-fr"}],"_links":{"self":[{"href":"https:\/\/smans.com\/fr\/wp-json\/wp\/v2\/product\/23892","targetHints":{"allow":["GET"]}}],"collection":[{"href":"https:\/\/smans.com\/fr\/wp-json\/wp\/v2\/product"}],"about":[{"href":"https:\/\/smans.com\/fr\/wp-json\/wp\/v2\/types\/product"}],"wp:attachment":[{"href":"https:\/\/smans.com\/fr\/wp-json\/wp\/v2\/media?parent=23892"}],"wp:term":[{"taxonomy":"pwb-brand","embeddable":true,"href":"https:\/\/smans.com\/fr\/wp-json\/wp\/v2\/pwb-brand?post=23892"},{"taxonomy":"product_brand","embeddable":true,"href":"https:\/\/smans.com\/fr\/wp-json\/wp\/v2\/product_brand?post=23892"},{"taxonomy":"product_cat","embeddable":true,"href":"https:\/\/smans.com\/fr\/wp-json\/wp\/v2\/product_cat?post=23892"},{"taxonomy":"product_tag","embeddable":true,"href":"https:\/\/smans.com\/fr\/wp-json\/wp\/v2\/product_tag?post=23892"}],"curies":[{"name":"wp","href":"https:\/\/api.w.org\/{rel}","templated":true}]}}