{"id":23903,"date":"2024-06-09T17:13:08","date_gmt":"2024-06-09T15:13:08","guid":{"rendered":"https:\/\/smans.com\/product\/electropneumatic-benchtop-crimper-ls\/"},"modified":"2026-04-10T12:31:31","modified_gmt":"2026-04-10T10:31:31","slug":"electropneumatic-benchtop-crimper-ls","status":"publish","type":"product","link":"https:\/\/smans.com\/fr\/product\/electropneumatic-benchtop-crimper-ls\/","title":{"rendered":"Z+F - Electropneumatic Benchtop Crimper-LS"},"content":{"rendered":"<p data-start=\"0\" data-end=\"129\">Des kits d&rsquo;outils suppl\u00e9mentaires sont disponibles en option pour les sections de c\u00e2bles de 0,34\/4 mm\u00b2 (AWG 22\/12).<\/p>\n<p data-start=\"131\" data-end=\"346\">La machine se distingue par un temps de cycle court et un changement d&rsquo;outils facile. Un fil d\u00e9nud\u00e9 peut \u00eatre introduit directement dans le manchon. Le processus de sertissage est d\u00e9marr\u00e9 par un interrupteur \u00e0 pied.<\/p>\n","protected":false},"excerpt":{"rendered":"<p>Le Crimper-LS est une machine de sertissage \u00e9lectropneumatique flexible de table pour les manchons Z+F isol\u00e9s non fix\u00e9s, dans une plage de sections transversales de 0,5 \u2013 2,5 mm\u00b2 (AWG 20 \u2013 14) et une longueur de sertissage de 6 \u2013 12 mm.<\/p>\n","protected":false},"featured_media":0,"template":"","meta":{"_acf_changed":false},"pwb-brand":[18322],"product_brand":[],"product_cat":[17990,17993,18034],"product_tag":[],"class_list":{"0":"post-23903","1":"product","2":"type-product","3":"status-publish","5":"pwb-brand-brand-z-f-fr","6":"product_cat-cables-et-cablage-fr","7":"product_cat-couper-denuder-sertissage-fr","8":"product_cat-wire-crimping-machines-fr","10":"first","11":"instock","12":"taxable","13":"shipping-taxable","14":"product-type-simple"},"acf":[],"yoast_head":"<!-- This site is optimized with the Yoast SEO plugin v27.1.1 - https:\/\/yoast.com\/product\/yoast-seo-wordpress\/ -->\n<title>Electropneumatic Benchtop Crimper-LS - Smans<\/title>\n<meta name=\"robots\" content=\"index, follow, max-snippet:-1, max-image-preview:large, max-video-preview:-1\" \/>\n<link rel=\"canonical\" href=\"https:\/\/smans.com\/fr\/product\/electropneumatic-benchtop-crimper-ls\/\" \/>\n<meta property=\"og:locale\" content=\"fr_FR\" \/>\n<meta property=\"og:type\" content=\"article\" \/>\n<meta property=\"og:title\" content=\"Electropneumatic Benchtop Crimper-LS - Smans\" \/>\n<meta property=\"og:description\" content=\"Le Crimper-LS est une machine de sertissage \u00e9lectropneumatique flexible de table pour les manchons Z+F isol\u00e9s non fix\u00e9s, dans une plage de sections transversales de 0,5 \u2013 2,5 mm\u00b2 (AWG 20 \u2013 14) et une longueur de sertissage de 6 \u2013 12 mm.\" \/>\n<meta property=\"og:url\" content=\"https:\/\/smans.com\/fr\/product\/electropneumatic-benchtop-crimper-ls\/\" \/>\n<meta property=\"og:site_name\" content=\"Smans\" \/>\n<meta property=\"article:modified_time\" content=\"2026-04-10T10:31:31+00:00\" \/>\n<meta name=\"twitter:card\" content=\"summary_large_image\" \/>\n<script type=\"application\/ld+json\" class=\"yoast-schema-graph\">{\"@context\":\"https:\/\/schema.org\",\"@graph\":[{\"@type\":\"WebPage\",\"@id\":\"https:\/\/smans.com\/fr\/product\/electropneumatic-benchtop-crimper-ls\/\",\"url\":\"https:\/\/smans.com\/fr\/product\/electropneumatic-benchtop-crimper-ls\/\",\"name\":\"Electropneumatic Benchtop Crimper-LS - Smans\",\"isPartOf\":{\"@id\":\"https:\/\/smans.com\/nl\/#website\"},\"datePublished\":\"2024-06-09T15:13:08+00:00\",\"dateModified\":\"2026-04-10T10:31:31+00:00\",\"breadcrumb\":{\"@id\":\"https:\/\/smans.com\/fr\/product\/electropneumatic-benchtop-crimper-ls\/#breadcrumb\"},\"inLanguage\":\"fr-FR\",\"potentialAction\":[{\"@type\":\"ReadAction\",\"target\":[\"https:\/\/smans.com\/fr\/product\/electropneumatic-benchtop-crimper-ls\/\"]}]},{\"@type\":\"BreadcrumbList\",\"@id\":\"https:\/\/smans.com\/fr\/product\/electropneumatic-benchtop-crimper-ls\/#breadcrumb\",\"itemListElement\":[{\"@type\":\"ListItem\",\"position\":1,\"name\":\"Home\",\"item\":\"https:\/\/smans.com\/fr\/\"},{\"@type\":\"ListItem\",\"position\":2,\"name\":\"Boutique\",\"item\":\"https:\/\/smans.com\/nl\/shop\/\"},{\"@type\":\"ListItem\",\"position\":3,\"name\":\"Z+F - Electropneumatic Benchtop Crimper-LS\"}]},{\"@type\":\"WebSite\",\"@id\":\"https:\/\/smans.com\/nl\/#website\",\"url\":\"https:\/\/smans.com\/nl\/\",\"name\":\"Smans\",\"description\":\"\",\"publisher\":{\"@id\":\"https:\/\/smans.com\/nl\/#organization\"},\"potentialAction\":[{\"@type\":\"SearchAction\",\"target\":{\"@type\":\"EntryPoint\",\"urlTemplate\":\"https:\/\/smans.com\/nl\/?s={search_term_string}\"},\"query-input\":{\"@type\":\"PropertyValueSpecification\",\"valueRequired\":true,\"valueName\":\"search_term_string\"}}],\"inLanguage\":\"fr-FR\"},{\"@type\":\"Organization\",\"@id\":\"https:\/\/smans.com\/nl\/#organization\",\"name\":\"Smans\",\"url\":\"https:\/\/smans.com\/nl\/\",\"logo\":{\"@type\":\"ImageObject\",\"inLanguage\":\"fr-FR\",\"@id\":\"https:\/\/smans.com\/nl\/#\/schema\/logo\/image\/\",\"url\":\"https:\/\/smans.com\/wp-content\/uploads\/2023\/09\/logo.svg\",\"contentUrl\":\"https:\/\/smans.com\/wp-content\/uploads\/2023\/09\/logo.svg\",\"caption\":\"Smans\"},\"image\":{\"@id\":\"https:\/\/smans.com\/nl\/#\/schema\/logo\/image\/\"}}]}<\/script>\n<!-- \/ Yoast SEO plugin. -->","yoast_head_json":{"title":"Electropneumatic Benchtop Crimper-LS - Smans","robots":{"index":"index","follow":"follow","max-snippet":"max-snippet:-1","max-image-preview":"max-image-preview:large","max-video-preview":"max-video-preview:-1"},"canonical":"https:\/\/smans.com\/fr\/product\/electropneumatic-benchtop-crimper-ls\/","og_locale":"fr_FR","og_type":"article","og_title":"Electropneumatic Benchtop Crimper-LS - Smans","og_description":"Le Crimper-LS est une machine de sertissage \u00e9lectropneumatique flexible de table pour les manchons Z+F isol\u00e9s non fix\u00e9s, dans une plage de sections transversales de 0,5 \u2013 2,5 mm\u00b2 (AWG 20 \u2013 14) et une longueur de sertissage de 6 \u2013 12 mm.","og_url":"https:\/\/smans.com\/fr\/product\/electropneumatic-benchtop-crimper-ls\/","og_site_name":"Smans","article_modified_time":"2026-04-10T10:31:31+00:00","twitter_card":"summary_large_image","schema":{"@context":"https:\/\/schema.org","@graph":[{"@type":"WebPage","@id":"https:\/\/smans.com\/fr\/product\/electropneumatic-benchtop-crimper-ls\/","url":"https:\/\/smans.com\/fr\/product\/electropneumatic-benchtop-crimper-ls\/","name":"Electropneumatic Benchtop Crimper-LS - Smans","isPartOf":{"@id":"https:\/\/smans.com\/nl\/#website"},"datePublished":"2024-06-09T15:13:08+00:00","dateModified":"2026-04-10T10:31:31+00:00","breadcrumb":{"@id":"https:\/\/smans.com\/fr\/product\/electropneumatic-benchtop-crimper-ls\/#breadcrumb"},"inLanguage":"fr-FR","potentialAction":[{"@type":"ReadAction","target":["https:\/\/smans.com\/fr\/product\/electropneumatic-benchtop-crimper-ls\/"]}]},{"@type":"BreadcrumbList","@id":"https:\/\/smans.com\/fr\/product\/electropneumatic-benchtop-crimper-ls\/#breadcrumb","itemListElement":[{"@type":"ListItem","position":1,"name":"Home","item":"https:\/\/smans.com\/fr\/"},{"@type":"ListItem","position":2,"name":"Boutique","item":"https:\/\/smans.com\/nl\/shop\/"},{"@type":"ListItem","position":3,"name":"Z+F - Electropneumatic Benchtop Crimper-LS"}]},{"@type":"WebSite","@id":"https:\/\/smans.com\/nl\/#website","url":"https:\/\/smans.com\/nl\/","name":"Smans","description":"","publisher":{"@id":"https:\/\/smans.com\/nl\/#organization"},"potentialAction":[{"@type":"SearchAction","target":{"@type":"EntryPoint","urlTemplate":"https:\/\/smans.com\/nl\/?s={search_term_string}"},"query-input":{"@type":"PropertyValueSpecification","valueRequired":true,"valueName":"search_term_string"}}],"inLanguage":"fr-FR"},{"@type":"Organization","@id":"https:\/\/smans.com\/nl\/#organization","name":"Smans","url":"https:\/\/smans.com\/nl\/","logo":{"@type":"ImageObject","inLanguage":"fr-FR","@id":"https:\/\/smans.com\/nl\/#\/schema\/logo\/image\/","url":"https:\/\/smans.com\/wp-content\/uploads\/2023\/09\/logo.svg","contentUrl":"https:\/\/smans.com\/wp-content\/uploads\/2023\/09\/logo.svg","caption":"Smans"},"image":{"@id":"https:\/\/smans.com\/nl\/#\/schema\/logo\/image\/"}}]}},"brands":[{"id":18322,"name":"Z+F","slug":"brand-z-f-fr"}],"_links":{"self":[{"href":"https:\/\/smans.com\/fr\/wp-json\/wp\/v2\/product\/23903","targetHints":{"allow":["GET"]}}],"collection":[{"href":"https:\/\/smans.com\/fr\/wp-json\/wp\/v2\/product"}],"about":[{"href":"https:\/\/smans.com\/fr\/wp-json\/wp\/v2\/types\/product"}],"wp:attachment":[{"href":"https:\/\/smans.com\/fr\/wp-json\/wp\/v2\/media?parent=23903"}],"wp:term":[{"taxonomy":"pwb-brand","embeddable":true,"href":"https:\/\/smans.com\/fr\/wp-json\/wp\/v2\/pwb-brand?post=23903"},{"taxonomy":"product_brand","embeddable":true,"href":"https:\/\/smans.com\/fr\/wp-json\/wp\/v2\/product_brand?post=23903"},{"taxonomy":"product_cat","embeddable":true,"href":"https:\/\/smans.com\/fr\/wp-json\/wp\/v2\/product_cat?post=23903"},{"taxonomy":"product_tag","embeddable":true,"href":"https:\/\/smans.com\/fr\/wp-json\/wp\/v2\/product_tag?post=23903"}],"curies":[{"name":"wp","href":"https:\/\/api.w.org\/{rel}","templated":true}]}}