{"id":23904,"date":"2024-06-09T17:22:36","date_gmt":"2024-06-09T15:22:36","guid":{"rendered":"https:\/\/smans.com\/product\/stencil-printer-versaprint-2-elite-plus\/"},"modified":"2026-04-07T12:09:03","modified_gmt":"2026-04-07T10:09:03","slug":"stencil-printer-versaprint-2-elite-plus","status":"publish","type":"product","link":"https:\/\/smans.com\/fr\/product\/stencil-printer-versaprint-2-elite-plus\/","title":{"rendered":"Ersa - Stencil Printer VERSAPRINT 2 ELITE PLUS"},"content":{"rendered":"<p>La <strong>VERSAPRINT 2 ELITE plus<\/strong> offre une base solide pour une production SMT fiable, avec un accent particulier sur la <strong>pr\u00e9cision<\/strong>, l&rsquo;<strong>efficacit\u00e9<\/strong> et la <strong>facilit\u00e9 d&rsquo;utilisation<\/strong>. Gr\u00e2ce \u00e0 une cam\u00e9ra \u00e0 zone avec <strong>deux modules s\u00e9par\u00e9s<\/strong> et des techniques d&rsquo;\u00e9clairage \u00e0 la fois directes et diffuses, m\u00eame les structures complexes sur la carte de circuit imprim\u00e9 sont reconnues de mani\u00e8re coh\u00e9rente.<\/p>\n<p>Avec un format de substrat disponible de <strong>50 \u00d7 50 mm \u00e0 680 \u00d7 500 mm<\/strong> (zone d&rsquo;inspection d&rsquo;environ 550 \u00d7 500 mm) et des pochoirs variant de 450 \u00d7 450 \u00e0 737 \u00d7 737 mm, la machine est adapt\u00e9e \u00e0 diff\u00e9rents types de production. Les t\u00eates d&rsquo;impression se composent de deux unit\u00e9s de raclette ind\u00e9pendantes avec r\u00e9gulation continue de la pression (0-230 N) qui garantissent des <strong>r\u00e9sultats d&rsquo;impression reproductibles<\/strong> avec une pr\u00e9cision de \u00b112,5 \u00b5m (6\u03c3) et une pr\u00e9cision d&rsquo;impression de \u00b125 \u00b5m (6\u03c3). De plus, le changement de produit est possible en moins de 2 minutes et le temps de conversion est inf\u00e9rieur \u00e0 10 minutes, ce qui est id\u00e9al pour les lignes de production flexibles.<\/p>\n<p>Ce qui distingue l&rsquo;ELITE plus, c&rsquo;est qu&rsquo;il est con\u00e7u pour les environnements de production o\u00f9 un syst\u00e8me d&rsquo;inspection externe \u00e0 100 % (tel qu&rsquo;un SPI) est d\u00e9j\u00e0 pr\u00e9sent, ce qui en fait un choix rentable sans int\u00e9gration compl\u00e8te de l&rsquo;inspection standard. En m\u00eame temps, il offre la possibilit\u00e9 d&rsquo;une extension optionnelle avec une inspection 2D et m\u00eame une mise \u00e0 niveau 3D, ce qui permet d&rsquo;adapter facilement le syst\u00e8me aux exigences de qualit\u00e9 futures. En bref : un investissement intelligent pour ceux qui recherchent la fiabilit\u00e9, la rapidit\u00e9 et la s\u00e9curit\u00e9 des processus, sans complexit\u00e9 inutile.<\/p>\n","protected":false},"excerpt":{"rendered":"<p>Une imprimante \u00e0 stencil pour la production en s\u00e9rie, qui combine une grande pr\u00e9cision d&rsquo;impression avec des possibilit\u00e9s d&rsquo;inspection flexibles et une utilisation simple.<\/p>\n","protected":false},"featured_media":0,"template":"","meta":{"_acf_changed":false},"pwb-brand":[18232],"product_brand":[],"product_cat":[17991,18011,18088],"product_tag":[],"class_list":{"0":"post-23904","1":"product","2":"type-product","3":"status-publish","5":"pwb-brand-brand-ersa-fr","6":"product_cat-electronique-fr","7":"product_cat-equipement-d-assemblage-smt-fr","8":"product_cat-stencil-printing-fr","10":"first","11":"instock","12":"taxable","13":"shipping-taxable","14":"product-type-simple"},"acf":[],"yoast_head":"<!-- This site is optimized with the Yoast SEO plugin v27.1.1 - https:\/\/yoast.com\/product\/yoast-seo-wordpress\/ -->\n<title>Stencil Printer VERSAPRINT 2 ELITE PLUS - Smans<\/title>\n<meta name=\"robots\" content=\"index, follow, max-snippet:-1, max-image-preview:large, max-video-preview:-1\" \/>\n<link rel=\"canonical\" href=\"https:\/\/smans.com\/fr\/product\/stencil-printer-versaprint-2-elite-plus\/\" \/>\n<meta property=\"og:locale\" content=\"fr_FR\" \/>\n<meta property=\"og:type\" content=\"article\" \/>\n<meta property=\"og:title\" content=\"Stencil Printer VERSAPRINT 2 ELITE PLUS - Smans\" \/>\n<meta property=\"og:description\" content=\"Une imprimante \u00e0 stencil pour la production en s\u00e9rie, qui combine une grande pr\u00e9cision d&#039;impression avec des possibilit\u00e9s d&#039;inspection flexibles et une utilisation simple.\" \/>\n<meta property=\"og:url\" content=\"https:\/\/smans.com\/fr\/product\/stencil-printer-versaprint-2-elite-plus\/\" \/>\n<meta property=\"og:site_name\" content=\"Smans\" \/>\n<meta property=\"article:modified_time\" content=\"2026-04-07T10:09:03+00:00\" \/>\n<meta name=\"twitter:card\" content=\"summary_large_image\" \/>\n<meta name=\"twitter:label1\" content=\"Dur\u00e9e de lecture estim\u00e9e\" \/>\n\t<meta name=\"twitter:data1\" content=\"1 minute\" \/>\n<script type=\"application\/ld+json\" class=\"yoast-schema-graph\">{\"@context\":\"https:\/\/schema.org\",\"@graph\":[{\"@type\":\"WebPage\",\"@id\":\"https:\/\/smans.com\/fr\/product\/stencil-printer-versaprint-2-elite-plus\/\",\"url\":\"https:\/\/smans.com\/fr\/product\/stencil-printer-versaprint-2-elite-plus\/\",\"name\":\"Stencil Printer VERSAPRINT 2 ELITE PLUS - Smans\",\"isPartOf\":{\"@id\":\"https:\/\/smans.com\/nl\/#website\"},\"datePublished\":\"2024-06-09T15:22:36+00:00\",\"dateModified\":\"2026-04-07T10:09:03+00:00\",\"breadcrumb\":{\"@id\":\"https:\/\/smans.com\/fr\/product\/stencil-printer-versaprint-2-elite-plus\/#breadcrumb\"},\"inLanguage\":\"fr-FR\",\"potentialAction\":[{\"@type\":\"ReadAction\",\"target\":[\"https:\/\/smans.com\/fr\/product\/stencil-printer-versaprint-2-elite-plus\/\"]}]},{\"@type\":\"BreadcrumbList\",\"@id\":\"https:\/\/smans.com\/fr\/product\/stencil-printer-versaprint-2-elite-plus\/#breadcrumb\",\"itemListElement\":[{\"@type\":\"ListItem\",\"position\":1,\"name\":\"Home\",\"item\":\"https:\/\/smans.com\/fr\/\"},{\"@type\":\"ListItem\",\"position\":2,\"name\":\"Boutique\",\"item\":\"https:\/\/smans.com\/nl\/shop\/\"},{\"@type\":\"ListItem\",\"position\":3,\"name\":\"Ersa - Stencil Printer VERSAPRINT 2 ELITE PLUS\"}]},{\"@type\":\"WebSite\",\"@id\":\"https:\/\/smans.com\/nl\/#website\",\"url\":\"https:\/\/smans.com\/nl\/\",\"name\":\"Smans\",\"description\":\"\",\"publisher\":{\"@id\":\"https:\/\/smans.com\/nl\/#organization\"},\"potentialAction\":[{\"@type\":\"SearchAction\",\"target\":{\"@type\":\"EntryPoint\",\"urlTemplate\":\"https:\/\/smans.com\/nl\/?s={search_term_string}\"},\"query-input\":{\"@type\":\"PropertyValueSpecification\",\"valueRequired\":true,\"valueName\":\"search_term_string\"}}],\"inLanguage\":\"fr-FR\"},{\"@type\":\"Organization\",\"@id\":\"https:\/\/smans.com\/nl\/#organization\",\"name\":\"Smans\",\"url\":\"https:\/\/smans.com\/nl\/\",\"logo\":{\"@type\":\"ImageObject\",\"inLanguage\":\"fr-FR\",\"@id\":\"https:\/\/smans.com\/nl\/#\/schema\/logo\/image\/\",\"url\":\"https:\/\/smans.com\/wp-content\/uploads\/2023\/09\/logo.svg\",\"contentUrl\":\"https:\/\/smans.com\/wp-content\/uploads\/2023\/09\/logo.svg\",\"caption\":\"Smans\"},\"image\":{\"@id\":\"https:\/\/smans.com\/nl\/#\/schema\/logo\/image\/\"}}]}<\/script>\n<!-- \/ Yoast SEO plugin. -->","yoast_head_json":{"title":"Stencil Printer VERSAPRINT 2 ELITE PLUS - Smans","robots":{"index":"index","follow":"follow","max-snippet":"max-snippet:-1","max-image-preview":"max-image-preview:large","max-video-preview":"max-video-preview:-1"},"canonical":"https:\/\/smans.com\/fr\/product\/stencil-printer-versaprint-2-elite-plus\/","og_locale":"fr_FR","og_type":"article","og_title":"Stencil Printer VERSAPRINT 2 ELITE PLUS - Smans","og_description":"Une imprimante \u00e0 stencil pour la production en s\u00e9rie, qui combine une grande pr\u00e9cision d'impression avec des possibilit\u00e9s d'inspection flexibles et une utilisation simple.","og_url":"https:\/\/smans.com\/fr\/product\/stencil-printer-versaprint-2-elite-plus\/","og_site_name":"Smans","article_modified_time":"2026-04-07T10:09:03+00:00","twitter_card":"summary_large_image","twitter_misc":{"Dur\u00e9e de lecture estim\u00e9e":"1 minute"},"schema":{"@context":"https:\/\/schema.org","@graph":[{"@type":"WebPage","@id":"https:\/\/smans.com\/fr\/product\/stencil-printer-versaprint-2-elite-plus\/","url":"https:\/\/smans.com\/fr\/product\/stencil-printer-versaprint-2-elite-plus\/","name":"Stencil Printer VERSAPRINT 2 ELITE PLUS - Smans","isPartOf":{"@id":"https:\/\/smans.com\/nl\/#website"},"datePublished":"2024-06-09T15:22:36+00:00","dateModified":"2026-04-07T10:09:03+00:00","breadcrumb":{"@id":"https:\/\/smans.com\/fr\/product\/stencil-printer-versaprint-2-elite-plus\/#breadcrumb"},"inLanguage":"fr-FR","potentialAction":[{"@type":"ReadAction","target":["https:\/\/smans.com\/fr\/product\/stencil-printer-versaprint-2-elite-plus\/"]}]},{"@type":"BreadcrumbList","@id":"https:\/\/smans.com\/fr\/product\/stencil-printer-versaprint-2-elite-plus\/#breadcrumb","itemListElement":[{"@type":"ListItem","position":1,"name":"Home","item":"https:\/\/smans.com\/fr\/"},{"@type":"ListItem","position":2,"name":"Boutique","item":"https:\/\/smans.com\/nl\/shop\/"},{"@type":"ListItem","position":3,"name":"Ersa - Stencil Printer VERSAPRINT 2 ELITE PLUS"}]},{"@type":"WebSite","@id":"https:\/\/smans.com\/nl\/#website","url":"https:\/\/smans.com\/nl\/","name":"Smans","description":"","publisher":{"@id":"https:\/\/smans.com\/nl\/#organization"},"potentialAction":[{"@type":"SearchAction","target":{"@type":"EntryPoint","urlTemplate":"https:\/\/smans.com\/nl\/?s={search_term_string}"},"query-input":{"@type":"PropertyValueSpecification","valueRequired":true,"valueName":"search_term_string"}}],"inLanguage":"fr-FR"},{"@type":"Organization","@id":"https:\/\/smans.com\/nl\/#organization","name":"Smans","url":"https:\/\/smans.com\/nl\/","logo":{"@type":"ImageObject","inLanguage":"fr-FR","@id":"https:\/\/smans.com\/nl\/#\/schema\/logo\/image\/","url":"https:\/\/smans.com\/wp-content\/uploads\/2023\/09\/logo.svg","contentUrl":"https:\/\/smans.com\/wp-content\/uploads\/2023\/09\/logo.svg","caption":"Smans"},"image":{"@id":"https:\/\/smans.com\/nl\/#\/schema\/logo\/image\/"}}]}},"brands":[{"id":18232,"name":"Ersa","slug":"brand-ersa-fr"}],"_links":{"self":[{"href":"https:\/\/smans.com\/fr\/wp-json\/wp\/v2\/product\/23904","targetHints":{"allow":["GET"]}}],"collection":[{"href":"https:\/\/smans.com\/fr\/wp-json\/wp\/v2\/product"}],"about":[{"href":"https:\/\/smans.com\/fr\/wp-json\/wp\/v2\/types\/product"}],"wp:attachment":[{"href":"https:\/\/smans.com\/fr\/wp-json\/wp\/v2\/media?parent=23904"}],"wp:term":[{"taxonomy":"pwb-brand","embeddable":true,"href":"https:\/\/smans.com\/fr\/wp-json\/wp\/v2\/pwb-brand?post=23904"},{"taxonomy":"product_brand","embeddable":true,"href":"https:\/\/smans.com\/fr\/wp-json\/wp\/v2\/product_brand?post=23904"},{"taxonomy":"product_cat","embeddable":true,"href":"https:\/\/smans.com\/fr\/wp-json\/wp\/v2\/product_cat?post=23904"},{"taxonomy":"product_tag","embeddable":true,"href":"https:\/\/smans.com\/fr\/wp-json\/wp\/v2\/product_tag?post=23904"}],"curies":[{"name":"wp","href":"https:\/\/api.w.org\/{rel}","templated":true}]}}