{"id":23905,"date":"2024-06-09T17:22:40","date_gmt":"2024-06-09T15:22:40","guid":{"rendered":"https:\/\/smans.com\/product\/reflow-soldering-machine-hotflow-three\/"},"modified":"2026-04-09T12:42:09","modified_gmt":"2026-04-09T10:42:09","slug":"reflow-soldering-machine-hotflow-three","status":"publish","type":"product","link":"https:\/\/smans.com\/fr\/product\/reflow-soldering-machine-hotflow-three\/","title":{"rendered":"Ersa - Reflow Soldering Machine HOTFLOW THREE"},"content":{"rendered":"<p>Le moteur et la commande SCPU\u00ae innovants ajustent dynamiquement la puissance d\u00e9livr\u00e9e par zone, afin de ne jamais consommer plus d&rsquo;\u00e9nergie que n\u00e9cessaire. Associ\u00e9s \u00e0 un contr\u00f4le pr\u00e9cis de l&rsquo;azote et \u00e0 des modules de refroidissement efficaces, ils permettent d&rsquo;obtenir une r\u00e9partition parfaite de la chaleur et des r\u00e9sultats constants, tout en consommant nettement moins d&rsquo;\u00e9nergie que les syst\u00e8mes conventionnels.<\/p>\n<h4>Commande intuitive et connectivit\u00e9 Industrie 4.0<\/h4>\n<p>Le HOTFLOW THREE est \u00e9quip\u00e9 d&rsquo;un PC industriel avec \u00e9cran tactile et du dernier logiciel ERSASOFT 5. Vous pouvez ainsi facilement configurer vos programmes de soudage et suivre les donn\u00e9es de processus en temps r\u00e9el par zone. Gr\u00e2ce \u00e0 Kurtz Ersa GATE, la machine est enti\u00e8rement pr\u00eate pour l&rsquo;Industrie 4.0 : vous pouvez connecter les donn\u00e9es directement \u00e0 votre syst\u00e8me MES ou \u00e0 votre environnement cloud pour une tra\u00e7abilit\u00e9 et un contr\u00f4le des processus complets.<\/p>\n<h4>Maintenance intelligente et disponibilit\u00e9 maximale<\/h4>\n<p>Le syst\u00e8me de nettoyage SMART en trois \u00e9tapes avec SMART ELEMENTS\u00ae, SMART PYROLYSIS CLEANER et SMART CONDENSATION UNIT permet d&rsquo;espacer les intervalles de maintenance et d&rsquo;augmenter les valeurs OEE. Les r\u00e9sidus sont automatiquement collect\u00e9s dans les zones de pr\u00e9chauffage, de pointe et de refroidissement, ce qui r\u00e9duit le temps de nettoyage et augmente la productivit\u00e9.<\/p>\n<h4>Syst\u00e8me de transport flexible pour chaque production<\/h4>\n<p>Le HOTFLOW THREE est disponible avec 16, 20 ou 26 zones de chauffage et offre des options de transport \u00e0 voie unique ou double. Cela vous permet de traiter des circuits imprim\u00e9s jusqu&rsquo;\u00e0 650 mm de large (voie unique) ou jusqu&rsquo;\u00e0 2 \u00d7 300 mm (voie double). Gr\u00e2ce au support central programmable et aux syst\u00e8mes de refroidissement et de filtration facilement accessibles, votre ligne reste stable, facile \u00e0 entretenir et pr\u00eate pour de futures extensions.<\/p>\n","protected":false},"excerpt":{"rendered":"<p>Machine \u00e0 souder par refusion pour des performances de soudage in\u00e9gal\u00e9es avec un profil de temp\u00e9rature optimal, des co\u00fbts \u00e9nerg\u00e9tiques r\u00e9duits et une fiabilit\u00e9 maximale du processus.<\/p>\n","protected":false},"featured_media":0,"template":"","meta":{"_acf_changed":false},"pwb-brand":[18232],"product_brand":[],"product_cat":[17991,18011,18087],"product_tag":[],"class_list":{"0":"post-23905","1":"product","2":"type-product","3":"status-publish","5":"pwb-brand-brand-ersa-fr","6":"product_cat-electronique-fr","7":"product_cat-equipement-d-assemblage-smt-fr","8":"product_cat-soldering-fr","10":"first","11":"instock","12":"taxable","13":"shipping-taxable","14":"product-type-simple"},"acf":[],"yoast_head":"<!-- This site is optimized with the Yoast SEO plugin v27.1.1 - https:\/\/yoast.com\/product\/yoast-seo-wordpress\/ -->\n<title>Reflow Soldering Machine HOTFLOW THREE - Smans<\/title>\n<meta name=\"robots\" content=\"index, follow, max-snippet:-1, max-image-preview:large, max-video-preview:-1\" \/>\n<link rel=\"canonical\" href=\"https:\/\/smans.com\/fr\/product\/reflow-soldering-machine-hotflow-three\/\" \/>\n<meta property=\"og:locale\" content=\"fr_FR\" \/>\n<meta property=\"og:type\" content=\"article\" \/>\n<meta property=\"og:title\" content=\"Reflow Soldering Machine HOTFLOW THREE - Smans\" \/>\n<meta property=\"og:description\" content=\"Machine \u00e0 souder par refusion pour des performances de soudage in\u00e9gal\u00e9es avec un profil de temp\u00e9rature optimal, des co\u00fbts \u00e9nerg\u00e9tiques r\u00e9duits et une fiabilit\u00e9 maximale du processus.\" \/>\n<meta property=\"og:url\" content=\"https:\/\/smans.com\/fr\/product\/reflow-soldering-machine-hotflow-three\/\" \/>\n<meta property=\"og:site_name\" content=\"Smans\" \/>\n<meta property=\"article:modified_time\" content=\"2026-04-09T10:42:09+00:00\" \/>\n<meta name=\"twitter:card\" content=\"summary_large_image\" \/>\n<meta name=\"twitter:label1\" content=\"Dur\u00e9e de lecture estim\u00e9e\" \/>\n\t<meta name=\"twitter:data1\" content=\"1 minute\" \/>\n<script type=\"application\/ld+json\" class=\"yoast-schema-graph\">{\"@context\":\"https:\/\/schema.org\",\"@graph\":[{\"@type\":\"WebPage\",\"@id\":\"https:\/\/smans.com\/fr\/product\/reflow-soldering-machine-hotflow-three\/\",\"url\":\"https:\/\/smans.com\/fr\/product\/reflow-soldering-machine-hotflow-three\/\",\"name\":\"Reflow Soldering Machine HOTFLOW THREE - Smans\",\"isPartOf\":{\"@id\":\"https:\/\/smans.com\/nl\/#website\"},\"datePublished\":\"2024-06-09T15:22:40+00:00\",\"dateModified\":\"2026-04-09T10:42:09+00:00\",\"breadcrumb\":{\"@id\":\"https:\/\/smans.com\/fr\/product\/reflow-soldering-machine-hotflow-three\/#breadcrumb\"},\"inLanguage\":\"fr-FR\",\"potentialAction\":[{\"@type\":\"ReadAction\",\"target\":[\"https:\/\/smans.com\/fr\/product\/reflow-soldering-machine-hotflow-three\/\"]}]},{\"@type\":\"BreadcrumbList\",\"@id\":\"https:\/\/smans.com\/fr\/product\/reflow-soldering-machine-hotflow-three\/#breadcrumb\",\"itemListElement\":[{\"@type\":\"ListItem\",\"position\":1,\"name\":\"Home\",\"item\":\"https:\/\/smans.com\/fr\/\"},{\"@type\":\"ListItem\",\"position\":2,\"name\":\"Boutique\",\"item\":\"https:\/\/smans.com\/nl\/shop\/\"},{\"@type\":\"ListItem\",\"position\":3,\"name\":\"Ersa - Reflow Soldering Machine HOTFLOW THREE\"}]},{\"@type\":\"WebSite\",\"@id\":\"https:\/\/smans.com\/nl\/#website\",\"url\":\"https:\/\/smans.com\/nl\/\",\"name\":\"Smans\",\"description\":\"\",\"publisher\":{\"@id\":\"https:\/\/smans.com\/nl\/#organization\"},\"potentialAction\":[{\"@type\":\"SearchAction\",\"target\":{\"@type\":\"EntryPoint\",\"urlTemplate\":\"https:\/\/smans.com\/nl\/?s={search_term_string}\"},\"query-input\":{\"@type\":\"PropertyValueSpecification\",\"valueRequired\":true,\"valueName\":\"search_term_string\"}}],\"inLanguage\":\"fr-FR\"},{\"@type\":\"Organization\",\"@id\":\"https:\/\/smans.com\/nl\/#organization\",\"name\":\"Smans\",\"url\":\"https:\/\/smans.com\/nl\/\",\"logo\":{\"@type\":\"ImageObject\",\"inLanguage\":\"fr-FR\",\"@id\":\"https:\/\/smans.com\/nl\/#\/schema\/logo\/image\/\",\"url\":\"https:\/\/smans.com\/wp-content\/uploads\/2023\/09\/logo.svg\",\"contentUrl\":\"https:\/\/smans.com\/wp-content\/uploads\/2023\/09\/logo.svg\",\"caption\":\"Smans\"},\"image\":{\"@id\":\"https:\/\/smans.com\/nl\/#\/schema\/logo\/image\/\"}}]}<\/script>\n<!-- \/ Yoast SEO plugin. -->","yoast_head_json":{"title":"Reflow Soldering Machine HOTFLOW THREE - Smans","robots":{"index":"index","follow":"follow","max-snippet":"max-snippet:-1","max-image-preview":"max-image-preview:large","max-video-preview":"max-video-preview:-1"},"canonical":"https:\/\/smans.com\/fr\/product\/reflow-soldering-machine-hotflow-three\/","og_locale":"fr_FR","og_type":"article","og_title":"Reflow Soldering Machine HOTFLOW THREE - Smans","og_description":"Machine \u00e0 souder par refusion pour des performances de soudage in\u00e9gal\u00e9es avec un profil de temp\u00e9rature optimal, des co\u00fbts \u00e9nerg\u00e9tiques r\u00e9duits et une fiabilit\u00e9 maximale du processus.","og_url":"https:\/\/smans.com\/fr\/product\/reflow-soldering-machine-hotflow-three\/","og_site_name":"Smans","article_modified_time":"2026-04-09T10:42:09+00:00","twitter_card":"summary_large_image","twitter_misc":{"Dur\u00e9e de lecture estim\u00e9e":"1 minute"},"schema":{"@context":"https:\/\/schema.org","@graph":[{"@type":"WebPage","@id":"https:\/\/smans.com\/fr\/product\/reflow-soldering-machine-hotflow-three\/","url":"https:\/\/smans.com\/fr\/product\/reflow-soldering-machine-hotflow-three\/","name":"Reflow Soldering Machine HOTFLOW THREE - Smans","isPartOf":{"@id":"https:\/\/smans.com\/nl\/#website"},"datePublished":"2024-06-09T15:22:40+00:00","dateModified":"2026-04-09T10:42:09+00:00","breadcrumb":{"@id":"https:\/\/smans.com\/fr\/product\/reflow-soldering-machine-hotflow-three\/#breadcrumb"},"inLanguage":"fr-FR","potentialAction":[{"@type":"ReadAction","target":["https:\/\/smans.com\/fr\/product\/reflow-soldering-machine-hotflow-three\/"]}]},{"@type":"BreadcrumbList","@id":"https:\/\/smans.com\/fr\/product\/reflow-soldering-machine-hotflow-three\/#breadcrumb","itemListElement":[{"@type":"ListItem","position":1,"name":"Home","item":"https:\/\/smans.com\/fr\/"},{"@type":"ListItem","position":2,"name":"Boutique","item":"https:\/\/smans.com\/nl\/shop\/"},{"@type":"ListItem","position":3,"name":"Ersa - Reflow Soldering Machine HOTFLOW THREE"}]},{"@type":"WebSite","@id":"https:\/\/smans.com\/nl\/#website","url":"https:\/\/smans.com\/nl\/","name":"Smans","description":"","publisher":{"@id":"https:\/\/smans.com\/nl\/#organization"},"potentialAction":[{"@type":"SearchAction","target":{"@type":"EntryPoint","urlTemplate":"https:\/\/smans.com\/nl\/?s={search_term_string}"},"query-input":{"@type":"PropertyValueSpecification","valueRequired":true,"valueName":"search_term_string"}}],"inLanguage":"fr-FR"},{"@type":"Organization","@id":"https:\/\/smans.com\/nl\/#organization","name":"Smans","url":"https:\/\/smans.com\/nl\/","logo":{"@type":"ImageObject","inLanguage":"fr-FR","@id":"https:\/\/smans.com\/nl\/#\/schema\/logo\/image\/","url":"https:\/\/smans.com\/wp-content\/uploads\/2023\/09\/logo.svg","contentUrl":"https:\/\/smans.com\/wp-content\/uploads\/2023\/09\/logo.svg","caption":"Smans"},"image":{"@id":"https:\/\/smans.com\/nl\/#\/schema\/logo\/image\/"}}]}},"brands":[{"id":18232,"name":"Ersa","slug":"brand-ersa-fr"}],"_links":{"self":[{"href":"https:\/\/smans.com\/fr\/wp-json\/wp\/v2\/product\/23905","targetHints":{"allow":["GET"]}}],"collection":[{"href":"https:\/\/smans.com\/fr\/wp-json\/wp\/v2\/product"}],"about":[{"href":"https:\/\/smans.com\/fr\/wp-json\/wp\/v2\/types\/product"}],"wp:attachment":[{"href":"https:\/\/smans.com\/fr\/wp-json\/wp\/v2\/media?parent=23905"}],"wp:term":[{"taxonomy":"pwb-brand","embeddable":true,"href":"https:\/\/smans.com\/fr\/wp-json\/wp\/v2\/pwb-brand?post=23905"},{"taxonomy":"product_brand","embeddable":true,"href":"https:\/\/smans.com\/fr\/wp-json\/wp\/v2\/product_brand?post=23905"},{"taxonomy":"product_cat","embeddable":true,"href":"https:\/\/smans.com\/fr\/wp-json\/wp\/v2\/product_cat?post=23905"},{"taxonomy":"product_tag","embeddable":true,"href":"https:\/\/smans.com\/fr\/wp-json\/wp\/v2\/product_tag?post=23905"}],"curies":[{"name":"wp","href":"https:\/\/api.w.org\/{rel}","templated":true}]}}