{"id":23907,"date":"2024-06-09T17:17:28","date_gmt":"2024-06-09T15:17:28","guid":{"rendered":"https:\/\/smans.com\/product\/in-line-automated-3d-x-ray-inspection-system-3xi-m200\/"},"modified":"2026-05-08T11:27:03","modified_gmt":"2026-05-08T09:27:03","slug":"in-line-automated-3d-x-ray-inspection-system-3xi-m200","status":"publish","type":"product","link":"https:\/\/smans.com\/fr\/product\/in-line-automated-3d-x-ray-inspection-system-3xi-m200\/","title":{"rendered":"Saki - In-line automated 3D X-ray inspection system 3Xi-M200"},"content":{"rendered":"<p>Syst\u00e8me d&rsquo;inspection par rayons X 3D-CT \u00e0 haute vitesse et haute pr\u00e9cision, compatible avec les processus SMT, les processus \u00e0 trous traversants et l&rsquo;inspection des semi-conducteurs, le 3D CT-AXI de SAKI offre la vitesse la plus \u00e9lev\u00e9e du secteur et s&rsquo;appuie sur une imagerie 3D et une qualit\u00e9 d&rsquo;inspection sup\u00e9rieures pour d\u00e9tecter l&rsquo;ensemble des d\u00e9fauts de soudure sur les circuits imprim\u00e9s.<\/p>\n<p>Notre gamme 3D-CT AXI comprend des mod\u00e8les haute d\u00e9finition ainsi que des mod\u00e8les haute puissance et haute vitesse pour r\u00e9pondre \u00e0 une grande vari\u00e9t\u00e9 d&rsquo;exigences d&rsquo;inspection.<\/p>\n<h4><strong>Imagerie haute vitesse et haute d\u00e9finition puissante<\/strong><\/h4>\n<ul>\n<li>La capacit\u00e9 de traitement d&rsquo;imagerie et de calcul la plus rapide du secteur<\/li>\n<li>G\u00e9n\u00e9ration d&rsquo;images 3D d\u00e9taill\u00e9es et fid\u00e8les pour une production z\u00e9ro d\u00e9faut<\/li>\n<li>Prend en charge l&rsquo;inspection des modules de puissance DSC minces et l\u00e9gers<\/li>\n<\/ul>\n<h4><strong>Facilit\u00e9 d&rsquo;utilisation et r\u00e9duction de la charge de travail<\/strong><\/h4>\n<ul>\n<li>Param\u00e8tres d&rsquo;imagerie automatiques faciles \u00e0 programmer, pouvant \u00eatre r\u00e9cup\u00e9r\u00e9s depuis l&rsquo;AOI<\/li>\n<li>Le d\u00e9bogage peut \u00eatre effectu\u00e9 sans arr\u00eater la cha\u00eene de production<\/li>\n<\/ul>\n<h4><strong>Maintenabilit\u00e9 am\u00e9lior\u00e9e et facilit\u00e9 d&rsquo;entretien<\/strong><\/h4>\n<ul>\n<li>Conception mat\u00e9rielle \u00e0 longue dur\u00e9e de vie pour une pr\u00e9cision \u00e9lev\u00e9e et constante<\/li>\n<li>Fonction d&rsquo;autodiagnostic, avec pr\u00e9diction et r\u00e9duction de la dose d&rsquo;exposition<\/li>\n<\/ul>\n","protected":false},"excerpt":{"rendered":"<p>Inline 3D X-ray Inspection Machine for Power Module<\/p>\n","protected":false},"featured_media":0,"template":"","meta":{"_acf_changed":false},"pwb-brand":[18294],"product_brand":[],"product_cat":[17991,18007,18069],"product_tag":[],"class_list":{"0":"post-23907","1":"product","2":"type-product","3":"status-publish","5":"pwb-brand-brand-saki-fr","6":"product_cat-electronique-fr","7":"product_cat-inspection-fr","8":"product_cat-x-ray-fr","10":"first","11":"instock","12":"taxable","13":"shipping-taxable","14":"product-type-simple"},"acf":[],"yoast_head":"<!-- This site is optimized with the Yoast SEO plugin v27.1.1 - https:\/\/yoast.com\/product\/yoast-seo-wordpress\/ -->\n<title>In-line automated 3D X-ray inspection system 3Xi-M200 - Smans<\/title>\n<meta name=\"robots\" content=\"index, follow, max-snippet:-1, max-image-preview:large, max-video-preview:-1\" \/>\n<link rel=\"canonical\" href=\"https:\/\/smans.com\/fr\/product\/in-line-automated-3d-x-ray-inspection-system-3xi-m200\/\" \/>\n<meta property=\"og:locale\" content=\"fr_FR\" \/>\n<meta property=\"og:type\" content=\"article\" \/>\n<meta property=\"og:title\" content=\"In-line automated 3D X-ray inspection system 3Xi-M200 - Smans\" \/>\n<meta property=\"og:description\" content=\"Inline 3D X-ray Inspection Machine for Power Module\" \/>\n<meta property=\"og:url\" content=\"https:\/\/smans.com\/fr\/product\/in-line-automated-3d-x-ray-inspection-system-3xi-m200\/\" \/>\n<meta property=\"og:site_name\" content=\"Smans\" \/>\n<meta property=\"article:modified_time\" content=\"2026-05-08T09:27:03+00:00\" \/>\n<meta name=\"twitter:card\" content=\"summary_large_image\" \/>\n<meta name=\"twitter:label1\" content=\"Dur\u00e9e de lecture estim\u00e9e\" \/>\n\t<meta name=\"twitter:data1\" content=\"1 minute\" \/>\n<script type=\"application\/ld+json\" class=\"yoast-schema-graph\">{\"@context\":\"https:\/\/schema.org\",\"@graph\":[{\"@type\":\"WebPage\",\"@id\":\"https:\/\/smans.com\/fr\/product\/in-line-automated-3d-x-ray-inspection-system-3xi-m200\/\",\"url\":\"https:\/\/smans.com\/fr\/product\/in-line-automated-3d-x-ray-inspection-system-3xi-m200\/\",\"name\":\"In-line automated 3D X-ray inspection system 3Xi-M200 - Smans\",\"isPartOf\":{\"@id\":\"https:\/\/smans.com\/nl\/#website\"},\"datePublished\":\"2024-06-09T15:17:28+00:00\",\"dateModified\":\"2026-05-08T09:27:03+00:00\",\"breadcrumb\":{\"@id\":\"https:\/\/smans.com\/fr\/product\/in-line-automated-3d-x-ray-inspection-system-3xi-m200\/#breadcrumb\"},\"inLanguage\":\"fr-FR\",\"potentialAction\":[{\"@type\":\"ReadAction\",\"target\":[\"https:\/\/smans.com\/fr\/product\/in-line-automated-3d-x-ray-inspection-system-3xi-m200\/\"]}]},{\"@type\":\"BreadcrumbList\",\"@id\":\"https:\/\/smans.com\/fr\/product\/in-line-automated-3d-x-ray-inspection-system-3xi-m200\/#breadcrumb\",\"itemListElement\":[{\"@type\":\"ListItem\",\"position\":1,\"name\":\"Home\",\"item\":\"https:\/\/smans.com\/fr\/\"},{\"@type\":\"ListItem\",\"position\":2,\"name\":\"Boutique\",\"item\":\"https:\/\/smans.com\/nl\/shop\/\"},{\"@type\":\"ListItem\",\"position\":3,\"name\":\"Saki - In-line automated 3D X-ray inspection system 3Xi-M200\"}]},{\"@type\":\"WebSite\",\"@id\":\"https:\/\/smans.com\/nl\/#website\",\"url\":\"https:\/\/smans.com\/nl\/\",\"name\":\"Smans\",\"description\":\"\",\"publisher\":{\"@id\":\"https:\/\/smans.com\/nl\/#organization\"},\"potentialAction\":[{\"@type\":\"SearchAction\",\"target\":{\"@type\":\"EntryPoint\",\"urlTemplate\":\"https:\/\/smans.com\/nl\/?s={search_term_string}\"},\"query-input\":{\"@type\":\"PropertyValueSpecification\",\"valueRequired\":true,\"valueName\":\"search_term_string\"}}],\"inLanguage\":\"fr-FR\"},{\"@type\":\"Organization\",\"@id\":\"https:\/\/smans.com\/nl\/#organization\",\"name\":\"Smans\",\"url\":\"https:\/\/smans.com\/nl\/\",\"logo\":{\"@type\":\"ImageObject\",\"inLanguage\":\"fr-FR\",\"@id\":\"https:\/\/smans.com\/nl\/#\/schema\/logo\/image\/\",\"url\":\"https:\/\/smans.com\/wp-content\/uploads\/2023\/09\/logo.svg\",\"contentUrl\":\"https:\/\/smans.com\/wp-content\/uploads\/2023\/09\/logo.svg\",\"caption\":\"Smans\"},\"image\":{\"@id\":\"https:\/\/smans.com\/nl\/#\/schema\/logo\/image\/\"}}]}<\/script>\n<!-- \/ Yoast SEO plugin. -->","yoast_head_json":{"title":"In-line automated 3D X-ray inspection system 3Xi-M200 - Smans","robots":{"index":"index","follow":"follow","max-snippet":"max-snippet:-1","max-image-preview":"max-image-preview:large","max-video-preview":"max-video-preview:-1"},"canonical":"https:\/\/smans.com\/fr\/product\/in-line-automated-3d-x-ray-inspection-system-3xi-m200\/","og_locale":"fr_FR","og_type":"article","og_title":"In-line automated 3D X-ray inspection system 3Xi-M200 - Smans","og_description":"Inline 3D X-ray Inspection Machine for Power Module","og_url":"https:\/\/smans.com\/fr\/product\/in-line-automated-3d-x-ray-inspection-system-3xi-m200\/","og_site_name":"Smans","article_modified_time":"2026-05-08T09:27:03+00:00","twitter_card":"summary_large_image","twitter_misc":{"Dur\u00e9e de lecture estim\u00e9e":"1 minute"},"schema":{"@context":"https:\/\/schema.org","@graph":[{"@type":"WebPage","@id":"https:\/\/smans.com\/fr\/product\/in-line-automated-3d-x-ray-inspection-system-3xi-m200\/","url":"https:\/\/smans.com\/fr\/product\/in-line-automated-3d-x-ray-inspection-system-3xi-m200\/","name":"In-line automated 3D X-ray inspection system 3Xi-M200 - Smans","isPartOf":{"@id":"https:\/\/smans.com\/nl\/#website"},"datePublished":"2024-06-09T15:17:28+00:00","dateModified":"2026-05-08T09:27:03+00:00","breadcrumb":{"@id":"https:\/\/smans.com\/fr\/product\/in-line-automated-3d-x-ray-inspection-system-3xi-m200\/#breadcrumb"},"inLanguage":"fr-FR","potentialAction":[{"@type":"ReadAction","target":["https:\/\/smans.com\/fr\/product\/in-line-automated-3d-x-ray-inspection-system-3xi-m200\/"]}]},{"@type":"BreadcrumbList","@id":"https:\/\/smans.com\/fr\/product\/in-line-automated-3d-x-ray-inspection-system-3xi-m200\/#breadcrumb","itemListElement":[{"@type":"ListItem","position":1,"name":"Home","item":"https:\/\/smans.com\/fr\/"},{"@type":"ListItem","position":2,"name":"Boutique","item":"https:\/\/smans.com\/nl\/shop\/"},{"@type":"ListItem","position":3,"name":"Saki - In-line automated 3D X-ray inspection system 3Xi-M200"}]},{"@type":"WebSite","@id":"https:\/\/smans.com\/nl\/#website","url":"https:\/\/smans.com\/nl\/","name":"Smans","description":"","publisher":{"@id":"https:\/\/smans.com\/nl\/#organization"},"potentialAction":[{"@type":"SearchAction","target":{"@type":"EntryPoint","urlTemplate":"https:\/\/smans.com\/nl\/?s={search_term_string}"},"query-input":{"@type":"PropertyValueSpecification","valueRequired":true,"valueName":"search_term_string"}}],"inLanguage":"fr-FR"},{"@type":"Organization","@id":"https:\/\/smans.com\/nl\/#organization","name":"Smans","url":"https:\/\/smans.com\/nl\/","logo":{"@type":"ImageObject","inLanguage":"fr-FR","@id":"https:\/\/smans.com\/nl\/#\/schema\/logo\/image\/","url":"https:\/\/smans.com\/wp-content\/uploads\/2023\/09\/logo.svg","contentUrl":"https:\/\/smans.com\/wp-content\/uploads\/2023\/09\/logo.svg","caption":"Smans"},"image":{"@id":"https:\/\/smans.com\/nl\/#\/schema\/logo\/image\/"}}]}},"brands":[{"id":18294,"name":"Saki","slug":"brand-saki-fr"}],"_links":{"self":[{"href":"https:\/\/smans.com\/fr\/wp-json\/wp\/v2\/product\/23907","targetHints":{"allow":["GET"]}}],"collection":[{"href":"https:\/\/smans.com\/fr\/wp-json\/wp\/v2\/product"}],"about":[{"href":"https:\/\/smans.com\/fr\/wp-json\/wp\/v2\/types\/product"}],"wp:attachment":[{"href":"https:\/\/smans.com\/fr\/wp-json\/wp\/v2\/media?parent=23907"}],"wp:term":[{"taxonomy":"pwb-brand","embeddable":true,"href":"https:\/\/smans.com\/fr\/wp-json\/wp\/v2\/pwb-brand?post=23907"},{"taxonomy":"product_brand","embeddable":true,"href":"https:\/\/smans.com\/fr\/wp-json\/wp\/v2\/product_brand?post=23907"},{"taxonomy":"product_cat","embeddable":true,"href":"https:\/\/smans.com\/fr\/wp-json\/wp\/v2\/product_cat?post=23907"},{"taxonomy":"product_tag","embeddable":true,"href":"https:\/\/smans.com\/fr\/wp-json\/wp\/v2\/product_tag?post=23907"}],"curies":[{"name":"wp","href":"https:\/\/api.w.org\/{rel}","templated":true}]}}