{"id":23933,"date":"2024-06-09T17:22:16","date_gmt":"2024-06-09T15:22:16","guid":{"rendered":"https:\/\/smans.com\/product\/automatic-pick-place-printer-decan-s2\/"},"modified":"2026-04-09T12:43:31","modified_gmt":"2026-04-09T10:43:31","slug":"automatic-pick-place-printer-decan-s2","status":"publish","type":"product","link":"https:\/\/smans.com\/fr\/product\/automatic-pick-place-printer-decan-s2\/","title":{"rendered":"Hanwha - Automatic Pick &amp; Place Printer Decan S2"},"content":{"rendered":"<p>La Hanwha Decan S2 a \u00e9t\u00e9 d\u00e9velopp\u00e9e pour les fabricants qui exigent une combinaison de vitesse, de pr\u00e9cision et de flexibilit\u00e9 dans leurs lignes de production SMT. Gr\u00e2ce \u00e0 son architecture \u00e0 double portique avec <strong>deux t\u00eates \u00e0 10 broches<\/strong>, la machine offre une <strong>vitesse de placement exceptionnelle pouvant atteindre 92 000 composants par heure<\/strong>. Sa pr\u00e9cision est de \u00b128 microm\u00e8tres pour les puces 03015 et de \u00b130 microm\u00e8tres pour les circuits int\u00e9gr\u00e9s, ce qui rend la Decan S2 adapt\u00e9e aux composants \u00e9lectroniques de haute qualit\u00e9 et aux composants \u00e0 maillage fin.<\/p>\n<p>La machine prend en charge une large gamme de composants, allant de 03015 \u00e0 42 mm (standard) ou jusqu&rsquo;\u00e0 75 mm avec l&rsquo;option MFOV. La hauteur maximale des composants est de 10 mm avec la cam\u00e9ra volante ou de 15 mm avec la cam\u00e9ra fixe. Gr\u00e2ce \u00e0 cette polyvalence, la Decan S2 convient \u00e0 diverses applications telles que les appareils mobiles, l&rsquo;\u00e9lectronique automobile, les t\u00e9l\u00e9communications et les circuits imprim\u00e9s industriels.<\/p>\n<p>La machine peut \u00eatre configur\u00e9e avec une voie de transport simple ou double. En mode simple voie, elle peut traiter des cartes de circuits imprim\u00e9s jusqu&rsquo;\u00e0 1 500 x 460 mm, tandis qu&rsquo;en mode double voie, elle peut traiter des cartes jusqu&rsquo;\u00e0 1 200 x 250 mm. Avec une capacit\u00e9 d&rsquo;alimentation maximale de 120 positions de 8 mm, la Decan S2 offre un traitement efficace des mat\u00e9riaux pour les productions complexes.<\/p>\n<p>Le Decan S2 est dot\u00e9 de fonctions avanc\u00e9es telles que le calibrage de l&rsquo;alimentation, le contr\u00f4le automatique de l&rsquo;alimentation et l&rsquo;int\u00e9gration de syst\u00e8mes de gestion des codes-barres et des donn\u00e9es. Gr\u00e2ce \u00e0 l&rsquo;alignement visuel pr\u00e9cis avec des cam\u00e9ras fly et fix, la machine garantit des performances stables et une qualit\u00e9 de placement constante, m\u00eame \u00e0 grande vitesse.<\/p>\n<p>Avec ses dimensions compactes de 1 430 \u00d7 1 740 \u00d7 1 485 mm et son poids d&rsquo;environ 1 800 kg, la Decan S2 allie hautes performances, gain de place et facilit\u00e9 d&rsquo;entretien. La machine a \u00e9t\u00e9 con\u00e7ue comme une solution d&rsquo;avenir pour l&rsquo;assemblage automatis\u00e9 de composants \u00e9lectroniques, offrant un \u00e9quilibre optimal entre vitesse, pr\u00e9cision et fiabilit\u00e9.<\/p>\n","protected":false},"excerpt":{"rendered":"<p>Machine pick &amp; place haute vitesse avec un syst\u00e8me \u00e0 double portique et 10 t\u00eates \u00e0 broches, con\u00e7ue pour une vitesse de production maximale de 92 000 CPH.<\/p>\n","protected":false},"featured_media":0,"template":"","meta":{"_acf_changed":false},"pwb-brand":[18250],"product_brand":[],"product_cat":[17991,18011,18084],"product_tag":[],"class_list":{"0":"post-23933","1":"product","2":"type-product","3":"status-publish","5":"pwb-brand-brand-hanwha-fr","6":"product_cat-electronique-fr","7":"product_cat-equipement-d-assemblage-smt-fr","8":"product_cat-pick-place-fr","10":"first","11":"instock","12":"taxable","13":"shipping-taxable","14":"product-type-simple"},"acf":[],"yoast_head":"<!-- This site is optimized with the Yoast SEO plugin v27.1.1 - https:\/\/yoast.com\/product\/yoast-seo-wordpress\/ -->\n<title>Automatic Pick &amp; Place Printer Decan S2 - Smans<\/title>\n<meta name=\"robots\" content=\"index, follow, max-snippet:-1, max-image-preview:large, max-video-preview:-1\" \/>\n<link rel=\"canonical\" href=\"https:\/\/smans.com\/fr\/product\/automatic-pick-place-printer-decan-s2\/\" \/>\n<meta property=\"og:locale\" content=\"fr_FR\" \/>\n<meta property=\"og:type\" content=\"article\" \/>\n<meta property=\"og:title\" content=\"Automatic Pick &amp; Place Printer Decan S2 - Smans\" \/>\n<meta property=\"og:description\" content=\"Machine pick &amp; place haute vitesse avec un syst\u00e8me \u00e0 double portique et 10 t\u00eates \u00e0 broches, con\u00e7ue pour une vitesse de production maximale de 92 000 CPH.\" \/>\n<meta property=\"og:url\" content=\"https:\/\/smans.com\/fr\/product\/automatic-pick-place-printer-decan-s2\/\" \/>\n<meta property=\"og:site_name\" content=\"Smans\" \/>\n<meta property=\"article:modified_time\" content=\"2026-04-09T10:43:31+00:00\" \/>\n<meta name=\"twitter:card\" content=\"summary_large_image\" \/>\n<meta name=\"twitter:label1\" content=\"Dur\u00e9e de lecture estim\u00e9e\" \/>\n\t<meta name=\"twitter:data1\" content=\"2 minutes\" \/>\n<script type=\"application\/ld+json\" class=\"yoast-schema-graph\">{\"@context\":\"https:\/\/schema.org\",\"@graph\":[{\"@type\":\"WebPage\",\"@id\":\"https:\/\/smans.com\/fr\/product\/automatic-pick-place-printer-decan-s2\/\",\"url\":\"https:\/\/smans.com\/fr\/product\/automatic-pick-place-printer-decan-s2\/\",\"name\":\"Automatic Pick &amp; Place Printer Decan S2 - Smans\",\"isPartOf\":{\"@id\":\"https:\/\/smans.com\/nl\/#website\"},\"datePublished\":\"2024-06-09T15:22:16+00:00\",\"dateModified\":\"2026-04-09T10:43:31+00:00\",\"breadcrumb\":{\"@id\":\"https:\/\/smans.com\/fr\/product\/automatic-pick-place-printer-decan-s2\/#breadcrumb\"},\"inLanguage\":\"fr-FR\",\"potentialAction\":[{\"@type\":\"ReadAction\",\"target\":[\"https:\/\/smans.com\/fr\/product\/automatic-pick-place-printer-decan-s2\/\"]}]},{\"@type\":\"BreadcrumbList\",\"@id\":\"https:\/\/smans.com\/fr\/product\/automatic-pick-place-printer-decan-s2\/#breadcrumb\",\"itemListElement\":[{\"@type\":\"ListItem\",\"position\":1,\"name\":\"Home\",\"item\":\"https:\/\/smans.com\/fr\/\"},{\"@type\":\"ListItem\",\"position\":2,\"name\":\"Boutique\",\"item\":\"https:\/\/smans.com\/nl\/shop\/\"},{\"@type\":\"ListItem\",\"position\":3,\"name\":\"Hanwha - Automatic Pick &amp; Place Printer Decan S2\"}]},{\"@type\":\"WebSite\",\"@id\":\"https:\/\/smans.com\/nl\/#website\",\"url\":\"https:\/\/smans.com\/nl\/\",\"name\":\"Smans\",\"description\":\"\",\"publisher\":{\"@id\":\"https:\/\/smans.com\/nl\/#organization\"},\"potentialAction\":[{\"@type\":\"SearchAction\",\"target\":{\"@type\":\"EntryPoint\",\"urlTemplate\":\"https:\/\/smans.com\/nl\/?s={search_term_string}\"},\"query-input\":{\"@type\":\"PropertyValueSpecification\",\"valueRequired\":true,\"valueName\":\"search_term_string\"}}],\"inLanguage\":\"fr-FR\"},{\"@type\":\"Organization\",\"@id\":\"https:\/\/smans.com\/nl\/#organization\",\"name\":\"Smans\",\"url\":\"https:\/\/smans.com\/nl\/\",\"logo\":{\"@type\":\"ImageObject\",\"inLanguage\":\"fr-FR\",\"@id\":\"https:\/\/smans.com\/nl\/#\/schema\/logo\/image\/\",\"url\":\"https:\/\/smans.com\/wp-content\/uploads\/2023\/09\/logo.svg\",\"contentUrl\":\"https:\/\/smans.com\/wp-content\/uploads\/2023\/09\/logo.svg\",\"caption\":\"Smans\"},\"image\":{\"@id\":\"https:\/\/smans.com\/nl\/#\/schema\/logo\/image\/\"}}]}<\/script>\n<!-- \/ Yoast SEO plugin. -->","yoast_head_json":{"title":"Automatic Pick &amp; Place Printer Decan S2 - Smans","robots":{"index":"index","follow":"follow","max-snippet":"max-snippet:-1","max-image-preview":"max-image-preview:large","max-video-preview":"max-video-preview:-1"},"canonical":"https:\/\/smans.com\/fr\/product\/automatic-pick-place-printer-decan-s2\/","og_locale":"fr_FR","og_type":"article","og_title":"Automatic Pick &amp; Place Printer Decan S2 - Smans","og_description":"Machine pick &amp; place haute vitesse avec un syst\u00e8me \u00e0 double portique et 10 t\u00eates \u00e0 broches, con\u00e7ue pour une vitesse de production maximale de 92 000 CPH.","og_url":"https:\/\/smans.com\/fr\/product\/automatic-pick-place-printer-decan-s2\/","og_site_name":"Smans","article_modified_time":"2026-04-09T10:43:31+00:00","twitter_card":"summary_large_image","twitter_misc":{"Dur\u00e9e de lecture estim\u00e9e":"2 minutes"},"schema":{"@context":"https:\/\/schema.org","@graph":[{"@type":"WebPage","@id":"https:\/\/smans.com\/fr\/product\/automatic-pick-place-printer-decan-s2\/","url":"https:\/\/smans.com\/fr\/product\/automatic-pick-place-printer-decan-s2\/","name":"Automatic Pick &amp; Place Printer Decan S2 - Smans","isPartOf":{"@id":"https:\/\/smans.com\/nl\/#website"},"datePublished":"2024-06-09T15:22:16+00:00","dateModified":"2026-04-09T10:43:31+00:00","breadcrumb":{"@id":"https:\/\/smans.com\/fr\/product\/automatic-pick-place-printer-decan-s2\/#breadcrumb"},"inLanguage":"fr-FR","potentialAction":[{"@type":"ReadAction","target":["https:\/\/smans.com\/fr\/product\/automatic-pick-place-printer-decan-s2\/"]}]},{"@type":"BreadcrumbList","@id":"https:\/\/smans.com\/fr\/product\/automatic-pick-place-printer-decan-s2\/#breadcrumb","itemListElement":[{"@type":"ListItem","position":1,"name":"Home","item":"https:\/\/smans.com\/fr\/"},{"@type":"ListItem","position":2,"name":"Boutique","item":"https:\/\/smans.com\/nl\/shop\/"},{"@type":"ListItem","position":3,"name":"Hanwha - Automatic Pick &amp; Place Printer Decan S2"}]},{"@type":"WebSite","@id":"https:\/\/smans.com\/nl\/#website","url":"https:\/\/smans.com\/nl\/","name":"Smans","description":"","publisher":{"@id":"https:\/\/smans.com\/nl\/#organization"},"potentialAction":[{"@type":"SearchAction","target":{"@type":"EntryPoint","urlTemplate":"https:\/\/smans.com\/nl\/?s={search_term_string}"},"query-input":{"@type":"PropertyValueSpecification","valueRequired":true,"valueName":"search_term_string"}}],"inLanguage":"fr-FR"},{"@type":"Organization","@id":"https:\/\/smans.com\/nl\/#organization","name":"Smans","url":"https:\/\/smans.com\/nl\/","logo":{"@type":"ImageObject","inLanguage":"fr-FR","@id":"https:\/\/smans.com\/nl\/#\/schema\/logo\/image\/","url":"https:\/\/smans.com\/wp-content\/uploads\/2023\/09\/logo.svg","contentUrl":"https:\/\/smans.com\/wp-content\/uploads\/2023\/09\/logo.svg","caption":"Smans"},"image":{"@id":"https:\/\/smans.com\/nl\/#\/schema\/logo\/image\/"}}]}},"brands":[{"id":18250,"name":"Hanwha","slug":"brand-hanwha-fr"}],"_links":{"self":[{"href":"https:\/\/smans.com\/fr\/wp-json\/wp\/v2\/product\/23933","targetHints":{"allow":["GET"]}}],"collection":[{"href":"https:\/\/smans.com\/fr\/wp-json\/wp\/v2\/product"}],"about":[{"href":"https:\/\/smans.com\/fr\/wp-json\/wp\/v2\/types\/product"}],"wp:attachment":[{"href":"https:\/\/smans.com\/fr\/wp-json\/wp\/v2\/media?parent=23933"}],"wp:term":[{"taxonomy":"pwb-brand","embeddable":true,"href":"https:\/\/smans.com\/fr\/wp-json\/wp\/v2\/pwb-brand?post=23933"},{"taxonomy":"product_brand","embeddable":true,"href":"https:\/\/smans.com\/fr\/wp-json\/wp\/v2\/product_brand?post=23933"},{"taxonomy":"product_cat","embeddable":true,"href":"https:\/\/smans.com\/fr\/wp-json\/wp\/v2\/product_cat?post=23933"},{"taxonomy":"product_tag","embeddable":true,"href":"https:\/\/smans.com\/fr\/wp-json\/wp\/v2\/product_tag?post=23933"}],"curies":[{"name":"wp","href":"https:\/\/api.w.org\/{rel}","templated":true}]}}