{"id":23937,"date":"2024-06-09T17:13:14","date_gmt":"2024-06-09T15:13:14","guid":{"rendered":"https:\/\/smans.com\/product\/evocut-evofeed\/"},"modified":"2026-04-26T11:40:51","modified_gmt":"2026-04-26T09:40:51","slug":"evocut-evofeed","status":"publish","type":"product","link":"https:\/\/smans.com\/fr\/product\/evocut-evofeed\/","title":{"rendered":"Z+F - EVOCUT + EVOFEED"},"content":{"rendered":"<p data-start=\"2162\" data-end=\"2418\">L&rsquo;EVOCUT, combin\u00e9e avec l&rsquo;EVOFEED capable de traiter jusqu&rsquo;\u00e0 12 conducteurs, permet de r\u00e9aliser des projets complexes rapidement et efficacement. Elle se distingue par son design compact, ses temps de traitement rapides et ses applications polyvalentes.<\/p>\n<p data-start=\"2420\" data-end=\"2456\"><strong data-start=\"2420\" data-end=\"2454\">Caract\u00e9ristiques principales :<\/strong><\/p>\n<ul data-start=\"2457\" data-end=\"3119\">\n<li data-start=\"2457\" data-end=\"2535\"><strong data-start=\"2459\" data-end=\"2487\">Utilisation conviviale :<\/strong> \u00c9cran intuitif de 5&Prime; pour un contr\u00f4le facile.<\/li>\n<li data-start=\"2536\" data-end=\"2615\"><strong data-start=\"2538\" data-end=\"2566\">Entr\u00e9e de c\u00e2ble facile :<\/strong> Alimentation rapide et sans tracas des c\u00e2bles.<\/li>\n<li data-start=\"2616\" data-end=\"2688\"><strong data-start=\"2618\" data-end=\"2652\">Niveau de travail horizontal :<\/strong> Meilleure visibilit\u00e9 et contr\u00f4le.<\/li>\n<li data-start=\"2689\" data-end=\"2759\"><strong data-start=\"2691\" data-end=\"2722\">Guidage de c\u00e2ble efficace :<\/strong> Assure un rejet propre des c\u00e2bles.<\/li>\n<li data-start=\"2760\" data-end=\"2851\"><strong data-start=\"2762\" data-end=\"2801\">Fonctionnalit\u00e9 compl\u00e8te du projet :<\/strong> G\u00e9n\u00e9rer des projets directement sur la machine.<\/li>\n<li data-start=\"2852\" data-end=\"2930\"><strong data-start=\"2854\" data-end=\"2879\">Options d&rsquo;extension :<\/strong> Entr\u00e9e multiple optionnelle avec le Z+F EVOFEED.<\/li>\n<li data-start=\"2931\" data-end=\"2999\"><strong data-start=\"2933\" data-end=\"2959\">Int\u00e9gration compl\u00e8te :<\/strong> Int\u00e9gration transparente dans le WPC.<\/li>\n<li data-start=\"3000\" data-end=\"3119\"><strong data-start=\"3002\" data-end=\"3039\">Automatisation et gain de temps :<\/strong> La machine effectue les t\u00e2ches de mani\u00e8re autonome, sans intervention manuelle.<\/li>\n<\/ul>\n<p data-start=\"3121\" data-end=\"3217\" data-is-last-node=\"\">Cette solution rend les projets complexes plus simples, plus rapides et enti\u00e8rement automatis\u00e9s.<\/p>\n","protected":false},"excerpt":{"rendered":"<p>Lorsqu&rsquo;il est combin\u00e9 avec l&rsquo;EVOFEED, qui peut g\u00e9rer jusqu&rsquo;\u00e0 12 conducteurs, cette solution permet de traiter facilement des projets complexes rapidement et efficacement, en s\u00e9quence.<\/p>\n","protected":false},"featured_media":0,"template":"","meta":{"_acf_changed":false},"pwb-brand":[18322],"product_brand":[],"product_cat":[17990,17994,17993,18038],"product_tag":[],"class_list":{"0":"post-23937","1":"product","2":"type-product","3":"status-publish","5":"pwb-brand-brand-z-f-fr","6":"product_cat-cables-et-cablage-fr","7":"product_cat-construction-de-panneau-fr","8":"product_cat-couper-denuder-sertissage-fr","9":"product_cat-cutting-fr","11":"first","12":"instock","13":"taxable","14":"shipping-taxable","15":"purchasable","16":"product-type-simple"},"acf":[],"yoast_head":"<!-- This site is optimized with the Yoast SEO plugin v27.1.1 - https:\/\/yoast.com\/product\/yoast-seo-wordpress\/ -->\n<title>EVOCUT + EVOFEED - Smans<\/title>\n<meta name=\"robots\" content=\"index, follow, max-snippet:-1, max-image-preview:large, max-video-preview:-1\" \/>\n<link rel=\"canonical\" href=\"https:\/\/smans.com\/fr\/product\/evocut-evofeed\/\" \/>\n<meta property=\"og:locale\" content=\"fr_FR\" \/>\n<meta property=\"og:type\" content=\"article\" \/>\n<meta property=\"og:title\" content=\"EVOCUT + EVOFEED - Smans\" \/>\n<meta property=\"og:description\" content=\"Lorsqu&#039;il est combin\u00e9 avec l&#039;EVOFEED, qui peut g\u00e9rer jusqu&#039;\u00e0 12 conducteurs, cette solution permet de traiter facilement des projets complexes rapidement et efficacement, en s\u00e9quence.\" \/>\n<meta property=\"og:url\" content=\"https:\/\/smans.com\/fr\/product\/evocut-evofeed\/\" \/>\n<meta property=\"og:site_name\" content=\"Smans\" \/>\n<meta property=\"article:modified_time\" content=\"2026-04-26T09:40:51+00:00\" \/>\n<meta name=\"twitter:card\" content=\"summary_large_image\" \/>\n<meta name=\"twitter:label1\" content=\"Dur\u00e9e de lecture estim\u00e9e\" \/>\n\t<meta name=\"twitter:data1\" content=\"1 minute\" \/>\n<script type=\"application\/ld+json\" class=\"yoast-schema-graph\">{\"@context\":\"https:\/\/schema.org\",\"@graph\":[{\"@type\":\"WebPage\",\"@id\":\"https:\/\/smans.com\/fr\/product\/evocut-evofeed\/\",\"url\":\"https:\/\/smans.com\/fr\/product\/evocut-evofeed\/\",\"name\":\"EVOCUT + EVOFEED - Smans\",\"isPartOf\":{\"@id\":\"https:\/\/smans.com\/nl\/#website\"},\"datePublished\":\"2024-06-09T15:13:14+00:00\",\"dateModified\":\"2026-04-26T09:40:51+00:00\",\"breadcrumb\":{\"@id\":\"https:\/\/smans.com\/fr\/product\/evocut-evofeed\/#breadcrumb\"},\"inLanguage\":\"fr-FR\",\"potentialAction\":[{\"@type\":\"ReadAction\",\"target\":[\"https:\/\/smans.com\/fr\/product\/evocut-evofeed\/\"]}]},{\"@type\":\"BreadcrumbList\",\"@id\":\"https:\/\/smans.com\/fr\/product\/evocut-evofeed\/#breadcrumb\",\"itemListElement\":[{\"@type\":\"ListItem\",\"position\":1,\"name\":\"Home\",\"item\":\"https:\/\/smans.com\/fr\/\"},{\"@type\":\"ListItem\",\"position\":2,\"name\":\"Boutique\",\"item\":\"https:\/\/smans.com\/nl\/shop\/\"},{\"@type\":\"ListItem\",\"position\":3,\"name\":\"Z+F - EVOCUT + EVOFEED\"}]},{\"@type\":\"WebSite\",\"@id\":\"https:\/\/smans.com\/nl\/#website\",\"url\":\"https:\/\/smans.com\/nl\/\",\"name\":\"Smans\",\"description\":\"\",\"publisher\":{\"@id\":\"https:\/\/smans.com\/nl\/#organization\"},\"potentialAction\":[{\"@type\":\"SearchAction\",\"target\":{\"@type\":\"EntryPoint\",\"urlTemplate\":\"https:\/\/smans.com\/nl\/?s={search_term_string}\"},\"query-input\":{\"@type\":\"PropertyValueSpecification\",\"valueRequired\":true,\"valueName\":\"search_term_string\"}}],\"inLanguage\":\"fr-FR\"},{\"@type\":\"Organization\",\"@id\":\"https:\/\/smans.com\/nl\/#organization\",\"name\":\"Smans\",\"url\":\"https:\/\/smans.com\/nl\/\",\"logo\":{\"@type\":\"ImageObject\",\"inLanguage\":\"fr-FR\",\"@id\":\"https:\/\/smans.com\/nl\/#\/schema\/logo\/image\/\",\"url\":\"https:\/\/smans.com\/wp-content\/uploads\/2023\/09\/logo.svg\",\"contentUrl\":\"https:\/\/smans.com\/wp-content\/uploads\/2023\/09\/logo.svg\",\"caption\":\"Smans\"},\"image\":{\"@id\":\"https:\/\/smans.com\/nl\/#\/schema\/logo\/image\/\"}}]}<\/script>\n<!-- \/ Yoast SEO plugin. -->","yoast_head_json":{"title":"EVOCUT + EVOFEED - Smans","robots":{"index":"index","follow":"follow","max-snippet":"max-snippet:-1","max-image-preview":"max-image-preview:large","max-video-preview":"max-video-preview:-1"},"canonical":"https:\/\/smans.com\/fr\/product\/evocut-evofeed\/","og_locale":"fr_FR","og_type":"article","og_title":"EVOCUT + EVOFEED - Smans","og_description":"Lorsqu'il est combin\u00e9 avec l'EVOFEED, qui peut g\u00e9rer jusqu'\u00e0 12 conducteurs, cette solution permet de traiter facilement des projets complexes rapidement et efficacement, en s\u00e9quence.","og_url":"https:\/\/smans.com\/fr\/product\/evocut-evofeed\/","og_site_name":"Smans","article_modified_time":"2026-04-26T09:40:51+00:00","twitter_card":"summary_large_image","twitter_misc":{"Dur\u00e9e de lecture estim\u00e9e":"1 minute"},"schema":{"@context":"https:\/\/schema.org","@graph":[{"@type":"WebPage","@id":"https:\/\/smans.com\/fr\/product\/evocut-evofeed\/","url":"https:\/\/smans.com\/fr\/product\/evocut-evofeed\/","name":"EVOCUT + EVOFEED - Smans","isPartOf":{"@id":"https:\/\/smans.com\/nl\/#website"},"datePublished":"2024-06-09T15:13:14+00:00","dateModified":"2026-04-26T09:40:51+00:00","breadcrumb":{"@id":"https:\/\/smans.com\/fr\/product\/evocut-evofeed\/#breadcrumb"},"inLanguage":"fr-FR","potentialAction":[{"@type":"ReadAction","target":["https:\/\/smans.com\/fr\/product\/evocut-evofeed\/"]}]},{"@type":"BreadcrumbList","@id":"https:\/\/smans.com\/fr\/product\/evocut-evofeed\/#breadcrumb","itemListElement":[{"@type":"ListItem","position":1,"name":"Home","item":"https:\/\/smans.com\/fr\/"},{"@type":"ListItem","position":2,"name":"Boutique","item":"https:\/\/smans.com\/nl\/shop\/"},{"@type":"ListItem","position":3,"name":"Z+F - EVOCUT + EVOFEED"}]},{"@type":"WebSite","@id":"https:\/\/smans.com\/nl\/#website","url":"https:\/\/smans.com\/nl\/","name":"Smans","description":"","publisher":{"@id":"https:\/\/smans.com\/nl\/#organization"},"potentialAction":[{"@type":"SearchAction","target":{"@type":"EntryPoint","urlTemplate":"https:\/\/smans.com\/nl\/?s={search_term_string}"},"query-input":{"@type":"PropertyValueSpecification","valueRequired":true,"valueName":"search_term_string"}}],"inLanguage":"fr-FR"},{"@type":"Organization","@id":"https:\/\/smans.com\/nl\/#organization","name":"Smans","url":"https:\/\/smans.com\/nl\/","logo":{"@type":"ImageObject","inLanguage":"fr-FR","@id":"https:\/\/smans.com\/nl\/#\/schema\/logo\/image\/","url":"https:\/\/smans.com\/wp-content\/uploads\/2023\/09\/logo.svg","contentUrl":"https:\/\/smans.com\/wp-content\/uploads\/2023\/09\/logo.svg","caption":"Smans"},"image":{"@id":"https:\/\/smans.com\/nl\/#\/schema\/logo\/image\/"}}]}},"brands":[{"id":18322,"name":"Z+F","slug":"brand-z-f-fr"}],"_links":{"self":[{"href":"https:\/\/smans.com\/fr\/wp-json\/wp\/v2\/product\/23937","targetHints":{"allow":["GET"]}}],"collection":[{"href":"https:\/\/smans.com\/fr\/wp-json\/wp\/v2\/product"}],"about":[{"href":"https:\/\/smans.com\/fr\/wp-json\/wp\/v2\/types\/product"}],"wp:attachment":[{"href":"https:\/\/smans.com\/fr\/wp-json\/wp\/v2\/media?parent=23937"}],"wp:term":[{"taxonomy":"pwb-brand","embeddable":true,"href":"https:\/\/smans.com\/fr\/wp-json\/wp\/v2\/pwb-brand?post=23937"},{"taxonomy":"product_brand","embeddable":true,"href":"https:\/\/smans.com\/fr\/wp-json\/wp\/v2\/product_brand?post=23937"},{"taxonomy":"product_cat","embeddable":true,"href":"https:\/\/smans.com\/fr\/wp-json\/wp\/v2\/product_cat?post=23937"},{"taxonomy":"product_tag","embeddable":true,"href":"https:\/\/smans.com\/fr\/wp-json\/wp\/v2\/product_tag?post=23937"}],"curies":[{"name":"wp","href":"https:\/\/api.w.org\/{rel}","templated":true}]}}