{"id":23952,"date":"2024-06-09T17:14:18","date_gmt":"2024-06-09T15:14:18","guid":{"rendered":"https:\/\/smans.com\/product\/infrared-digital-control-unit\/"},"modified":"2026-04-08T12:14:58","modified_gmt":"2026-04-08T10:14:58","slug":"infrared-digital-control-unit","status":"publish","type":"product","link":"https:\/\/smans.com\/fr\/product\/infrared-digital-control-unit\/","title":{"rendered":"Komax - Infrared Digital Control Unit"},"content":{"rendered":"<p data-start=\"2484\" data-end=\"2714\">Le <strong data-start=\"2487\" data-end=\"2500\">IRDC-2000<\/strong> est une <strong data-start=\"2509\" data-end=\"2540\">unit\u00e9 de commande num\u00e9rique<\/strong> con\u00e7ue pour <strong data-start=\"2553\" data-end=\"2601\">g\u00e9rer et optimiser le processus de chauffage<\/strong> des <strong data-start=\"2606\" data-end=\"2644\">appareils de r\u00e9traction infrarouge<\/strong>. Son <strong data-start=\"2650\" data-end=\"2681\">interface tactile intuitive<\/strong> permet une utilisation facile.<\/p>\n<p data-start=\"2716\" data-end=\"2968\">Avec la <strong data-start=\"2724\" data-end=\"2749\">version \u00e0 deux canaux<\/strong>, le <strong data-start=\"2754\" data-end=\"2767\">IRDC-2000<\/strong> permet <strong data-start=\"2775\" data-end=\"2845\">le contr\u00f4le ind\u00e9pendant de deux appareils de r\u00e9traction infrarouge<\/strong>. Le <strong data-start=\"2850\" data-end=\"2876\">processus de chauffage<\/strong> peut \u00eatre d\u00e9clench\u00e9 \u00e0 l&rsquo;aide d&rsquo;un <strong data-start=\"2911\" data-end=\"2935\">interrupteur externe<\/strong> ou d&rsquo;une <strong data-start=\"2945\" data-end=\"2965\">p\u00e9dale en option<\/strong>.<\/p>\n<p data-start=\"2970\" data-end=\"3141\">Le <strong data-start=\"2973\" data-end=\"3017\">IRDC-2000 peut \u00eatre connect\u00e9 \u00e0 un r\u00e9seau<\/strong>, ce qui permet un <strong data-start=\"3036\" data-end=\"3056\">acc\u00e8s \u00e0 distance<\/strong> pour <strong data-start=\"3062\" data-end=\"3138\">la configuration et le contr\u00f4le via un PC, une tablette ou un smartphone<\/strong>.<\/p>\n<h4 data-start=\"3143\" data-end=\"3189\"><strong data-start=\"3148\" data-end=\"3187\">Caract\u00e9ristiques et Fonctionnalit\u00e9s<\/strong><\/h4>\n<p data-start=\"3190\" data-end=\"3444\">\u2714 <strong data-start=\"3192\" data-end=\"3235\">Interface logicielle avec \u00e9cran tactile<\/strong><br data-start=\"3235\" data-end=\"3238\" \/>\u2714 <strong data-start=\"3240\" data-end=\"3279\">Noms de programmes personnalisables<\/strong><br data-start=\"3279\" data-end=\"3282\" \/>\u2714 <strong data-start=\"3284\" data-end=\"3327\">Contr\u00f4le via PC, tablette ou smartphone<\/strong><br data-start=\"3327\" data-end=\"3330\" \/>\u2714 <strong data-start=\"3332\" data-end=\"3383\">Mode test pour l\u2019exp\u00e9rimentation des param\u00e8tres<\/strong><br data-start=\"3383\" data-end=\"3386\" \/>\u2714 <strong data-start=\"3388\" data-end=\"3442\">Surveillance en temps r\u00e9el de l\u2019\u00e9tat de production<\/strong><\/p>\n<p data-start=\"3446\" data-end=\"3622\" data-is-last-node=\"\">Le <strong data-start=\"3449\" data-end=\"3462\">IRDC-2000<\/strong> offre une <strong data-start=\"3473\" data-end=\"3510\">solution intelligente et efficace<\/strong> pour un <strong data-start=\"3519\" data-end=\"3556\">contr\u00f4le pr\u00e9cis de la temp\u00e9rature<\/strong> dans les <strong data-start=\"3566\" data-end=\"3621\">applications industrielles de r\u00e9traction infrarouge<\/strong>.<\/p>\n","protected":false},"excerpt":{"rendered":"<p>IRDC-2000 : Unit\u00e9 de Commande Num\u00e9rique pour Appareils de R\u00e9traction Infrarouge<\/p>\n","protected":false},"featured_media":0,"template":"","meta":{"_acf_changed":false},"pwb-brand":[18260],"product_brand":[],"product_cat":[17990,18048,18001],"product_tag":[],"class_list":{"0":"post-23952","1":"product","2":"type-product","3":"status-publish","5":"pwb-brand-brand-komax-fr","6":"product_cat-cables-et-cablage-fr","7":"product_cat-heat-shrinking-systems-fr","8":"product_cat-processus-secondaires-fr","10":"first","11":"instock","12":"taxable","13":"shipping-taxable","14":"product-type-simple"},"acf":[],"yoast_head":"<!-- This site is optimized with the Yoast SEO plugin v27.1.1 - https:\/\/yoast.com\/product\/yoast-seo-wordpress\/ -->\n<title>Infrared Digital Control Unit - Smans<\/title>\n<meta name=\"robots\" content=\"index, follow, max-snippet:-1, max-image-preview:large, max-video-preview:-1\" \/>\n<link rel=\"canonical\" href=\"https:\/\/smans.com\/fr\/product\/infrared-digital-control-unit\/\" \/>\n<meta property=\"og:locale\" content=\"fr_FR\" \/>\n<meta property=\"og:type\" content=\"article\" \/>\n<meta property=\"og:title\" content=\"Infrared Digital Control Unit - Smans\" \/>\n<meta property=\"og:description\" content=\"IRDC-2000 : Unit\u00e9 de Commande Num\u00e9rique pour Appareils de R\u00e9traction Infrarouge\" \/>\n<meta property=\"og:url\" content=\"https:\/\/smans.com\/fr\/product\/infrared-digital-control-unit\/\" \/>\n<meta property=\"og:site_name\" content=\"Smans\" \/>\n<meta property=\"article:modified_time\" content=\"2026-04-08T10:14:58+00:00\" \/>\n<meta name=\"twitter:card\" content=\"summary_large_image\" \/>\n<meta name=\"twitter:label1\" content=\"Dur\u00e9e de lecture estim\u00e9e\" \/>\n\t<meta name=\"twitter:data1\" content=\"1 minute\" \/>\n<script type=\"application\/ld+json\" class=\"yoast-schema-graph\">{\"@context\":\"https:\/\/schema.org\",\"@graph\":[{\"@type\":\"WebPage\",\"@id\":\"https:\/\/smans.com\/fr\/product\/infrared-digital-control-unit\/\",\"url\":\"https:\/\/smans.com\/fr\/product\/infrared-digital-control-unit\/\",\"name\":\"Infrared Digital Control Unit - Smans\",\"isPartOf\":{\"@id\":\"https:\/\/smans.com\/nl\/#website\"},\"datePublished\":\"2024-06-09T15:14:18+00:00\",\"dateModified\":\"2026-04-08T10:14:58+00:00\",\"breadcrumb\":{\"@id\":\"https:\/\/smans.com\/fr\/product\/infrared-digital-control-unit\/#breadcrumb\"},\"inLanguage\":\"fr-FR\",\"potentialAction\":[{\"@type\":\"ReadAction\",\"target\":[\"https:\/\/smans.com\/fr\/product\/infrared-digital-control-unit\/\"]}]},{\"@type\":\"BreadcrumbList\",\"@id\":\"https:\/\/smans.com\/fr\/product\/infrared-digital-control-unit\/#breadcrumb\",\"itemListElement\":[{\"@type\":\"ListItem\",\"position\":1,\"name\":\"Home\",\"item\":\"https:\/\/smans.com\/fr\/\"},{\"@type\":\"ListItem\",\"position\":2,\"name\":\"Boutique\",\"item\":\"https:\/\/smans.com\/nl\/shop\/\"},{\"@type\":\"ListItem\",\"position\":3,\"name\":\"Komax - Infrared Digital Control Unit\"}]},{\"@type\":\"WebSite\",\"@id\":\"https:\/\/smans.com\/nl\/#website\",\"url\":\"https:\/\/smans.com\/nl\/\",\"name\":\"Smans\",\"description\":\"\",\"publisher\":{\"@id\":\"https:\/\/smans.com\/nl\/#organization\"},\"potentialAction\":[{\"@type\":\"SearchAction\",\"target\":{\"@type\":\"EntryPoint\",\"urlTemplate\":\"https:\/\/smans.com\/nl\/?s={search_term_string}\"},\"query-input\":{\"@type\":\"PropertyValueSpecification\",\"valueRequired\":true,\"valueName\":\"search_term_string\"}}],\"inLanguage\":\"fr-FR\"},{\"@type\":\"Organization\",\"@id\":\"https:\/\/smans.com\/nl\/#organization\",\"name\":\"Smans\",\"url\":\"https:\/\/smans.com\/nl\/\",\"logo\":{\"@type\":\"ImageObject\",\"inLanguage\":\"fr-FR\",\"@id\":\"https:\/\/smans.com\/nl\/#\/schema\/logo\/image\/\",\"url\":\"https:\/\/smans.com\/wp-content\/uploads\/2023\/09\/logo.svg\",\"contentUrl\":\"https:\/\/smans.com\/wp-content\/uploads\/2023\/09\/logo.svg\",\"caption\":\"Smans\"},\"image\":{\"@id\":\"https:\/\/smans.com\/nl\/#\/schema\/logo\/image\/\"}}]}<\/script>\n<!-- \/ Yoast SEO plugin. -->","yoast_head_json":{"title":"Infrared Digital Control Unit - Smans","robots":{"index":"index","follow":"follow","max-snippet":"max-snippet:-1","max-image-preview":"max-image-preview:large","max-video-preview":"max-video-preview:-1"},"canonical":"https:\/\/smans.com\/fr\/product\/infrared-digital-control-unit\/","og_locale":"fr_FR","og_type":"article","og_title":"Infrared Digital Control Unit - Smans","og_description":"IRDC-2000 : Unit\u00e9 de Commande Num\u00e9rique pour Appareils de R\u00e9traction Infrarouge","og_url":"https:\/\/smans.com\/fr\/product\/infrared-digital-control-unit\/","og_site_name":"Smans","article_modified_time":"2026-04-08T10:14:58+00:00","twitter_card":"summary_large_image","twitter_misc":{"Dur\u00e9e de lecture estim\u00e9e":"1 minute"},"schema":{"@context":"https:\/\/schema.org","@graph":[{"@type":"WebPage","@id":"https:\/\/smans.com\/fr\/product\/infrared-digital-control-unit\/","url":"https:\/\/smans.com\/fr\/product\/infrared-digital-control-unit\/","name":"Infrared Digital Control Unit - Smans","isPartOf":{"@id":"https:\/\/smans.com\/nl\/#website"},"datePublished":"2024-06-09T15:14:18+00:00","dateModified":"2026-04-08T10:14:58+00:00","breadcrumb":{"@id":"https:\/\/smans.com\/fr\/product\/infrared-digital-control-unit\/#breadcrumb"},"inLanguage":"fr-FR","potentialAction":[{"@type":"ReadAction","target":["https:\/\/smans.com\/fr\/product\/infrared-digital-control-unit\/"]}]},{"@type":"BreadcrumbList","@id":"https:\/\/smans.com\/fr\/product\/infrared-digital-control-unit\/#breadcrumb","itemListElement":[{"@type":"ListItem","position":1,"name":"Home","item":"https:\/\/smans.com\/fr\/"},{"@type":"ListItem","position":2,"name":"Boutique","item":"https:\/\/smans.com\/nl\/shop\/"},{"@type":"ListItem","position":3,"name":"Komax - Infrared Digital Control Unit"}]},{"@type":"WebSite","@id":"https:\/\/smans.com\/nl\/#website","url":"https:\/\/smans.com\/nl\/","name":"Smans","description":"","publisher":{"@id":"https:\/\/smans.com\/nl\/#organization"},"potentialAction":[{"@type":"SearchAction","target":{"@type":"EntryPoint","urlTemplate":"https:\/\/smans.com\/nl\/?s={search_term_string}"},"query-input":{"@type":"PropertyValueSpecification","valueRequired":true,"valueName":"search_term_string"}}],"inLanguage":"fr-FR"},{"@type":"Organization","@id":"https:\/\/smans.com\/nl\/#organization","name":"Smans","url":"https:\/\/smans.com\/nl\/","logo":{"@type":"ImageObject","inLanguage":"fr-FR","@id":"https:\/\/smans.com\/nl\/#\/schema\/logo\/image\/","url":"https:\/\/smans.com\/wp-content\/uploads\/2023\/09\/logo.svg","contentUrl":"https:\/\/smans.com\/wp-content\/uploads\/2023\/09\/logo.svg","caption":"Smans"},"image":{"@id":"https:\/\/smans.com\/nl\/#\/schema\/logo\/image\/"}}]}},"brands":[{"id":18260,"name":"Komax","slug":"brand-komax-fr"}],"_links":{"self":[{"href":"https:\/\/smans.com\/fr\/wp-json\/wp\/v2\/product\/23952","targetHints":{"allow":["GET"]}}],"collection":[{"href":"https:\/\/smans.com\/fr\/wp-json\/wp\/v2\/product"}],"about":[{"href":"https:\/\/smans.com\/fr\/wp-json\/wp\/v2\/types\/product"}],"wp:attachment":[{"href":"https:\/\/smans.com\/fr\/wp-json\/wp\/v2\/media?parent=23952"}],"wp:term":[{"taxonomy":"pwb-brand","embeddable":true,"href":"https:\/\/smans.com\/fr\/wp-json\/wp\/v2\/pwb-brand?post=23952"},{"taxonomy":"product_brand","embeddable":true,"href":"https:\/\/smans.com\/fr\/wp-json\/wp\/v2\/product_brand?post=23952"},{"taxonomy":"product_cat","embeddable":true,"href":"https:\/\/smans.com\/fr\/wp-json\/wp\/v2\/product_cat?post=23952"},{"taxonomy":"product_tag","embeddable":true,"href":"https:\/\/smans.com\/fr\/wp-json\/wp\/v2\/product_tag?post=23952"}],"curies":[{"name":"wp","href":"https:\/\/api.w.org\/{rel}","templated":true}]}}