{"id":23961,"date":"2024-06-09T17:22:18","date_gmt":"2024-06-09T15:22:18","guid":{"rendered":"https:\/\/smans.com\/product\/automatic-pick-place-printer-decan-l2\/"},"modified":"2026-05-03T11:34:23","modified_gmt":"2026-05-03T09:34:23","slug":"automatic-pick-place-printer-decan-l2","status":"publish","type":"product","link":"https:\/\/smans.com\/fr\/product\/automatic-pick-place-printer-decan-l2\/","title":{"rendered":"Hanwha - Automatic Pick &amp; Place Printer Decan L2"},"content":{"rendered":"<p>La Hanwha Decan L2 est une machine pick &amp; place avanc\u00e9e qui combine une vitesse exceptionnelle \u00e0 une large gamme d&rsquo;applications, sp\u00e9cialement con\u00e7ue pour la production SMT \u00e0 grande \u00e9chelle et polyvalente. Avec un double portique et deux t\u00eates \u00e0 10 broches, la Decan L2 atteint une vitesse de production impressionnante pouvant atteindre 92 000 composants par heure, sans compromettre la pr\u00e9cision ou la fiabilit\u00e9.<\/p>\n<p>La machine atteint une pr\u00e9cision de \u00b128 microm\u00e8tres pour les puces (Cpk \u2265 1,0) et de \u00b130 microm\u00e8tres pour les circuits int\u00e9gr\u00e9s, et prend en charge des formats de composants de 03015 \u00e0 42 mm en standard, extensibles \u00e0 75 mm avec l&rsquo;option MFOV. La hauteur maximale des composants est de 10 mm avec la cam\u00e9ra volante et de 15 mm avec la cam\u00e9ra fixe, ce qui rend le Decan L2 adapt\u00e9 \u00e0 divers types de composants, des microprocesseurs aux grands connecteurs.<\/p>\n<p>Le Decan L2 se distingue par sa capacit\u00e9 PCB exceptionnelle. En configuration \u00e0 voie unique, il peut traiter des cartes de circuits imprim\u00e9s jusqu&rsquo;\u00e0 1 500 \u00d7 460 mm, tandis qu&rsquo;en mode double voie, il peut traiter des cartes de 1 200 \u00d7 250 mm. Cela rend la machine id\u00e9ale pour les fabricants de cartes de circuits imprim\u00e9s de grande taille ou complexes, comme dans les secteurs de l&rsquo;automobile, de l&rsquo;\u00e9lectronique industrielle ou des LED.<\/p>\n<p>La machine dispose de 120 positions d&rsquo;alimentation (8 mm en standard) sur des chariots d&rsquo;ancrage et offre des fonctions telles que l&rsquo;inspection automatique de l&rsquo;alimentation, l&rsquo;\u00e9talonnage et le suivi des donn\u00e9es. Gr\u00e2ce \u00e0 l&rsquo;utilisation de cam\u00e9ras fly et fix, la Decan L2 garantit une qualit\u00e9 de placement constante \u00e0 des vitesses \u00e9lev\u00e9es.<\/p>\n<p>Avec une construction robuste, une consommation d&rsquo;\u00e9nergie de 5,0 kVA et une consommation d&rsquo;air de seulement 50 Nl\/min, la Decan L2 offre d&rsquo;excellentes performances \u00e0 faible co\u00fbt d&rsquo;exploitation. La machine p\u00e8se environ 1 800 kg et mesure 1 430 \u00d7 1 740 \u00d7 1 485 mm, ce qui la rend compacte malgr\u00e9 sa grande capacit\u00e9.<\/p>\n<p>Le Decan L2 est le choix id\u00e9al pour les fabricants qui recherchent une productivit\u00e9 maximale, une grande pr\u00e9cision et la prise en charge de grands formats de circuits imprim\u00e9s dans un environnement SMT automatis\u00e9.<\/p>\n","protected":false},"excerpt":{"rendered":"<p>Machine pick &amp; place haute vitesse \u00e0 double portique et 10 t\u00eates \u00e0 broches, con\u00e7ue pour l&rsquo;assemblage de grandes cartes de circuits imprim\u00e9s et de volumes \u00e9lev\u00e9s, avec des vitesses pouvant atteindre 92 000 CPH et une pr\u00e9cision de \u00b128 \u03bcm.<\/p>\n","protected":false},"featured_media":0,"template":"","meta":{"_acf_changed":false},"pwb-brand":[18250],"product_brand":[],"product_cat":[17991,18011,18084],"product_tag":[],"class_list":{"0":"post-23961","1":"product","2":"type-product","3":"status-publish","5":"pwb-brand-brand-hanwha-fr","6":"product_cat-electronique-fr","7":"product_cat-equipement-d-assemblage-smt-fr","8":"product_cat-pick-place-fr","10":"first","11":"instock","12":"taxable","13":"shipping-taxable","14":"product-type-simple"},"acf":[],"yoast_head":"<!-- This site is optimized with the Yoast SEO plugin v27.1.1 - https:\/\/yoast.com\/product\/yoast-seo-wordpress\/ -->\n<title>Automatic Pick &amp; Place Printer Decan L2 - Smans<\/title>\n<meta name=\"robots\" content=\"index, follow, max-snippet:-1, max-image-preview:large, max-video-preview:-1\" \/>\n<link rel=\"canonical\" href=\"https:\/\/smans.com\/fr\/product\/automatic-pick-place-printer-decan-l2\/\" \/>\n<meta property=\"og:locale\" content=\"fr_FR\" \/>\n<meta property=\"og:type\" content=\"article\" \/>\n<meta property=\"og:title\" content=\"Automatic Pick &amp; Place Printer Decan L2 - Smans\" \/>\n<meta property=\"og:description\" content=\"Machine pick &amp; place haute vitesse \u00e0 double portique et 10 t\u00eates \u00e0 broches, con\u00e7ue pour l&#039;assemblage de grandes cartes de circuits imprim\u00e9s et de volumes \u00e9lev\u00e9s, avec des vitesses pouvant atteindre 92 000 CPH et une pr\u00e9cision de \u00b128 \u03bcm.\" \/>\n<meta property=\"og:url\" content=\"https:\/\/smans.com\/fr\/product\/automatic-pick-place-printer-decan-l2\/\" \/>\n<meta property=\"og:site_name\" content=\"Smans\" \/>\n<meta property=\"article:modified_time\" content=\"2026-05-03T09:34:23+00:00\" \/>\n<meta name=\"twitter:card\" content=\"summary_large_image\" \/>\n<meta name=\"twitter:label1\" content=\"Dur\u00e9e de lecture estim\u00e9e\" \/>\n\t<meta name=\"twitter:data1\" content=\"2 minutes\" \/>\n<script type=\"application\/ld+json\" class=\"yoast-schema-graph\">{\"@context\":\"https:\/\/schema.org\",\"@graph\":[{\"@type\":\"WebPage\",\"@id\":\"https:\/\/smans.com\/fr\/product\/automatic-pick-place-printer-decan-l2\/\",\"url\":\"https:\/\/smans.com\/fr\/product\/automatic-pick-place-printer-decan-l2\/\",\"name\":\"Automatic Pick &amp; Place Printer Decan L2 - Smans\",\"isPartOf\":{\"@id\":\"https:\/\/smans.com\/nl\/#website\"},\"datePublished\":\"2024-06-09T15:22:18+00:00\",\"dateModified\":\"2026-05-03T09:34:23+00:00\",\"breadcrumb\":{\"@id\":\"https:\/\/smans.com\/fr\/product\/automatic-pick-place-printer-decan-l2\/#breadcrumb\"},\"inLanguage\":\"fr-FR\",\"potentialAction\":[{\"@type\":\"ReadAction\",\"target\":[\"https:\/\/smans.com\/fr\/product\/automatic-pick-place-printer-decan-l2\/\"]}]},{\"@type\":\"BreadcrumbList\",\"@id\":\"https:\/\/smans.com\/fr\/product\/automatic-pick-place-printer-decan-l2\/#breadcrumb\",\"itemListElement\":[{\"@type\":\"ListItem\",\"position\":1,\"name\":\"Home\",\"item\":\"https:\/\/smans.com\/fr\/\"},{\"@type\":\"ListItem\",\"position\":2,\"name\":\"Boutique\",\"item\":\"https:\/\/smans.com\/nl\/shop\/\"},{\"@type\":\"ListItem\",\"position\":3,\"name\":\"Hanwha - Automatic Pick &amp; Place Printer Decan L2\"}]},{\"@type\":\"WebSite\",\"@id\":\"https:\/\/smans.com\/nl\/#website\",\"url\":\"https:\/\/smans.com\/nl\/\",\"name\":\"Smans\",\"description\":\"\",\"publisher\":{\"@id\":\"https:\/\/smans.com\/nl\/#organization\"},\"potentialAction\":[{\"@type\":\"SearchAction\",\"target\":{\"@type\":\"EntryPoint\",\"urlTemplate\":\"https:\/\/smans.com\/nl\/?s={search_term_string}\"},\"query-input\":{\"@type\":\"PropertyValueSpecification\",\"valueRequired\":true,\"valueName\":\"search_term_string\"}}],\"inLanguage\":\"fr-FR\"},{\"@type\":\"Organization\",\"@id\":\"https:\/\/smans.com\/nl\/#organization\",\"name\":\"Smans\",\"url\":\"https:\/\/smans.com\/nl\/\",\"logo\":{\"@type\":\"ImageObject\",\"inLanguage\":\"fr-FR\",\"@id\":\"https:\/\/smans.com\/nl\/#\/schema\/logo\/image\/\",\"url\":\"https:\/\/smans.com\/wp-content\/uploads\/2023\/09\/logo.svg\",\"contentUrl\":\"https:\/\/smans.com\/wp-content\/uploads\/2023\/09\/logo.svg\",\"caption\":\"Smans\"},\"image\":{\"@id\":\"https:\/\/smans.com\/nl\/#\/schema\/logo\/image\/\"}}]}<\/script>\n<!-- \/ Yoast SEO plugin. -->","yoast_head_json":{"title":"Automatic Pick &amp; Place Printer Decan L2 - Smans","robots":{"index":"index","follow":"follow","max-snippet":"max-snippet:-1","max-image-preview":"max-image-preview:large","max-video-preview":"max-video-preview:-1"},"canonical":"https:\/\/smans.com\/fr\/product\/automatic-pick-place-printer-decan-l2\/","og_locale":"fr_FR","og_type":"article","og_title":"Automatic Pick &amp; Place Printer Decan L2 - Smans","og_description":"Machine pick &amp; place haute vitesse \u00e0 double portique et 10 t\u00eates \u00e0 broches, con\u00e7ue pour l'assemblage de grandes cartes de circuits imprim\u00e9s et de volumes \u00e9lev\u00e9s, avec des vitesses pouvant atteindre 92 000 CPH et une pr\u00e9cision de \u00b128 \u03bcm.","og_url":"https:\/\/smans.com\/fr\/product\/automatic-pick-place-printer-decan-l2\/","og_site_name":"Smans","article_modified_time":"2026-05-03T09:34:23+00:00","twitter_card":"summary_large_image","twitter_misc":{"Dur\u00e9e de lecture estim\u00e9e":"2 minutes"},"schema":{"@context":"https:\/\/schema.org","@graph":[{"@type":"WebPage","@id":"https:\/\/smans.com\/fr\/product\/automatic-pick-place-printer-decan-l2\/","url":"https:\/\/smans.com\/fr\/product\/automatic-pick-place-printer-decan-l2\/","name":"Automatic Pick &amp; Place Printer Decan L2 - Smans","isPartOf":{"@id":"https:\/\/smans.com\/nl\/#website"},"datePublished":"2024-06-09T15:22:18+00:00","dateModified":"2026-05-03T09:34:23+00:00","breadcrumb":{"@id":"https:\/\/smans.com\/fr\/product\/automatic-pick-place-printer-decan-l2\/#breadcrumb"},"inLanguage":"fr-FR","potentialAction":[{"@type":"ReadAction","target":["https:\/\/smans.com\/fr\/product\/automatic-pick-place-printer-decan-l2\/"]}]},{"@type":"BreadcrumbList","@id":"https:\/\/smans.com\/fr\/product\/automatic-pick-place-printer-decan-l2\/#breadcrumb","itemListElement":[{"@type":"ListItem","position":1,"name":"Home","item":"https:\/\/smans.com\/fr\/"},{"@type":"ListItem","position":2,"name":"Boutique","item":"https:\/\/smans.com\/nl\/shop\/"},{"@type":"ListItem","position":3,"name":"Hanwha - Automatic Pick &amp; Place Printer Decan L2"}]},{"@type":"WebSite","@id":"https:\/\/smans.com\/nl\/#website","url":"https:\/\/smans.com\/nl\/","name":"Smans","description":"","publisher":{"@id":"https:\/\/smans.com\/nl\/#organization"},"potentialAction":[{"@type":"SearchAction","target":{"@type":"EntryPoint","urlTemplate":"https:\/\/smans.com\/nl\/?s={search_term_string}"},"query-input":{"@type":"PropertyValueSpecification","valueRequired":true,"valueName":"search_term_string"}}],"inLanguage":"fr-FR"},{"@type":"Organization","@id":"https:\/\/smans.com\/nl\/#organization","name":"Smans","url":"https:\/\/smans.com\/nl\/","logo":{"@type":"ImageObject","inLanguage":"fr-FR","@id":"https:\/\/smans.com\/nl\/#\/schema\/logo\/image\/","url":"https:\/\/smans.com\/wp-content\/uploads\/2023\/09\/logo.svg","contentUrl":"https:\/\/smans.com\/wp-content\/uploads\/2023\/09\/logo.svg","caption":"Smans"},"image":{"@id":"https:\/\/smans.com\/nl\/#\/schema\/logo\/image\/"}}]}},"brands":[{"id":18250,"name":"Hanwha","slug":"brand-hanwha-fr"}],"_links":{"self":[{"href":"https:\/\/smans.com\/fr\/wp-json\/wp\/v2\/product\/23961","targetHints":{"allow":["GET"]}}],"collection":[{"href":"https:\/\/smans.com\/fr\/wp-json\/wp\/v2\/product"}],"about":[{"href":"https:\/\/smans.com\/fr\/wp-json\/wp\/v2\/types\/product"}],"wp:attachment":[{"href":"https:\/\/smans.com\/fr\/wp-json\/wp\/v2\/media?parent=23961"}],"wp:term":[{"taxonomy":"pwb-brand","embeddable":true,"href":"https:\/\/smans.com\/fr\/wp-json\/wp\/v2\/pwb-brand?post=23961"},{"taxonomy":"product_brand","embeddable":true,"href":"https:\/\/smans.com\/fr\/wp-json\/wp\/v2\/product_brand?post=23961"},{"taxonomy":"product_cat","embeddable":true,"href":"https:\/\/smans.com\/fr\/wp-json\/wp\/v2\/product_cat?post=23961"},{"taxonomy":"product_tag","embeddable":true,"href":"https:\/\/smans.com\/fr\/wp-json\/wp\/v2\/product_tag?post=23961"}],"curies":[{"name":"wp","href":"https:\/\/api.w.org\/{rel}","templated":true}]}}