{"id":23972,"date":"2024-06-09T17:22:22","date_gmt":"2024-06-09T15:22:22","guid":{"rendered":"https:\/\/smans.com\/product\/automatic-pick-place-printer-sm482plus\/"},"modified":"2026-04-29T10:39:39","modified_gmt":"2026-04-29T08:39:39","slug":"automatic-pick-place-printer-sm482plus","status":"publish","type":"product","link":"https:\/\/smans.com\/fr\/product\/automatic-pick-place-printer-sm482plus\/","title":{"rendered":"Hanwha - Automatic Pick &amp; Place Printer SM482PLUS"},"content":{"rendered":"<p>La Hanwha SM482 Plus est une machine SMT pick &amp; place avanc\u00e9e qui excelle en termes de vitesse, de pr\u00e9cision et de fiabilit\u00e9.<\/p>\n<p>Avec une vitesse de placement pouvant atteindre 30 000 composants par heure et une pr\u00e9cision de \u00b140\u00b5m@\u00b13\u03c3.<\/p>\n<p>Les cam\u00e9ras avanc\u00e9es \u00e0 volant et fixes reconnaissent et positionnent automatiquement les composants, de sorte que chaque pi\u00e8ce est plac\u00e9e avec une pr\u00e9cision extr\u00eame.<\/p>\n<p>La SM482 Plus traite sans effort une large gamme de formats de composants, des petites puces 0402 (= 01005) aux pi\u00e8ces plus grandes de 55 \u00d7 55 mm et 15 mm de hauteur.<\/p>\n<p>De plus, la machine prend en charge des circuits imprim\u00e9s de 50 \u00d7 50 mm \u00e0 460 \u00d7 400 mm, avec une extension optionnelle jusqu&rsquo;\u00e0 740 \u00d7 460 mm.<\/p>\n<p>La SM482 Plus convient donc \u00e0 une grande vari\u00e9t\u00e9 d&rsquo;applications, des modules compacts aux assemblages de circuits imprim\u00e9s plus grands.<\/p>\n<p>La machine peut accueillir jusqu&rsquo;\u00e0 120 chargeurs (8 mm) et peut \u00eatre \u00e9quip\u00e9e d&rsquo;options telles qu&rsquo;un distributeur, un plateau, un syst\u00e8me Smart Feeder et des fonctions de tra\u00e7abilit\u00e9.<\/p>\n<p>Le syst\u00e8me de commande intuitif avec surveillance du processus en temps r\u00e9el rend les changements de produit rapides et faciles, tandis que la conception m\u00e9canique robuste garantit un fonctionnement stable et un faible besoin d&rsquo;entretien.<\/p>\n<p>Gr\u00e2ce \u00e0 sa combinaison de vitesse, de flexibilit\u00e9 et de fiabilit\u00e9, la Hanwha SM482 Plus est un choix id\u00e9al pour les lignes SMT \u00e0 haut volume et \u00e0 forte mixit\u00e9.<\/p>\n<p>La machine offre un excellent rapport qualit\u00e9-prix et est con\u00e7ue pour fournir des performances stables et durables dans n&rsquo;importe quel environnement d&rsquo;assemblage \u00e9lectronique.<\/p>\n<h4><strong>Principaux avantages<\/strong><\/h4>\n<ul>\n<li>Vitesse \u00e9lev\u00e9e et placement pr\u00e9cis<\/li>\n<li>Prend en charge les composants de 0402 \u00e0 55 \u00d7 55 mm<\/li>\n<li>Compatible avec les PCB jusqu&rsquo;\u00e0 740 \u00d7 460 mm<\/li>\n<li>Surveillance en temps r\u00e9el et calibrage automatique<\/li>\n<li>Faibles co\u00fbts de maintenance et haute fiabilit\u00e9<\/li>\n<\/ul>\n","protected":false},"excerpt":{"rendered":"<p>Placer multifonctionnel pour lignes d&rsquo;alimentation SMT, con\u00e7u pour le placement pr\u00e9cis de circuits int\u00e9gr\u00e9s, de BGA, de connecteurs et de composants CSP.<\/p>\n","protected":false},"featured_media":0,"template":"","meta":{"_acf_changed":false},"pwb-brand":[18250],"product_brand":[],"product_cat":[17991,18011,18084],"product_tag":[],"class_list":{"0":"post-23972","1":"product","2":"type-product","3":"status-publish","5":"pwb-brand-brand-hanwha-fr","6":"product_cat-electronique-fr","7":"product_cat-equipement-d-assemblage-smt-fr","8":"product_cat-pick-place-fr","10":"first","11":"instock","12":"taxable","13":"shipping-taxable","14":"product-type-simple"},"acf":[],"yoast_head":"<!-- This site is optimized with the Yoast SEO plugin v27.1.1 - https:\/\/yoast.com\/product\/yoast-seo-wordpress\/ -->\n<title>Automatic Pick &amp; Place Printer SM482PLUS - Smans<\/title>\n<meta name=\"robots\" content=\"index, follow, max-snippet:-1, max-image-preview:large, max-video-preview:-1\" \/>\n<link rel=\"canonical\" href=\"https:\/\/smans.com\/fr\/product\/automatic-pick-place-printer-sm482plus\/\" \/>\n<meta property=\"og:locale\" content=\"fr_FR\" \/>\n<meta property=\"og:type\" content=\"article\" \/>\n<meta property=\"og:title\" content=\"Automatic Pick &amp; Place Printer SM482PLUS - Smans\" \/>\n<meta property=\"og:description\" content=\"Placer multifonctionnel pour lignes d&#039;alimentation SMT, con\u00e7u pour le placement pr\u00e9cis de circuits int\u00e9gr\u00e9s, de BGA, de connecteurs et de composants CSP.\" \/>\n<meta property=\"og:url\" content=\"https:\/\/smans.com\/fr\/product\/automatic-pick-place-printer-sm482plus\/\" \/>\n<meta property=\"og:site_name\" content=\"Smans\" \/>\n<meta property=\"article:modified_time\" content=\"2026-04-29T08:39:39+00:00\" \/>\n<meta name=\"twitter:card\" content=\"summary_large_image\" \/>\n<meta name=\"twitter:label1\" content=\"Dur\u00e9e de lecture estim\u00e9e\" \/>\n\t<meta name=\"twitter:data1\" content=\"1 minute\" \/>\n<script type=\"application\/ld+json\" class=\"yoast-schema-graph\">{\"@context\":\"https:\/\/schema.org\",\"@graph\":[{\"@type\":\"WebPage\",\"@id\":\"https:\/\/smans.com\/fr\/product\/automatic-pick-place-printer-sm482plus\/\",\"url\":\"https:\/\/smans.com\/fr\/product\/automatic-pick-place-printer-sm482plus\/\",\"name\":\"Automatic Pick &amp; Place Printer SM482PLUS - Smans\",\"isPartOf\":{\"@id\":\"https:\/\/smans.com\/nl\/#website\"},\"datePublished\":\"2024-06-09T15:22:22+00:00\",\"dateModified\":\"2026-04-29T08:39:39+00:00\",\"breadcrumb\":{\"@id\":\"https:\/\/smans.com\/fr\/product\/automatic-pick-place-printer-sm482plus\/#breadcrumb\"},\"inLanguage\":\"fr-FR\",\"potentialAction\":[{\"@type\":\"ReadAction\",\"target\":[\"https:\/\/smans.com\/fr\/product\/automatic-pick-place-printer-sm482plus\/\"]}]},{\"@type\":\"BreadcrumbList\",\"@id\":\"https:\/\/smans.com\/fr\/product\/automatic-pick-place-printer-sm482plus\/#breadcrumb\",\"itemListElement\":[{\"@type\":\"ListItem\",\"position\":1,\"name\":\"Home\",\"item\":\"https:\/\/smans.com\/fr\/\"},{\"@type\":\"ListItem\",\"position\":2,\"name\":\"Boutique\",\"item\":\"https:\/\/smans.com\/nl\/shop\/\"},{\"@type\":\"ListItem\",\"position\":3,\"name\":\"Hanwha - Automatic Pick &amp; Place Printer SM482PLUS\"}]},{\"@type\":\"WebSite\",\"@id\":\"https:\/\/smans.com\/nl\/#website\",\"url\":\"https:\/\/smans.com\/nl\/\",\"name\":\"Smans\",\"description\":\"\",\"publisher\":{\"@id\":\"https:\/\/smans.com\/nl\/#organization\"},\"potentialAction\":[{\"@type\":\"SearchAction\",\"target\":{\"@type\":\"EntryPoint\",\"urlTemplate\":\"https:\/\/smans.com\/nl\/?s={search_term_string}\"},\"query-input\":{\"@type\":\"PropertyValueSpecification\",\"valueRequired\":true,\"valueName\":\"search_term_string\"}}],\"inLanguage\":\"fr-FR\"},{\"@type\":\"Organization\",\"@id\":\"https:\/\/smans.com\/nl\/#organization\",\"name\":\"Smans\",\"url\":\"https:\/\/smans.com\/nl\/\",\"logo\":{\"@type\":\"ImageObject\",\"inLanguage\":\"fr-FR\",\"@id\":\"https:\/\/smans.com\/nl\/#\/schema\/logo\/image\/\",\"url\":\"https:\/\/smans.com\/wp-content\/uploads\/2023\/09\/logo.svg\",\"contentUrl\":\"https:\/\/smans.com\/wp-content\/uploads\/2023\/09\/logo.svg\",\"caption\":\"Smans\"},\"image\":{\"@id\":\"https:\/\/smans.com\/nl\/#\/schema\/logo\/image\/\"}}]}<\/script>\n<!-- \/ Yoast SEO plugin. -->","yoast_head_json":{"title":"Automatic Pick &amp; Place Printer SM482PLUS - Smans","robots":{"index":"index","follow":"follow","max-snippet":"max-snippet:-1","max-image-preview":"max-image-preview:large","max-video-preview":"max-video-preview:-1"},"canonical":"https:\/\/smans.com\/fr\/product\/automatic-pick-place-printer-sm482plus\/","og_locale":"fr_FR","og_type":"article","og_title":"Automatic Pick &amp; Place Printer SM482PLUS - Smans","og_description":"Placer multifonctionnel pour lignes d'alimentation SMT, con\u00e7u pour le placement pr\u00e9cis de circuits int\u00e9gr\u00e9s, de BGA, de connecteurs et de composants CSP.","og_url":"https:\/\/smans.com\/fr\/product\/automatic-pick-place-printer-sm482plus\/","og_site_name":"Smans","article_modified_time":"2026-04-29T08:39:39+00:00","twitter_card":"summary_large_image","twitter_misc":{"Dur\u00e9e de lecture estim\u00e9e":"1 minute"},"schema":{"@context":"https:\/\/schema.org","@graph":[{"@type":"WebPage","@id":"https:\/\/smans.com\/fr\/product\/automatic-pick-place-printer-sm482plus\/","url":"https:\/\/smans.com\/fr\/product\/automatic-pick-place-printer-sm482plus\/","name":"Automatic Pick &amp; Place Printer SM482PLUS - Smans","isPartOf":{"@id":"https:\/\/smans.com\/nl\/#website"},"datePublished":"2024-06-09T15:22:22+00:00","dateModified":"2026-04-29T08:39:39+00:00","breadcrumb":{"@id":"https:\/\/smans.com\/fr\/product\/automatic-pick-place-printer-sm482plus\/#breadcrumb"},"inLanguage":"fr-FR","potentialAction":[{"@type":"ReadAction","target":["https:\/\/smans.com\/fr\/product\/automatic-pick-place-printer-sm482plus\/"]}]},{"@type":"BreadcrumbList","@id":"https:\/\/smans.com\/fr\/product\/automatic-pick-place-printer-sm482plus\/#breadcrumb","itemListElement":[{"@type":"ListItem","position":1,"name":"Home","item":"https:\/\/smans.com\/fr\/"},{"@type":"ListItem","position":2,"name":"Boutique","item":"https:\/\/smans.com\/nl\/shop\/"},{"@type":"ListItem","position":3,"name":"Hanwha - Automatic Pick &amp; Place Printer SM482PLUS"}]},{"@type":"WebSite","@id":"https:\/\/smans.com\/nl\/#website","url":"https:\/\/smans.com\/nl\/","name":"Smans","description":"","publisher":{"@id":"https:\/\/smans.com\/nl\/#organization"},"potentialAction":[{"@type":"SearchAction","target":{"@type":"EntryPoint","urlTemplate":"https:\/\/smans.com\/nl\/?s={search_term_string}"},"query-input":{"@type":"PropertyValueSpecification","valueRequired":true,"valueName":"search_term_string"}}],"inLanguage":"fr-FR"},{"@type":"Organization","@id":"https:\/\/smans.com\/nl\/#organization","name":"Smans","url":"https:\/\/smans.com\/nl\/","logo":{"@type":"ImageObject","inLanguage":"fr-FR","@id":"https:\/\/smans.com\/nl\/#\/schema\/logo\/image\/","url":"https:\/\/smans.com\/wp-content\/uploads\/2023\/09\/logo.svg","contentUrl":"https:\/\/smans.com\/wp-content\/uploads\/2023\/09\/logo.svg","caption":"Smans"},"image":{"@id":"https:\/\/smans.com\/nl\/#\/schema\/logo\/image\/"}}]}},"brands":[{"id":18250,"name":"Hanwha","slug":"brand-hanwha-fr"}],"_links":{"self":[{"href":"https:\/\/smans.com\/fr\/wp-json\/wp\/v2\/product\/23972","targetHints":{"allow":["GET"]}}],"collection":[{"href":"https:\/\/smans.com\/fr\/wp-json\/wp\/v2\/product"}],"about":[{"href":"https:\/\/smans.com\/fr\/wp-json\/wp\/v2\/types\/product"}],"wp:attachment":[{"href":"https:\/\/smans.com\/fr\/wp-json\/wp\/v2\/media?parent=23972"}],"wp:term":[{"taxonomy":"pwb-brand","embeddable":true,"href":"https:\/\/smans.com\/fr\/wp-json\/wp\/v2\/pwb-brand?post=23972"},{"taxonomy":"product_brand","embeddable":true,"href":"https:\/\/smans.com\/fr\/wp-json\/wp\/v2\/product_brand?post=23972"},{"taxonomy":"product_cat","embeddable":true,"href":"https:\/\/smans.com\/fr\/wp-json\/wp\/v2\/product_cat?post=23972"},{"taxonomy":"product_tag","embeddable":true,"href":"https:\/\/smans.com\/fr\/wp-json\/wp\/v2\/product_tag?post=23972"}],"curies":[{"name":"wp","href":"https:\/\/api.w.org\/{rel}","templated":true}]}}