{"id":23973,"date":"2024-06-09T17:22:38","date_gmt":"2024-06-09T15:22:38","guid":{"rendered":"https:\/\/smans.com\/product\/reflow-soldering-machine-exos-10-26\/"},"modified":"2026-04-30T10:27:36","modified_gmt":"2026-04-30T08:27:36","slug":"reflow-soldering-machine-exos-10-26","status":"publish","type":"product","link":"https:\/\/smans.com\/fr\/product\/reflow-soldering-machine-exos-10-26\/","title":{"rendered":"Ersa - Reflow Soldering Machine EXOS 10\/26"},"content":{"rendered":"<p>Le soudage entra\u00eene souvent la formation de vides d&rsquo;air qui limitent la dissipation thermique et r\u00e9duisent la dur\u00e9e de vie des composants. L&rsquo;EXOS 10\/26 r\u00e9sout ce probl\u00e8me en cr\u00e9ant un vide au moment pr\u00e9cis de la fluidification, ce qui aspire les bulles d&rsquo;air vers l&rsquo;ext\u00e9rieur. Le r\u00e9sultat : <strong>des joints de soudure totalement exempts de pores<\/strong> avec une conductivit\u00e9 thermique optimale, id\u00e9aux pour les applications dans l&rsquo;\u00e9lectronique de puissance et la technologie haute fiabilit\u00e9.<\/p>\n<h4>Conception intelligente et efficacit\u00e9 maximale<\/h4>\n<p>L&rsquo;EXOS dispose d&rsquo;un syst\u00e8me de transport en quatre parties (alimentation, zone de chauffage, vide et refroidissement) parfaitement synchronis\u00e9 pour une production en continu. Gr\u00e2ce \u00e0 la double option de transport, vous pouvez souder en parall\u00e8le avec un d\u00e9bit maximal. La technologie de convection Multijet garantit les valeurs \u0394T les plus faibles du march\u00e9, ce qui assure un profil de temp\u00e9rature homog\u00e8ne sur toute la largeur de travail.<\/p>\n<h4>Facilit\u00e9 d&rsquo;utilisation et d&rsquo;entretien<\/h4>\n<p>La chambre \u00e0 vide est \u00e9quip\u00e9e d&rsquo;un convoyeur \u00e0 rouleaux sans lubrifiant et de verrous \u00e0 d\u00e9gagement rapide, ce qui permet d&rsquo;effectuer la maintenance en quelques secondes. La pompe \u00e0 vide est int\u00e9gr\u00e9e dans le ch\u00e2ssis de la machine, ce qui r\u00e9duit l&rsquo;encombrement et augmente la disponibilit\u00e9. Des capteurs surveillent en permanence le processus, de l&rsquo;entr\u00e9e \u00e0 la sortie, et garantissent des r\u00e9sultats de soudage s\u00fbrs et reproductibles.<\/p>\n<h4>\u00c9conome en \u00e9nergie et tourn\u00e9 vers l&rsquo;avenir<\/h4>\n<p>Avec une puissance nominale de 138 kW et une gestion \u00e9nerg\u00e9tique par zones, l&rsquo;EXOS ne consomme que ce qui est n\u00e9cessaire. Les \u00e9metteurs \u00e0 ondes moyennes dans la chambre \u00e0 vide assurent des profils de temp\u00e9rature stables sans perte d&rsquo;\u00e9nergie inutile. Gr\u00e2ce au syst\u00e8me de lubrification automatique de la cha\u00eene et au tunnel de traitement \u00e9tanche au gaz, votre production continue de fonctionner avec un minimum d&rsquo;arr\u00eats.<\/p>\n","protected":false},"excerpt":{"rendered":"<p>Machine de soudage par refusion en ligne combinant 11 zones de chauffage, 4 zones de refroidissement et un module de vide int\u00e9gr\u00e9, r\u00e9duisant ainsi le taux de vide jusqu&rsquo;\u00e0 99 %.<\/p>\n","protected":false},"featured_media":0,"template":"","meta":{"_acf_changed":false},"pwb-brand":[18232],"product_brand":[],"product_cat":[17991,18011,18087],"product_tag":[],"class_list":{"0":"post-23973","1":"product","2":"type-product","3":"status-publish","5":"pwb-brand-brand-ersa-fr","6":"product_cat-electronique-fr","7":"product_cat-equipement-d-assemblage-smt-fr","8":"product_cat-soldering-fr","10":"first","11":"instock","12":"taxable","13":"shipping-taxable","14":"product-type-simple"},"acf":[],"yoast_head":"<!-- This site is optimized with the Yoast SEO plugin v27.1.1 - https:\/\/yoast.com\/product\/yoast-seo-wordpress\/ -->\n<title>Reflow Soldering Machine EXOS 10\/26 - Smans<\/title>\n<meta name=\"robots\" content=\"index, follow, max-snippet:-1, max-image-preview:large, max-video-preview:-1\" \/>\n<link rel=\"canonical\" href=\"https:\/\/smans.com\/fr\/product\/reflow-soldering-machine-exos-10-26\/\" \/>\n<meta property=\"og:locale\" content=\"fr_FR\" \/>\n<meta property=\"og:type\" content=\"article\" \/>\n<meta property=\"og:title\" content=\"Reflow Soldering Machine EXOS 10\/26 - Smans\" \/>\n<meta property=\"og:description\" content=\"Machine de soudage par refusion en ligne combinant 11 zones de chauffage, 4 zones de refroidissement et un module de vide int\u00e9gr\u00e9, r\u00e9duisant ainsi le taux de vide jusqu&#039;\u00e0 99 %.\" \/>\n<meta property=\"og:url\" content=\"https:\/\/smans.com\/fr\/product\/reflow-soldering-machine-exos-10-26\/\" \/>\n<meta property=\"og:site_name\" content=\"Smans\" \/>\n<meta property=\"article:modified_time\" content=\"2026-04-30T08:27:36+00:00\" \/>\n<meta name=\"twitter:card\" content=\"summary_large_image\" \/>\n<meta name=\"twitter:label1\" content=\"Dur\u00e9e de lecture estim\u00e9e\" \/>\n\t<meta name=\"twitter:data1\" content=\"2 minutes\" \/>\n<script type=\"application\/ld+json\" class=\"yoast-schema-graph\">{\"@context\":\"https:\/\/schema.org\",\"@graph\":[{\"@type\":\"WebPage\",\"@id\":\"https:\/\/smans.com\/fr\/product\/reflow-soldering-machine-exos-10-26\/\",\"url\":\"https:\/\/smans.com\/fr\/product\/reflow-soldering-machine-exos-10-26\/\",\"name\":\"Reflow Soldering Machine EXOS 10\/26 - Smans\",\"isPartOf\":{\"@id\":\"https:\/\/smans.com\/nl\/#website\"},\"datePublished\":\"2024-06-09T15:22:38+00:00\",\"dateModified\":\"2026-04-30T08:27:36+00:00\",\"breadcrumb\":{\"@id\":\"https:\/\/smans.com\/fr\/product\/reflow-soldering-machine-exos-10-26\/#breadcrumb\"},\"inLanguage\":\"fr-FR\",\"potentialAction\":[{\"@type\":\"ReadAction\",\"target\":[\"https:\/\/smans.com\/fr\/product\/reflow-soldering-machine-exos-10-26\/\"]}]},{\"@type\":\"BreadcrumbList\",\"@id\":\"https:\/\/smans.com\/fr\/product\/reflow-soldering-machine-exos-10-26\/#breadcrumb\",\"itemListElement\":[{\"@type\":\"ListItem\",\"position\":1,\"name\":\"Home\",\"item\":\"https:\/\/smans.com\/fr\/\"},{\"@type\":\"ListItem\",\"position\":2,\"name\":\"Boutique\",\"item\":\"https:\/\/smans.com\/nl\/shop\/\"},{\"@type\":\"ListItem\",\"position\":3,\"name\":\"Ersa - Reflow Soldering Machine EXOS 10\/26\"}]},{\"@type\":\"WebSite\",\"@id\":\"https:\/\/smans.com\/nl\/#website\",\"url\":\"https:\/\/smans.com\/nl\/\",\"name\":\"Smans\",\"description\":\"\",\"publisher\":{\"@id\":\"https:\/\/smans.com\/nl\/#organization\"},\"potentialAction\":[{\"@type\":\"SearchAction\",\"target\":{\"@type\":\"EntryPoint\",\"urlTemplate\":\"https:\/\/smans.com\/nl\/?s={search_term_string}\"},\"query-input\":{\"@type\":\"PropertyValueSpecification\",\"valueRequired\":true,\"valueName\":\"search_term_string\"}}],\"inLanguage\":\"fr-FR\"},{\"@type\":\"Organization\",\"@id\":\"https:\/\/smans.com\/nl\/#organization\",\"name\":\"Smans\",\"url\":\"https:\/\/smans.com\/nl\/\",\"logo\":{\"@type\":\"ImageObject\",\"inLanguage\":\"fr-FR\",\"@id\":\"https:\/\/smans.com\/nl\/#\/schema\/logo\/image\/\",\"url\":\"https:\/\/smans.com\/wp-content\/uploads\/2023\/09\/logo.svg\",\"contentUrl\":\"https:\/\/smans.com\/wp-content\/uploads\/2023\/09\/logo.svg\",\"caption\":\"Smans\"},\"image\":{\"@id\":\"https:\/\/smans.com\/nl\/#\/schema\/logo\/image\/\"}}]}<\/script>\n<!-- \/ Yoast SEO plugin. -->","yoast_head_json":{"title":"Reflow Soldering Machine EXOS 10\/26 - Smans","robots":{"index":"index","follow":"follow","max-snippet":"max-snippet:-1","max-image-preview":"max-image-preview:large","max-video-preview":"max-video-preview:-1"},"canonical":"https:\/\/smans.com\/fr\/product\/reflow-soldering-machine-exos-10-26\/","og_locale":"fr_FR","og_type":"article","og_title":"Reflow Soldering Machine EXOS 10\/26 - Smans","og_description":"Machine de soudage par refusion en ligne combinant 11 zones de chauffage, 4 zones de refroidissement et un module de vide int\u00e9gr\u00e9, r\u00e9duisant ainsi le taux de vide jusqu'\u00e0 99 %.","og_url":"https:\/\/smans.com\/fr\/product\/reflow-soldering-machine-exos-10-26\/","og_site_name":"Smans","article_modified_time":"2026-04-30T08:27:36+00:00","twitter_card":"summary_large_image","twitter_misc":{"Dur\u00e9e de lecture estim\u00e9e":"2 minutes"},"schema":{"@context":"https:\/\/schema.org","@graph":[{"@type":"WebPage","@id":"https:\/\/smans.com\/fr\/product\/reflow-soldering-machine-exos-10-26\/","url":"https:\/\/smans.com\/fr\/product\/reflow-soldering-machine-exos-10-26\/","name":"Reflow Soldering Machine EXOS 10\/26 - Smans","isPartOf":{"@id":"https:\/\/smans.com\/nl\/#website"},"datePublished":"2024-06-09T15:22:38+00:00","dateModified":"2026-04-30T08:27:36+00:00","breadcrumb":{"@id":"https:\/\/smans.com\/fr\/product\/reflow-soldering-machine-exos-10-26\/#breadcrumb"},"inLanguage":"fr-FR","potentialAction":[{"@type":"ReadAction","target":["https:\/\/smans.com\/fr\/product\/reflow-soldering-machine-exos-10-26\/"]}]},{"@type":"BreadcrumbList","@id":"https:\/\/smans.com\/fr\/product\/reflow-soldering-machine-exos-10-26\/#breadcrumb","itemListElement":[{"@type":"ListItem","position":1,"name":"Home","item":"https:\/\/smans.com\/fr\/"},{"@type":"ListItem","position":2,"name":"Boutique","item":"https:\/\/smans.com\/nl\/shop\/"},{"@type":"ListItem","position":3,"name":"Ersa - Reflow Soldering Machine EXOS 10\/26"}]},{"@type":"WebSite","@id":"https:\/\/smans.com\/nl\/#website","url":"https:\/\/smans.com\/nl\/","name":"Smans","description":"","publisher":{"@id":"https:\/\/smans.com\/nl\/#organization"},"potentialAction":[{"@type":"SearchAction","target":{"@type":"EntryPoint","urlTemplate":"https:\/\/smans.com\/nl\/?s={search_term_string}"},"query-input":{"@type":"PropertyValueSpecification","valueRequired":true,"valueName":"search_term_string"}}],"inLanguage":"fr-FR"},{"@type":"Organization","@id":"https:\/\/smans.com\/nl\/#organization","name":"Smans","url":"https:\/\/smans.com\/nl\/","logo":{"@type":"ImageObject","inLanguage":"fr-FR","@id":"https:\/\/smans.com\/nl\/#\/schema\/logo\/image\/","url":"https:\/\/smans.com\/wp-content\/uploads\/2023\/09\/logo.svg","contentUrl":"https:\/\/smans.com\/wp-content\/uploads\/2023\/09\/logo.svg","caption":"Smans"},"image":{"@id":"https:\/\/smans.com\/nl\/#\/schema\/logo\/image\/"}}]}},"brands":[{"id":18232,"name":"Ersa","slug":"brand-ersa-fr"}],"_links":{"self":[{"href":"https:\/\/smans.com\/fr\/wp-json\/wp\/v2\/product\/23973","targetHints":{"allow":["GET"]}}],"collection":[{"href":"https:\/\/smans.com\/fr\/wp-json\/wp\/v2\/product"}],"about":[{"href":"https:\/\/smans.com\/fr\/wp-json\/wp\/v2\/types\/product"}],"wp:attachment":[{"href":"https:\/\/smans.com\/fr\/wp-json\/wp\/v2\/media?parent=23973"}],"wp:term":[{"taxonomy":"pwb-brand","embeddable":true,"href":"https:\/\/smans.com\/fr\/wp-json\/wp\/v2\/pwb-brand?post=23973"},{"taxonomy":"product_brand","embeddable":true,"href":"https:\/\/smans.com\/fr\/wp-json\/wp\/v2\/product_brand?post=23973"},{"taxonomy":"product_cat","embeddable":true,"href":"https:\/\/smans.com\/fr\/wp-json\/wp\/v2\/product_cat?post=23973"},{"taxonomy":"product_tag","embeddable":true,"href":"https:\/\/smans.com\/fr\/wp-json\/wp\/v2\/product_tag?post=23973"}],"curies":[{"name":"wp","href":"https:\/\/api.w.org\/{rel}","templated":true}]}}