{"id":23975,"date":"2024-06-09T17:22:42","date_gmt":"2024-06-09T15:22:42","guid":{"rendered":"https:\/\/smans.com\/product\/reflow-soldering-machine-hotflow-one\/"},"modified":"2026-04-27T10:57:43","modified_gmt":"2026-04-27T08:57:43","slug":"reflow-soldering-machine-hotflow-one","status":"publish","type":"product","link":"https:\/\/smans.com\/fr\/product\/reflow-soldering-machine-hotflow-one\/","title":{"rendered":"Ersa - Reflow Soldering Machine HOTFLOW ONE 14"},"content":{"rendered":"<p>Le HOTFLOW 14 a \u00e9t\u00e9 d\u00e9velopp\u00e9 gr\u00e2ce \u00e0 plus de 35 ans d&rsquo;exp\u00e9rience dans la technologie de refusion. Le r\u00e9sultat est un syst\u00e8me offrant d&rsquo;excellentes performances thermiques, un profil de temp\u00e9rature stable et un traitement fiable des composants. Gr\u00e2ce au refroidissement interne et \u00e0 la gestion de l&rsquo;\u00e9nergie par zone, vous obtenez une efficacit\u00e9 maximale pour une consommation d&rsquo;\u00e9nergie minimale.<\/p>\n<h4>Transport intelligent et facilit\u00e9 d&rsquo;entretien<\/h4>\n<p>Avec une largeur de travail allant jusqu&rsquo;\u00e0 516 mm et une vitesse de transport de 20 \u00e0 200 cm\/min, vous pouvez traiter de mani\u00e8re flexible diff\u00e9rents formats de circuits imprim\u00e9s. La machine est \u00e9quip\u00e9e d&rsquo;un syst\u00e8me de lubrification automatique de la cha\u00eene, d&rsquo;un support central \u00e0 faible masse et de modules de chauffage amovibles en haut et en bas, ce qui est id\u00e9al pour un entretien rapide et une grande disponibilit\u00e9 de la machine.<\/p>\n<h4>Commande intelligente et tra\u00e7abilit\u00e9<\/h4>\n<p>La HOTFLOW 14 est command\u00e9e par un PC industriel avec \u00e9cran tactile et commande PLC. Le logiciel ERSASOFT vous permet de g\u00e9rer facilement vos processus, tandis que l&rsquo;Autoprofiler vous aide \u00e0 \u00e9tablir rapidement des profils de temp\u00e9rature. Toutes les donn\u00e9es de processus et de commande sont automatiquement enregistr\u00e9es conform\u00e9ment \u00e0 la sp\u00e9cification ZVEI, ce qui constitue la base d&rsquo;une tra\u00e7abilit\u00e9 compl\u00e8te dans la production.<\/p>\n<h4>Performances fiables, excellent retour sur investissement<\/h4>\n<p>Avec ses dimensions compactes (longueur 4,77 m, poids environ 1 450 kg), le HOTFLOW 14 offre des performances impressionnantes dans un format r\u00e9duit. Avec une charge nominale de 69 kW et une consommation continue de seulement 11 \u00e0 14 kW, ce syst\u00e8me est non seulement puissant, mais aussi \u00e9conome en \u00e9nergie. Gr\u00e2ce \u00e0 sa construction durable, \u00e0 son faible besoin d&rsquo;entretien et \u00e0 son rapport qualit\u00e9-prix attractif, vous r\u00e9alisez un retour sur investissement rapide.<\/p>\n","protected":false},"excerpt":{"rendered":"<p>Machine \u00e0 souder par refusion avec 7 zones de chauffage<\/p>\n","protected":false},"featured_media":0,"template":"","meta":{"_acf_changed":false},"pwb-brand":[18232],"product_brand":[],"product_cat":[17991,18011,18087],"product_tag":[],"class_list":{"0":"post-23975","1":"product","2":"type-product","3":"status-publish","5":"pwb-brand-brand-ersa-fr","6":"product_cat-electronique-fr","7":"product_cat-equipement-d-assemblage-smt-fr","8":"product_cat-soldering-fr","10":"first","11":"instock","12":"taxable","13":"shipping-taxable","14":"product-type-simple"},"acf":[],"yoast_head":"<!-- This site is optimized with the Yoast SEO plugin v27.1.1 - https:\/\/yoast.com\/product\/yoast-seo-wordpress\/ -->\n<title>Reflow Soldering Machine HOTFLOW ONE 14 - Smans<\/title>\n<meta name=\"robots\" content=\"index, follow, max-snippet:-1, max-image-preview:large, max-video-preview:-1\" \/>\n<link rel=\"canonical\" href=\"https:\/\/smans.com\/fr\/product\/reflow-soldering-machine-hotflow-one\/\" \/>\n<meta property=\"og:locale\" content=\"fr_FR\" \/>\n<meta property=\"og:type\" content=\"article\" \/>\n<meta property=\"og:title\" content=\"Reflow Soldering Machine HOTFLOW ONE 14 - Smans\" \/>\n<meta property=\"og:description\" content=\"Machine \u00e0 souder par refusion avec 7 zones de chauffage\" \/>\n<meta property=\"og:url\" content=\"https:\/\/smans.com\/fr\/product\/reflow-soldering-machine-hotflow-one\/\" \/>\n<meta property=\"og:site_name\" content=\"Smans\" \/>\n<meta property=\"article:modified_time\" content=\"2026-04-27T08:57:43+00:00\" \/>\n<meta name=\"twitter:card\" content=\"summary_large_image\" \/>\n<meta name=\"twitter:label1\" content=\"Dur\u00e9e de lecture estim\u00e9e\" \/>\n\t<meta name=\"twitter:data1\" content=\"1 minute\" \/>\n<script type=\"application\/ld+json\" class=\"yoast-schema-graph\">{\"@context\":\"https:\/\/schema.org\",\"@graph\":[{\"@type\":\"WebPage\",\"@id\":\"https:\/\/smans.com\/fr\/product\/reflow-soldering-machine-hotflow-one\/\",\"url\":\"https:\/\/smans.com\/fr\/product\/reflow-soldering-machine-hotflow-one\/\",\"name\":\"Reflow Soldering Machine HOTFLOW ONE 14 - Smans\",\"isPartOf\":{\"@id\":\"https:\/\/smans.com\/nl\/#website\"},\"datePublished\":\"2024-06-09T15:22:42+00:00\",\"dateModified\":\"2026-04-27T08:57:43+00:00\",\"breadcrumb\":{\"@id\":\"https:\/\/smans.com\/fr\/product\/reflow-soldering-machine-hotflow-one\/#breadcrumb\"},\"inLanguage\":\"fr-FR\",\"potentialAction\":[{\"@type\":\"ReadAction\",\"target\":[\"https:\/\/smans.com\/fr\/product\/reflow-soldering-machine-hotflow-one\/\"]}]},{\"@type\":\"BreadcrumbList\",\"@id\":\"https:\/\/smans.com\/fr\/product\/reflow-soldering-machine-hotflow-one\/#breadcrumb\",\"itemListElement\":[{\"@type\":\"ListItem\",\"position\":1,\"name\":\"Home\",\"item\":\"https:\/\/smans.com\/fr\/\"},{\"@type\":\"ListItem\",\"position\":2,\"name\":\"Boutique\",\"item\":\"https:\/\/smans.com\/nl\/shop\/\"},{\"@type\":\"ListItem\",\"position\":3,\"name\":\"Ersa - Reflow Soldering Machine HOTFLOW ONE 14\"}]},{\"@type\":\"WebSite\",\"@id\":\"https:\/\/smans.com\/nl\/#website\",\"url\":\"https:\/\/smans.com\/nl\/\",\"name\":\"Smans\",\"description\":\"\",\"publisher\":{\"@id\":\"https:\/\/smans.com\/nl\/#organization\"},\"potentialAction\":[{\"@type\":\"SearchAction\",\"target\":{\"@type\":\"EntryPoint\",\"urlTemplate\":\"https:\/\/smans.com\/nl\/?s={search_term_string}\"},\"query-input\":{\"@type\":\"PropertyValueSpecification\",\"valueRequired\":true,\"valueName\":\"search_term_string\"}}],\"inLanguage\":\"fr-FR\"},{\"@type\":\"Organization\",\"@id\":\"https:\/\/smans.com\/nl\/#organization\",\"name\":\"Smans\",\"url\":\"https:\/\/smans.com\/nl\/\",\"logo\":{\"@type\":\"ImageObject\",\"inLanguage\":\"fr-FR\",\"@id\":\"https:\/\/smans.com\/nl\/#\/schema\/logo\/image\/\",\"url\":\"https:\/\/smans.com\/wp-content\/uploads\/2023\/09\/logo.svg\",\"contentUrl\":\"https:\/\/smans.com\/wp-content\/uploads\/2023\/09\/logo.svg\",\"caption\":\"Smans\"},\"image\":{\"@id\":\"https:\/\/smans.com\/nl\/#\/schema\/logo\/image\/\"}}]}<\/script>\n<!-- \/ Yoast SEO plugin. -->","yoast_head_json":{"title":"Reflow Soldering Machine HOTFLOW ONE 14 - Smans","robots":{"index":"index","follow":"follow","max-snippet":"max-snippet:-1","max-image-preview":"max-image-preview:large","max-video-preview":"max-video-preview:-1"},"canonical":"https:\/\/smans.com\/fr\/product\/reflow-soldering-machine-hotflow-one\/","og_locale":"fr_FR","og_type":"article","og_title":"Reflow Soldering Machine HOTFLOW ONE 14 - Smans","og_description":"Machine \u00e0 souder par refusion avec 7 zones de chauffage","og_url":"https:\/\/smans.com\/fr\/product\/reflow-soldering-machine-hotflow-one\/","og_site_name":"Smans","article_modified_time":"2026-04-27T08:57:43+00:00","twitter_card":"summary_large_image","twitter_misc":{"Dur\u00e9e de lecture estim\u00e9e":"1 minute"},"schema":{"@context":"https:\/\/schema.org","@graph":[{"@type":"WebPage","@id":"https:\/\/smans.com\/fr\/product\/reflow-soldering-machine-hotflow-one\/","url":"https:\/\/smans.com\/fr\/product\/reflow-soldering-machine-hotflow-one\/","name":"Reflow Soldering Machine HOTFLOW ONE 14 - Smans","isPartOf":{"@id":"https:\/\/smans.com\/nl\/#website"},"datePublished":"2024-06-09T15:22:42+00:00","dateModified":"2026-04-27T08:57:43+00:00","breadcrumb":{"@id":"https:\/\/smans.com\/fr\/product\/reflow-soldering-machine-hotflow-one\/#breadcrumb"},"inLanguage":"fr-FR","potentialAction":[{"@type":"ReadAction","target":["https:\/\/smans.com\/fr\/product\/reflow-soldering-machine-hotflow-one\/"]}]},{"@type":"BreadcrumbList","@id":"https:\/\/smans.com\/fr\/product\/reflow-soldering-machine-hotflow-one\/#breadcrumb","itemListElement":[{"@type":"ListItem","position":1,"name":"Home","item":"https:\/\/smans.com\/fr\/"},{"@type":"ListItem","position":2,"name":"Boutique","item":"https:\/\/smans.com\/nl\/shop\/"},{"@type":"ListItem","position":3,"name":"Ersa - Reflow Soldering Machine HOTFLOW ONE 14"}]},{"@type":"WebSite","@id":"https:\/\/smans.com\/nl\/#website","url":"https:\/\/smans.com\/nl\/","name":"Smans","description":"","publisher":{"@id":"https:\/\/smans.com\/nl\/#organization"},"potentialAction":[{"@type":"SearchAction","target":{"@type":"EntryPoint","urlTemplate":"https:\/\/smans.com\/nl\/?s={search_term_string}"},"query-input":{"@type":"PropertyValueSpecification","valueRequired":true,"valueName":"search_term_string"}}],"inLanguage":"fr-FR"},{"@type":"Organization","@id":"https:\/\/smans.com\/nl\/#organization","name":"Smans","url":"https:\/\/smans.com\/nl\/","logo":{"@type":"ImageObject","inLanguage":"fr-FR","@id":"https:\/\/smans.com\/nl\/#\/schema\/logo\/image\/","url":"https:\/\/smans.com\/wp-content\/uploads\/2023\/09\/logo.svg","contentUrl":"https:\/\/smans.com\/wp-content\/uploads\/2023\/09\/logo.svg","caption":"Smans"},"image":{"@id":"https:\/\/smans.com\/nl\/#\/schema\/logo\/image\/"}}]}},"brands":[{"id":18232,"name":"Ersa","slug":"brand-ersa-fr"}],"_links":{"self":[{"href":"https:\/\/smans.com\/fr\/wp-json\/wp\/v2\/product\/23975","targetHints":{"allow":["GET"]}}],"collection":[{"href":"https:\/\/smans.com\/fr\/wp-json\/wp\/v2\/product"}],"about":[{"href":"https:\/\/smans.com\/fr\/wp-json\/wp\/v2\/types\/product"}],"wp:attachment":[{"href":"https:\/\/smans.com\/fr\/wp-json\/wp\/v2\/media?parent=23975"}],"wp:term":[{"taxonomy":"pwb-brand","embeddable":true,"href":"https:\/\/smans.com\/fr\/wp-json\/wp\/v2\/pwb-brand?post=23975"},{"taxonomy":"product_brand","embeddable":true,"href":"https:\/\/smans.com\/fr\/wp-json\/wp\/v2\/product_brand?post=23975"},{"taxonomy":"product_cat","embeddable":true,"href":"https:\/\/smans.com\/fr\/wp-json\/wp\/v2\/product_cat?post=23975"},{"taxonomy":"product_tag","embeddable":true,"href":"https:\/\/smans.com\/fr\/wp-json\/wp\/v2\/product_tag?post=23975"}],"curies":[{"name":"wp","href":"https:\/\/api.w.org\/{rel}","templated":true}]}}