{"id":24000,"date":"2024-06-09T17:23:54","date_gmt":"2024-06-09T15:23:54","guid":{"rendered":"https:\/\/smans.com\/product\/selective-soldering-machine-smartflow-2020\/"},"modified":"2026-04-09T12:45:25","modified_gmt":"2026-04-09T10:45:25","slug":"selective-soldering-machine-smartflow-2020","status":"publish","type":"product","link":"https:\/\/smans.com\/fr\/product\/selective-soldering-machine-smartflow-2020\/","title":{"rendered":"Ersa - Selective Soldering Machine SMARTFLOW 2020"},"content":{"rendered":"<p>Avec le SMARTFLOW 2020, Ersa ajoute un <strong>syst\u00e8me de soudage s\u00e9lectif puissant et compact<\/strong> \u00e0 sa s\u00e9rie VERSAFLOW, leader sur le march\u00e9. Ce syst\u00e8me par lots convivial combine une technologie de pointe avec un <strong>encombrement minimal<\/strong> \u2014 plus petit qu&rsquo;un poste de soudage manuel standard \u2014 et est donc id\u00e9al pour les petites s\u00e9ries de production ou comme mod\u00e8le d&rsquo;entr\u00e9e de gamme.<\/p>\n<p>Malgr\u00e9 sa taille compacte, le SMARTFLOW 2020 offre toutes les fonctionnalit\u00e9s : <strong>les cartes de circuits imprim\u00e9s jusqu&rsquo;\u00e0 508 x 508 mm<\/strong> sont trait\u00e9es sans effort, gr\u00e2ce \u00e0 un chauffage par surface et une pompe \u00e0 induction r\u00e9sistante \u00e0 l&rsquo;usure qui garantit un fonctionnement n\u00e9cessitant peu d&rsquo;entretien. Gr\u00e2ce au principe \u00ab Plug and Solder \u00bb et \u00e0 la visualisation intuitive du processus ERSASOFT, le SMARTFLOW est parfaitement adapt\u00e9 aux \u00eelots de production o\u00f9 l&rsquo;efficacit\u00e9, la qualit\u00e9 et la facilit\u00e9 d&rsquo;utilisation sont primordiales.<\/p>\n<p>En bref : le SMARTFLOW 2020 est compact sans compromis \u2014 le choix intelligent pour ceux qui souhaitent se lancer dans le soudage s\u00e9lectif automatis\u00e9 sans faire de compromis sur les performances ou la pr\u00e9cision.<\/p>\n","protected":false},"excerpt":{"rendered":"<p>Une technologie intelligente pour la fabrication de vos appareils \u00e9lectroniques<\/p>\n","protected":false},"featured_media":0,"template":"","meta":{"_acf_changed":false},"pwb-brand":[18232],"product_brand":[],"product_cat":[17991,18012,18099],"product_tag":[],"class_list":{"0":"post-24000","1":"product","2":"type-product","3":"status-publish","5":"pwb-brand-brand-ersa-fr","6":"product_cat-electronique-fr","7":"product_cat-equipement-d-assemblage-tht-fr","8":"product_cat-soldering-fr-2","10":"first","11":"instock","12":"taxable","13":"shipping-taxable","14":"product-type-simple"},"acf":[],"yoast_head":"<!-- This site is optimized with the Yoast SEO plugin v27.1.1 - https:\/\/yoast.com\/product\/yoast-seo-wordpress\/ -->\n<title>Selective Soldering Machine SMARTFLOW 2020 - Smans<\/title>\n<meta name=\"robots\" content=\"index, follow, max-snippet:-1, max-image-preview:large, max-video-preview:-1\" \/>\n<link rel=\"canonical\" href=\"https:\/\/smans.com\/fr\/product\/selective-soldering-machine-smartflow-2020\/\" \/>\n<meta property=\"og:locale\" content=\"fr_FR\" \/>\n<meta property=\"og:type\" content=\"article\" \/>\n<meta property=\"og:title\" content=\"Selective Soldering Machine SMARTFLOW 2020 - Smans\" \/>\n<meta property=\"og:description\" content=\"Une technologie intelligente pour la fabrication de vos appareils \u00e9lectroniques\" \/>\n<meta property=\"og:url\" content=\"https:\/\/smans.com\/fr\/product\/selective-soldering-machine-smartflow-2020\/\" \/>\n<meta property=\"og:site_name\" content=\"Smans\" \/>\n<meta property=\"article:modified_time\" content=\"2026-04-09T10:45:25+00:00\" \/>\n<meta name=\"twitter:card\" content=\"summary_large_image\" \/>\n<meta name=\"twitter:label1\" content=\"Dur\u00e9e de lecture estim\u00e9e\" \/>\n\t<meta name=\"twitter:data1\" content=\"1 minute\" \/>\n<script type=\"application\/ld+json\" class=\"yoast-schema-graph\">{\"@context\":\"https:\/\/schema.org\",\"@graph\":[{\"@type\":\"WebPage\",\"@id\":\"https:\/\/smans.com\/fr\/product\/selective-soldering-machine-smartflow-2020\/\",\"url\":\"https:\/\/smans.com\/fr\/product\/selective-soldering-machine-smartflow-2020\/\",\"name\":\"Selective Soldering Machine SMARTFLOW 2020 - Smans\",\"isPartOf\":{\"@id\":\"https:\/\/smans.com\/nl\/#website\"},\"datePublished\":\"2024-06-09T15:23:54+00:00\",\"dateModified\":\"2026-04-09T10:45:25+00:00\",\"breadcrumb\":{\"@id\":\"https:\/\/smans.com\/fr\/product\/selective-soldering-machine-smartflow-2020\/#breadcrumb\"},\"inLanguage\":\"fr-FR\",\"potentialAction\":[{\"@type\":\"ReadAction\",\"target\":[\"https:\/\/smans.com\/fr\/product\/selective-soldering-machine-smartflow-2020\/\"]}]},{\"@type\":\"BreadcrumbList\",\"@id\":\"https:\/\/smans.com\/fr\/product\/selective-soldering-machine-smartflow-2020\/#breadcrumb\",\"itemListElement\":[{\"@type\":\"ListItem\",\"position\":1,\"name\":\"Home\",\"item\":\"https:\/\/smans.com\/fr\/\"},{\"@type\":\"ListItem\",\"position\":2,\"name\":\"Boutique\",\"item\":\"https:\/\/smans.com\/nl\/shop\/\"},{\"@type\":\"ListItem\",\"position\":3,\"name\":\"Ersa - Selective Soldering Machine SMARTFLOW 2020\"}]},{\"@type\":\"WebSite\",\"@id\":\"https:\/\/smans.com\/nl\/#website\",\"url\":\"https:\/\/smans.com\/nl\/\",\"name\":\"Smans\",\"description\":\"\",\"publisher\":{\"@id\":\"https:\/\/smans.com\/nl\/#organization\"},\"potentialAction\":[{\"@type\":\"SearchAction\",\"target\":{\"@type\":\"EntryPoint\",\"urlTemplate\":\"https:\/\/smans.com\/nl\/?s={search_term_string}\"},\"query-input\":{\"@type\":\"PropertyValueSpecification\",\"valueRequired\":true,\"valueName\":\"search_term_string\"}}],\"inLanguage\":\"fr-FR\"},{\"@type\":\"Organization\",\"@id\":\"https:\/\/smans.com\/nl\/#organization\",\"name\":\"Smans\",\"url\":\"https:\/\/smans.com\/nl\/\",\"logo\":{\"@type\":\"ImageObject\",\"inLanguage\":\"fr-FR\",\"@id\":\"https:\/\/smans.com\/nl\/#\/schema\/logo\/image\/\",\"url\":\"https:\/\/smans.com\/wp-content\/uploads\/2023\/09\/logo.svg\",\"contentUrl\":\"https:\/\/smans.com\/wp-content\/uploads\/2023\/09\/logo.svg\",\"caption\":\"Smans\"},\"image\":{\"@id\":\"https:\/\/smans.com\/nl\/#\/schema\/logo\/image\/\"}}]}<\/script>\n<!-- \/ Yoast SEO plugin. -->","yoast_head_json":{"title":"Selective Soldering Machine SMARTFLOW 2020 - Smans","robots":{"index":"index","follow":"follow","max-snippet":"max-snippet:-1","max-image-preview":"max-image-preview:large","max-video-preview":"max-video-preview:-1"},"canonical":"https:\/\/smans.com\/fr\/product\/selective-soldering-machine-smartflow-2020\/","og_locale":"fr_FR","og_type":"article","og_title":"Selective Soldering Machine SMARTFLOW 2020 - Smans","og_description":"Une technologie intelligente pour la fabrication de vos appareils \u00e9lectroniques","og_url":"https:\/\/smans.com\/fr\/product\/selective-soldering-machine-smartflow-2020\/","og_site_name":"Smans","article_modified_time":"2026-04-09T10:45:25+00:00","twitter_card":"summary_large_image","twitter_misc":{"Dur\u00e9e de lecture estim\u00e9e":"1 minute"},"schema":{"@context":"https:\/\/schema.org","@graph":[{"@type":"WebPage","@id":"https:\/\/smans.com\/fr\/product\/selective-soldering-machine-smartflow-2020\/","url":"https:\/\/smans.com\/fr\/product\/selective-soldering-machine-smartflow-2020\/","name":"Selective Soldering Machine SMARTFLOW 2020 - Smans","isPartOf":{"@id":"https:\/\/smans.com\/nl\/#website"},"datePublished":"2024-06-09T15:23:54+00:00","dateModified":"2026-04-09T10:45:25+00:00","breadcrumb":{"@id":"https:\/\/smans.com\/fr\/product\/selective-soldering-machine-smartflow-2020\/#breadcrumb"},"inLanguage":"fr-FR","potentialAction":[{"@type":"ReadAction","target":["https:\/\/smans.com\/fr\/product\/selective-soldering-machine-smartflow-2020\/"]}]},{"@type":"BreadcrumbList","@id":"https:\/\/smans.com\/fr\/product\/selective-soldering-machine-smartflow-2020\/#breadcrumb","itemListElement":[{"@type":"ListItem","position":1,"name":"Home","item":"https:\/\/smans.com\/fr\/"},{"@type":"ListItem","position":2,"name":"Boutique","item":"https:\/\/smans.com\/nl\/shop\/"},{"@type":"ListItem","position":3,"name":"Ersa - Selective Soldering Machine SMARTFLOW 2020"}]},{"@type":"WebSite","@id":"https:\/\/smans.com\/nl\/#website","url":"https:\/\/smans.com\/nl\/","name":"Smans","description":"","publisher":{"@id":"https:\/\/smans.com\/nl\/#organization"},"potentialAction":[{"@type":"SearchAction","target":{"@type":"EntryPoint","urlTemplate":"https:\/\/smans.com\/nl\/?s={search_term_string}"},"query-input":{"@type":"PropertyValueSpecification","valueRequired":true,"valueName":"search_term_string"}}],"inLanguage":"fr-FR"},{"@type":"Organization","@id":"https:\/\/smans.com\/nl\/#organization","name":"Smans","url":"https:\/\/smans.com\/nl\/","logo":{"@type":"ImageObject","inLanguage":"fr-FR","@id":"https:\/\/smans.com\/nl\/#\/schema\/logo\/image\/","url":"https:\/\/smans.com\/wp-content\/uploads\/2023\/09\/logo.svg","contentUrl":"https:\/\/smans.com\/wp-content\/uploads\/2023\/09\/logo.svg","caption":"Smans"},"image":{"@id":"https:\/\/smans.com\/nl\/#\/schema\/logo\/image\/"}}]}},"brands":[{"id":18232,"name":"Ersa","slug":"brand-ersa-fr"}],"_links":{"self":[{"href":"https:\/\/smans.com\/fr\/wp-json\/wp\/v2\/product\/24000","targetHints":{"allow":["GET"]}}],"collection":[{"href":"https:\/\/smans.com\/fr\/wp-json\/wp\/v2\/product"}],"about":[{"href":"https:\/\/smans.com\/fr\/wp-json\/wp\/v2\/types\/product"}],"wp:attachment":[{"href":"https:\/\/smans.com\/fr\/wp-json\/wp\/v2\/media?parent=24000"}],"wp:term":[{"taxonomy":"pwb-brand","embeddable":true,"href":"https:\/\/smans.com\/fr\/wp-json\/wp\/v2\/pwb-brand?post=24000"},{"taxonomy":"product_brand","embeddable":true,"href":"https:\/\/smans.com\/fr\/wp-json\/wp\/v2\/product_brand?post=24000"},{"taxonomy":"product_cat","embeddable":true,"href":"https:\/\/smans.com\/fr\/wp-json\/wp\/v2\/product_cat?post=24000"},{"taxonomy":"product_tag","embeddable":true,"href":"https:\/\/smans.com\/fr\/wp-json\/wp\/v2\/product_tag?post=24000"}],"curies":[{"name":"wp","href":"https:\/\/api.w.org\/{rel}","templated":true}]}}