{"id":24003,"date":"2024-06-09T17:23:46","date_gmt":"2024-06-09T15:23:46","guid":{"rendered":"https:\/\/smans.com\/product\/selective-soldering-machine-versaflow-4-55\/"},"modified":"2026-04-09T12:45:25","modified_gmt":"2026-04-09T10:45:25","slug":"selective-soldering-machine-versaflow-4-55","status":"publish","type":"product","link":"https:\/\/smans.com\/fr\/product\/selective-soldering-machine-versaflow-4-55\/","title":{"rendered":"Ersa - Selective Soldering Machine VERSAFLOW 4\/55"},"content":{"rendered":"<p>Le VERSAFLOW 4\/55 est le produit phare de la s\u00e9rie VERSAFLOW 4 prim\u00e9e d&rsquo;Ersa et est consid\u00e9r\u00e9 comme le non plus ultra en mati\u00e8re de soudage s\u00e9lectif en ligne. Ce syst\u00e8me de soudage haut de gamme offre une flexibilit\u00e9 in\u00e9gal\u00e9e gr\u00e2ce au concept modulaire d&rsquo;Ersa et combine une s\u00e9curit\u00e9 maximale des processus avec une qualit\u00e9 de soudage exceptionnelle.<\/p>\n<p>Con\u00e7u aussi bien pour les grandes s\u00e9ries \u00e0 faible variation de produits (Low Mix, High Volume) que pour les petites s\u00e9ries avec des changements fr\u00e9quents de produits (High Mix, Low Volume), le VERSAFLOW 4\/55 s&rsquo;adapte sans difficult\u00e9 \u00e0 tout environnement de production. La machine dispose d&rsquo;un mouvement variable Y\/Z \u00e0 double pot, d&rsquo;une convection forc\u00e9e, d&rsquo;une activation automatique de la buse et d&rsquo;une interface ERSASOFT 5 intuitive avec CAD Assistant 4 int\u00e9gr\u00e9 pour des r\u00e9glages de programme rapides et sans erreur.<\/p>\n<p>Avec ses possibilit\u00e9s de configuration quasi illimit\u00e9es, la VERSAFLOW 4\/55 est enti\u00e8rement \u00e9volutive et peut \u00eatre facilement adapt\u00e9e aux besoins individuels des clients. Le syst\u00e8me est certifi\u00e9 IPC-CFX, ce qui garantit une tra\u00e7abilit\u00e9 compl\u00e8te et une compatibilit\u00e9 avec les environnements Industry 4.0. De plus, le traitement parall\u00e8le permet un d\u00e9bit jusqu&rsquo;\u00e0 trois fois sup\u00e9rieur sans compromettre la flexibilit\u00e9.<\/p>\n<p>En r\u00e9sum\u00e9 : le VERSAFLOW 4\/55 offre une qualit\u00e9 optimale, une efficacit\u00e9 maximale et un contr\u00f4le des processus \u2014 une solution d&rsquo;avenir pour tout fabricant d&rsquo;\u00e9lectronique professionnel qui exige le plus haut niveau de soudage s\u00e9lectif.<\/p>\n","protected":false},"excerpt":{"rendered":"<p>The Non-Plus-Ultra in Selective Soldering &#8211; Inline Selective Soldering now even better!<\/p>\n","protected":false},"featured_media":0,"template":"","meta":{"_acf_changed":false},"pwb-brand":[18232],"product_brand":[],"product_cat":[17991,18012,18099],"product_tag":[],"class_list":{"0":"post-24003","1":"product","2":"type-product","3":"status-publish","5":"pwb-brand-brand-ersa-fr","6":"product_cat-electronique-fr","7":"product_cat-equipement-d-assemblage-tht-fr","8":"product_cat-soldering-fr-2","10":"first","11":"instock","12":"taxable","13":"shipping-taxable","14":"product-type-simple"},"acf":[],"yoast_head":"<!-- This site is optimized with the Yoast SEO plugin v27.1.1 - https:\/\/yoast.com\/product\/yoast-seo-wordpress\/ -->\n<title>Selective Soldering Machine VERSAFLOW 4\/55 - Smans<\/title>\n<meta name=\"robots\" content=\"index, follow, max-snippet:-1, max-image-preview:large, max-video-preview:-1\" \/>\n<link rel=\"canonical\" href=\"https:\/\/smans.com\/fr\/product\/selective-soldering-machine-versaflow-4-55\/\" \/>\n<meta property=\"og:locale\" content=\"fr_FR\" \/>\n<meta property=\"og:type\" content=\"article\" \/>\n<meta property=\"og:title\" content=\"Selective Soldering Machine VERSAFLOW 4\/55 - Smans\" \/>\n<meta property=\"og:description\" content=\"The Non-Plus-Ultra in Selective Soldering - Inline Selective Soldering now even better!\" \/>\n<meta property=\"og:url\" content=\"https:\/\/smans.com\/fr\/product\/selective-soldering-machine-versaflow-4-55\/\" \/>\n<meta property=\"og:site_name\" content=\"Smans\" \/>\n<meta property=\"article:modified_time\" content=\"2026-04-09T10:45:25+00:00\" \/>\n<meta name=\"twitter:card\" content=\"summary_large_image\" \/>\n<meta name=\"twitter:label1\" content=\"Dur\u00e9e de lecture estim\u00e9e\" \/>\n\t<meta name=\"twitter:data1\" content=\"1 minute\" \/>\n<script type=\"application\/ld+json\" class=\"yoast-schema-graph\">{\"@context\":\"https:\/\/schema.org\",\"@graph\":[{\"@type\":\"WebPage\",\"@id\":\"https:\/\/smans.com\/fr\/product\/selective-soldering-machine-versaflow-4-55\/\",\"url\":\"https:\/\/smans.com\/fr\/product\/selective-soldering-machine-versaflow-4-55\/\",\"name\":\"Selective Soldering Machine VERSAFLOW 4\/55 - Smans\",\"isPartOf\":{\"@id\":\"https:\/\/smans.com\/nl\/#website\"},\"datePublished\":\"2024-06-09T15:23:46+00:00\",\"dateModified\":\"2026-04-09T10:45:25+00:00\",\"breadcrumb\":{\"@id\":\"https:\/\/smans.com\/fr\/product\/selective-soldering-machine-versaflow-4-55\/#breadcrumb\"},\"inLanguage\":\"fr-FR\",\"potentialAction\":[{\"@type\":\"ReadAction\",\"target\":[\"https:\/\/smans.com\/fr\/product\/selective-soldering-machine-versaflow-4-55\/\"]}]},{\"@type\":\"BreadcrumbList\",\"@id\":\"https:\/\/smans.com\/fr\/product\/selective-soldering-machine-versaflow-4-55\/#breadcrumb\",\"itemListElement\":[{\"@type\":\"ListItem\",\"position\":1,\"name\":\"Home\",\"item\":\"https:\/\/smans.com\/fr\/\"},{\"@type\":\"ListItem\",\"position\":2,\"name\":\"Boutique\",\"item\":\"https:\/\/smans.com\/nl\/shop\/\"},{\"@type\":\"ListItem\",\"position\":3,\"name\":\"Ersa - Selective Soldering Machine VERSAFLOW 4\/55\"}]},{\"@type\":\"WebSite\",\"@id\":\"https:\/\/smans.com\/nl\/#website\",\"url\":\"https:\/\/smans.com\/nl\/\",\"name\":\"Smans\",\"description\":\"\",\"publisher\":{\"@id\":\"https:\/\/smans.com\/nl\/#organization\"},\"potentialAction\":[{\"@type\":\"SearchAction\",\"target\":{\"@type\":\"EntryPoint\",\"urlTemplate\":\"https:\/\/smans.com\/nl\/?s={search_term_string}\"},\"query-input\":{\"@type\":\"PropertyValueSpecification\",\"valueRequired\":true,\"valueName\":\"search_term_string\"}}],\"inLanguage\":\"fr-FR\"},{\"@type\":\"Organization\",\"@id\":\"https:\/\/smans.com\/nl\/#organization\",\"name\":\"Smans\",\"url\":\"https:\/\/smans.com\/nl\/\",\"logo\":{\"@type\":\"ImageObject\",\"inLanguage\":\"fr-FR\",\"@id\":\"https:\/\/smans.com\/nl\/#\/schema\/logo\/image\/\",\"url\":\"https:\/\/smans.com\/wp-content\/uploads\/2023\/09\/logo.svg\",\"contentUrl\":\"https:\/\/smans.com\/wp-content\/uploads\/2023\/09\/logo.svg\",\"caption\":\"Smans\"},\"image\":{\"@id\":\"https:\/\/smans.com\/nl\/#\/schema\/logo\/image\/\"}}]}<\/script>\n<!-- \/ Yoast SEO plugin. -->","yoast_head_json":{"title":"Selective Soldering Machine VERSAFLOW 4\/55 - Smans","robots":{"index":"index","follow":"follow","max-snippet":"max-snippet:-1","max-image-preview":"max-image-preview:large","max-video-preview":"max-video-preview:-1"},"canonical":"https:\/\/smans.com\/fr\/product\/selective-soldering-machine-versaflow-4-55\/","og_locale":"fr_FR","og_type":"article","og_title":"Selective Soldering Machine VERSAFLOW 4\/55 - Smans","og_description":"The Non-Plus-Ultra in Selective Soldering - Inline Selective Soldering now even better!","og_url":"https:\/\/smans.com\/fr\/product\/selective-soldering-machine-versaflow-4-55\/","og_site_name":"Smans","article_modified_time":"2026-04-09T10:45:25+00:00","twitter_card":"summary_large_image","twitter_misc":{"Dur\u00e9e de lecture estim\u00e9e":"1 minute"},"schema":{"@context":"https:\/\/schema.org","@graph":[{"@type":"WebPage","@id":"https:\/\/smans.com\/fr\/product\/selective-soldering-machine-versaflow-4-55\/","url":"https:\/\/smans.com\/fr\/product\/selective-soldering-machine-versaflow-4-55\/","name":"Selective Soldering Machine VERSAFLOW 4\/55 - Smans","isPartOf":{"@id":"https:\/\/smans.com\/nl\/#website"},"datePublished":"2024-06-09T15:23:46+00:00","dateModified":"2026-04-09T10:45:25+00:00","breadcrumb":{"@id":"https:\/\/smans.com\/fr\/product\/selective-soldering-machine-versaflow-4-55\/#breadcrumb"},"inLanguage":"fr-FR","potentialAction":[{"@type":"ReadAction","target":["https:\/\/smans.com\/fr\/product\/selective-soldering-machine-versaflow-4-55\/"]}]},{"@type":"BreadcrumbList","@id":"https:\/\/smans.com\/fr\/product\/selective-soldering-machine-versaflow-4-55\/#breadcrumb","itemListElement":[{"@type":"ListItem","position":1,"name":"Home","item":"https:\/\/smans.com\/fr\/"},{"@type":"ListItem","position":2,"name":"Boutique","item":"https:\/\/smans.com\/nl\/shop\/"},{"@type":"ListItem","position":3,"name":"Ersa - Selective Soldering Machine VERSAFLOW 4\/55"}]},{"@type":"WebSite","@id":"https:\/\/smans.com\/nl\/#website","url":"https:\/\/smans.com\/nl\/","name":"Smans","description":"","publisher":{"@id":"https:\/\/smans.com\/nl\/#organization"},"potentialAction":[{"@type":"SearchAction","target":{"@type":"EntryPoint","urlTemplate":"https:\/\/smans.com\/nl\/?s={search_term_string}"},"query-input":{"@type":"PropertyValueSpecification","valueRequired":true,"valueName":"search_term_string"}}],"inLanguage":"fr-FR"},{"@type":"Organization","@id":"https:\/\/smans.com\/nl\/#organization","name":"Smans","url":"https:\/\/smans.com\/nl\/","logo":{"@type":"ImageObject","inLanguage":"fr-FR","@id":"https:\/\/smans.com\/nl\/#\/schema\/logo\/image\/","url":"https:\/\/smans.com\/wp-content\/uploads\/2023\/09\/logo.svg","contentUrl":"https:\/\/smans.com\/wp-content\/uploads\/2023\/09\/logo.svg","caption":"Smans"},"image":{"@id":"https:\/\/smans.com\/nl\/#\/schema\/logo\/image\/"}}]}},"brands":[{"id":18232,"name":"Ersa","slug":"brand-ersa-fr"}],"_links":{"self":[{"href":"https:\/\/smans.com\/fr\/wp-json\/wp\/v2\/product\/24003","targetHints":{"allow":["GET"]}}],"collection":[{"href":"https:\/\/smans.com\/fr\/wp-json\/wp\/v2\/product"}],"about":[{"href":"https:\/\/smans.com\/fr\/wp-json\/wp\/v2\/types\/product"}],"wp:attachment":[{"href":"https:\/\/smans.com\/fr\/wp-json\/wp\/v2\/media?parent=24003"}],"wp:term":[{"taxonomy":"pwb-brand","embeddable":true,"href":"https:\/\/smans.com\/fr\/wp-json\/wp\/v2\/pwb-brand?post=24003"},{"taxonomy":"product_brand","embeddable":true,"href":"https:\/\/smans.com\/fr\/wp-json\/wp\/v2\/product_brand?post=24003"},{"taxonomy":"product_cat","embeddable":true,"href":"https:\/\/smans.com\/fr\/wp-json\/wp\/v2\/product_cat?post=24003"},{"taxonomy":"product_tag","embeddable":true,"href":"https:\/\/smans.com\/fr\/wp-json\/wp\/v2\/product_tag?post=24003"}],"curies":[{"name":"wp","href":"https:\/\/api.w.org\/{rel}","templated":true}]}}