{"id":24009,"date":"2024-06-09T17:24:02","date_gmt":"2024-06-09T15:24:02","guid":{"rendered":"https:\/\/smans.com\/product\/selective-soldering-versaflow-3-66-xl\/"},"modified":"2026-04-05T11:55:59","modified_gmt":"2026-04-05T09:55:59","slug":"selective-soldering-versaflow-3-66-xl","status":"publish","type":"product","link":"https:\/\/smans.com\/fr\/product\/selective-soldering-versaflow-3-66-xl\/","title":{"rendered":"Ersa - Selective Soldering VERSAFLOW 3\/66 XL"},"content":{"rendered":"<p>Le VERSAFLOW 3\/66 XL est le syst\u00e8me de soudage s\u00e9lectif haut de gamme d&rsquo;Ersa, sp\u00e9cialement d\u00e9velopp\u00e9 pour les assemblages au format XL. <strong>Les cartes de circuits imprim\u00e9s jusqu&rsquo;\u00e0 3 000 mm de long et 610 mm de large<\/strong> sont trait\u00e9es sans effort, avec une pr\u00e9cision et une fiabilit\u00e9 maximales. Cela fait du VERSAFLOW 3\/66 XL la solution parfaite pour les fabricants de modules \u00e9lectroniques complexes et de grande taille, tels que les alimentations, les panneaux LED et les syst\u00e8mes de commande.<\/p>\n<p>En fonction de l&rsquo;application et de la vitesse de traitement souhait\u00e9e, le syst\u00e8me peut \u00eatre compl\u00e9t\u00e9 par des modules suppl\u00e9mentaires de flux, de pr\u00e9chauffage et de soudage. La machine peut contenir jusqu&rsquo;\u00e0 trois modules de soudage, chacun \u00e9quip\u00e9 d&rsquo;un ou deux pots \u00e0 onde unique, ce qui permet d&rsquo;adapter la configuration et la capacit\u00e9 aux besoins de production.<\/p>\n<p>La technologie mini-onde garantit une pr\u00e9cision maximale, tandis que le soudage multi-onde est id\u00e9al pour les applications \u00e0 grand volume. Gr\u00e2ce \u00e0 la structure parall\u00e8le du processus, dans laquelle le flux, le pr\u00e9chauffage et le soudage s&rsquo;effectuent ind\u00e9pendamment, les changements de produit sont possibles sans temps d&rsquo;arr\u00eat.<\/p>\n<p>Avec jusqu&rsquo;\u00e0 quatre t\u00eates de pulv\u00e9risation, cinq modules de chauffage inf\u00e9rieur (en option avec chauffage par convection sup\u00e9rieur) et une conception enti\u00e8rement modulaire, le VERSAFLOW 3\/66 XL s&rsquo;int\u00e8gre parfaitement dans les lignes de production en ligne modernes. Le r\u00e9sultat : une qualit\u00e9 sup\u00e9rieure, un d\u00e9bit maximal et une stabilit\u00e9 de processus optimale pour le soudage de cartes de circuits imprim\u00e9s extra-larges.<\/p>\n","protected":false},"excerpt":{"rendered":"<p>Modular machine platform for processing PCBs with max. length of 3,000 mm<\/p>\n","protected":false},"featured_media":0,"template":"","meta":{"_acf_changed":false},"pwb-brand":[18232],"product_brand":[],"product_cat":[17991,18012,18099],"product_tag":[],"class_list":{"0":"post-24009","1":"product","2":"type-product","3":"status-publish","5":"pwb-brand-brand-ersa-fr","6":"product_cat-electronique-fr","7":"product_cat-equipement-d-assemblage-tht-fr","8":"product_cat-soldering-fr-2","10":"first","11":"instock","12":"taxable","13":"shipping-taxable","14":"product-type-simple"},"acf":[],"yoast_head":"<!-- This site is optimized with the Yoast SEO plugin v27.1.1 - https:\/\/yoast.com\/product\/yoast-seo-wordpress\/ -->\n<title>Selective Soldering VERSAFLOW 3\/66 XL - Smans<\/title>\n<meta name=\"robots\" content=\"index, follow, max-snippet:-1, max-image-preview:large, max-video-preview:-1\" \/>\n<link rel=\"canonical\" href=\"https:\/\/smans.com\/fr\/product\/selective-soldering-versaflow-3-66-xl\/\" \/>\n<meta property=\"og:locale\" content=\"fr_FR\" \/>\n<meta property=\"og:type\" content=\"article\" \/>\n<meta property=\"og:title\" content=\"Selective Soldering VERSAFLOW 3\/66 XL - Smans\" \/>\n<meta property=\"og:description\" content=\"Modular machine platform for processing PCBs with max. length of 3,000 mm\" \/>\n<meta property=\"og:url\" content=\"https:\/\/smans.com\/fr\/product\/selective-soldering-versaflow-3-66-xl\/\" \/>\n<meta property=\"og:site_name\" content=\"Smans\" \/>\n<meta property=\"article:modified_time\" content=\"2026-04-05T09:55:59+00:00\" \/>\n<meta name=\"twitter:card\" content=\"summary_large_image\" \/>\n<meta name=\"twitter:label1\" content=\"Dur\u00e9e de lecture estim\u00e9e\" \/>\n\t<meta name=\"twitter:data1\" content=\"1 minute\" \/>\n<script type=\"application\/ld+json\" class=\"yoast-schema-graph\">{\"@context\":\"https:\/\/schema.org\",\"@graph\":[{\"@type\":\"WebPage\",\"@id\":\"https:\/\/smans.com\/fr\/product\/selective-soldering-versaflow-3-66-xl\/\",\"url\":\"https:\/\/smans.com\/fr\/product\/selective-soldering-versaflow-3-66-xl\/\",\"name\":\"Selective Soldering VERSAFLOW 3\/66 XL - Smans\",\"isPartOf\":{\"@id\":\"https:\/\/smans.com\/nl\/#website\"},\"datePublished\":\"2024-06-09T15:24:02+00:00\",\"dateModified\":\"2026-04-05T09:55:59+00:00\",\"breadcrumb\":{\"@id\":\"https:\/\/smans.com\/fr\/product\/selective-soldering-versaflow-3-66-xl\/#breadcrumb\"},\"inLanguage\":\"fr-FR\",\"potentialAction\":[{\"@type\":\"ReadAction\",\"target\":[\"https:\/\/smans.com\/fr\/product\/selective-soldering-versaflow-3-66-xl\/\"]}]},{\"@type\":\"BreadcrumbList\",\"@id\":\"https:\/\/smans.com\/fr\/product\/selective-soldering-versaflow-3-66-xl\/#breadcrumb\",\"itemListElement\":[{\"@type\":\"ListItem\",\"position\":1,\"name\":\"Home\",\"item\":\"https:\/\/smans.com\/fr\/\"},{\"@type\":\"ListItem\",\"position\":2,\"name\":\"Boutique\",\"item\":\"https:\/\/smans.com\/nl\/shop\/\"},{\"@type\":\"ListItem\",\"position\":3,\"name\":\"Ersa - Selective Soldering VERSAFLOW 3\/66 XL\"}]},{\"@type\":\"WebSite\",\"@id\":\"https:\/\/smans.com\/nl\/#website\",\"url\":\"https:\/\/smans.com\/nl\/\",\"name\":\"Smans\",\"description\":\"\",\"publisher\":{\"@id\":\"https:\/\/smans.com\/nl\/#organization\"},\"potentialAction\":[{\"@type\":\"SearchAction\",\"target\":{\"@type\":\"EntryPoint\",\"urlTemplate\":\"https:\/\/smans.com\/nl\/?s={search_term_string}\"},\"query-input\":{\"@type\":\"PropertyValueSpecification\",\"valueRequired\":true,\"valueName\":\"search_term_string\"}}],\"inLanguage\":\"fr-FR\"},{\"@type\":\"Organization\",\"@id\":\"https:\/\/smans.com\/nl\/#organization\",\"name\":\"Smans\",\"url\":\"https:\/\/smans.com\/nl\/\",\"logo\":{\"@type\":\"ImageObject\",\"inLanguage\":\"fr-FR\",\"@id\":\"https:\/\/smans.com\/nl\/#\/schema\/logo\/image\/\",\"url\":\"https:\/\/smans.com\/wp-content\/uploads\/2023\/09\/logo.svg\",\"contentUrl\":\"https:\/\/smans.com\/wp-content\/uploads\/2023\/09\/logo.svg\",\"caption\":\"Smans\"},\"image\":{\"@id\":\"https:\/\/smans.com\/nl\/#\/schema\/logo\/image\/\"}}]}<\/script>\n<!-- \/ Yoast SEO plugin. -->","yoast_head_json":{"title":"Selective Soldering VERSAFLOW 3\/66 XL - Smans","robots":{"index":"index","follow":"follow","max-snippet":"max-snippet:-1","max-image-preview":"max-image-preview:large","max-video-preview":"max-video-preview:-1"},"canonical":"https:\/\/smans.com\/fr\/product\/selective-soldering-versaflow-3-66-xl\/","og_locale":"fr_FR","og_type":"article","og_title":"Selective Soldering VERSAFLOW 3\/66 XL - Smans","og_description":"Modular machine platform for processing PCBs with max. length of 3,000 mm","og_url":"https:\/\/smans.com\/fr\/product\/selective-soldering-versaflow-3-66-xl\/","og_site_name":"Smans","article_modified_time":"2026-04-05T09:55:59+00:00","twitter_card":"summary_large_image","twitter_misc":{"Dur\u00e9e de lecture estim\u00e9e":"1 minute"},"schema":{"@context":"https:\/\/schema.org","@graph":[{"@type":"WebPage","@id":"https:\/\/smans.com\/fr\/product\/selective-soldering-versaflow-3-66-xl\/","url":"https:\/\/smans.com\/fr\/product\/selective-soldering-versaflow-3-66-xl\/","name":"Selective Soldering VERSAFLOW 3\/66 XL - Smans","isPartOf":{"@id":"https:\/\/smans.com\/nl\/#website"},"datePublished":"2024-06-09T15:24:02+00:00","dateModified":"2026-04-05T09:55:59+00:00","breadcrumb":{"@id":"https:\/\/smans.com\/fr\/product\/selective-soldering-versaflow-3-66-xl\/#breadcrumb"},"inLanguage":"fr-FR","potentialAction":[{"@type":"ReadAction","target":["https:\/\/smans.com\/fr\/product\/selective-soldering-versaflow-3-66-xl\/"]}]},{"@type":"BreadcrumbList","@id":"https:\/\/smans.com\/fr\/product\/selective-soldering-versaflow-3-66-xl\/#breadcrumb","itemListElement":[{"@type":"ListItem","position":1,"name":"Home","item":"https:\/\/smans.com\/fr\/"},{"@type":"ListItem","position":2,"name":"Boutique","item":"https:\/\/smans.com\/nl\/shop\/"},{"@type":"ListItem","position":3,"name":"Ersa - Selective Soldering VERSAFLOW 3\/66 XL"}]},{"@type":"WebSite","@id":"https:\/\/smans.com\/nl\/#website","url":"https:\/\/smans.com\/nl\/","name":"Smans","description":"","publisher":{"@id":"https:\/\/smans.com\/nl\/#organization"},"potentialAction":[{"@type":"SearchAction","target":{"@type":"EntryPoint","urlTemplate":"https:\/\/smans.com\/nl\/?s={search_term_string}"},"query-input":{"@type":"PropertyValueSpecification","valueRequired":true,"valueName":"search_term_string"}}],"inLanguage":"fr-FR"},{"@type":"Organization","@id":"https:\/\/smans.com\/nl\/#organization","name":"Smans","url":"https:\/\/smans.com\/nl\/","logo":{"@type":"ImageObject","inLanguage":"fr-FR","@id":"https:\/\/smans.com\/nl\/#\/schema\/logo\/image\/","url":"https:\/\/smans.com\/wp-content\/uploads\/2023\/09\/logo.svg","contentUrl":"https:\/\/smans.com\/wp-content\/uploads\/2023\/09\/logo.svg","caption":"Smans"},"image":{"@id":"https:\/\/smans.com\/nl\/#\/schema\/logo\/image\/"}}]}},"brands":[{"id":18232,"name":"Ersa","slug":"brand-ersa-fr"}],"_links":{"self":[{"href":"https:\/\/smans.com\/fr\/wp-json\/wp\/v2\/product\/24009","targetHints":{"allow":["GET"]}}],"collection":[{"href":"https:\/\/smans.com\/fr\/wp-json\/wp\/v2\/product"}],"about":[{"href":"https:\/\/smans.com\/fr\/wp-json\/wp\/v2\/types\/product"}],"wp:attachment":[{"href":"https:\/\/smans.com\/fr\/wp-json\/wp\/v2\/media?parent=24009"}],"wp:term":[{"taxonomy":"pwb-brand","embeddable":true,"href":"https:\/\/smans.com\/fr\/wp-json\/wp\/v2\/pwb-brand?post=24009"},{"taxonomy":"product_brand","embeddable":true,"href":"https:\/\/smans.com\/fr\/wp-json\/wp\/v2\/product_brand?post=24009"},{"taxonomy":"product_cat","embeddable":true,"href":"https:\/\/smans.com\/fr\/wp-json\/wp\/v2\/product_cat?post=24009"},{"taxonomy":"product_tag","embeddable":true,"href":"https:\/\/smans.com\/fr\/wp-json\/wp\/v2\/product_tag?post=24009"}],"curies":[{"name":"wp","href":"https:\/\/api.w.org\/{rel}","templated":true}]}}