{"id":24012,"date":"2024-06-09T17:24:04","date_gmt":"2024-06-09T15:24:04","guid":{"rendered":"https:\/\/smans.com\/product\/selective-soldering-versaflow-3-66\/"},"modified":"2026-04-09T12:46:08","modified_gmt":"2026-04-09T10:46:08","slug":"selective-soldering-versaflow-3-66","status":"publish","type":"product","link":"https:\/\/smans.com\/fr\/product\/selective-soldering-versaflow-3-66\/","title":{"rendered":"Ersa - Selective Soldering VERSAFLOW 3\/66"},"content":{"rendered":"<p>Le VERSAFLOW 3\/66 fait partie de la troisi\u00e8me g\u00e9n\u00e9ration de syst\u00e8mes Ersa et a \u00e9t\u00e9 sp\u00e9cialement d\u00e9velopp\u00e9 pour le soudage s\u00e9lectif de grandes cartes de circuits imprim\u00e9s jusqu&rsquo;\u00e0 610 x 610 mm. Ce syst\u00e8me de soudage haut de gamme combine une flexibilit\u00e9 maximale avec une excellente stabilit\u00e9 de processus, ce qui le rend id\u00e9al pour la production \u00e9lectronique exigeante dans le segment XL.<\/p>\n<p>En fonction de la t\u00e2che de soudage et de la vitesse de passage souhait\u00e9e, le VERSAFLOW 3\/66 peut \u00eatre \u00e9quip\u00e9 de modules suppl\u00e9mentaires de flux, de pr\u00e9chauffage et de soudage. Il est possible d&rsquo;int\u00e9grer jusqu&rsquo;\u00e0 trois modules de soudage, chacun \u00e9quip\u00e9 d&rsquo;un ou deux pots \u00e0 onde unique pour une configuration optimale par application.<\/p>\n<p>La machine offre \u00e0 la fois une technologie de soudage mini-wave pour une pr\u00e9cision maximale et des options multi-wave pour la production \u00e0 grand volume. Gr\u00e2ce \u00e0 la structure parall\u00e8le du processus \u2013 dans laquelle le flux, le pr\u00e9chauffage et le soudage s&rsquo;effectuent ind\u00e9pendamment \u2013 les changements de produit sont possibles sans temps d&rsquo;arr\u00eat.<\/p>\n<p>Avec jusqu&rsquo;\u00e0 quatre t\u00eates de pulv\u00e9risation, cinq modules de chauffage par le bas (avec chauffage par convection en haut en option) et une conception enti\u00e8rement modulaire, la VERSAFLOW 3\/66 s&rsquo;int\u00e8gre facilement dans les lignes de production en ligne modernes. Le r\u00e9sultat : une qualit\u00e9 de soudage optimale, un d\u00e9bit maximal et une s\u00e9curit\u00e9 de processus absolue, m\u00eame pour les assemblages complexes et de grande taille.<\/p>\n","protected":false},"excerpt":{"rendered":"<p>Modularity for highly flexible selective soldering of XL boards<\/p>\n","protected":false},"featured_media":0,"template":"","meta":{"_acf_changed":false},"pwb-brand":[18232],"product_brand":[],"product_cat":[17991,18012,18099],"product_tag":[],"class_list":{"0":"post-24012","1":"product","2":"type-product","3":"status-publish","5":"pwb-brand-brand-ersa-fr","6":"product_cat-electronique-fr","7":"product_cat-equipement-d-assemblage-tht-fr","8":"product_cat-soldering-fr-2","10":"first","11":"instock","12":"taxable","13":"shipping-taxable","14":"product-type-simple"},"acf":[],"yoast_head":"<!-- This site is optimized with the Yoast SEO plugin v27.1.1 - https:\/\/yoast.com\/product\/yoast-seo-wordpress\/ -->\n<title>Selective Soldering VERSAFLOW 3\/66 - Smans<\/title>\n<meta name=\"robots\" content=\"index, follow, max-snippet:-1, max-image-preview:large, max-video-preview:-1\" \/>\n<link rel=\"canonical\" href=\"https:\/\/smans.com\/fr\/product\/selective-soldering-versaflow-3-66\/\" \/>\n<meta property=\"og:locale\" content=\"fr_FR\" \/>\n<meta property=\"og:type\" content=\"article\" \/>\n<meta property=\"og:title\" content=\"Selective Soldering VERSAFLOW 3\/66 - Smans\" \/>\n<meta property=\"og:description\" content=\"Modularity for highly flexible selective soldering of XL boards\" \/>\n<meta property=\"og:url\" content=\"https:\/\/smans.com\/fr\/product\/selective-soldering-versaflow-3-66\/\" \/>\n<meta property=\"og:site_name\" content=\"Smans\" \/>\n<meta property=\"article:modified_time\" content=\"2026-04-09T10:46:08+00:00\" \/>\n<meta name=\"twitter:card\" content=\"summary_large_image\" \/>\n<meta name=\"twitter:label1\" content=\"Dur\u00e9e de lecture estim\u00e9e\" \/>\n\t<meta name=\"twitter:data1\" content=\"1 minute\" \/>\n<script type=\"application\/ld+json\" class=\"yoast-schema-graph\">{\"@context\":\"https:\/\/schema.org\",\"@graph\":[{\"@type\":\"WebPage\",\"@id\":\"https:\/\/smans.com\/fr\/product\/selective-soldering-versaflow-3-66\/\",\"url\":\"https:\/\/smans.com\/fr\/product\/selective-soldering-versaflow-3-66\/\",\"name\":\"Selective Soldering VERSAFLOW 3\/66 - Smans\",\"isPartOf\":{\"@id\":\"https:\/\/smans.com\/nl\/#website\"},\"datePublished\":\"2024-06-09T15:24:04+00:00\",\"dateModified\":\"2026-04-09T10:46:08+00:00\",\"breadcrumb\":{\"@id\":\"https:\/\/smans.com\/fr\/product\/selective-soldering-versaflow-3-66\/#breadcrumb\"},\"inLanguage\":\"fr-FR\",\"potentialAction\":[{\"@type\":\"ReadAction\",\"target\":[\"https:\/\/smans.com\/fr\/product\/selective-soldering-versaflow-3-66\/\"]}]},{\"@type\":\"BreadcrumbList\",\"@id\":\"https:\/\/smans.com\/fr\/product\/selective-soldering-versaflow-3-66\/#breadcrumb\",\"itemListElement\":[{\"@type\":\"ListItem\",\"position\":1,\"name\":\"Home\",\"item\":\"https:\/\/smans.com\/fr\/\"},{\"@type\":\"ListItem\",\"position\":2,\"name\":\"Boutique\",\"item\":\"https:\/\/smans.com\/nl\/shop\/\"},{\"@type\":\"ListItem\",\"position\":3,\"name\":\"Ersa - Selective Soldering VERSAFLOW 3\/66\"}]},{\"@type\":\"WebSite\",\"@id\":\"https:\/\/smans.com\/nl\/#website\",\"url\":\"https:\/\/smans.com\/nl\/\",\"name\":\"Smans\",\"description\":\"\",\"publisher\":{\"@id\":\"https:\/\/smans.com\/nl\/#organization\"},\"potentialAction\":[{\"@type\":\"SearchAction\",\"target\":{\"@type\":\"EntryPoint\",\"urlTemplate\":\"https:\/\/smans.com\/nl\/?s={search_term_string}\"},\"query-input\":{\"@type\":\"PropertyValueSpecification\",\"valueRequired\":true,\"valueName\":\"search_term_string\"}}],\"inLanguage\":\"fr-FR\"},{\"@type\":\"Organization\",\"@id\":\"https:\/\/smans.com\/nl\/#organization\",\"name\":\"Smans\",\"url\":\"https:\/\/smans.com\/nl\/\",\"logo\":{\"@type\":\"ImageObject\",\"inLanguage\":\"fr-FR\",\"@id\":\"https:\/\/smans.com\/nl\/#\/schema\/logo\/image\/\",\"url\":\"https:\/\/smans.com\/wp-content\/uploads\/2023\/09\/logo.svg\",\"contentUrl\":\"https:\/\/smans.com\/wp-content\/uploads\/2023\/09\/logo.svg\",\"caption\":\"Smans\"},\"image\":{\"@id\":\"https:\/\/smans.com\/nl\/#\/schema\/logo\/image\/\"}}]}<\/script>\n<!-- \/ Yoast SEO plugin. -->","yoast_head_json":{"title":"Selective Soldering VERSAFLOW 3\/66 - Smans","robots":{"index":"index","follow":"follow","max-snippet":"max-snippet:-1","max-image-preview":"max-image-preview:large","max-video-preview":"max-video-preview:-1"},"canonical":"https:\/\/smans.com\/fr\/product\/selective-soldering-versaflow-3-66\/","og_locale":"fr_FR","og_type":"article","og_title":"Selective Soldering VERSAFLOW 3\/66 - Smans","og_description":"Modularity for highly flexible selective soldering of XL boards","og_url":"https:\/\/smans.com\/fr\/product\/selective-soldering-versaflow-3-66\/","og_site_name":"Smans","article_modified_time":"2026-04-09T10:46:08+00:00","twitter_card":"summary_large_image","twitter_misc":{"Dur\u00e9e de lecture estim\u00e9e":"1 minute"},"schema":{"@context":"https:\/\/schema.org","@graph":[{"@type":"WebPage","@id":"https:\/\/smans.com\/fr\/product\/selective-soldering-versaflow-3-66\/","url":"https:\/\/smans.com\/fr\/product\/selective-soldering-versaflow-3-66\/","name":"Selective Soldering VERSAFLOW 3\/66 - Smans","isPartOf":{"@id":"https:\/\/smans.com\/nl\/#website"},"datePublished":"2024-06-09T15:24:04+00:00","dateModified":"2026-04-09T10:46:08+00:00","breadcrumb":{"@id":"https:\/\/smans.com\/fr\/product\/selective-soldering-versaflow-3-66\/#breadcrumb"},"inLanguage":"fr-FR","potentialAction":[{"@type":"ReadAction","target":["https:\/\/smans.com\/fr\/product\/selective-soldering-versaflow-3-66\/"]}]},{"@type":"BreadcrumbList","@id":"https:\/\/smans.com\/fr\/product\/selective-soldering-versaflow-3-66\/#breadcrumb","itemListElement":[{"@type":"ListItem","position":1,"name":"Home","item":"https:\/\/smans.com\/fr\/"},{"@type":"ListItem","position":2,"name":"Boutique","item":"https:\/\/smans.com\/nl\/shop\/"},{"@type":"ListItem","position":3,"name":"Ersa - Selective Soldering VERSAFLOW 3\/66"}]},{"@type":"WebSite","@id":"https:\/\/smans.com\/nl\/#website","url":"https:\/\/smans.com\/nl\/","name":"Smans","description":"","publisher":{"@id":"https:\/\/smans.com\/nl\/#organization"},"potentialAction":[{"@type":"SearchAction","target":{"@type":"EntryPoint","urlTemplate":"https:\/\/smans.com\/nl\/?s={search_term_string}"},"query-input":{"@type":"PropertyValueSpecification","valueRequired":true,"valueName":"search_term_string"}}],"inLanguage":"fr-FR"},{"@type":"Organization","@id":"https:\/\/smans.com\/nl\/#organization","name":"Smans","url":"https:\/\/smans.com\/nl\/","logo":{"@type":"ImageObject","inLanguage":"fr-FR","@id":"https:\/\/smans.com\/nl\/#\/schema\/logo\/image\/","url":"https:\/\/smans.com\/wp-content\/uploads\/2023\/09\/logo.svg","contentUrl":"https:\/\/smans.com\/wp-content\/uploads\/2023\/09\/logo.svg","caption":"Smans"},"image":{"@id":"https:\/\/smans.com\/nl\/#\/schema\/logo\/image\/"}}]}},"brands":[{"id":18232,"name":"Ersa","slug":"brand-ersa-fr"}],"_links":{"self":[{"href":"https:\/\/smans.com\/fr\/wp-json\/wp\/v2\/product\/24012","targetHints":{"allow":["GET"]}}],"collection":[{"href":"https:\/\/smans.com\/fr\/wp-json\/wp\/v2\/product"}],"about":[{"href":"https:\/\/smans.com\/fr\/wp-json\/wp\/v2\/types\/product"}],"wp:attachment":[{"href":"https:\/\/smans.com\/fr\/wp-json\/wp\/v2\/media?parent=24012"}],"wp:term":[{"taxonomy":"pwb-brand","embeddable":true,"href":"https:\/\/smans.com\/fr\/wp-json\/wp\/v2\/pwb-brand?post=24012"},{"taxonomy":"product_brand","embeddable":true,"href":"https:\/\/smans.com\/fr\/wp-json\/wp\/v2\/product_brand?post=24012"},{"taxonomy":"product_cat","embeddable":true,"href":"https:\/\/smans.com\/fr\/wp-json\/wp\/v2\/product_cat?post=24012"},{"taxonomy":"product_tag","embeddable":true,"href":"https:\/\/smans.com\/fr\/wp-json\/wp\/v2\/product_tag?post=24012"}],"curies":[{"name":"wp","href":"https:\/\/api.w.org\/{rel}","templated":true}]}}