{"id":24051,"date":"2024-06-09T17:08:41","date_gmt":"2024-06-09T15:08:41","guid":{"rendered":"https:\/\/smans.com\/product\/hotmarking-unit-hz2\/"},"modified":"2026-04-27T11:00:32","modified_gmt":"2026-04-27T09:00:32","slug":"hotmarking-unit-hz2","status":"publish","type":"product","link":"https:\/\/smans.com\/fr\/product\/hotmarking-unit-hz2\/","title":{"rendered":"Loepfe - Hotmarking unit HZ2"},"content":{"rendered":"<p data-start=\"91\" data-end=\"501\">Le marqueur de c\u00e2bles HZ2 est l&rsquo;appareil id\u00e9al pour les activit\u00e9s mobiles. Passez rapidement \u00e0 d&rsquo;autres diam\u00e8tres de c\u00e2bles et de fils. Simplifiez le travail gr\u00e2ce \u00e0 la centrage automatique des c\u00e2bles. L&rsquo;appareil est facile \u00e0 utiliser, \u00e9conomique et tr\u00e8s lisible avec des marquages durables et r\u00e9sistants \u00e0 l&rsquo;huile. Il fonctionne selon la m\u00e9thode \u00e9prouv\u00e9e du hotstamp avec un film hotstamp r\u00e9sistant \u00e0 l&rsquo;usure.<\/p>\n","protected":false},"excerpt":{"rendered":"<p>Le marqueur de c\u00e2bles HZ2 est l&rsquo;appareil id\u00e9al pour les activit\u00e9s mobiles.<\/p>\n","protected":false},"featured_media":0,"template":"","meta":{"_acf_changed":false},"pwb-brand":[18268],"product_brand":[],"product_cat":[17990,17995,18031],"product_tag":[],"class_list":{"0":"post-24051","1":"product","2":"type-product","3":"status-publish","5":"pwb-brand-brand-loepfe-fr","6":"product_cat-cables-et-cablage-fr","7":"product_cat-etiquetage-marquage-fr","8":"product_cat-hotstamp-markers-fr","10":"first","11":"instock","12":"taxable","13":"shipping-taxable","14":"product-type-simple"},"acf":[],"yoast_head":"<!-- This site is optimized with the Yoast SEO plugin v27.1.1 - https:\/\/yoast.com\/product\/yoast-seo-wordpress\/ -->\n<title>Hotmarking unit HZ2 - Smans<\/title>\n<meta name=\"robots\" content=\"index, follow, max-snippet:-1, max-image-preview:large, max-video-preview:-1\" \/>\n<link rel=\"canonical\" href=\"https:\/\/smans.com\/fr\/product\/hotmarking-unit-hz2\/\" \/>\n<meta property=\"og:locale\" content=\"fr_FR\" \/>\n<meta property=\"og:type\" content=\"article\" \/>\n<meta property=\"og:title\" content=\"Hotmarking unit HZ2 - Smans\" \/>\n<meta property=\"og:description\" content=\"Le marqueur de c\u00e2bles HZ2 est l&#039;appareil id\u00e9al pour les activit\u00e9s mobiles.\" \/>\n<meta property=\"og:url\" content=\"https:\/\/smans.com\/fr\/product\/hotmarking-unit-hz2\/\" \/>\n<meta property=\"og:site_name\" content=\"Smans\" \/>\n<meta property=\"article:modified_time\" content=\"2026-04-27T09:00:32+00:00\" \/>\n<meta name=\"twitter:card\" content=\"summary_large_image\" \/>\n<script type=\"application\/ld+json\" class=\"yoast-schema-graph\">{\"@context\":\"https:\/\/schema.org\",\"@graph\":[{\"@type\":\"WebPage\",\"@id\":\"https:\/\/smans.com\/fr\/product\/hotmarking-unit-hz2\/\",\"url\":\"https:\/\/smans.com\/fr\/product\/hotmarking-unit-hz2\/\",\"name\":\"Hotmarking unit HZ2 - Smans\",\"isPartOf\":{\"@id\":\"https:\/\/smans.com\/nl\/#website\"},\"datePublished\":\"2024-06-09T15:08:41+00:00\",\"dateModified\":\"2026-04-27T09:00:32+00:00\",\"breadcrumb\":{\"@id\":\"https:\/\/smans.com\/fr\/product\/hotmarking-unit-hz2\/#breadcrumb\"},\"inLanguage\":\"fr-FR\",\"potentialAction\":[{\"@type\":\"ReadAction\",\"target\":[\"https:\/\/smans.com\/fr\/product\/hotmarking-unit-hz2\/\"]}]},{\"@type\":\"BreadcrumbList\",\"@id\":\"https:\/\/smans.com\/fr\/product\/hotmarking-unit-hz2\/#breadcrumb\",\"itemListElement\":[{\"@type\":\"ListItem\",\"position\":1,\"name\":\"Home\",\"item\":\"https:\/\/smans.com\/fr\/\"},{\"@type\":\"ListItem\",\"position\":2,\"name\":\"Boutique\",\"item\":\"https:\/\/smans.com\/nl\/shop\/\"},{\"@type\":\"ListItem\",\"position\":3,\"name\":\"Loepfe - Hotmarking unit HZ2\"}]},{\"@type\":\"WebSite\",\"@id\":\"https:\/\/smans.com\/nl\/#website\",\"url\":\"https:\/\/smans.com\/nl\/\",\"name\":\"Smans\",\"description\":\"\",\"publisher\":{\"@id\":\"https:\/\/smans.com\/nl\/#organization\"},\"potentialAction\":[{\"@type\":\"SearchAction\",\"target\":{\"@type\":\"EntryPoint\",\"urlTemplate\":\"https:\/\/smans.com\/nl\/?s={search_term_string}\"},\"query-input\":{\"@type\":\"PropertyValueSpecification\",\"valueRequired\":true,\"valueName\":\"search_term_string\"}}],\"inLanguage\":\"fr-FR\"},{\"@type\":\"Organization\",\"@id\":\"https:\/\/smans.com\/nl\/#organization\",\"name\":\"Smans\",\"url\":\"https:\/\/smans.com\/nl\/\",\"logo\":{\"@type\":\"ImageObject\",\"inLanguage\":\"fr-FR\",\"@id\":\"https:\/\/smans.com\/nl\/#\/schema\/logo\/image\/\",\"url\":\"https:\/\/smans.com\/wp-content\/uploads\/2023\/09\/logo.svg\",\"contentUrl\":\"https:\/\/smans.com\/wp-content\/uploads\/2023\/09\/logo.svg\",\"caption\":\"Smans\"},\"image\":{\"@id\":\"https:\/\/smans.com\/nl\/#\/schema\/logo\/image\/\"}}]}<\/script>\n<!-- \/ Yoast SEO plugin. -->","yoast_head_json":{"title":"Hotmarking unit HZ2 - Smans","robots":{"index":"index","follow":"follow","max-snippet":"max-snippet:-1","max-image-preview":"max-image-preview:large","max-video-preview":"max-video-preview:-1"},"canonical":"https:\/\/smans.com\/fr\/product\/hotmarking-unit-hz2\/","og_locale":"fr_FR","og_type":"article","og_title":"Hotmarking unit HZ2 - Smans","og_description":"Le marqueur de c\u00e2bles HZ2 est l'appareil id\u00e9al pour les activit\u00e9s mobiles.","og_url":"https:\/\/smans.com\/fr\/product\/hotmarking-unit-hz2\/","og_site_name":"Smans","article_modified_time":"2026-04-27T09:00:32+00:00","twitter_card":"summary_large_image","schema":{"@context":"https:\/\/schema.org","@graph":[{"@type":"WebPage","@id":"https:\/\/smans.com\/fr\/product\/hotmarking-unit-hz2\/","url":"https:\/\/smans.com\/fr\/product\/hotmarking-unit-hz2\/","name":"Hotmarking unit HZ2 - Smans","isPartOf":{"@id":"https:\/\/smans.com\/nl\/#website"},"datePublished":"2024-06-09T15:08:41+00:00","dateModified":"2026-04-27T09:00:32+00:00","breadcrumb":{"@id":"https:\/\/smans.com\/fr\/product\/hotmarking-unit-hz2\/#breadcrumb"},"inLanguage":"fr-FR","potentialAction":[{"@type":"ReadAction","target":["https:\/\/smans.com\/fr\/product\/hotmarking-unit-hz2\/"]}]},{"@type":"BreadcrumbList","@id":"https:\/\/smans.com\/fr\/product\/hotmarking-unit-hz2\/#breadcrumb","itemListElement":[{"@type":"ListItem","position":1,"name":"Home","item":"https:\/\/smans.com\/fr\/"},{"@type":"ListItem","position":2,"name":"Boutique","item":"https:\/\/smans.com\/nl\/shop\/"},{"@type":"ListItem","position":3,"name":"Loepfe - Hotmarking unit HZ2"}]},{"@type":"WebSite","@id":"https:\/\/smans.com\/nl\/#website","url":"https:\/\/smans.com\/nl\/","name":"Smans","description":"","publisher":{"@id":"https:\/\/smans.com\/nl\/#organization"},"potentialAction":[{"@type":"SearchAction","target":{"@type":"EntryPoint","urlTemplate":"https:\/\/smans.com\/nl\/?s={search_term_string}"},"query-input":{"@type":"PropertyValueSpecification","valueRequired":true,"valueName":"search_term_string"}}],"inLanguage":"fr-FR"},{"@type":"Organization","@id":"https:\/\/smans.com\/nl\/#organization","name":"Smans","url":"https:\/\/smans.com\/nl\/","logo":{"@type":"ImageObject","inLanguage":"fr-FR","@id":"https:\/\/smans.com\/nl\/#\/schema\/logo\/image\/","url":"https:\/\/smans.com\/wp-content\/uploads\/2023\/09\/logo.svg","contentUrl":"https:\/\/smans.com\/wp-content\/uploads\/2023\/09\/logo.svg","caption":"Smans"},"image":{"@id":"https:\/\/smans.com\/nl\/#\/schema\/logo\/image\/"}}]}},"brands":[{"id":18268,"name":"Loepfe","slug":"brand-loepfe-fr"}],"_links":{"self":[{"href":"https:\/\/smans.com\/fr\/wp-json\/wp\/v2\/product\/24051","targetHints":{"allow":["GET"]}}],"collection":[{"href":"https:\/\/smans.com\/fr\/wp-json\/wp\/v2\/product"}],"about":[{"href":"https:\/\/smans.com\/fr\/wp-json\/wp\/v2\/types\/product"}],"wp:attachment":[{"href":"https:\/\/smans.com\/fr\/wp-json\/wp\/v2\/media?parent=24051"}],"wp:term":[{"taxonomy":"pwb-brand","embeddable":true,"href":"https:\/\/smans.com\/fr\/wp-json\/wp\/v2\/pwb-brand?post=24051"},{"taxonomy":"product_brand","embeddable":true,"href":"https:\/\/smans.com\/fr\/wp-json\/wp\/v2\/product_brand?post=24051"},{"taxonomy":"product_cat","embeddable":true,"href":"https:\/\/smans.com\/fr\/wp-json\/wp\/v2\/product_cat?post=24051"},{"taxonomy":"product_tag","embeddable":true,"href":"https:\/\/smans.com\/fr\/wp-json\/wp\/v2\/product_tag?post=24051"}],"curies":[{"name":"wp","href":"https:\/\/api.w.org\/{rel}","templated":true}]}}