{"id":24053,"date":"2024-06-09T17:13:34","date_gmt":"2024-06-09T15:13:34","guid":{"rendered":"https:\/\/smans.com\/product\/stripper-crimper-am-02-1-c\/"},"modified":"2026-04-13T12:22:04","modified_gmt":"2026-04-13T10:22:04","slug":"stripper-crimper-am-02-1-c","status":"publish","type":"product","link":"https:\/\/smans.com\/fr\/product\/stripper-crimper-am-02-1-c\/","title":{"rendered":"Z+F - Stripper-Crimper AM 02.1 C"},"content":{"rendered":"<p data-start=\"1648\" data-end=\"1880\">La AM 02.1 C (Compact) est une machine \u00e9lectropneumatique modulaire de d\u00e9nudage et de sertissage con\u00e7ue pour traiter rapidement et de mani\u00e8re fiable des connecteurs Z+F non isol\u00e9s, dans la plage de 0,14 mm\u00b2 \u00e0 0,75 mm\u00b2 (AWG 26 &#8211; 18).<\/p>\n<p data-start=\"1882\" data-end=\"1918\"><strong data-start=\"1882\" data-end=\"1916\">Caract\u00e9ristiques principales :<\/strong><\/p>\n<ul data-start=\"1919\" data-end=\"2400\" data-is-last-node=\"\">\n<li data-start=\"1919\" data-end=\"2044\"><strong data-start=\"1921\" data-end=\"1953\">Changement d&rsquo;outils facile :<\/strong> Les outils peuvent \u00eatre rapidement et facilement \u00e9chang\u00e9s pour diff\u00e9rentes applications.<\/li>\n<li data-start=\"2045\" data-end=\"2147\"><strong data-start=\"2047\" data-end=\"2075\">Temps de r\u00e9glage court :<\/strong> La machine a un temps de r\u00e9glage court, ce qui augmente l&rsquo;efficacit\u00e9.<\/li>\n<li data-start=\"2148\" data-end=\"2286\"><strong data-start=\"2150\" data-end=\"2207\">Qualit\u00e9 de sertissage conforme \u00e0 la norme DIN 46228 :<\/strong> La machine garantit une qualit\u00e9 de sertissage conforme \u00e0 la norme DIN 46228.<\/li>\n<li data-start=\"2287\" data-end=\"2400\" data-is-last-node=\"\"><strong data-start=\"2289\" data-end=\"2314\">Conception compacte :<\/strong> Le design compact rend la machine id\u00e9ale pour les applications avec un espace limit\u00e9.<\/li>\n<\/ul>\n","protected":false},"excerpt":{"rendered":"<p>AM 02.1 C (Compact) : Machine \u00c9lectropneumatique de D\u00e9nudage et de Sertissage pour Connecteurs Z+F<\/p>\n","protected":false},"featured_media":0,"template":"","meta":{"_acf_changed":false},"pwb-brand":[18322],"product_brand":[],"product_cat":[17990,17993,18036],"product_tag":[],"class_list":{"0":"post-24053","1":"product","2":"type-product","3":"status-publish","5":"pwb-brand-brand-z-f-fr","6":"product_cat-cables-et-cablage-fr","7":"product_cat-couper-denuder-sertissage-fr","8":"product_cat-strip-crimp-fr","10":"first","11":"instock","12":"taxable","13":"shipping-taxable","14":"product-type-simple"},"acf":[],"yoast_head":"<!-- This site is optimized with the Yoast SEO plugin v27.1.1 - https:\/\/yoast.com\/product\/yoast-seo-wordpress\/ -->\n<title>Stripper-Crimper AM 02.1 C - Smans<\/title>\n<meta name=\"robots\" content=\"index, follow, max-snippet:-1, max-image-preview:large, max-video-preview:-1\" \/>\n<link rel=\"canonical\" href=\"https:\/\/smans.com\/fr\/product\/stripper-crimper-am-02-1-c\/\" \/>\n<meta property=\"og:locale\" content=\"fr_FR\" \/>\n<meta property=\"og:type\" content=\"article\" \/>\n<meta property=\"og:title\" content=\"Stripper-Crimper AM 02.1 C - Smans\" \/>\n<meta property=\"og:description\" content=\"AM 02.1 C (Compact) : Machine \u00c9lectropneumatique de D\u00e9nudage et de Sertissage pour Connecteurs Z+F\" \/>\n<meta property=\"og:url\" content=\"https:\/\/smans.com\/fr\/product\/stripper-crimper-am-02-1-c\/\" \/>\n<meta property=\"og:site_name\" content=\"Smans\" \/>\n<meta property=\"article:modified_time\" content=\"2026-04-13T10:22:04+00:00\" \/>\n<meta name=\"twitter:card\" content=\"summary_large_image\" \/>\n<meta name=\"twitter:label1\" content=\"Dur\u00e9e de lecture estim\u00e9e\" \/>\n\t<meta name=\"twitter:data1\" content=\"1 minute\" \/>\n<script type=\"application\/ld+json\" class=\"yoast-schema-graph\">{\"@context\":\"https:\/\/schema.org\",\"@graph\":[{\"@type\":\"WebPage\",\"@id\":\"https:\/\/smans.com\/fr\/product\/stripper-crimper-am-02-1-c\/\",\"url\":\"https:\/\/smans.com\/fr\/product\/stripper-crimper-am-02-1-c\/\",\"name\":\"Stripper-Crimper AM 02.1 C - Smans\",\"isPartOf\":{\"@id\":\"https:\/\/smans.com\/nl\/#website\"},\"datePublished\":\"2024-06-09T15:13:34+00:00\",\"dateModified\":\"2026-04-13T10:22:04+00:00\",\"breadcrumb\":{\"@id\":\"https:\/\/smans.com\/fr\/product\/stripper-crimper-am-02-1-c\/#breadcrumb\"},\"inLanguage\":\"fr-FR\",\"potentialAction\":[{\"@type\":\"ReadAction\",\"target\":[\"https:\/\/smans.com\/fr\/product\/stripper-crimper-am-02-1-c\/\"]}]},{\"@type\":\"BreadcrumbList\",\"@id\":\"https:\/\/smans.com\/fr\/product\/stripper-crimper-am-02-1-c\/#breadcrumb\",\"itemListElement\":[{\"@type\":\"ListItem\",\"position\":1,\"name\":\"Home\",\"item\":\"https:\/\/smans.com\/fr\/\"},{\"@type\":\"ListItem\",\"position\":2,\"name\":\"Boutique\",\"item\":\"https:\/\/smans.com\/nl\/shop\/\"},{\"@type\":\"ListItem\",\"position\":3,\"name\":\"Z+F - Stripper-Crimper AM 02.1 C\"}]},{\"@type\":\"WebSite\",\"@id\":\"https:\/\/smans.com\/nl\/#website\",\"url\":\"https:\/\/smans.com\/nl\/\",\"name\":\"Smans\",\"description\":\"\",\"publisher\":{\"@id\":\"https:\/\/smans.com\/nl\/#organization\"},\"potentialAction\":[{\"@type\":\"SearchAction\",\"target\":{\"@type\":\"EntryPoint\",\"urlTemplate\":\"https:\/\/smans.com\/nl\/?s={search_term_string}\"},\"query-input\":{\"@type\":\"PropertyValueSpecification\",\"valueRequired\":true,\"valueName\":\"search_term_string\"}}],\"inLanguage\":\"fr-FR\"},{\"@type\":\"Organization\",\"@id\":\"https:\/\/smans.com\/nl\/#organization\",\"name\":\"Smans\",\"url\":\"https:\/\/smans.com\/nl\/\",\"logo\":{\"@type\":\"ImageObject\",\"inLanguage\":\"fr-FR\",\"@id\":\"https:\/\/smans.com\/nl\/#\/schema\/logo\/image\/\",\"url\":\"https:\/\/smans.com\/wp-content\/uploads\/2023\/09\/logo.svg\",\"contentUrl\":\"https:\/\/smans.com\/wp-content\/uploads\/2023\/09\/logo.svg\",\"caption\":\"Smans\"},\"image\":{\"@id\":\"https:\/\/smans.com\/nl\/#\/schema\/logo\/image\/\"}}]}<\/script>\n<!-- \/ Yoast SEO plugin. -->","yoast_head_json":{"title":"Stripper-Crimper AM 02.1 C - Smans","robots":{"index":"index","follow":"follow","max-snippet":"max-snippet:-1","max-image-preview":"max-image-preview:large","max-video-preview":"max-video-preview:-1"},"canonical":"https:\/\/smans.com\/fr\/product\/stripper-crimper-am-02-1-c\/","og_locale":"fr_FR","og_type":"article","og_title":"Stripper-Crimper AM 02.1 C - Smans","og_description":"AM 02.1 C (Compact) : Machine \u00c9lectropneumatique de D\u00e9nudage et de Sertissage pour Connecteurs Z+F","og_url":"https:\/\/smans.com\/fr\/product\/stripper-crimper-am-02-1-c\/","og_site_name":"Smans","article_modified_time":"2026-04-13T10:22:04+00:00","twitter_card":"summary_large_image","twitter_misc":{"Dur\u00e9e de lecture estim\u00e9e":"1 minute"},"schema":{"@context":"https:\/\/schema.org","@graph":[{"@type":"WebPage","@id":"https:\/\/smans.com\/fr\/product\/stripper-crimper-am-02-1-c\/","url":"https:\/\/smans.com\/fr\/product\/stripper-crimper-am-02-1-c\/","name":"Stripper-Crimper AM 02.1 C - Smans","isPartOf":{"@id":"https:\/\/smans.com\/nl\/#website"},"datePublished":"2024-06-09T15:13:34+00:00","dateModified":"2026-04-13T10:22:04+00:00","breadcrumb":{"@id":"https:\/\/smans.com\/fr\/product\/stripper-crimper-am-02-1-c\/#breadcrumb"},"inLanguage":"fr-FR","potentialAction":[{"@type":"ReadAction","target":["https:\/\/smans.com\/fr\/product\/stripper-crimper-am-02-1-c\/"]}]},{"@type":"BreadcrumbList","@id":"https:\/\/smans.com\/fr\/product\/stripper-crimper-am-02-1-c\/#breadcrumb","itemListElement":[{"@type":"ListItem","position":1,"name":"Home","item":"https:\/\/smans.com\/fr\/"},{"@type":"ListItem","position":2,"name":"Boutique","item":"https:\/\/smans.com\/nl\/shop\/"},{"@type":"ListItem","position":3,"name":"Z+F - Stripper-Crimper AM 02.1 C"}]},{"@type":"WebSite","@id":"https:\/\/smans.com\/nl\/#website","url":"https:\/\/smans.com\/nl\/","name":"Smans","description":"","publisher":{"@id":"https:\/\/smans.com\/nl\/#organization"},"potentialAction":[{"@type":"SearchAction","target":{"@type":"EntryPoint","urlTemplate":"https:\/\/smans.com\/nl\/?s={search_term_string}"},"query-input":{"@type":"PropertyValueSpecification","valueRequired":true,"valueName":"search_term_string"}}],"inLanguage":"fr-FR"},{"@type":"Organization","@id":"https:\/\/smans.com\/nl\/#organization","name":"Smans","url":"https:\/\/smans.com\/nl\/","logo":{"@type":"ImageObject","inLanguage":"fr-FR","@id":"https:\/\/smans.com\/nl\/#\/schema\/logo\/image\/","url":"https:\/\/smans.com\/wp-content\/uploads\/2023\/09\/logo.svg","contentUrl":"https:\/\/smans.com\/wp-content\/uploads\/2023\/09\/logo.svg","caption":"Smans"},"image":{"@id":"https:\/\/smans.com\/nl\/#\/schema\/logo\/image\/"}}]}},"brands":[{"id":18322,"name":"Z+F","slug":"brand-z-f-fr"}],"_links":{"self":[{"href":"https:\/\/smans.com\/fr\/wp-json\/wp\/v2\/product\/24053","targetHints":{"allow":["GET"]}}],"collection":[{"href":"https:\/\/smans.com\/fr\/wp-json\/wp\/v2\/product"}],"about":[{"href":"https:\/\/smans.com\/fr\/wp-json\/wp\/v2\/types\/product"}],"wp:attachment":[{"href":"https:\/\/smans.com\/fr\/wp-json\/wp\/v2\/media?parent=24053"}],"wp:term":[{"taxonomy":"pwb-brand","embeddable":true,"href":"https:\/\/smans.com\/fr\/wp-json\/wp\/v2\/pwb-brand?post=24053"},{"taxonomy":"product_brand","embeddable":true,"href":"https:\/\/smans.com\/fr\/wp-json\/wp\/v2\/product_brand?post=24053"},{"taxonomy":"product_cat","embeddable":true,"href":"https:\/\/smans.com\/fr\/wp-json\/wp\/v2\/product_cat?post=24053"},{"taxonomy":"product_tag","embeddable":true,"href":"https:\/\/smans.com\/fr\/wp-json\/wp\/v2\/product_tag?post=24053"}],"curies":[{"name":"wp","href":"https:\/\/api.w.org\/{rel}","templated":true}]}}