{"id":24106,"date":"2024-06-09T17:22:50","date_gmt":"2024-06-09T15:22:50","guid":{"rendered":"https:\/\/smans.com\/product\/ism-ultraflex-3600\/"},"modified":"2026-04-10T12:38:11","modified_gmt":"2026-04-10T10:38:11","slug":"ism-ultraflex-3600","status":"publish","type":"product","link":"https:\/\/smans.com\/fr\/product\/ism-ultraflex-3600\/","title":{"rendered":"Essegi - ISM UltraFlex 3600 7\u201d+15&Prime; Automated Storage"},"content":{"rendered":"<p>Independent or integrated tower systems, with a capacity of up to 3600 reels per module.<\/p>\n<p>The automatic warehouses of Ultraflex series are the ideal solution for the storage and management of electronic production components.<\/p>\n<p>They automate the receipt, archiving, traceability, picking from the warehouse and delivery to the production lines of the components necessary for electronic production with a decisive impact on the overall productivity of companies.<\/p>\n<p><strong>This model is equipped with<\/strong><\/p>\n<ul style=\"list-style-type: disc\">\n<li>Automatic recognition and management of all case formats<\/li>\n<li>Automatic loading and unloading with ISM 3600 F.A.<\/li>\n<li>Automatic alignment radar<\/li>\n<\/ul>\n<p><strong>Features<\/strong><\/p>\n<ul style=\"list-style-type: disc\">\n<li>Time saving<\/li>\n<li>Ultra-flexibility guaranteed<\/li>\n<li>Extraordinary capacity<\/li>\n<li>Management of multiple mixes of components<\/li>\n<li>Total integration<\/li>\n<li>Space saving<\/li>\n<li>Humidity control<\/li>\n<li>Traceability<\/li>\n<li>Antistatic finishing<\/li>\n<\/ul>\n","protected":false},"excerpt":{"rendered":"<p>Syst\u00e8mes de tours ind\u00e9pendants ou int\u00e9gr\u00e9s, d&rsquo;une capacit\u00e9 maximale de 3 600 bobines par module.<\/p>\n","protected":false},"featured_media":0,"template":"","meta":{"_acf_changed":false},"pwb-brand":[18236],"product_brand":[],"product_cat":[18119,17991,18014],"product_tag":[],"class_list":{"0":"post-24106","1":"product","2":"type-product","3":"status-publish","5":"pwb-brand-brand-essegi-fr","6":"product_cat-automatic-intelligent-storage-fr","7":"product_cat-electronique-fr","8":"product_cat-gestion-des-stocks-fr","10":"first","11":"instock","12":"taxable","13":"shipping-taxable","14":"product-type-simple"},"acf":[],"yoast_head":"<!-- This site is optimized with the Yoast SEO plugin v27.1.1 - https:\/\/yoast.com\/product\/yoast-seo-wordpress\/ -->\n<title>ISM UltraFlex 3600 7\u201d+15&quot; Automated Storage - Smans<\/title>\n<meta name=\"robots\" content=\"index, follow, max-snippet:-1, max-image-preview:large, max-video-preview:-1\" \/>\n<link rel=\"canonical\" href=\"https:\/\/smans.com\/fr\/product\/ism-ultraflex-3600\/\" \/>\n<meta property=\"og:locale\" content=\"fr_FR\" \/>\n<meta property=\"og:type\" content=\"article\" \/>\n<meta property=\"og:title\" content=\"ISM UltraFlex 3600 7\u201d+15&quot; Automated Storage - Smans\" \/>\n<meta property=\"og:description\" content=\"Syst\u00e8mes de tours ind\u00e9pendants ou int\u00e9gr\u00e9s, d&#039;une capacit\u00e9 maximale de 3 600 bobines par module.\" \/>\n<meta property=\"og:url\" content=\"https:\/\/smans.com\/fr\/product\/ism-ultraflex-3600\/\" \/>\n<meta property=\"og:site_name\" content=\"Smans\" \/>\n<meta property=\"article:modified_time\" content=\"2026-04-10T10:38:11+00:00\" \/>\n<meta name=\"twitter:card\" content=\"summary_large_image\" \/>\n<meta name=\"twitter:label1\" content=\"Dur\u00e9e de lecture estim\u00e9e\" \/>\n\t<meta name=\"twitter:data1\" content=\"1 minute\" \/>\n<script type=\"application\/ld+json\" class=\"yoast-schema-graph\">{\"@context\":\"https:\/\/schema.org\",\"@graph\":[{\"@type\":\"WebPage\",\"@id\":\"https:\/\/smans.com\/fr\/product\/ism-ultraflex-3600\/\",\"url\":\"https:\/\/smans.com\/fr\/product\/ism-ultraflex-3600\/\",\"name\":\"ISM UltraFlex 3600 7\u201d+15\\\" Automated Storage - Smans\",\"isPartOf\":{\"@id\":\"https:\/\/smans.com\/nl\/#website\"},\"datePublished\":\"2024-06-09T15:22:50+00:00\",\"dateModified\":\"2026-04-10T10:38:11+00:00\",\"breadcrumb\":{\"@id\":\"https:\/\/smans.com\/fr\/product\/ism-ultraflex-3600\/#breadcrumb\"},\"inLanguage\":\"fr-FR\",\"potentialAction\":[{\"@type\":\"ReadAction\",\"target\":[\"https:\/\/smans.com\/fr\/product\/ism-ultraflex-3600\/\"]}]},{\"@type\":\"BreadcrumbList\",\"@id\":\"https:\/\/smans.com\/fr\/product\/ism-ultraflex-3600\/#breadcrumb\",\"itemListElement\":[{\"@type\":\"ListItem\",\"position\":1,\"name\":\"Home\",\"item\":\"https:\/\/smans.com\/fr\/\"},{\"@type\":\"ListItem\",\"position\":2,\"name\":\"Boutique\",\"item\":\"https:\/\/smans.com\/nl\/shop\/\"},{\"@type\":\"ListItem\",\"position\":3,\"name\":\"Essegi - ISM UltraFlex 3600 7\u201d+15&#8243; Automated Storage\"}]},{\"@type\":\"WebSite\",\"@id\":\"https:\/\/smans.com\/nl\/#website\",\"url\":\"https:\/\/smans.com\/nl\/\",\"name\":\"Smans\",\"description\":\"\",\"publisher\":{\"@id\":\"https:\/\/smans.com\/nl\/#organization\"},\"potentialAction\":[{\"@type\":\"SearchAction\",\"target\":{\"@type\":\"EntryPoint\",\"urlTemplate\":\"https:\/\/smans.com\/nl\/?s={search_term_string}\"},\"query-input\":{\"@type\":\"PropertyValueSpecification\",\"valueRequired\":true,\"valueName\":\"search_term_string\"}}],\"inLanguage\":\"fr-FR\"},{\"@type\":\"Organization\",\"@id\":\"https:\/\/smans.com\/nl\/#organization\",\"name\":\"Smans\",\"url\":\"https:\/\/smans.com\/nl\/\",\"logo\":{\"@type\":\"ImageObject\",\"inLanguage\":\"fr-FR\",\"@id\":\"https:\/\/smans.com\/nl\/#\/schema\/logo\/image\/\",\"url\":\"https:\/\/smans.com\/wp-content\/uploads\/2023\/09\/logo.svg\",\"contentUrl\":\"https:\/\/smans.com\/wp-content\/uploads\/2023\/09\/logo.svg\",\"caption\":\"Smans\"},\"image\":{\"@id\":\"https:\/\/smans.com\/nl\/#\/schema\/logo\/image\/\"}}]}<\/script>\n<!-- \/ Yoast SEO plugin. -->","yoast_head_json":{"title":"ISM UltraFlex 3600 7\u201d+15\" Automated Storage - Smans","robots":{"index":"index","follow":"follow","max-snippet":"max-snippet:-1","max-image-preview":"max-image-preview:large","max-video-preview":"max-video-preview:-1"},"canonical":"https:\/\/smans.com\/fr\/product\/ism-ultraflex-3600\/","og_locale":"fr_FR","og_type":"article","og_title":"ISM UltraFlex 3600 7\u201d+15\" Automated Storage - Smans","og_description":"Syst\u00e8mes de tours ind\u00e9pendants ou int\u00e9gr\u00e9s, d'une capacit\u00e9 maximale de 3 600 bobines par module.","og_url":"https:\/\/smans.com\/fr\/product\/ism-ultraflex-3600\/","og_site_name":"Smans","article_modified_time":"2026-04-10T10:38:11+00:00","twitter_card":"summary_large_image","twitter_misc":{"Dur\u00e9e de lecture estim\u00e9e":"1 minute"},"schema":{"@context":"https:\/\/schema.org","@graph":[{"@type":"WebPage","@id":"https:\/\/smans.com\/fr\/product\/ism-ultraflex-3600\/","url":"https:\/\/smans.com\/fr\/product\/ism-ultraflex-3600\/","name":"ISM UltraFlex 3600 7\u201d+15\" Automated Storage - Smans","isPartOf":{"@id":"https:\/\/smans.com\/nl\/#website"},"datePublished":"2024-06-09T15:22:50+00:00","dateModified":"2026-04-10T10:38:11+00:00","breadcrumb":{"@id":"https:\/\/smans.com\/fr\/product\/ism-ultraflex-3600\/#breadcrumb"},"inLanguage":"fr-FR","potentialAction":[{"@type":"ReadAction","target":["https:\/\/smans.com\/fr\/product\/ism-ultraflex-3600\/"]}]},{"@type":"BreadcrumbList","@id":"https:\/\/smans.com\/fr\/product\/ism-ultraflex-3600\/#breadcrumb","itemListElement":[{"@type":"ListItem","position":1,"name":"Home","item":"https:\/\/smans.com\/fr\/"},{"@type":"ListItem","position":2,"name":"Boutique","item":"https:\/\/smans.com\/nl\/shop\/"},{"@type":"ListItem","position":3,"name":"Essegi - ISM UltraFlex 3600 7\u201d+15&#8243; Automated Storage"}]},{"@type":"WebSite","@id":"https:\/\/smans.com\/nl\/#website","url":"https:\/\/smans.com\/nl\/","name":"Smans","description":"","publisher":{"@id":"https:\/\/smans.com\/nl\/#organization"},"potentialAction":[{"@type":"SearchAction","target":{"@type":"EntryPoint","urlTemplate":"https:\/\/smans.com\/nl\/?s={search_term_string}"},"query-input":{"@type":"PropertyValueSpecification","valueRequired":true,"valueName":"search_term_string"}}],"inLanguage":"fr-FR"},{"@type":"Organization","@id":"https:\/\/smans.com\/nl\/#organization","name":"Smans","url":"https:\/\/smans.com\/nl\/","logo":{"@type":"ImageObject","inLanguage":"fr-FR","@id":"https:\/\/smans.com\/nl\/#\/schema\/logo\/image\/","url":"https:\/\/smans.com\/wp-content\/uploads\/2023\/09\/logo.svg","contentUrl":"https:\/\/smans.com\/wp-content\/uploads\/2023\/09\/logo.svg","caption":"Smans"},"image":{"@id":"https:\/\/smans.com\/nl\/#\/schema\/logo\/image\/"}}]}},"brands":[{"id":18236,"name":"Essegi","slug":"brand-essegi-fr"}],"_links":{"self":[{"href":"https:\/\/smans.com\/fr\/wp-json\/wp\/v2\/product\/24106","targetHints":{"allow":["GET"]}}],"collection":[{"href":"https:\/\/smans.com\/fr\/wp-json\/wp\/v2\/product"}],"about":[{"href":"https:\/\/smans.com\/fr\/wp-json\/wp\/v2\/types\/product"}],"wp:attachment":[{"href":"https:\/\/smans.com\/fr\/wp-json\/wp\/v2\/media?parent=24106"}],"wp:term":[{"taxonomy":"pwb-brand","embeddable":true,"href":"https:\/\/smans.com\/fr\/wp-json\/wp\/v2\/pwb-brand?post=24106"},{"taxonomy":"product_brand","embeddable":true,"href":"https:\/\/smans.com\/fr\/wp-json\/wp\/v2\/product_brand?post=24106"},{"taxonomy":"product_cat","embeddable":true,"href":"https:\/\/smans.com\/fr\/wp-json\/wp\/v2\/product_cat?post=24106"},{"taxonomy":"product_tag","embeddable":true,"href":"https:\/\/smans.com\/fr\/wp-json\/wp\/v2\/product_tag?post=24106"}],"curies":[{"name":"wp","href":"https:\/\/api.w.org\/{rel}","templated":true}]}}