{"id":24111,"date":"2024-06-09T17:18:59","date_gmt":"2024-06-09T15:18:59","guid":{"rendered":"https:\/\/smans.com\/product\/soldering-station-i-con-trace\/"},"modified":"2026-04-09T12:49:04","modified_gmt":"2026-04-09T10:49:04","slug":"soldering-station-i-con-trace","status":"publish","type":"product","link":"https:\/\/smans.com\/fr\/product\/soldering-station-i-con-trace\/","title":{"rendered":"Ersa - Soldering Station I-CON TRACE"},"content":{"rendered":"<p>L&rsquo;i-CON TRACE se distingue par ses fonctionnalit\u00e9s avanc\u00e9es de tra\u00e7abilit\u00e9, sp\u00e9cialement con\u00e7ues pour les environnements o\u00f9 la qualit\u00e9 et la documentation sont essentielles.<\/p>\n<p>Cette fonction permet de surveiller, d&rsquo;enregistrer et d&rsquo;analyser int\u00e9gralement les processus de soudage. Cela rend le syst\u00e8me id\u00e9al pour les environnements de production o\u00f9 la tra\u00e7abilit\u00e9 et le contr\u00f4le qualit\u00e9 sont essentiels.<\/p>\n<h4>Que signifie la tra\u00e7abilit\u00e9 dans la pratique?<\/h4>\n<ul>\n<li><strong>Enregistrement des param\u00e8tres de soudage : <\/strong>tels que la temp\u00e9rature, la dur\u00e9e et l&rsquo;utilisation<\/li>\n<li><strong>Documentation compl\u00e8te du processus : <\/strong>indispensable pour les normes de qualit\u00e9 et les audits<\/li>\n<li><strong>Tra\u00e7abilit\u00e9 par produit ou par lot : <\/strong>visibilit\u00e9 sur chaque \u00e9tape du processus<\/li>\n<li><strong>Adapt\u00e9 \u00e0 la production industrielle : <\/strong>r\u00e9pond \u00e0 des normes de qualit\u00e9 \u00e9lev\u00e9es<\/li>\n<\/ul>\n<p>Gr\u00e2ce \u00e0 cette fonctionnalit\u00e9, les entreprises peuvent d\u00e9tecter plus rapidement les erreurs, optimiser les processus et se conformer \u00e0 des normes strictes, notamment dans l&rsquo;industrie \u00e9lectronique.<\/p>\n<h4>Int\u00e9gration dans les environnements de production<\/h4>\n<p>L&rsquo;i-CON TRACE s&rsquo;int\u00e8gre facilement dans les processus de production et les syst\u00e8mes de gestion de la qualit\u00e9 existants. Cela permet de g\u00e9rer les donn\u00e9es de soudage de mani\u00e8re centralis\u00e9e et de les relier \u00e0 d&rsquo;autres syst\u00e8mes.<\/p>\n<p>La station de soudage n&rsquo;est ainsi pas seulement un outil, mais un \u00e9l\u00e9ment \u00e0 part enti\u00e8re d&rsquo;un processus de production contr\u00f4l\u00e9.<\/p>\n","protected":false},"excerpt":{"rendered":"<p>Une solution sophistiqu\u00e9e et compacte pour des travaux de soudure de pr\u00e9cision<\/p>\n","protected":false},"featured_media":0,"template":"","meta":{"_acf_changed":false},"pwb-brand":[18232],"product_brand":[],"product_cat":[17990,17991,18049,18073,18001,18003],"product_tag":[],"class_list":{"0":"post-24111","1":"product","2":"type-product","3":"status-publish","5":"pwb-brand-brand-ersa-fr","6":"product_cat-cables-et-cablage-fr","7":"product_cat-electronique-fr","8":"product_cat-manual-soldering-fr","9":"product_cat-manual-soldering-fr-2","10":"product_cat-processus-secondaires-fr","11":"product_cat-systemes-manuels-de-soudure-et-de-reparation-fr","13":"first","14":"instock","15":"taxable","16":"shipping-taxable","17":"purchasable","18":"product-type-simple"},"acf":[],"yoast_head":"<!-- This site is optimized with the Yoast SEO plugin v27.1.1 - https:\/\/yoast.com\/product\/yoast-seo-wordpress\/ -->\n<title>Soldering Station I-CON TRACE - Smans<\/title>\n<meta name=\"robots\" content=\"index, follow, max-snippet:-1, max-image-preview:large, max-video-preview:-1\" \/>\n<link rel=\"canonical\" href=\"https:\/\/smans.com\/fr\/product\/soldering-station-i-con-trace\/\" \/>\n<meta property=\"og:locale\" content=\"fr_FR\" \/>\n<meta property=\"og:type\" content=\"article\" \/>\n<meta property=\"og:title\" content=\"Soldering Station I-CON TRACE - Smans\" \/>\n<meta property=\"og:description\" content=\"Une solution sophistiqu\u00e9e et compacte pour des travaux de soudure de pr\u00e9cision\" \/>\n<meta property=\"og:url\" content=\"https:\/\/smans.com\/fr\/product\/soldering-station-i-con-trace\/\" \/>\n<meta property=\"og:site_name\" content=\"Smans\" \/>\n<meta property=\"article:modified_time\" content=\"2026-04-09T10:49:04+00:00\" \/>\n<meta name=\"twitter:card\" content=\"summary_large_image\" \/>\n<meta name=\"twitter:label1\" content=\"Dur\u00e9e de lecture estim\u00e9e\" \/>\n\t<meta name=\"twitter:data1\" content=\"1 minute\" \/>\n<script type=\"application\/ld+json\" class=\"yoast-schema-graph\">{\"@context\":\"https:\/\/schema.org\",\"@graph\":[{\"@type\":\"WebPage\",\"@id\":\"https:\/\/smans.com\/fr\/product\/soldering-station-i-con-trace\/\",\"url\":\"https:\/\/smans.com\/fr\/product\/soldering-station-i-con-trace\/\",\"name\":\"Soldering Station I-CON TRACE - Smans\",\"isPartOf\":{\"@id\":\"https:\/\/smans.com\/nl\/#website\"},\"datePublished\":\"2024-06-09T15:18:59+00:00\",\"dateModified\":\"2026-04-09T10:49:04+00:00\",\"breadcrumb\":{\"@id\":\"https:\/\/smans.com\/fr\/product\/soldering-station-i-con-trace\/#breadcrumb\"},\"inLanguage\":\"fr-FR\",\"potentialAction\":[{\"@type\":\"ReadAction\",\"target\":[\"https:\/\/smans.com\/fr\/product\/soldering-station-i-con-trace\/\"]}]},{\"@type\":\"BreadcrumbList\",\"@id\":\"https:\/\/smans.com\/fr\/product\/soldering-station-i-con-trace\/#breadcrumb\",\"itemListElement\":[{\"@type\":\"ListItem\",\"position\":1,\"name\":\"Home\",\"item\":\"https:\/\/smans.com\/fr\/\"},{\"@type\":\"ListItem\",\"position\":2,\"name\":\"Boutique\",\"item\":\"https:\/\/smans.com\/nl\/shop\/\"},{\"@type\":\"ListItem\",\"position\":3,\"name\":\"Ersa - Soldering Station I-CON TRACE\"}]},{\"@type\":\"WebSite\",\"@id\":\"https:\/\/smans.com\/nl\/#website\",\"url\":\"https:\/\/smans.com\/nl\/\",\"name\":\"Smans\",\"description\":\"\",\"publisher\":{\"@id\":\"https:\/\/smans.com\/nl\/#organization\"},\"potentialAction\":[{\"@type\":\"SearchAction\",\"target\":{\"@type\":\"EntryPoint\",\"urlTemplate\":\"https:\/\/smans.com\/nl\/?s={search_term_string}\"},\"query-input\":{\"@type\":\"PropertyValueSpecification\",\"valueRequired\":true,\"valueName\":\"search_term_string\"}}],\"inLanguage\":\"fr-FR\"},{\"@type\":\"Organization\",\"@id\":\"https:\/\/smans.com\/nl\/#organization\",\"name\":\"Smans\",\"url\":\"https:\/\/smans.com\/nl\/\",\"logo\":{\"@type\":\"ImageObject\",\"inLanguage\":\"fr-FR\",\"@id\":\"https:\/\/smans.com\/nl\/#\/schema\/logo\/image\/\",\"url\":\"https:\/\/smans.com\/wp-content\/uploads\/2023\/09\/logo.svg\",\"contentUrl\":\"https:\/\/smans.com\/wp-content\/uploads\/2023\/09\/logo.svg\",\"caption\":\"Smans\"},\"image\":{\"@id\":\"https:\/\/smans.com\/nl\/#\/schema\/logo\/image\/\"}}]}<\/script>\n<!-- \/ Yoast SEO plugin. -->","yoast_head_json":{"title":"Soldering Station I-CON TRACE - Smans","robots":{"index":"index","follow":"follow","max-snippet":"max-snippet:-1","max-image-preview":"max-image-preview:large","max-video-preview":"max-video-preview:-1"},"canonical":"https:\/\/smans.com\/fr\/product\/soldering-station-i-con-trace\/","og_locale":"fr_FR","og_type":"article","og_title":"Soldering Station I-CON TRACE - Smans","og_description":"Une solution sophistiqu\u00e9e et compacte pour des travaux de soudure de pr\u00e9cision","og_url":"https:\/\/smans.com\/fr\/product\/soldering-station-i-con-trace\/","og_site_name":"Smans","article_modified_time":"2026-04-09T10:49:04+00:00","twitter_card":"summary_large_image","twitter_misc":{"Dur\u00e9e de lecture estim\u00e9e":"1 minute"},"schema":{"@context":"https:\/\/schema.org","@graph":[{"@type":"WebPage","@id":"https:\/\/smans.com\/fr\/product\/soldering-station-i-con-trace\/","url":"https:\/\/smans.com\/fr\/product\/soldering-station-i-con-trace\/","name":"Soldering Station I-CON TRACE - Smans","isPartOf":{"@id":"https:\/\/smans.com\/nl\/#website"},"datePublished":"2024-06-09T15:18:59+00:00","dateModified":"2026-04-09T10:49:04+00:00","breadcrumb":{"@id":"https:\/\/smans.com\/fr\/product\/soldering-station-i-con-trace\/#breadcrumb"},"inLanguage":"fr-FR","potentialAction":[{"@type":"ReadAction","target":["https:\/\/smans.com\/fr\/product\/soldering-station-i-con-trace\/"]}]},{"@type":"BreadcrumbList","@id":"https:\/\/smans.com\/fr\/product\/soldering-station-i-con-trace\/#breadcrumb","itemListElement":[{"@type":"ListItem","position":1,"name":"Home","item":"https:\/\/smans.com\/fr\/"},{"@type":"ListItem","position":2,"name":"Boutique","item":"https:\/\/smans.com\/nl\/shop\/"},{"@type":"ListItem","position":3,"name":"Ersa - Soldering Station I-CON TRACE"}]},{"@type":"WebSite","@id":"https:\/\/smans.com\/nl\/#website","url":"https:\/\/smans.com\/nl\/","name":"Smans","description":"","publisher":{"@id":"https:\/\/smans.com\/nl\/#organization"},"potentialAction":[{"@type":"SearchAction","target":{"@type":"EntryPoint","urlTemplate":"https:\/\/smans.com\/nl\/?s={search_term_string}"},"query-input":{"@type":"PropertyValueSpecification","valueRequired":true,"valueName":"search_term_string"}}],"inLanguage":"fr-FR"},{"@type":"Organization","@id":"https:\/\/smans.com\/nl\/#organization","name":"Smans","url":"https:\/\/smans.com\/nl\/","logo":{"@type":"ImageObject","inLanguage":"fr-FR","@id":"https:\/\/smans.com\/nl\/#\/schema\/logo\/image\/","url":"https:\/\/smans.com\/wp-content\/uploads\/2023\/09\/logo.svg","contentUrl":"https:\/\/smans.com\/wp-content\/uploads\/2023\/09\/logo.svg","caption":"Smans"},"image":{"@id":"https:\/\/smans.com\/nl\/#\/schema\/logo\/image\/"}}]}},"brands":[{"id":18232,"name":"Ersa","slug":"brand-ersa-fr"}],"_links":{"self":[{"href":"https:\/\/smans.com\/fr\/wp-json\/wp\/v2\/product\/24111","targetHints":{"allow":["GET"]}}],"collection":[{"href":"https:\/\/smans.com\/fr\/wp-json\/wp\/v2\/product"}],"about":[{"href":"https:\/\/smans.com\/fr\/wp-json\/wp\/v2\/types\/product"}],"wp:attachment":[{"href":"https:\/\/smans.com\/fr\/wp-json\/wp\/v2\/media?parent=24111"}],"wp:term":[{"taxonomy":"pwb-brand","embeddable":true,"href":"https:\/\/smans.com\/fr\/wp-json\/wp\/v2\/pwb-brand?post=24111"},{"taxonomy":"product_brand","embeddable":true,"href":"https:\/\/smans.com\/fr\/wp-json\/wp\/v2\/product_brand?post=24111"},{"taxonomy":"product_cat","embeddable":true,"href":"https:\/\/smans.com\/fr\/wp-json\/wp\/v2\/product_cat?post=24111"},{"taxonomy":"product_tag","embeddable":true,"href":"https:\/\/smans.com\/fr\/wp-json\/wp\/v2\/product_tag?post=24111"}],"curies":[{"name":"wp","href":"https:\/\/api.w.org\/{rel}","templated":true}]}}