{"id":24143,"date":"2024-06-09T17:13:06","date_gmt":"2024-06-09T15:13:06","guid":{"rendered":"https:\/\/smans.com\/product\/hydraulic-crimping-machine-up-150\/"},"modified":"2026-04-13T12:24:27","modified_gmt":"2026-04-13T10:24:27","slug":"hydraulic-crimping-machine-up-150","status":"publish","type":"product","link":"https:\/\/smans.com\/fr\/product\/hydraulic-crimping-machine-up-150\/","title":{"rendered":"Wezag - Hydraulic Crimping Machine UP 150"},"content":{"rendered":"<p data-start=\"0\" data-end=\"315\">Avec une force de sertissage de <strong>150 kN<\/strong>, la<strong> UP 150<\/strong> est parfaitement adapt\u00e9e au traitement des c\u00e2bles de grande section, tels que les c\u00e2bles de batterie. Cette machine compacte de table est exceptionnellement silencieuse et constitue une excellente solution pour optimiser votre processus de production.<\/p>\n<p data-start=\"317\" data-end=\"697\">La <strong>UP 150<\/strong> offre un traitement des c\u00e2bles de premier ordre avec compatibilit\u00e9 r\u00e9seau et niveaux d&rsquo;autorisation ajustables. D\u00e9finissez des tol\u00e9rances, d\u00e9tectez les pi\u00e8ces d\u00e9fectueuses et documentez les r\u00e9sultats gr\u00e2ce au syst\u00e8me int\u00e9gr\u00e9 de surveillance de la force de sertissage. Cela garantit une tol\u00e9rance z\u00e9ro pour les erreurs tout en maintenant des co\u00fbts de production optimaux.<\/p>\n","protected":false},"excerpt":{"rendered":"<p>Avec une force de sertissage de 150 kN, la UP 150 est particuli\u00e8rement adapt\u00e9e au traitement de grandes sections transversales telles que les c\u00e2bles de batterie.<\/p>\n","protected":false},"featured_media":0,"template":"","meta":{"_acf_changed":false},"pwb-brand":[18318],"product_brand":[],"product_cat":[17990,17993,18034],"product_tag":[],"class_list":{"0":"post-24143","1":"product","2":"type-product","3":"status-publish","5":"pwb-brand-brand-wezag-fr","6":"product_cat-cables-et-cablage-fr","7":"product_cat-couper-denuder-sertissage-fr","8":"product_cat-wire-crimping-machines-fr","10":"first","11":"instock","12":"taxable","13":"shipping-taxable","14":"product-type-simple"},"acf":[],"yoast_head":"<!-- This site is optimized with the Yoast SEO plugin v27.1.1 - https:\/\/yoast.com\/product\/yoast-seo-wordpress\/ -->\n<title>Hydraulic Crimping Machine UP 150 - Smans<\/title>\n<meta name=\"robots\" content=\"index, follow, max-snippet:-1, max-image-preview:large, max-video-preview:-1\" \/>\n<link rel=\"canonical\" href=\"https:\/\/smans.com\/fr\/product\/hydraulic-crimping-machine-up-150\/\" \/>\n<meta property=\"og:locale\" content=\"fr_FR\" \/>\n<meta property=\"og:type\" content=\"article\" \/>\n<meta property=\"og:title\" content=\"Hydraulic Crimping Machine UP 150 - Smans\" \/>\n<meta property=\"og:description\" content=\"Avec une force de sertissage de 150 kN, la UP 150 est particuli\u00e8rement adapt\u00e9e au traitement de grandes sections transversales telles que les c\u00e2bles de batterie.\" \/>\n<meta property=\"og:url\" content=\"https:\/\/smans.com\/fr\/product\/hydraulic-crimping-machine-up-150\/\" \/>\n<meta property=\"og:site_name\" content=\"Smans\" \/>\n<meta property=\"article:modified_time\" content=\"2026-04-13T10:24:27+00:00\" \/>\n<meta name=\"twitter:card\" content=\"summary_large_image\" \/>\n<meta name=\"twitter:label1\" content=\"Dur\u00e9e de lecture estim\u00e9e\" \/>\n\t<meta name=\"twitter:data1\" content=\"1 minute\" \/>\n<script type=\"application\/ld+json\" class=\"yoast-schema-graph\">{\"@context\":\"https:\/\/schema.org\",\"@graph\":[{\"@type\":\"WebPage\",\"@id\":\"https:\/\/smans.com\/fr\/product\/hydraulic-crimping-machine-up-150\/\",\"url\":\"https:\/\/smans.com\/fr\/product\/hydraulic-crimping-machine-up-150\/\",\"name\":\"Hydraulic Crimping Machine UP 150 - Smans\",\"isPartOf\":{\"@id\":\"https:\/\/smans.com\/nl\/#website\"},\"datePublished\":\"2024-06-09T15:13:06+00:00\",\"dateModified\":\"2026-04-13T10:24:27+00:00\",\"breadcrumb\":{\"@id\":\"https:\/\/smans.com\/fr\/product\/hydraulic-crimping-machine-up-150\/#breadcrumb\"},\"inLanguage\":\"fr-FR\",\"potentialAction\":[{\"@type\":\"ReadAction\",\"target\":[\"https:\/\/smans.com\/fr\/product\/hydraulic-crimping-machine-up-150\/\"]}]},{\"@type\":\"BreadcrumbList\",\"@id\":\"https:\/\/smans.com\/fr\/product\/hydraulic-crimping-machine-up-150\/#breadcrumb\",\"itemListElement\":[{\"@type\":\"ListItem\",\"position\":1,\"name\":\"Home\",\"item\":\"https:\/\/smans.com\/fr\/\"},{\"@type\":\"ListItem\",\"position\":2,\"name\":\"Boutique\",\"item\":\"https:\/\/smans.com\/nl\/shop\/\"},{\"@type\":\"ListItem\",\"position\":3,\"name\":\"Wezag - Hydraulic Crimping Machine UP 150\"}]},{\"@type\":\"WebSite\",\"@id\":\"https:\/\/smans.com\/nl\/#website\",\"url\":\"https:\/\/smans.com\/nl\/\",\"name\":\"Smans\",\"description\":\"\",\"publisher\":{\"@id\":\"https:\/\/smans.com\/nl\/#organization\"},\"potentialAction\":[{\"@type\":\"SearchAction\",\"target\":{\"@type\":\"EntryPoint\",\"urlTemplate\":\"https:\/\/smans.com\/nl\/?s={search_term_string}\"},\"query-input\":{\"@type\":\"PropertyValueSpecification\",\"valueRequired\":true,\"valueName\":\"search_term_string\"}}],\"inLanguage\":\"fr-FR\"},{\"@type\":\"Organization\",\"@id\":\"https:\/\/smans.com\/nl\/#organization\",\"name\":\"Smans\",\"url\":\"https:\/\/smans.com\/nl\/\",\"logo\":{\"@type\":\"ImageObject\",\"inLanguage\":\"fr-FR\",\"@id\":\"https:\/\/smans.com\/nl\/#\/schema\/logo\/image\/\",\"url\":\"https:\/\/smans.com\/wp-content\/uploads\/2023\/09\/logo.svg\",\"contentUrl\":\"https:\/\/smans.com\/wp-content\/uploads\/2023\/09\/logo.svg\",\"caption\":\"Smans\"},\"image\":{\"@id\":\"https:\/\/smans.com\/nl\/#\/schema\/logo\/image\/\"}}]}<\/script>\n<!-- \/ Yoast SEO plugin. -->","yoast_head_json":{"title":"Hydraulic Crimping Machine UP 150 - Smans","robots":{"index":"index","follow":"follow","max-snippet":"max-snippet:-1","max-image-preview":"max-image-preview:large","max-video-preview":"max-video-preview:-1"},"canonical":"https:\/\/smans.com\/fr\/product\/hydraulic-crimping-machine-up-150\/","og_locale":"fr_FR","og_type":"article","og_title":"Hydraulic Crimping Machine UP 150 - Smans","og_description":"Avec une force de sertissage de 150 kN, la UP 150 est particuli\u00e8rement adapt\u00e9e au traitement de grandes sections transversales telles que les c\u00e2bles de batterie.","og_url":"https:\/\/smans.com\/fr\/product\/hydraulic-crimping-machine-up-150\/","og_site_name":"Smans","article_modified_time":"2026-04-13T10:24:27+00:00","twitter_card":"summary_large_image","twitter_misc":{"Dur\u00e9e de lecture estim\u00e9e":"1 minute"},"schema":{"@context":"https:\/\/schema.org","@graph":[{"@type":"WebPage","@id":"https:\/\/smans.com\/fr\/product\/hydraulic-crimping-machine-up-150\/","url":"https:\/\/smans.com\/fr\/product\/hydraulic-crimping-machine-up-150\/","name":"Hydraulic Crimping Machine UP 150 - Smans","isPartOf":{"@id":"https:\/\/smans.com\/nl\/#website"},"datePublished":"2024-06-09T15:13:06+00:00","dateModified":"2026-04-13T10:24:27+00:00","breadcrumb":{"@id":"https:\/\/smans.com\/fr\/product\/hydraulic-crimping-machine-up-150\/#breadcrumb"},"inLanguage":"fr-FR","potentialAction":[{"@type":"ReadAction","target":["https:\/\/smans.com\/fr\/product\/hydraulic-crimping-machine-up-150\/"]}]},{"@type":"BreadcrumbList","@id":"https:\/\/smans.com\/fr\/product\/hydraulic-crimping-machine-up-150\/#breadcrumb","itemListElement":[{"@type":"ListItem","position":1,"name":"Home","item":"https:\/\/smans.com\/fr\/"},{"@type":"ListItem","position":2,"name":"Boutique","item":"https:\/\/smans.com\/nl\/shop\/"},{"@type":"ListItem","position":3,"name":"Wezag - Hydraulic Crimping Machine UP 150"}]},{"@type":"WebSite","@id":"https:\/\/smans.com\/nl\/#website","url":"https:\/\/smans.com\/nl\/","name":"Smans","description":"","publisher":{"@id":"https:\/\/smans.com\/nl\/#organization"},"potentialAction":[{"@type":"SearchAction","target":{"@type":"EntryPoint","urlTemplate":"https:\/\/smans.com\/nl\/?s={search_term_string}"},"query-input":{"@type":"PropertyValueSpecification","valueRequired":true,"valueName":"search_term_string"}}],"inLanguage":"fr-FR"},{"@type":"Organization","@id":"https:\/\/smans.com\/nl\/#organization","name":"Smans","url":"https:\/\/smans.com\/nl\/","logo":{"@type":"ImageObject","inLanguage":"fr-FR","@id":"https:\/\/smans.com\/nl\/#\/schema\/logo\/image\/","url":"https:\/\/smans.com\/wp-content\/uploads\/2023\/09\/logo.svg","contentUrl":"https:\/\/smans.com\/wp-content\/uploads\/2023\/09\/logo.svg","caption":"Smans"},"image":{"@id":"https:\/\/smans.com\/nl\/#\/schema\/logo\/image\/"}}]}},"brands":[{"id":18318,"name":"Wezag","slug":"brand-wezag-fr"}],"_links":{"self":[{"href":"https:\/\/smans.com\/fr\/wp-json\/wp\/v2\/product\/24143","targetHints":{"allow":["GET"]}}],"collection":[{"href":"https:\/\/smans.com\/fr\/wp-json\/wp\/v2\/product"}],"about":[{"href":"https:\/\/smans.com\/fr\/wp-json\/wp\/v2\/types\/product"}],"wp:attachment":[{"href":"https:\/\/smans.com\/fr\/wp-json\/wp\/v2\/media?parent=24143"}],"wp:term":[{"taxonomy":"pwb-brand","embeddable":true,"href":"https:\/\/smans.com\/fr\/wp-json\/wp\/v2\/pwb-brand?post=24143"},{"taxonomy":"product_brand","embeddable":true,"href":"https:\/\/smans.com\/fr\/wp-json\/wp\/v2\/product_brand?post=24143"},{"taxonomy":"product_cat","embeddable":true,"href":"https:\/\/smans.com\/fr\/wp-json\/wp\/v2\/product_cat?post=24143"},{"taxonomy":"product_tag","embeddable":true,"href":"https:\/\/smans.com\/fr\/wp-json\/wp\/v2\/product_tag?post=24143"}],"curies":[{"name":"wp","href":"https:\/\/api.w.org\/{rel}","templated":true}]}}