{"id":24149,"date":"2024-06-09T17:07:47","date_gmt":"2024-06-09T15:07:47","guid":{"rendered":"https:\/\/smans.com\/product\/measuring-device-micropull-10\/"},"modified":"2026-04-07T12:16:46","modified_gmt":"2026-04-07T10:16:46","slug":"measuring-device-micropull-10","status":"publish","type":"product","link":"https:\/\/smans.com\/fr\/product\/measuring-device-micropull-10\/","title":{"rendered":"Komax - Measuring device MicroPull 10"},"content":{"rendered":"<p data-start=\"2456\" data-end=\"2750\">Le <strong data-start=\"2459\" data-end=\"2475\">MicroPull 10<\/strong> est un <strong data-start=\"2483\" data-end=\"2513\">syst\u00e8me de mesure autonome<\/strong>, con\u00e7u pour <strong data-start=\"2526\" data-end=\"2580\">mesurer les forces de traction entre 20 et 1 000 N<\/strong>. Cet appareil polyvalent propose <strong data-start=\"2614\" data-end=\"2670\">diff\u00e9rentes vitesses d&rsquo;extraction jusqu&rsquo;\u00e0 100 mm\/min<\/strong>, id\u00e9al pour des <strong data-start=\"2687\" data-end=\"2708\">contr\u00f4les rapides<\/strong> ou des <strong data-start=\"2716\" data-end=\"2747\">s\u00e9ries de mesures compl\u00e8tes<\/strong>.<\/p>\n<h4 data-start=\"2752\" data-end=\"2803\"><strong data-start=\"2757\" data-end=\"2801\">Interface Intuitive et Facile \u00e0 Utiliser<\/strong><\/h4>\n<ul data-start=\"2804\" data-end=\"3128\">\n<li data-start=\"2804\" data-end=\"2875\"><strong data-start=\"2806\" data-end=\"2831\">\u00c9cran tactile moderne<\/strong> pour une utilisation simple et intuitive.<\/li>\n<li data-start=\"2876\" data-end=\"2946\"><strong data-start=\"2878\" data-end=\"2913\">Affichage en direct des mesures<\/strong> et acc\u00e8s imm\u00e9diat aux donn\u00e9es.<\/li>\n<li data-start=\"2947\" data-end=\"3021\"><strong data-start=\"2949\" data-end=\"2987\">Tests uniques ou s\u00e9ries de mesures<\/strong> selon les exigences sp\u00e9cifi\u00e9es.<\/li>\n<li data-start=\"3022\" data-end=\"3128\"><strong data-start=\"3024\" data-end=\"3073\">G\u00e9n\u00e9ration de rapports et \u00e9talonnage sur site<\/strong> avec l\u2019<strong data-start=\"3081\" data-end=\"3125\">unit\u00e9 de v\u00e9rification Pull Tester (PTVU)<\/strong>.<\/li>\n<\/ul>\n<h4 data-start=\"3130\" data-end=\"3184\"><strong data-start=\"3135\" data-end=\"3182\">Mesures Pr\u00e9cises pour Diverses Applications<\/strong><\/h4>\n<ul data-start=\"3185\" data-end=\"3375\">\n<li data-start=\"3185\" data-end=\"3247\"><strong data-start=\"3187\" data-end=\"3244\">Force de traction mesur\u00e9e avec pr\u00e9cision et stabilit\u00e9<\/strong>.<\/li>\n<li data-start=\"3248\" data-end=\"3308\"><strong data-start=\"3250\" data-end=\"3305\">Convient \u00e0 divers secteurs pour le contr\u00f4le qualit\u00e9<\/strong>.<\/li>\n<li data-start=\"3309\" data-end=\"3375\"><strong data-start=\"3311\" data-end=\"3372\">Syst\u00e8me de test fiable avec de nombreuses fonctionnalit\u00e9s<\/strong>.<\/li>\n<\/ul>\n<p data-start=\"3377\" data-end=\"3547\" data-is-last-node=\"\">Le <strong data-start=\"3380\" data-end=\"3396\">MicroPull 10<\/strong> est une <strong data-start=\"3405\" data-end=\"3450\">solution puissante, pr\u00e9cise et conviviale<\/strong> pour <strong data-start=\"3456\" data-end=\"3546\">l\u2019assurance qualit\u00e9 et les essais de traction dans diverses applications industrielles<\/strong>.<\/p>\n","protected":false},"excerpt":{"rendered":"<p>Le MicroPull 10: syst\u00e8me de mesure autonome<\/p>\n","protected":false},"featured_media":0,"template":"","meta":{"_acf_changed":false},"pwb-brand":[18260],"product_brand":[],"product_cat":[17990,17997,18027],"product_tag":[],"class_list":{"0":"post-24149","1":"product","2":"type-product","3":"status-publish","5":"pwb-brand-brand-komax-fr","6":"product_cat-cables-et-cablage-fr","7":"product_cat-control-de-la-qualite-fr","8":"product_cat-pull-force-meters-fr","10":"first","11":"instock","12":"taxable","13":"shipping-taxable","14":"purchasable","15":"product-type-simple"},"acf":[],"yoast_head":"<!-- This site is optimized with the Yoast SEO plugin v27.1.1 - https:\/\/yoast.com\/product\/yoast-seo-wordpress\/ -->\n<title>Measuring device MicroPull 10 - Smans<\/title>\n<meta name=\"robots\" content=\"index, follow, max-snippet:-1, max-image-preview:large, max-video-preview:-1\" \/>\n<link rel=\"canonical\" href=\"https:\/\/smans.com\/fr\/product\/measuring-device-micropull-10\/\" \/>\n<meta property=\"og:locale\" content=\"fr_FR\" \/>\n<meta property=\"og:type\" content=\"article\" \/>\n<meta property=\"og:title\" content=\"Measuring device MicroPull 10 - Smans\" \/>\n<meta property=\"og:description\" content=\"Le MicroPull 10: syst\u00e8me de mesure autonome\" \/>\n<meta property=\"og:url\" content=\"https:\/\/smans.com\/fr\/product\/measuring-device-micropull-10\/\" \/>\n<meta property=\"og:site_name\" content=\"Smans\" \/>\n<meta property=\"article:modified_time\" content=\"2026-04-07T10:16:46+00:00\" \/>\n<meta name=\"twitter:card\" content=\"summary_large_image\" \/>\n<meta name=\"twitter:label1\" content=\"Dur\u00e9e de lecture estim\u00e9e\" \/>\n\t<meta name=\"twitter:data1\" content=\"1 minute\" \/>\n<script type=\"application\/ld+json\" class=\"yoast-schema-graph\">{\"@context\":\"https:\/\/schema.org\",\"@graph\":[{\"@type\":\"WebPage\",\"@id\":\"https:\/\/smans.com\/fr\/product\/measuring-device-micropull-10\/\",\"url\":\"https:\/\/smans.com\/fr\/product\/measuring-device-micropull-10\/\",\"name\":\"Measuring device MicroPull 10 - Smans\",\"isPartOf\":{\"@id\":\"https:\/\/smans.com\/nl\/#website\"},\"datePublished\":\"2024-06-09T15:07:47+00:00\",\"dateModified\":\"2026-04-07T10:16:46+00:00\",\"breadcrumb\":{\"@id\":\"https:\/\/smans.com\/fr\/product\/measuring-device-micropull-10\/#breadcrumb\"},\"inLanguage\":\"fr-FR\",\"potentialAction\":[{\"@type\":\"ReadAction\",\"target\":[\"https:\/\/smans.com\/fr\/product\/measuring-device-micropull-10\/\"]}]},{\"@type\":\"BreadcrumbList\",\"@id\":\"https:\/\/smans.com\/fr\/product\/measuring-device-micropull-10\/#breadcrumb\",\"itemListElement\":[{\"@type\":\"ListItem\",\"position\":1,\"name\":\"Home\",\"item\":\"https:\/\/smans.com\/fr\/\"},{\"@type\":\"ListItem\",\"position\":2,\"name\":\"Boutique\",\"item\":\"https:\/\/smans.com\/nl\/shop\/\"},{\"@type\":\"ListItem\",\"position\":3,\"name\":\"Komax - Measuring device MicroPull 10\"}]},{\"@type\":\"WebSite\",\"@id\":\"https:\/\/smans.com\/nl\/#website\",\"url\":\"https:\/\/smans.com\/nl\/\",\"name\":\"Smans\",\"description\":\"\",\"publisher\":{\"@id\":\"https:\/\/smans.com\/nl\/#organization\"},\"potentialAction\":[{\"@type\":\"SearchAction\",\"target\":{\"@type\":\"EntryPoint\",\"urlTemplate\":\"https:\/\/smans.com\/nl\/?s={search_term_string}\"},\"query-input\":{\"@type\":\"PropertyValueSpecification\",\"valueRequired\":true,\"valueName\":\"search_term_string\"}}],\"inLanguage\":\"fr-FR\"},{\"@type\":\"Organization\",\"@id\":\"https:\/\/smans.com\/nl\/#organization\",\"name\":\"Smans\",\"url\":\"https:\/\/smans.com\/nl\/\",\"logo\":{\"@type\":\"ImageObject\",\"inLanguage\":\"fr-FR\",\"@id\":\"https:\/\/smans.com\/nl\/#\/schema\/logo\/image\/\",\"url\":\"https:\/\/smans.com\/wp-content\/uploads\/2023\/09\/logo.svg\",\"contentUrl\":\"https:\/\/smans.com\/wp-content\/uploads\/2023\/09\/logo.svg\",\"caption\":\"Smans\"},\"image\":{\"@id\":\"https:\/\/smans.com\/nl\/#\/schema\/logo\/image\/\"}}]}<\/script>\n<!-- \/ Yoast SEO plugin. -->","yoast_head_json":{"title":"Measuring device MicroPull 10 - Smans","robots":{"index":"index","follow":"follow","max-snippet":"max-snippet:-1","max-image-preview":"max-image-preview:large","max-video-preview":"max-video-preview:-1"},"canonical":"https:\/\/smans.com\/fr\/product\/measuring-device-micropull-10\/","og_locale":"fr_FR","og_type":"article","og_title":"Measuring device MicroPull 10 - Smans","og_description":"Le MicroPull 10: syst\u00e8me de mesure autonome","og_url":"https:\/\/smans.com\/fr\/product\/measuring-device-micropull-10\/","og_site_name":"Smans","article_modified_time":"2026-04-07T10:16:46+00:00","twitter_card":"summary_large_image","twitter_misc":{"Dur\u00e9e de lecture estim\u00e9e":"1 minute"},"schema":{"@context":"https:\/\/schema.org","@graph":[{"@type":"WebPage","@id":"https:\/\/smans.com\/fr\/product\/measuring-device-micropull-10\/","url":"https:\/\/smans.com\/fr\/product\/measuring-device-micropull-10\/","name":"Measuring device MicroPull 10 - Smans","isPartOf":{"@id":"https:\/\/smans.com\/nl\/#website"},"datePublished":"2024-06-09T15:07:47+00:00","dateModified":"2026-04-07T10:16:46+00:00","breadcrumb":{"@id":"https:\/\/smans.com\/fr\/product\/measuring-device-micropull-10\/#breadcrumb"},"inLanguage":"fr-FR","potentialAction":[{"@type":"ReadAction","target":["https:\/\/smans.com\/fr\/product\/measuring-device-micropull-10\/"]}]},{"@type":"BreadcrumbList","@id":"https:\/\/smans.com\/fr\/product\/measuring-device-micropull-10\/#breadcrumb","itemListElement":[{"@type":"ListItem","position":1,"name":"Home","item":"https:\/\/smans.com\/fr\/"},{"@type":"ListItem","position":2,"name":"Boutique","item":"https:\/\/smans.com\/nl\/shop\/"},{"@type":"ListItem","position":3,"name":"Komax - Measuring device MicroPull 10"}]},{"@type":"WebSite","@id":"https:\/\/smans.com\/nl\/#website","url":"https:\/\/smans.com\/nl\/","name":"Smans","description":"","publisher":{"@id":"https:\/\/smans.com\/nl\/#organization"},"potentialAction":[{"@type":"SearchAction","target":{"@type":"EntryPoint","urlTemplate":"https:\/\/smans.com\/nl\/?s={search_term_string}"},"query-input":{"@type":"PropertyValueSpecification","valueRequired":true,"valueName":"search_term_string"}}],"inLanguage":"fr-FR"},{"@type":"Organization","@id":"https:\/\/smans.com\/nl\/#organization","name":"Smans","url":"https:\/\/smans.com\/nl\/","logo":{"@type":"ImageObject","inLanguage":"fr-FR","@id":"https:\/\/smans.com\/nl\/#\/schema\/logo\/image\/","url":"https:\/\/smans.com\/wp-content\/uploads\/2023\/09\/logo.svg","contentUrl":"https:\/\/smans.com\/wp-content\/uploads\/2023\/09\/logo.svg","caption":"Smans"},"image":{"@id":"https:\/\/smans.com\/nl\/#\/schema\/logo\/image\/"}}]}},"brands":[{"id":18260,"name":"Komax","slug":"brand-komax-fr"}],"_links":{"self":[{"href":"https:\/\/smans.com\/fr\/wp-json\/wp\/v2\/product\/24149","targetHints":{"allow":["GET"]}}],"collection":[{"href":"https:\/\/smans.com\/fr\/wp-json\/wp\/v2\/product"}],"about":[{"href":"https:\/\/smans.com\/fr\/wp-json\/wp\/v2\/types\/product"}],"wp:attachment":[{"href":"https:\/\/smans.com\/fr\/wp-json\/wp\/v2\/media?parent=24149"}],"wp:term":[{"taxonomy":"pwb-brand","embeddable":true,"href":"https:\/\/smans.com\/fr\/wp-json\/wp\/v2\/pwb-brand?post=24149"},{"taxonomy":"product_brand","embeddable":true,"href":"https:\/\/smans.com\/fr\/wp-json\/wp\/v2\/product_brand?post=24149"},{"taxonomy":"product_cat","embeddable":true,"href":"https:\/\/smans.com\/fr\/wp-json\/wp\/v2\/product_cat?post=24149"},{"taxonomy":"product_tag","embeddable":true,"href":"https:\/\/smans.com\/fr\/wp-json\/wp\/v2\/product_tag?post=24149"}],"curies":[{"name":"wp","href":"https:\/\/api.w.org\/{rel}","templated":true}]}}