{"id":24174,"date":"2024-06-09T17:21:01","date_gmt":"2024-06-09T15:21:01","guid":{"rendered":"https:\/\/smans.com\/product\/vapor-phase-soldering-machine-vp810\/"},"modified":"2026-04-09T12:51:16","modified_gmt":"2026-04-09T10:51:16","slug":"vapor-phase-soldering-machine-vp810","status":"publish","type":"product","link":"https:\/\/smans.com\/fr\/product\/vapor-phase-soldering-machine-vp810\/","title":{"rendered":"Asscon - Vapor Phase Soldering Machine VP810 batch \/ VP810 vacuum batch"},"content":{"rendered":"<p>L&rsquo;ASSCON VP810 a \u00e9t\u00e9 sp\u00e9cialement con\u00e7u pour le prototypage, les laboratoires et la production en petites s\u00e9ries. Gr\u00e2ce \u00e0 son format extr\u00eamement compact (seulement 1,45 \u00d7 0,76 m), il s&rsquo;int\u00e8gre dans pratiquement toutes les configurations de production. Avec un format de support de travail universel (610 \u00d7 460 mm), vous pouvez passer de mani\u00e8re flexible d&rsquo;un assemblage \u00e0 l&rsquo;autre. De plus, la machine utilise le soudage en phase vapeur, ce qui vous permet d&rsquo;obtenir des r\u00e9sultats fiables sans surchauffe ni sous-chauffe.<\/p>\n<h4>Technologie Multi Vacuum pour un r\u00e9sultat optimal<\/h4>\n<p>La variante VP810 Vacuum en option est \u00e9quip\u00e9e de la technologie brevet\u00e9e Multi Vacuum qui vous permet d&rsquo;obtenir des taux de vide inf\u00e9rieurs \u00e0 1 %. Le module de vide est intelligemment con\u00e7u (\u00ab Clean Vacuum Technology \u00bb), n\u00e9cessite peu d&rsquo;entretien, est plac\u00e9 \u00e0 l&rsquo;ext\u00e9rieur de la zone de soudage et peut \u00eatre install\u00e9 ult\u00e9rieurement. Vous avez ainsi la possibilit\u00e9 d&rsquo;utiliser cette option lorsque votre volume de production ou vos exigences augmentent.<\/p>\n<h4>Efficace, flexible et intelligent en termes de maintenance<\/h4>\n<p>Le VP810 consomme en moyenne seulement 1,8 kWh (mod\u00e8le standard) ou 2,2 kWh (variante sous vide), atteint sa temp\u00e9rature de fonctionnement apr\u00e8s environ 30 \u00e0 60 minutes et offre des fonctions intelligentes telles que la d\u00e9tection automatique des pics de temp\u00e9rature, une m\u00e9moire interne pour 25 profils de soudage programmables et une option de scanner de code pour la tra\u00e7abilit\u00e9. Sa conception robuste, sa filtration permanente et son support de travail universel rendent la machine facile \u00e0 entretenir et pr\u00eate \u00e0 une utilisation continue.<\/p>\n","protected":false},"excerpt":{"rendered":"<p>Vacuum \u2013 machine \u00e0 souder compacte en phase vapeur pour prototypes et petites s\u00e9ries<\/p>\n","protected":false},"featured_media":0,"template":"","meta":{"_acf_changed":false},"pwb-brand":[18206],"product_brand":[],"product_cat":[17991,18011,18087],"product_tag":[],"class_list":{"0":"post-24174","1":"product","2":"type-product","3":"status-publish","5":"pwb-brand-brand-asscon-fr-2","6":"product_cat-electronique-fr","7":"product_cat-equipement-d-assemblage-smt-fr","8":"product_cat-soldering-fr","10":"first","11":"instock","12":"taxable","13":"shipping-taxable","14":"product-type-simple"},"acf":[],"yoast_head":"<!-- This site is optimized with the Yoast SEO plugin v27.1.1 - https:\/\/yoast.com\/product\/yoast-seo-wordpress\/ -->\n<title>Vapor Phase Soldering Machine VP810 batch \/ VP810 vacuum batch - Smans<\/title>\n<meta name=\"robots\" content=\"index, follow, max-snippet:-1, max-image-preview:large, max-video-preview:-1\" \/>\n<link rel=\"canonical\" href=\"https:\/\/smans.com\/fr\/product\/vapor-phase-soldering-machine-vp810\/\" \/>\n<meta property=\"og:locale\" content=\"fr_FR\" \/>\n<meta property=\"og:type\" content=\"article\" \/>\n<meta property=\"og:title\" content=\"Vapor Phase Soldering Machine VP810 batch \/ VP810 vacuum batch - Smans\" \/>\n<meta property=\"og:description\" content=\"Vacuum \u2013 machine \u00e0 souder compacte en phase vapeur pour prototypes et petites s\u00e9ries\" \/>\n<meta property=\"og:url\" content=\"https:\/\/smans.com\/fr\/product\/vapor-phase-soldering-machine-vp810\/\" \/>\n<meta property=\"og:site_name\" content=\"Smans\" \/>\n<meta property=\"article:modified_time\" content=\"2026-04-09T10:51:16+00:00\" \/>\n<meta name=\"twitter:card\" content=\"summary_large_image\" \/>\n<meta name=\"twitter:label1\" content=\"Dur\u00e9e de lecture estim\u00e9e\" \/>\n\t<meta name=\"twitter:data1\" content=\"1 minute\" \/>\n<script type=\"application\/ld+json\" class=\"yoast-schema-graph\">{\"@context\":\"https:\/\/schema.org\",\"@graph\":[{\"@type\":\"WebPage\",\"@id\":\"https:\/\/smans.com\/fr\/product\/vapor-phase-soldering-machine-vp810\/\",\"url\":\"https:\/\/smans.com\/fr\/product\/vapor-phase-soldering-machine-vp810\/\",\"name\":\"Vapor Phase Soldering Machine VP810 batch \/ VP810 vacuum batch - Smans\",\"isPartOf\":{\"@id\":\"https:\/\/smans.com\/nl\/#website\"},\"datePublished\":\"2024-06-09T15:21:01+00:00\",\"dateModified\":\"2026-04-09T10:51:16+00:00\",\"breadcrumb\":{\"@id\":\"https:\/\/smans.com\/fr\/product\/vapor-phase-soldering-machine-vp810\/#breadcrumb\"},\"inLanguage\":\"fr-FR\",\"potentialAction\":[{\"@type\":\"ReadAction\",\"target\":[\"https:\/\/smans.com\/fr\/product\/vapor-phase-soldering-machine-vp810\/\"]}]},{\"@type\":\"BreadcrumbList\",\"@id\":\"https:\/\/smans.com\/fr\/product\/vapor-phase-soldering-machine-vp810\/#breadcrumb\",\"itemListElement\":[{\"@type\":\"ListItem\",\"position\":1,\"name\":\"Home\",\"item\":\"https:\/\/smans.com\/fr\/\"},{\"@type\":\"ListItem\",\"position\":2,\"name\":\"Boutique\",\"item\":\"https:\/\/smans.com\/nl\/shop\/\"},{\"@type\":\"ListItem\",\"position\":3,\"name\":\"Asscon - Vapor Phase Soldering Machine VP810 batch \/ VP810 vacuum batch\"}]},{\"@type\":\"WebSite\",\"@id\":\"https:\/\/smans.com\/nl\/#website\",\"url\":\"https:\/\/smans.com\/nl\/\",\"name\":\"Smans\",\"description\":\"\",\"publisher\":{\"@id\":\"https:\/\/smans.com\/nl\/#organization\"},\"potentialAction\":[{\"@type\":\"SearchAction\",\"target\":{\"@type\":\"EntryPoint\",\"urlTemplate\":\"https:\/\/smans.com\/nl\/?s={search_term_string}\"},\"query-input\":{\"@type\":\"PropertyValueSpecification\",\"valueRequired\":true,\"valueName\":\"search_term_string\"}}],\"inLanguage\":\"fr-FR\"},{\"@type\":\"Organization\",\"@id\":\"https:\/\/smans.com\/nl\/#organization\",\"name\":\"Smans\",\"url\":\"https:\/\/smans.com\/nl\/\",\"logo\":{\"@type\":\"ImageObject\",\"inLanguage\":\"fr-FR\",\"@id\":\"https:\/\/smans.com\/nl\/#\/schema\/logo\/image\/\",\"url\":\"https:\/\/smans.com\/wp-content\/uploads\/2023\/09\/logo.svg\",\"contentUrl\":\"https:\/\/smans.com\/wp-content\/uploads\/2023\/09\/logo.svg\",\"caption\":\"Smans\"},\"image\":{\"@id\":\"https:\/\/smans.com\/nl\/#\/schema\/logo\/image\/\"}}]}<\/script>\n<!-- \/ Yoast SEO plugin. -->","yoast_head_json":{"title":"Vapor Phase Soldering Machine VP810 batch \/ VP810 vacuum batch - Smans","robots":{"index":"index","follow":"follow","max-snippet":"max-snippet:-1","max-image-preview":"max-image-preview:large","max-video-preview":"max-video-preview:-1"},"canonical":"https:\/\/smans.com\/fr\/product\/vapor-phase-soldering-machine-vp810\/","og_locale":"fr_FR","og_type":"article","og_title":"Vapor Phase Soldering Machine VP810 batch \/ VP810 vacuum batch - Smans","og_description":"Vacuum \u2013 machine \u00e0 souder compacte en phase vapeur pour prototypes et petites s\u00e9ries","og_url":"https:\/\/smans.com\/fr\/product\/vapor-phase-soldering-machine-vp810\/","og_site_name":"Smans","article_modified_time":"2026-04-09T10:51:16+00:00","twitter_card":"summary_large_image","twitter_misc":{"Dur\u00e9e de lecture estim\u00e9e":"1 minute"},"schema":{"@context":"https:\/\/schema.org","@graph":[{"@type":"WebPage","@id":"https:\/\/smans.com\/fr\/product\/vapor-phase-soldering-machine-vp810\/","url":"https:\/\/smans.com\/fr\/product\/vapor-phase-soldering-machine-vp810\/","name":"Vapor Phase Soldering Machine VP810 batch \/ VP810 vacuum batch - Smans","isPartOf":{"@id":"https:\/\/smans.com\/nl\/#website"},"datePublished":"2024-06-09T15:21:01+00:00","dateModified":"2026-04-09T10:51:16+00:00","breadcrumb":{"@id":"https:\/\/smans.com\/fr\/product\/vapor-phase-soldering-machine-vp810\/#breadcrumb"},"inLanguage":"fr-FR","potentialAction":[{"@type":"ReadAction","target":["https:\/\/smans.com\/fr\/product\/vapor-phase-soldering-machine-vp810\/"]}]},{"@type":"BreadcrumbList","@id":"https:\/\/smans.com\/fr\/product\/vapor-phase-soldering-machine-vp810\/#breadcrumb","itemListElement":[{"@type":"ListItem","position":1,"name":"Home","item":"https:\/\/smans.com\/fr\/"},{"@type":"ListItem","position":2,"name":"Boutique","item":"https:\/\/smans.com\/nl\/shop\/"},{"@type":"ListItem","position":3,"name":"Asscon - Vapor Phase Soldering Machine VP810 batch \/ VP810 vacuum batch"}]},{"@type":"WebSite","@id":"https:\/\/smans.com\/nl\/#website","url":"https:\/\/smans.com\/nl\/","name":"Smans","description":"","publisher":{"@id":"https:\/\/smans.com\/nl\/#organization"},"potentialAction":[{"@type":"SearchAction","target":{"@type":"EntryPoint","urlTemplate":"https:\/\/smans.com\/nl\/?s={search_term_string}"},"query-input":{"@type":"PropertyValueSpecification","valueRequired":true,"valueName":"search_term_string"}}],"inLanguage":"fr-FR"},{"@type":"Organization","@id":"https:\/\/smans.com\/nl\/#organization","name":"Smans","url":"https:\/\/smans.com\/nl\/","logo":{"@type":"ImageObject","inLanguage":"fr-FR","@id":"https:\/\/smans.com\/nl\/#\/schema\/logo\/image\/","url":"https:\/\/smans.com\/wp-content\/uploads\/2023\/09\/logo.svg","contentUrl":"https:\/\/smans.com\/wp-content\/uploads\/2023\/09\/logo.svg","caption":"Smans"},"image":{"@id":"https:\/\/smans.com\/nl\/#\/schema\/logo\/image\/"}}]}},"brands":[{"id":18206,"name":"Asscon","slug":"brand-asscon-fr-2"}],"_links":{"self":[{"href":"https:\/\/smans.com\/fr\/wp-json\/wp\/v2\/product\/24174","targetHints":{"allow":["GET"]}}],"collection":[{"href":"https:\/\/smans.com\/fr\/wp-json\/wp\/v2\/product"}],"about":[{"href":"https:\/\/smans.com\/fr\/wp-json\/wp\/v2\/types\/product"}],"wp:attachment":[{"href":"https:\/\/smans.com\/fr\/wp-json\/wp\/v2\/media?parent=24174"}],"wp:term":[{"taxonomy":"pwb-brand","embeddable":true,"href":"https:\/\/smans.com\/fr\/wp-json\/wp\/v2\/pwb-brand?post=24174"},{"taxonomy":"product_brand","embeddable":true,"href":"https:\/\/smans.com\/fr\/wp-json\/wp\/v2\/product_brand?post=24174"},{"taxonomy":"product_cat","embeddable":true,"href":"https:\/\/smans.com\/fr\/wp-json\/wp\/v2\/product_cat?post=24174"},{"taxonomy":"product_tag","embeddable":true,"href":"https:\/\/smans.com\/fr\/wp-json\/wp\/v2\/product_tag?post=24174"}],"curies":[{"name":"wp","href":"https:\/\/api.w.org\/{rel}","templated":true}]}}