{"id":24181,"date":"2024-06-09T17:21:09","date_gmt":"2024-06-09T15:21:09","guid":{"rendered":"https:\/\/smans.com\/product\/vapor-phase-soldering-machine-vp7000-vacuum-inline\/"},"modified":"2026-04-13T12:25:59","modified_gmt":"2026-04-13T10:25:59","slug":"vapor-phase-soldering-machine-vp7000-vacuum-inline","status":"publish","type":"product","link":"https:\/\/smans.com\/fr\/product\/vapor-phase-soldering-machine-vp7000-vacuum-inline\/","title":{"rendered":"Asscon - Vapor Phase Soldering Machine VP7000-200 vacuum inline"},"content":{"rendered":"<h4>Multi Vacuum pour des soudures parfaites<\/h4>\n<p>Le c\u0153ur du VP7000 est le <strong>processus innovant Multi Vacuum<\/strong>, qui consiste \u00e0 mettre vos produits sous vide avant et pendant la fusion de la p\u00e2te \u00e0 souder. Cela permet d&rsquo;\u00e9liminer les inclusions d&rsquo;air et d&rsquo;obtenir une connexion totalement \u00e9tanche et thermoconductrice. En combinaison avec le <strong>Dynamic Profiling<\/strong> \u2014 r\u00e9gulation automatique de la temp\u00e9rature pendant la production en s\u00e9rie \u2014, vous obtenez un r\u00e9sultat de soudure reproductible et sans d\u00e9faut avec moins de <strong>1 % de vides<\/strong>.<\/p>\n<h4>Con\u00e7u pour la production en ligne<\/h4>\n<p>Le VP7000 est con\u00e7u pour \u00eatre int\u00e9gr\u00e9 dans des lignes de production automatis\u00e9es. Gr\u00e2ce au <strong>syst\u00e8me de transport r\u00e9glable \u00e9lectriquement<\/strong> avec <strong>support central<\/strong>, vous pouvez rapidement ajuster la largeur pour diff\u00e9rents formats de circuits imprim\u00e9s. La machine est disponible en version <strong>simple voie<\/strong> ou <strong>double voie<\/strong> pour une vitesse de traitement maximale, et prend en charge des produits jusqu&rsquo;\u00e0 <strong>620 \u00d7 430 mm<\/strong> (ou <strong>620 \u00d7 2 \u00d7 250 mm<\/strong> en double voie). Cela rend le VP7000 id\u00e9al pour la production continue \u00e0 grande \u00e9chelle.<\/p>\n<h4>Efficace, fiable et durable<\/h4>\n<p>Avec une <strong>consommation d&rsquo;\u00e9nergie jusqu&rsquo;\u00e0 60 % inf\u00e9rieure<\/strong> \u00e0 celle des proc\u00e9d\u00e9s de soudage conventionnels, le VP7000 minimise non seulement vos co\u00fbts d&rsquo;exploitation, mais aussi votre empreinte \u00e9cologique. La machine est \u00e9quip\u00e9e d&rsquo;un <strong>syst\u00e8me intelligent de gestion de l&rsquo;\u00e9nergie<\/strong>, fonctionne sans oxyg\u00e8ne et emp\u00eache la surchauffe des composants. Vous b\u00e9n\u00e9ficiez de faibles co\u00fbts de maintenance, d&rsquo;une tra\u00e7abilit\u00e9 compl\u00e8te des processus et d&rsquo;un fonctionnement stable et s\u00fbr, 24 heures sur 24, 7 jours sur 7.<\/p>\n","protected":false},"excerpt":{"rendered":"<p>Syst\u00e8me puissant en phase vapeur en ligne pour les grandes s\u00e9ries<\/p>\n","protected":false},"featured_media":0,"template":"","meta":{"_acf_changed":false},"pwb-brand":[18206],"product_brand":[],"product_cat":[17991,18011,18087],"product_tag":[],"class_list":{"0":"post-24181","1":"product","2":"type-product","3":"status-publish","5":"pwb-brand-brand-asscon-fr-2","6":"product_cat-electronique-fr","7":"product_cat-equipement-d-assemblage-smt-fr","8":"product_cat-soldering-fr","10":"first","11":"instock","12":"taxable","13":"shipping-taxable","14":"product-type-simple"},"acf":[],"yoast_head":"<!-- This site is optimized with the Yoast SEO plugin v27.1.1 - https:\/\/yoast.com\/product\/yoast-seo-wordpress\/ -->\n<title>Vapor Phase Soldering Machine VP7000-200 vacuum inline - Smans<\/title>\n<meta name=\"robots\" content=\"index, follow, max-snippet:-1, max-image-preview:large, max-video-preview:-1\" \/>\n<link rel=\"canonical\" href=\"https:\/\/smans.com\/fr\/product\/vapor-phase-soldering-machine-vp7000-vacuum-inline\/\" \/>\n<meta property=\"og:locale\" content=\"fr_FR\" \/>\n<meta property=\"og:type\" content=\"article\" \/>\n<meta property=\"og:title\" content=\"Vapor Phase Soldering Machine VP7000-200 vacuum inline - Smans\" \/>\n<meta property=\"og:description\" content=\"Syst\u00e8me puissant en phase vapeur en ligne pour les grandes s\u00e9ries\" \/>\n<meta property=\"og:url\" content=\"https:\/\/smans.com\/fr\/product\/vapor-phase-soldering-machine-vp7000-vacuum-inline\/\" \/>\n<meta property=\"og:site_name\" content=\"Smans\" \/>\n<meta property=\"article:modified_time\" content=\"2026-04-13T10:25:59+00:00\" \/>\n<meta name=\"twitter:card\" content=\"summary_large_image\" \/>\n<meta name=\"twitter:label1\" content=\"Dur\u00e9e de lecture estim\u00e9e\" \/>\n\t<meta name=\"twitter:data1\" content=\"1 minute\" \/>\n<script type=\"application\/ld+json\" class=\"yoast-schema-graph\">{\"@context\":\"https:\/\/schema.org\",\"@graph\":[{\"@type\":\"WebPage\",\"@id\":\"https:\/\/smans.com\/fr\/product\/vapor-phase-soldering-machine-vp7000-vacuum-inline\/\",\"url\":\"https:\/\/smans.com\/fr\/product\/vapor-phase-soldering-machine-vp7000-vacuum-inline\/\",\"name\":\"Vapor Phase Soldering Machine VP7000-200 vacuum inline - Smans\",\"isPartOf\":{\"@id\":\"https:\/\/smans.com\/nl\/#website\"},\"datePublished\":\"2024-06-09T15:21:09+00:00\",\"dateModified\":\"2026-04-13T10:25:59+00:00\",\"breadcrumb\":{\"@id\":\"https:\/\/smans.com\/fr\/product\/vapor-phase-soldering-machine-vp7000-vacuum-inline\/#breadcrumb\"},\"inLanguage\":\"fr-FR\",\"potentialAction\":[{\"@type\":\"ReadAction\",\"target\":[\"https:\/\/smans.com\/fr\/product\/vapor-phase-soldering-machine-vp7000-vacuum-inline\/\"]}]},{\"@type\":\"BreadcrumbList\",\"@id\":\"https:\/\/smans.com\/fr\/product\/vapor-phase-soldering-machine-vp7000-vacuum-inline\/#breadcrumb\",\"itemListElement\":[{\"@type\":\"ListItem\",\"position\":1,\"name\":\"Home\",\"item\":\"https:\/\/smans.com\/fr\/\"},{\"@type\":\"ListItem\",\"position\":2,\"name\":\"Boutique\",\"item\":\"https:\/\/smans.com\/nl\/shop\/\"},{\"@type\":\"ListItem\",\"position\":3,\"name\":\"Asscon - Vapor Phase Soldering Machine VP7000-200 vacuum inline\"}]},{\"@type\":\"WebSite\",\"@id\":\"https:\/\/smans.com\/nl\/#website\",\"url\":\"https:\/\/smans.com\/nl\/\",\"name\":\"Smans\",\"description\":\"\",\"publisher\":{\"@id\":\"https:\/\/smans.com\/nl\/#organization\"},\"potentialAction\":[{\"@type\":\"SearchAction\",\"target\":{\"@type\":\"EntryPoint\",\"urlTemplate\":\"https:\/\/smans.com\/nl\/?s={search_term_string}\"},\"query-input\":{\"@type\":\"PropertyValueSpecification\",\"valueRequired\":true,\"valueName\":\"search_term_string\"}}],\"inLanguage\":\"fr-FR\"},{\"@type\":\"Organization\",\"@id\":\"https:\/\/smans.com\/nl\/#organization\",\"name\":\"Smans\",\"url\":\"https:\/\/smans.com\/nl\/\",\"logo\":{\"@type\":\"ImageObject\",\"inLanguage\":\"fr-FR\",\"@id\":\"https:\/\/smans.com\/nl\/#\/schema\/logo\/image\/\",\"url\":\"https:\/\/smans.com\/wp-content\/uploads\/2023\/09\/logo.svg\",\"contentUrl\":\"https:\/\/smans.com\/wp-content\/uploads\/2023\/09\/logo.svg\",\"caption\":\"Smans\"},\"image\":{\"@id\":\"https:\/\/smans.com\/nl\/#\/schema\/logo\/image\/\"}}]}<\/script>\n<!-- \/ Yoast SEO plugin. -->","yoast_head_json":{"title":"Vapor Phase Soldering Machine VP7000-200 vacuum inline - Smans","robots":{"index":"index","follow":"follow","max-snippet":"max-snippet:-1","max-image-preview":"max-image-preview:large","max-video-preview":"max-video-preview:-1"},"canonical":"https:\/\/smans.com\/fr\/product\/vapor-phase-soldering-machine-vp7000-vacuum-inline\/","og_locale":"fr_FR","og_type":"article","og_title":"Vapor Phase Soldering Machine VP7000-200 vacuum inline - Smans","og_description":"Syst\u00e8me puissant en phase vapeur en ligne pour les grandes s\u00e9ries","og_url":"https:\/\/smans.com\/fr\/product\/vapor-phase-soldering-machine-vp7000-vacuum-inline\/","og_site_name":"Smans","article_modified_time":"2026-04-13T10:25:59+00:00","twitter_card":"summary_large_image","twitter_misc":{"Dur\u00e9e de lecture estim\u00e9e":"1 minute"},"schema":{"@context":"https:\/\/schema.org","@graph":[{"@type":"WebPage","@id":"https:\/\/smans.com\/fr\/product\/vapor-phase-soldering-machine-vp7000-vacuum-inline\/","url":"https:\/\/smans.com\/fr\/product\/vapor-phase-soldering-machine-vp7000-vacuum-inline\/","name":"Vapor Phase Soldering Machine VP7000-200 vacuum inline - Smans","isPartOf":{"@id":"https:\/\/smans.com\/nl\/#website"},"datePublished":"2024-06-09T15:21:09+00:00","dateModified":"2026-04-13T10:25:59+00:00","breadcrumb":{"@id":"https:\/\/smans.com\/fr\/product\/vapor-phase-soldering-machine-vp7000-vacuum-inline\/#breadcrumb"},"inLanguage":"fr-FR","potentialAction":[{"@type":"ReadAction","target":["https:\/\/smans.com\/fr\/product\/vapor-phase-soldering-machine-vp7000-vacuum-inline\/"]}]},{"@type":"BreadcrumbList","@id":"https:\/\/smans.com\/fr\/product\/vapor-phase-soldering-machine-vp7000-vacuum-inline\/#breadcrumb","itemListElement":[{"@type":"ListItem","position":1,"name":"Home","item":"https:\/\/smans.com\/fr\/"},{"@type":"ListItem","position":2,"name":"Boutique","item":"https:\/\/smans.com\/nl\/shop\/"},{"@type":"ListItem","position":3,"name":"Asscon - Vapor Phase Soldering Machine VP7000-200 vacuum inline"}]},{"@type":"WebSite","@id":"https:\/\/smans.com\/nl\/#website","url":"https:\/\/smans.com\/nl\/","name":"Smans","description":"","publisher":{"@id":"https:\/\/smans.com\/nl\/#organization"},"potentialAction":[{"@type":"SearchAction","target":{"@type":"EntryPoint","urlTemplate":"https:\/\/smans.com\/nl\/?s={search_term_string}"},"query-input":{"@type":"PropertyValueSpecification","valueRequired":true,"valueName":"search_term_string"}}],"inLanguage":"fr-FR"},{"@type":"Organization","@id":"https:\/\/smans.com\/nl\/#organization","name":"Smans","url":"https:\/\/smans.com\/nl\/","logo":{"@type":"ImageObject","inLanguage":"fr-FR","@id":"https:\/\/smans.com\/nl\/#\/schema\/logo\/image\/","url":"https:\/\/smans.com\/wp-content\/uploads\/2023\/09\/logo.svg","contentUrl":"https:\/\/smans.com\/wp-content\/uploads\/2023\/09\/logo.svg","caption":"Smans"},"image":{"@id":"https:\/\/smans.com\/nl\/#\/schema\/logo\/image\/"}}]}},"brands":[{"id":18206,"name":"Asscon","slug":"brand-asscon-fr-2"}],"_links":{"self":[{"href":"https:\/\/smans.com\/fr\/wp-json\/wp\/v2\/product\/24181","targetHints":{"allow":["GET"]}}],"collection":[{"href":"https:\/\/smans.com\/fr\/wp-json\/wp\/v2\/product"}],"about":[{"href":"https:\/\/smans.com\/fr\/wp-json\/wp\/v2\/types\/product"}],"wp:attachment":[{"href":"https:\/\/smans.com\/fr\/wp-json\/wp\/v2\/media?parent=24181"}],"wp:term":[{"taxonomy":"pwb-brand","embeddable":true,"href":"https:\/\/smans.com\/fr\/wp-json\/wp\/v2\/pwb-brand?post=24181"},{"taxonomy":"product_brand","embeddable":true,"href":"https:\/\/smans.com\/fr\/wp-json\/wp\/v2\/product_brand?post=24181"},{"taxonomy":"product_cat","embeddable":true,"href":"https:\/\/smans.com\/fr\/wp-json\/wp\/v2\/product_cat?post=24181"},{"taxonomy":"product_tag","embeddable":true,"href":"https:\/\/smans.com\/fr\/wp-json\/wp\/v2\/product_tag?post=24181"}],"curies":[{"name":"wp","href":"https:\/\/api.w.org\/{rel}","templated":true}]}}